{"id":22849,"date":"2023-01-05T00:01:07","date_gmt":"2023-01-04T23:01:07","guid":{"rendered":"https:\/\/product-guide.org\/de\/produkt\/keba-be-energised-paket-plus-tq\/"},"modified":"2023-01-05T00:01:10","modified_gmt":"2023-01-04T23:01:10","slug":"keba-be-energised-paket-plus-tq","status":"publish","type":"product","link":"https:\/\/product-guide.org\/en\/produkt\/keba-be-energised-paket-plus-tq\/","title":{"rendered":"KEBA &#038; be.ENERGISED Paket plus TQ"},"content":{"rendered":"<p>* Abrechnungsm\u00f6glichkeit mit ausf\u00fchrlicher \u00dcbersicht zum Monatsende   * Bis zu 22 kW Ladeleistung (10x schneller laden)   * Konfigurierbare Ladeleistung   * \u00dcberblick \u00fcber alle Ladevorg\u00e4nge in der be.ENERGISED WebApp   * Unbegrenzt RFID-Karten anlegen und verwalten mit denen kostenlos geladen werden kann   * Ladestation optional \u00f6ffentlich anbieten und eigenen Tarif festlegen   * Kostenlose Anbindung an Roaming-Netzwerke (z.B. Hubject)   * Inkl. einer KEBA KeContact P30 121.918 x-series ()\u00a0 und einer 121.916 c-series () Ladestation\u00a0   * Nur f\u00fcr Deutschland, \u00d6sterreich &#038; Schweiz und nur f\u00fcr Gewerbekunden<\/p>\n","protected":false},"excerpt":{"rendered":"<p>* Abrechnungsm\u00f6glichkeit mit ausf\u00fchrlicher \u00dcbersicht zum Monatsende * Bis zu 22 kW Ladeleistung (10x schneller laden) * Konfigurierbare Ladeleistung * \u00dcberblick \u00fcber alle Ladevorg\u00e4nge in der be.ENERGISED WebApp * Unbegrenzt RFID-Karten anlegen und verwalten mit denen kostenlos geladen werden kann * Ladestation optional \u00f6ffentlich anbieten und eigenen Tarif festlegen * Kostenlose Anbindung an Roaming-Netzwerke (z.B. [&hellip;]<\/p>\n","protected":false},"featured_media":22850,"template":"","meta":{"_gspb_post_css":""},"store":[74],"product_brand":[],"product_cat":[],"product_tag":[],"class_list":{"0":"post-22849","1":"product","2":"type-product","3":"status-publish","4":"has-post-thumbnail","6":"store-the-mobility-house","7":"pa_merchant-mobilityhouse-de","9":"first","10":"instock","11":"product-type-external"},"yoast_head":"<!-- This site is optimized with the Yoast SEO plugin v24.6 - https:\/\/yoast.com\/wordpress\/plugins\/seo\/ -->\n<title>KEBA &amp; be.ENERGISED Paket plus TQ | Product-Guide.org<\/title>\n<meta name=\"description\" content=\"KEBA &amp; be.ENERGISED Paket plus TQ gefunden von Product-Guide.org\" \/>\n<meta name=\"robots\" content=\"index, follow, max-snippet:-1, max-image-preview:large, max-video-preview:-1\" \/>\n<link rel=\"canonical\" href=\"https:\/\/product-guide.org\/en\/produkt\/keba-be-energised-paket-plus-tq\/\" \/>\n<meta property=\"og:locale\" content=\"en_GB\" \/>\n<meta property=\"og:type\" content=\"article\" \/>\n<meta property=\"og:title\" content=\"KEBA &amp; be.ENERGISED Paket plus TQ | Product-Guide.org\" \/>\n<meta property=\"og:description\" content=\"KEBA &amp; be.ENERGISED Paket plus TQ gefunden von Product-Guide.org\" \/>\n<meta property=\"og:url\" content=\"https:\/\/product-guide.org\/en\/produkt\/keba-be-energised-paket-plus-tq\/\" \/>\n<meta property=\"og:site_name\" content=\"Product-Guide.org\" \/>\n<meta property=\"article:modified_time\" content=\"2023-01-04T23:01:10+00:00\" \/>\n<meta property=\"og:image\" content=\"https:\/\/product-guide.org\/wp-content\/uploads\/2023\/01\/unnamed-file-14.jpeg\" \/>\n\t<meta property=\"og:image:width\" content=\"200\" \/>\n\t<meta property=\"og:image:height\" content=\"200\" \/>\n\t<meta property=\"og:image:type\" content=\"image\/jpeg\" \/>\n<meta name=\"twitter:card\" content=\"summary_large_image\" \/>\n<script type=\"application\/ld+json\" class=\"yoast-schema-graph\">{\"@context\":\"https:\/\/schema.org\",\"@graph\":[{\"@type\":\"WebPage\",\"@id\":\"https:\/\/product-guide.org\/en\/produkt\/keba-be-energised-paket-plus-tq\/\",\"url\":\"https:\/\/product-guide.org\/en\/produkt\/keba-be-energised-paket-plus-tq\/\",\"name\":\"KEBA & be.ENERGISED Paket plus TQ | Product-Guide.org\",\"isPartOf\":{\"@id\":\"https:\/\/product-guide.org\/#website\"},\"primaryImageOfPage\":{\"@id\":\"https:\/\/product-guide.org\/en\/produkt\/keba-be-energised-paket-plus-tq\/#primaryimage\"},\"image\":{\"@id\":\"https:\/\/product-guide.org\/en\/produkt\/keba-be-energised-paket-plus-tq\/#primaryimage\"},\"thumbnailUrl\":\"\",\"datePublished\":\"2023-01-04T23:01:07+00:00\",\"dateModified\":\"2023-01-04T23:01:10+00:00\",\"description\":\"KEBA & be.ENERGISED Paket plus TQ gefunden von Product-Guide.org\",\"breadcrumb\":{\"@id\":\"https:\/\/product-guide.org\/en\/produkt\/keba-be-energised-paket-plus-tq\/#breadcrumb\"},\"inLanguage\":\"en-GB\",\"potentialAction\":[{\"@type\":\"ReadAction\",\"target\":[\"https:\/\/product-guide.org\/en\/produkt\/keba-be-energised-paket-plus-tq\/\"]}]},{\"@type\":\"ImageObject\",\"inLanguage\":\"en-GB\",\"@id\":\"https:\/\/product-guide.org\/en\/produkt\/keba-be-energised-paket-plus-tq\/#primaryimage\",\"url\":\"\",\"contentUrl\":\"\",\"width\":200,\"height\":200},{\"@type\":\"BreadcrumbList\",\"@id\":\"https:\/\/product-guide.org\/en\/produkt\/keba-be-energised-paket-plus-tq\/#breadcrumb\",\"itemListElement\":[{\"@type\":\"ListItem\",\"position\":1,\"name\":\"Home\",\"item\":\"https:\/\/product-guide.org\/\"},{\"@type\":\"ListItem\",\"position\":2,\"name\":\"Ergebnisse\",\"item\":\"https:\/\/product-guide.org\/de\/ergebnisse\/\"},{\"@type\":\"ListItem\",\"position\":3,\"name\":\"KEBA &#038; be.ENERGISED Paket plus TQ\"}]},{\"@type\":\"WebSite\",\"@id\":\"https:\/\/product-guide.org\/#website\",\"url\":\"https:\/\/product-guide.org\/\",\"name\":\"Product-Guide.org\",\"description\":\"What Product are you looking for?\",\"publisher\":{\"@id\":\"https:\/\/product-guide.org\/#organization\"},\"potentialAction\":[{\"@type\":\"SearchAction\",\"target\":{\"@type\":\"EntryPoint\",\"urlTemplate\":\"https:\/\/product-guide.org\/?s={search_term_string}\"},\"query-input\":{\"@type\":\"PropertyValueSpecification\",\"valueRequired\":true,\"valueName\":\"search_term_string\"}}],\"inLanguage\":\"en-GB\"},{\"@type\":\"Organization\",\"@id\":\"https:\/\/product-guide.org\/#organization\",\"name\":\"Product-Guide.org\",\"url\":\"https:\/\/product-guide.org\/\",\"logo\":{\"@type\":\"ImageObject\",\"inLanguage\":\"en-GB\",\"@id\":\"https:\/\/product-guide.org\/#\/schema\/logo\/image\/\",\"url\":\"https:\/\/product-guide.org\/wp-content\/uploads\/2022\/07\/logo_transparent_background.png\",\"contentUrl\":\"https:\/\/product-guide.org\/wp-content\/uploads\/2022\/07\/logo_transparent_background.png\",\"width\":3400,\"height\":1132,\"caption\":\"Product-Guide.org\"},\"image\":{\"@id\":\"https:\/\/product-guide.org\/#\/schema\/logo\/image\/\"}}]}<\/script>\n<!-- \/ Yoast SEO plugin. -->","yoast_head_json":{"title":"KEBA & be.ENERGISED Paket plus TQ | Product-Guide.org","description":"KEBA & be.ENERGISED Paket plus TQ gefunden von Product-Guide.org","robots":{"index":"index","follow":"follow","max-snippet":"max-snippet:-1","max-image-preview":"max-image-preview:large","max-video-preview":"max-video-preview:-1"},"canonical":"https:\/\/product-guide.org\/en\/produkt\/keba-be-energised-paket-plus-tq\/","og_locale":"en_GB","og_type":"article","og_title":"KEBA & be.ENERGISED Paket plus TQ | Product-Guide.org","og_description":"KEBA & be.ENERGISED Paket plus TQ gefunden von Product-Guide.org","og_url":"https:\/\/product-guide.org\/en\/produkt\/keba-be-energised-paket-plus-tq\/","og_site_name":"Product-Guide.org","article_modified_time":"2023-01-04T23:01:10+00:00","og_image":[{"width":200,"height":200,"url":"https:\/\/product-guide.org\/wp-content\/uploads\/2023\/01\/unnamed-file-14.jpeg","type":"image\/jpeg"}],"twitter_card":"summary_large_image","schema":{"@context":"https:\/\/schema.org","@graph":[{"@type":"WebPage","@id":"https:\/\/product-guide.org\/en\/produkt\/keba-be-energised-paket-plus-tq\/","url":"https:\/\/product-guide.org\/en\/produkt\/keba-be-energised-paket-plus-tq\/","name":"KEBA & be.ENERGISED Paket plus TQ | Product-Guide.org","isPartOf":{"@id":"https:\/\/product-guide.org\/#website"},"primaryImageOfPage":{"@id":"https:\/\/product-guide.org\/en\/produkt\/keba-be-energised-paket-plus-tq\/#primaryimage"},"image":{"@id":"https:\/\/product-guide.org\/en\/produkt\/keba-be-energised-paket-plus-tq\/#primaryimage"},"thumbnailUrl":"","datePublished":"2023-01-04T23:01:07+00:00","dateModified":"2023-01-04T23:01:10+00:00","description":"KEBA & be.ENERGISED Paket plus TQ gefunden von Product-Guide.org","breadcrumb":{"@id":"https:\/\/product-guide.org\/en\/produkt\/keba-be-energised-paket-plus-tq\/#breadcrumb"},"inLanguage":"en-GB","potentialAction":[{"@type":"ReadAction","target":["https:\/\/product-guide.org\/en\/produkt\/keba-be-energised-paket-plus-tq\/"]}]},{"@type":"ImageObject","inLanguage":"en-GB","@id":"https:\/\/product-guide.org\/en\/produkt\/keba-be-energised-paket-plus-tq\/#primaryimage","url":"","contentUrl":"","width":200,"height":200},{"@type":"BreadcrumbList","@id":"https:\/\/product-guide.org\/en\/produkt\/keba-be-energised-paket-plus-tq\/#breadcrumb","itemListElement":[{"@type":"ListItem","position":1,"name":"Home","item":"https:\/\/product-guide.org\/"},{"@type":"ListItem","position":2,"name":"Ergebnisse","item":"https:\/\/product-guide.org\/de\/ergebnisse\/"},{"@type":"ListItem","position":3,"name":"KEBA &#038; be.ENERGISED Paket plus TQ"}]},{"@type":"WebSite","@id":"https:\/\/product-guide.org\/#website","url":"https:\/\/product-guide.org\/","name":"Product-Guide.org","description":"What Product are you looking for?","publisher":{"@id":"https:\/\/product-guide.org\/#organization"},"potentialAction":[{"@type":"SearchAction","target":{"@type":"EntryPoint","urlTemplate":"https:\/\/product-guide.org\/?s={search_term_string}"},"query-input":{"@type":"PropertyValueSpecification","valueRequired":true,"valueName":"search_term_string"}}],"inLanguage":"en-GB"},{"@type":"Organization","@id":"https:\/\/product-guide.org\/#organization","name":"Product-Guide.org","url":"https:\/\/product-guide.org\/","logo":{"@type":"ImageObject","inLanguage":"en-GB","@id":"https:\/\/product-guide.org\/#\/schema\/logo\/image\/","url":"https:\/\/product-guide.org\/wp-content\/uploads\/2022\/07\/logo_transparent_background.png","contentUrl":"https:\/\/product-guide.org\/wp-content\/uploads\/2022\/07\/logo_transparent_background.png","width":3400,"height":1132,"caption":"Product-Guide.org"},"image":{"@id":"https:\/\/product-guide.org\/#\/schema\/logo\/image\/"}}]}},"_links":{"self":[{"href":"https:\/\/product-guide.org\/en\/wp-json\/wp\/v2\/product\/22849","targetHints":{"allow":["GET"]}}],"collection":[{"href":"https:\/\/product-guide.org\/en\/wp-json\/wp\/v2\/product"}],"about":[{"href":"https:\/\/product-guide.org\/en\/wp-json\/wp\/v2\/types\/product"}],"wp:featuredmedia":[{"embeddable":true,"href":"https:\/\/product-guide.org\/en\/wp-json\/"}],"wp:attachment":[{"href":"https:\/\/product-guide.org\/en\/wp-json\/wp\/v2\/media?parent=22849"}],"wp:term":[{"taxonomy":"store","embeddable":true,"href":"https:\/\/product-guide.org\/en\/wp-json\/wp\/v2\/store?post=22849"},{"taxonomy":"product_brand","embeddable":true,"href":"https:\/\/product-guide.org\/en\/wp-json\/wp\/v2\/product_brand?post=22849"},{"taxonomy":"product_cat","embeddable":true,"href":"https:\/\/product-guide.org\/en\/wp-json\/wp\/v2\/product_cat?post=22849"},{"taxonomy":"product_tag","embeddable":true,"href":"https:\/\/product-guide.org\/en\/wp-json\/wp\/v2\/product_tag?post=22849"}],"curies":[{"name":"wp","href":"https:\/\/api.w.org\/{rel}","templated":true}]}}