{"id":22855,"date":"2023-01-05T00:01:11","date_gmt":"2023-01-04T23:01:11","guid":{"rendered":"https:\/\/product-guide.org\/de\/produkt\/abl-reev-pro-lizenzschluessel-abrechnungssoftware-fuer-ihre-abl-reev-ready-ladestation\/"},"modified":"2023-01-05T00:01:14","modified_gmt":"2023-01-04T23:01:14","slug":"abl-reev-pro-lizenzschluessel-abrechnungssoftware-fuer-ihre-abl-reev-ready-ladestation","status":"publish","type":"product","link":"https:\/\/product-guide.org\/en\/produkt\/abl-reev-pro-lizenzschluessel-abrechnungssoftware-fuer-ihre-abl-reev-ready-ladestation\/","title":{"rendered":"ABL reev Pro Lizenzschl\u00fcssel &#8211; Abrechnungssoftware f\u00fcr Ihre ABL reev ready Ladestation"},"content":{"rendered":"<p>* Intelligente Software f\u00fcr den effizienten Betrieb Ihres Ladeparks\u00a0   * Einfache Steuerung und Verwaltung\u00a0der\u00a0Ladestationen\u00a0   * Zugangskontrolle\u00a0(Freigabe\u00a0mittels RFID)\u00a0   * Monitoring &#038; Management \u00fcber das reev Dashboard\u00a0\u00a0   * Kostenpflichtige\u00a0Ladevorg\u00e4nge anbieten\u00a0und\u00a0   * Flexible Tarifvergabe an unterschiedliche Nutzergruppen\u00a0(wirtschaftliche Nutzung)\u00a0   * Vollautomatisierte Abrechnung von Ladevorg\u00e4ngen\u00a0   * \u00d6ffentliches Laden: Ad Hoc Laden (G\u00e4steladen) und Freigabe von Ladestationen \u00fcber das\u00a0eRoaming-Netzwerk (optional)\u00a0   * Datenschutz nach DSGVO, ZAG-konforme Abrechnung\u00a0   * reev unterst\u00fctzt OCPP f\u00fcr ausgew\u00e4hlte Anbieter   * Bitte beachten Sie: Lizenzschl\u00fcssel m\u00fcssen pro Ladepunkt bestellt werden   * Kompatibel mit allen ABL reev ready\u00a0Ladestationen<\/p>\n","protected":false},"excerpt":{"rendered":"<p>* Intelligente Software f\u00fcr den effizienten Betrieb Ihres Ladeparks\u00a0 * Einfache Steuerung und Verwaltung\u00a0der\u00a0Ladestationen\u00a0 * Zugangskontrolle\u00a0(Freigabe\u00a0mittels RFID)\u00a0 * Monitoring &#038; Management \u00fcber das reev Dashboard\u00a0\u00a0 * Kostenpflichtige\u00a0Ladevorg\u00e4nge anbieten\u00a0und\u00a0 * Flexible Tarifvergabe an unterschiedliche Nutzergruppen\u00a0(wirtschaftliche Nutzung)\u00a0 * Vollautomatisierte Abrechnung von Ladevorg\u00e4ngen\u00a0 * \u00d6ffentliches Laden: Ad Hoc Laden (G\u00e4steladen) und Freigabe von Ladestationen \u00fcber das\u00a0eRoaming-Netzwerk (optional)\u00a0 * [&hellip;]<\/p>\n","protected":false},"featured_media":22856,"template":"","meta":{"_gspb_post_css":""},"store":[74],"product_brand":[],"product_cat":[],"product_tag":[],"class_list":{"0":"post-22855","1":"product","2":"type-product","3":"status-publish","4":"has-post-thumbnail","6":"store-the-mobility-house","7":"pa_merchant-mobilityhouse-de","9":"first","10":"instock","11":"product-type-external"},"yoast_head":"<!-- This site is optimized with the Yoast SEO plugin v24.6 - https:\/\/yoast.com\/wordpress\/plugins\/seo\/ -->\n<title>ABL reev Pro Lizenzschl\u00fcssel - Abrechnungssoftware f\u00fcr Ihre ABL reev ready Ladestation | Product-Guide.org<\/title>\n<meta name=\"description\" content=\"ABL reev Pro Lizenzschl\u00fcssel - Abrechnungssoftware f\u00fcr Ihre ABL reev ready Ladestation gefunden von Product-Guide.org\" \/>\n<meta name=\"robots\" content=\"index, follow, max-snippet:-1, max-image-preview:large, max-video-preview:-1\" \/>\n<link rel=\"canonical\" href=\"https:\/\/product-guide.org\/en\/produkt\/abl-reev-pro-lizenzschluessel-abrechnungssoftware-fuer-ihre-abl-reev-ready-ladestation\/\" \/>\n<meta property=\"og:locale\" content=\"en_GB\" \/>\n<meta property=\"og:type\" content=\"article\" \/>\n<meta property=\"og:title\" content=\"ABL reev Pro Lizenzschl\u00fcssel - Abrechnungssoftware f\u00fcr Ihre ABL reev ready Ladestation | Product-Guide.org\" \/>\n<meta property=\"og:description\" content=\"ABL reev Pro Lizenzschl\u00fcssel - Abrechnungssoftware f\u00fcr Ihre ABL reev ready Ladestation gefunden von Product-Guide.org\" \/>\n<meta property=\"og:url\" content=\"https:\/\/product-guide.org\/en\/produkt\/abl-reev-pro-lizenzschluessel-abrechnungssoftware-fuer-ihre-abl-reev-ready-ladestation\/\" \/>\n<meta property=\"og:site_name\" content=\"Product-Guide.org\" \/>\n<meta property=\"article:modified_time\" content=\"2023-01-04T23:01:14+00:00\" \/>\n<meta property=\"og:image\" content=\"https:\/\/product-guide.org\/wp-content\/uploads\/2023\/01\/unnamed-file-17.jpeg\" \/>\n\t<meta property=\"og:image:width\" content=\"200\" \/>\n\t<meta property=\"og:image:height\" content=\"200\" \/>\n\t<meta property=\"og:image:type\" content=\"image\/jpeg\" \/>\n<meta name=\"twitter:card\" content=\"summary_large_image\" \/>\n<script type=\"application\/ld+json\" class=\"yoast-schema-graph\">{\"@context\":\"https:\/\/schema.org\",\"@graph\":[{\"@type\":\"WebPage\",\"@id\":\"https:\/\/product-guide.org\/en\/produkt\/abl-reev-pro-lizenzschluessel-abrechnungssoftware-fuer-ihre-abl-reev-ready-ladestation\/\",\"url\":\"https:\/\/product-guide.org\/en\/produkt\/abl-reev-pro-lizenzschluessel-abrechnungssoftware-fuer-ihre-abl-reev-ready-ladestation\/\",\"name\":\"ABL reev Pro Lizenzschl\u00fcssel - Abrechnungssoftware f\u00fcr Ihre ABL reev ready Ladestation | Product-Guide.org\",\"isPartOf\":{\"@id\":\"https:\/\/product-guide.org\/#website\"},\"primaryImageOfPage\":{\"@id\":\"https:\/\/product-guide.org\/en\/produkt\/abl-reev-pro-lizenzschluessel-abrechnungssoftware-fuer-ihre-abl-reev-ready-ladestation\/#primaryimage\"},\"image\":{\"@id\":\"https:\/\/product-guide.org\/en\/produkt\/abl-reev-pro-lizenzschluessel-abrechnungssoftware-fuer-ihre-abl-reev-ready-ladestation\/#primaryimage\"},\"thumbnailUrl\":\"\",\"datePublished\":\"2023-01-04T23:01:11+00:00\",\"dateModified\":\"2023-01-04T23:01:14+00:00\",\"description\":\"ABL reev Pro Lizenzschl\u00fcssel - Abrechnungssoftware f\u00fcr Ihre ABL reev ready Ladestation gefunden von Product-Guide.org\",\"breadcrumb\":{\"@id\":\"https:\/\/product-guide.org\/en\/produkt\/abl-reev-pro-lizenzschluessel-abrechnungssoftware-fuer-ihre-abl-reev-ready-ladestation\/#breadcrumb\"},\"inLanguage\":\"en-GB\",\"potentialAction\":[{\"@type\":\"ReadAction\",\"target\":[\"https:\/\/product-guide.org\/en\/produkt\/abl-reev-pro-lizenzschluessel-abrechnungssoftware-fuer-ihre-abl-reev-ready-ladestation\/\"]}]},{\"@type\":\"ImageObject\",\"inLanguage\":\"en-GB\",\"@id\":\"https:\/\/product-guide.org\/en\/produkt\/abl-reev-pro-lizenzschluessel-abrechnungssoftware-fuer-ihre-abl-reev-ready-ladestation\/#primaryimage\",\"url\":\"\",\"contentUrl\":\"\",\"width\":200,\"height\":200},{\"@type\":\"BreadcrumbList\",\"@id\":\"https:\/\/product-guide.org\/en\/produkt\/abl-reev-pro-lizenzschluessel-abrechnungssoftware-fuer-ihre-abl-reev-ready-ladestation\/#breadcrumb\",\"itemListElement\":[{\"@type\":\"ListItem\",\"position\":1,\"name\":\"Home\",\"item\":\"https:\/\/product-guide.org\/\"},{\"@type\":\"ListItem\",\"position\":2,\"name\":\"Ergebnisse\",\"item\":\"https:\/\/product-guide.org\/de\/ergebnisse\/\"},{\"@type\":\"ListItem\",\"position\":3,\"name\":\"ABL reev Pro Lizenzschl\u00fcssel &#8211; Abrechnungssoftware f\u00fcr Ihre ABL reev ready Ladestation\"}]},{\"@type\":\"WebSite\",\"@id\":\"https:\/\/product-guide.org\/#website\",\"url\":\"https:\/\/product-guide.org\/\",\"name\":\"Product-Guide.org\",\"description\":\"What Product are you looking for?\",\"publisher\":{\"@id\":\"https:\/\/product-guide.org\/#organization\"},\"potentialAction\":[{\"@type\":\"SearchAction\",\"target\":{\"@type\":\"EntryPoint\",\"urlTemplate\":\"https:\/\/product-guide.org\/?s={search_term_string}\"},\"query-input\":{\"@type\":\"PropertyValueSpecification\",\"valueRequired\":true,\"valueName\":\"search_term_string\"}}],\"inLanguage\":\"en-GB\"},{\"@type\":\"Organization\",\"@id\":\"https:\/\/product-guide.org\/#organization\",\"name\":\"Product-Guide.org\",\"url\":\"https:\/\/product-guide.org\/\",\"logo\":{\"@type\":\"ImageObject\",\"inLanguage\":\"en-GB\",\"@id\":\"https:\/\/product-guide.org\/#\/schema\/logo\/image\/\",\"url\":\"https:\/\/product-guide.org\/wp-content\/uploads\/2022\/07\/logo_transparent_background.png\",\"contentUrl\":\"https:\/\/product-guide.org\/wp-content\/uploads\/2022\/07\/logo_transparent_background.png\",\"width\":3400,\"height\":1132,\"caption\":\"Product-Guide.org\"},\"image\":{\"@id\":\"https:\/\/product-guide.org\/#\/schema\/logo\/image\/\"}}]}<\/script>\n<!-- \/ Yoast SEO plugin. -->","yoast_head_json":{"title":"ABL reev Pro Lizenzschl\u00fcssel - Abrechnungssoftware f\u00fcr Ihre ABL reev ready Ladestation | Product-Guide.org","description":"ABL reev Pro Lizenzschl\u00fcssel - Abrechnungssoftware f\u00fcr Ihre ABL reev ready Ladestation gefunden von Product-Guide.org","robots":{"index":"index","follow":"follow","max-snippet":"max-snippet:-1","max-image-preview":"max-image-preview:large","max-video-preview":"max-video-preview:-1"},"canonical":"https:\/\/product-guide.org\/en\/produkt\/abl-reev-pro-lizenzschluessel-abrechnungssoftware-fuer-ihre-abl-reev-ready-ladestation\/","og_locale":"en_GB","og_type":"article","og_title":"ABL reev Pro Lizenzschl\u00fcssel - Abrechnungssoftware f\u00fcr Ihre ABL reev ready Ladestation | Product-Guide.org","og_description":"ABL reev Pro Lizenzschl\u00fcssel - Abrechnungssoftware f\u00fcr Ihre ABL reev ready Ladestation gefunden von Product-Guide.org","og_url":"https:\/\/product-guide.org\/en\/produkt\/abl-reev-pro-lizenzschluessel-abrechnungssoftware-fuer-ihre-abl-reev-ready-ladestation\/","og_site_name":"Product-Guide.org","article_modified_time":"2023-01-04T23:01:14+00:00","og_image":[{"width":200,"height":200,"url":"https:\/\/product-guide.org\/wp-content\/uploads\/2023\/01\/unnamed-file-17.jpeg","type":"image\/jpeg"}],"twitter_card":"summary_large_image","schema":{"@context":"https:\/\/schema.org","@graph":[{"@type":"WebPage","@id":"https:\/\/product-guide.org\/en\/produkt\/abl-reev-pro-lizenzschluessel-abrechnungssoftware-fuer-ihre-abl-reev-ready-ladestation\/","url":"https:\/\/product-guide.org\/en\/produkt\/abl-reev-pro-lizenzschluessel-abrechnungssoftware-fuer-ihre-abl-reev-ready-ladestation\/","name":"ABL reev Pro Lizenzschl\u00fcssel - Abrechnungssoftware f\u00fcr Ihre ABL reev ready Ladestation | Product-Guide.org","isPartOf":{"@id":"https:\/\/product-guide.org\/#website"},"primaryImageOfPage":{"@id":"https:\/\/product-guide.org\/en\/produkt\/abl-reev-pro-lizenzschluessel-abrechnungssoftware-fuer-ihre-abl-reev-ready-ladestation\/#primaryimage"},"image":{"@id":"https:\/\/product-guide.org\/en\/produkt\/abl-reev-pro-lizenzschluessel-abrechnungssoftware-fuer-ihre-abl-reev-ready-ladestation\/#primaryimage"},"thumbnailUrl":"","datePublished":"2023-01-04T23:01:11+00:00","dateModified":"2023-01-04T23:01:14+00:00","description":"ABL reev Pro Lizenzschl\u00fcssel - Abrechnungssoftware f\u00fcr Ihre ABL reev ready Ladestation gefunden von Product-Guide.org","breadcrumb":{"@id":"https:\/\/product-guide.org\/en\/produkt\/abl-reev-pro-lizenzschluessel-abrechnungssoftware-fuer-ihre-abl-reev-ready-ladestation\/#breadcrumb"},"inLanguage":"en-GB","potentialAction":[{"@type":"ReadAction","target":["https:\/\/product-guide.org\/en\/produkt\/abl-reev-pro-lizenzschluessel-abrechnungssoftware-fuer-ihre-abl-reev-ready-ladestation\/"]}]},{"@type":"ImageObject","inLanguage":"en-GB","@id":"https:\/\/product-guide.org\/en\/produkt\/abl-reev-pro-lizenzschluessel-abrechnungssoftware-fuer-ihre-abl-reev-ready-ladestation\/#primaryimage","url":"","contentUrl":"","width":200,"height":200},{"@type":"BreadcrumbList","@id":"https:\/\/product-guide.org\/en\/produkt\/abl-reev-pro-lizenzschluessel-abrechnungssoftware-fuer-ihre-abl-reev-ready-ladestation\/#breadcrumb","itemListElement":[{"@type":"ListItem","position":1,"name":"Home","item":"https:\/\/product-guide.org\/"},{"@type":"ListItem","position":2,"name":"Ergebnisse","item":"https:\/\/product-guide.org\/de\/ergebnisse\/"},{"@type":"ListItem","position":3,"name":"ABL reev Pro Lizenzschl\u00fcssel &#8211; Abrechnungssoftware f\u00fcr Ihre ABL reev ready Ladestation"}]},{"@type":"WebSite","@id":"https:\/\/product-guide.org\/#website","url":"https:\/\/product-guide.org\/","name":"Product-Guide.org","description":"What Product are you looking for?","publisher":{"@id":"https:\/\/product-guide.org\/#organization"},"potentialAction":[{"@type":"SearchAction","target":{"@type":"EntryPoint","urlTemplate":"https:\/\/product-guide.org\/?s={search_term_string}"},"query-input":{"@type":"PropertyValueSpecification","valueRequired":true,"valueName":"search_term_string"}}],"inLanguage":"en-GB"},{"@type":"Organization","@id":"https:\/\/product-guide.org\/#organization","name":"Product-Guide.org","url":"https:\/\/product-guide.org\/","logo":{"@type":"ImageObject","inLanguage":"en-GB","@id":"https:\/\/product-guide.org\/#\/schema\/logo\/image\/","url":"https:\/\/product-guide.org\/wp-content\/uploads\/2022\/07\/logo_transparent_background.png","contentUrl":"https:\/\/product-guide.org\/wp-content\/uploads\/2022\/07\/logo_transparent_background.png","width":3400,"height":1132,"caption":"Product-Guide.org"},"image":{"@id":"https:\/\/product-guide.org\/#\/schema\/logo\/image\/"}}]}},"_links":{"self":[{"href":"https:\/\/product-guide.org\/en\/wp-json\/wp\/v2\/product\/22855","targetHints":{"allow":["GET"]}}],"collection":[{"href":"https:\/\/product-guide.org\/en\/wp-json\/wp\/v2\/product"}],"about":[{"href":"https:\/\/product-guide.org\/en\/wp-json\/wp\/v2\/types\/product"}],"wp:featuredmedia":[{"embeddable":true,"href":"https:\/\/product-guide.org\/en\/wp-json\/"}],"wp:attachment":[{"href":"https:\/\/product-guide.org\/en\/wp-json\/wp\/v2\/media?parent=22855"}],"wp:term":[{"taxonomy":"store","embeddable":true,"href":"https:\/\/product-guide.org\/en\/wp-json\/wp\/v2\/store?post=22855"},{"taxonomy":"product_brand","embeddable":true,"href":"https:\/\/product-guide.org\/en\/wp-json\/wp\/v2\/product_brand?post=22855"},{"taxonomy":"product_cat","embeddable":true,"href":"https:\/\/product-guide.org\/en\/wp-json\/wp\/v2\/product_cat?post=22855"},{"taxonomy":"product_tag","embeddable":true,"href":"https:\/\/product-guide.org\/en\/wp-json\/wp\/v2\/product_tag?post=22855"}],"curies":[{"name":"wp","href":"https:\/\/api.w.org\/{rel}","templated":true}]}}