{"id":22959,"date":"2023-01-05T00:02:56","date_gmt":"2023-01-04T23:02:56","guid":{"rendered":"https:\/\/product-guide.org\/de\/produkt\/abl-emh1-1w1121-wallbox\/"},"modified":"2023-01-05T00:02:56","modified_gmt":"2023-01-04T23:02:56","slug":"abl-emh1-1w1121-wallbox","status":"publish","type":"product","link":"https:\/\/product-guide.org\/en\/produkt\/abl-emh1-1w1121-wallbox\/","title":{"rendered":"ABL eMH1 1W1121 Wallbox"},"content":{"rendered":"<p>* Kleine Ladestation, ganz unkompliziert   * bis zu 11 kW Ladeleistung (5x schneller laden)   * integrierter FI-Schalter inkl. Gleichfehlerstromerkennung f\u00fcr Ihre Sicherheit   * abschlie\u00dfbare Blende   * f\u00fcr alle Elektroautos geeignet   * Hinweis:\u00a0Das Design der ABL eMH1 wurde \u00fcberarbeitet! Bitte beachten Sie, dass deshalb in der \u00dcbergangsphase bereits vereinzelt Wallboxen mit neuer, schwarzer Blende ausgeliefert werden.<\/p>\n","protected":false},"excerpt":{"rendered":"<p>* Kleine Ladestation, ganz unkompliziert * bis zu 11 kW Ladeleistung (5x schneller laden) * integrierter FI-Schalter inkl. Gleichfehlerstromerkennung f\u00fcr Ihre Sicherheit * abschlie\u00dfbare Blende * f\u00fcr alle Elektroautos geeignet * Hinweis:\u00a0Das Design der ABL eMH1 wurde \u00fcberarbeitet! Bitte beachten Sie, dass deshalb in der \u00dcbergangsphase bereits vereinzelt Wallboxen mit neuer, schwarzer Blende ausgeliefert werden.<\/p>\n","protected":false},"featured_media":0,"template":"","meta":{"_gspb_post_css":""},"store":[],"product_brand":[],"product_cat":[],"product_tag":[],"class_list":{"0":"post-22959","1":"product","2":"type-product","3":"status-publish","5":"pa_merchant-mobilityhouse-de","7":"first","8":"instock","9":"product-type-external"},"yoast_head":"<!-- This site is optimized with the Yoast SEO plugin v24.6 - https:\/\/yoast.com\/wordpress\/plugins\/seo\/ -->\n<title>ABL eMH1 1W1121 Wallbox | Product-Guide.org<\/title>\n<meta name=\"description\" content=\"ABL eMH1 1W1121 Wallbox gefunden von Product-Guide.org\" \/>\n<meta name=\"robots\" content=\"index, follow, max-snippet:-1, max-image-preview:large, max-video-preview:-1\" \/>\n<link rel=\"canonical\" href=\"https:\/\/product-guide.org\/en\/produkt\/abl-emh1-1w1121-wallbox\/\" \/>\n<meta property=\"og:locale\" content=\"en_GB\" \/>\n<meta property=\"og:type\" content=\"article\" \/>\n<meta property=\"og:title\" content=\"ABL eMH1 1W1121 Wallbox | Product-Guide.org\" \/>\n<meta property=\"og:description\" content=\"ABL eMH1 1W1121 Wallbox gefunden von Product-Guide.org\" \/>\n<meta property=\"og:url\" content=\"https:\/\/product-guide.org\/en\/produkt\/abl-emh1-1w1121-wallbox\/\" \/>\n<meta property=\"og:site_name\" content=\"Product-Guide.org\" \/>\n<meta name=\"twitter:card\" content=\"summary_large_image\" \/>\n<script type=\"application\/ld+json\" class=\"yoast-schema-graph\">{\"@context\":\"https:\/\/schema.org\",\"@graph\":[{\"@type\":\"WebPage\",\"@id\":\"https:\/\/product-guide.org\/en\/produkt\/abl-emh1-1w1121-wallbox\/\",\"url\":\"https:\/\/product-guide.org\/en\/produkt\/abl-emh1-1w1121-wallbox\/\",\"name\":\"ABL eMH1 1W1121 Wallbox | Product-Guide.org\",\"isPartOf\":{\"@id\":\"https:\/\/product-guide.org\/#website\"},\"datePublished\":\"2023-01-04T23:02:56+00:00\",\"description\":\"ABL eMH1 1W1121 Wallbox gefunden von Product-Guide.org\",\"breadcrumb\":{\"@id\":\"https:\/\/product-guide.org\/en\/produkt\/abl-emh1-1w1121-wallbox\/#breadcrumb\"},\"inLanguage\":\"en-GB\",\"potentialAction\":[{\"@type\":\"ReadAction\",\"target\":[\"https:\/\/product-guide.org\/en\/produkt\/abl-emh1-1w1121-wallbox\/\"]}]},{\"@type\":\"BreadcrumbList\",\"@id\":\"https:\/\/product-guide.org\/en\/produkt\/abl-emh1-1w1121-wallbox\/#breadcrumb\",\"itemListElement\":[{\"@type\":\"ListItem\",\"position\":1,\"name\":\"Home\",\"item\":\"https:\/\/product-guide.org\/\"},{\"@type\":\"ListItem\",\"position\":2,\"name\":\"Ergebnisse\",\"item\":\"https:\/\/product-guide.org\/de\/ergebnisse\/\"},{\"@type\":\"ListItem\",\"position\":3,\"name\":\"ABL eMH1 1W1121 Wallbox\"}]},{\"@type\":\"WebSite\",\"@id\":\"https:\/\/product-guide.org\/#website\",\"url\":\"https:\/\/product-guide.org\/\",\"name\":\"Product-Guide.org\",\"description\":\"What Product are you looking for?\",\"publisher\":{\"@id\":\"https:\/\/product-guide.org\/#organization\"},\"potentialAction\":[{\"@type\":\"SearchAction\",\"target\":{\"@type\":\"EntryPoint\",\"urlTemplate\":\"https:\/\/product-guide.org\/?s={search_term_string}\"},\"query-input\":{\"@type\":\"PropertyValueSpecification\",\"valueRequired\":true,\"valueName\":\"search_term_string\"}}],\"inLanguage\":\"en-GB\"},{\"@type\":\"Organization\",\"@id\":\"https:\/\/product-guide.org\/#organization\",\"name\":\"Product-Guide.org\",\"url\":\"https:\/\/product-guide.org\/\",\"logo\":{\"@type\":\"ImageObject\",\"inLanguage\":\"en-GB\",\"@id\":\"https:\/\/product-guide.org\/#\/schema\/logo\/image\/\",\"url\":\"https:\/\/product-guide.org\/wp-content\/uploads\/2022\/07\/logo_transparent_background.png\",\"contentUrl\":\"https:\/\/product-guide.org\/wp-content\/uploads\/2022\/07\/logo_transparent_background.png\",\"width\":3400,\"height\":1132,\"caption\":\"Product-Guide.org\"},\"image\":{\"@id\":\"https:\/\/product-guide.org\/#\/schema\/logo\/image\/\"}}]}<\/script>\n<!-- \/ Yoast SEO plugin. -->","yoast_head_json":{"title":"ABL eMH1 1W1121 Wallbox | Product-Guide.org","description":"ABL eMH1 1W1121 Wallbox gefunden von Product-Guide.org","robots":{"index":"index","follow":"follow","max-snippet":"max-snippet:-1","max-image-preview":"max-image-preview:large","max-video-preview":"max-video-preview:-1"},"canonical":"https:\/\/product-guide.org\/en\/produkt\/abl-emh1-1w1121-wallbox\/","og_locale":"en_GB","og_type":"article","og_title":"ABL eMH1 1W1121 Wallbox | Product-Guide.org","og_description":"ABL eMH1 1W1121 Wallbox gefunden von Product-Guide.org","og_url":"https:\/\/product-guide.org\/en\/produkt\/abl-emh1-1w1121-wallbox\/","og_site_name":"Product-Guide.org","twitter_card":"summary_large_image","schema":{"@context":"https:\/\/schema.org","@graph":[{"@type":"WebPage","@id":"https:\/\/product-guide.org\/en\/produkt\/abl-emh1-1w1121-wallbox\/","url":"https:\/\/product-guide.org\/en\/produkt\/abl-emh1-1w1121-wallbox\/","name":"ABL eMH1 1W1121 Wallbox | Product-Guide.org","isPartOf":{"@id":"https:\/\/product-guide.org\/#website"},"datePublished":"2023-01-04T23:02:56+00:00","description":"ABL eMH1 1W1121 Wallbox gefunden von Product-Guide.org","breadcrumb":{"@id":"https:\/\/product-guide.org\/en\/produkt\/abl-emh1-1w1121-wallbox\/#breadcrumb"},"inLanguage":"en-GB","potentialAction":[{"@type":"ReadAction","target":["https:\/\/product-guide.org\/en\/produkt\/abl-emh1-1w1121-wallbox\/"]}]},{"@type":"BreadcrumbList","@id":"https:\/\/product-guide.org\/en\/produkt\/abl-emh1-1w1121-wallbox\/#breadcrumb","itemListElement":[{"@type":"ListItem","position":1,"name":"Home","item":"https:\/\/product-guide.org\/"},{"@type":"ListItem","position":2,"name":"Ergebnisse","item":"https:\/\/product-guide.org\/de\/ergebnisse\/"},{"@type":"ListItem","position":3,"name":"ABL eMH1 1W1121 Wallbox"}]},{"@type":"WebSite","@id":"https:\/\/product-guide.org\/#website","url":"https:\/\/product-guide.org\/","name":"Product-Guide.org","description":"What Product are you looking for?","publisher":{"@id":"https:\/\/product-guide.org\/#organization"},"potentialAction":[{"@type":"SearchAction","target":{"@type":"EntryPoint","urlTemplate":"https:\/\/product-guide.org\/?s={search_term_string}"},"query-input":{"@type":"PropertyValueSpecification","valueRequired":true,"valueName":"search_term_string"}}],"inLanguage":"en-GB"},{"@type":"Organization","@id":"https:\/\/product-guide.org\/#organization","name":"Product-Guide.org","url":"https:\/\/product-guide.org\/","logo":{"@type":"ImageObject","inLanguage":"en-GB","@id":"https:\/\/product-guide.org\/#\/schema\/logo\/image\/","url":"https:\/\/product-guide.org\/wp-content\/uploads\/2022\/07\/logo_transparent_background.png","contentUrl":"https:\/\/product-guide.org\/wp-content\/uploads\/2022\/07\/logo_transparent_background.png","width":3400,"height":1132,"caption":"Product-Guide.org"},"image":{"@id":"https:\/\/product-guide.org\/#\/schema\/logo\/image\/"}}]}},"_links":{"self":[{"href":"https:\/\/product-guide.org\/en\/wp-json\/wp\/v2\/product\/22959","targetHints":{"allow":["GET"]}}],"collection":[{"href":"https:\/\/product-guide.org\/en\/wp-json\/wp\/v2\/product"}],"about":[{"href":"https:\/\/product-guide.org\/en\/wp-json\/wp\/v2\/types\/product"}],"wp:attachment":[{"href":"https:\/\/product-guide.org\/en\/wp-json\/wp\/v2\/media?parent=22959"}],"wp:term":[{"taxonomy":"store","embeddable":true,"href":"https:\/\/product-guide.org\/en\/wp-json\/wp\/v2\/store?post=22959"},{"taxonomy":"product_brand","embeddable":true,"href":"https:\/\/product-guide.org\/en\/wp-json\/wp\/v2\/product_brand?post=22959"},{"taxonomy":"product_cat","embeddable":true,"href":"https:\/\/product-guide.org\/en\/wp-json\/wp\/v2\/product_cat?post=22959"},{"taxonomy":"product_tag","embeddable":true,"href":"https:\/\/product-guide.org\/en\/wp-json\/wp\/v2\/product_tag?post=22959"}],"curies":[{"name":"wp","href":"https:\/\/api.w.org\/{rel}","templated":true}]}}