{"id":22978,"date":"2023-01-05T13:51:41","date_gmt":"2023-01-05T12:51:41","guid":{"rendered":"https:\/\/product-guide.org\/produkt\/powercore-20100mah\/"},"modified":"2023-01-05T13:51:41","modified_gmt":"2023-01-05T12:51:41","slug":"powercore-20100mah","status":"publish","type":"product","link":"https:\/\/product-guide.org\/en\/produkt\/powercore-20100mah\/","title":{"rendered":"PowerCore 20100mAh"},"content":{"rendered":"<p>\ufeffDer Vorteil: Anker bringt mehr als 10 Millionen Nutzern, die sich daf\u00fcr entschieden haben, der Marke Ladeger\u00e4te-Set N \u00b0 1 auf Amazon. Gro\u00dfe Kapazit\u00e4t: l\u00e4dt das iPad Air mehr als einmal ein Galaxy S5, iPhone 5s viermal mehr als sieben Mal, und viele andere sowohl f\u00fcr smartphones. Aufladung 8-9 Stunden in einem mit 2A Netzteil (nicht im Lieferumfang enthalten) und Micro-USB-Kabel im Lieferumfang enthalten. technologie: Eine PowerIQ exclusive Erkennung der Energiebedarf von Ger\u00e4ten um ein schnelles bis 3A. Was Sie erhalten: Anker Astro E5 2nd Generation externer Akku, Micro-USB-Kabel (Lightning-Kabel nicht im Lieferumfang enthalten), Travel, Bedienungsanleitung, unsere ber\u00fchmten 18 Monate garantie und Kundendienst auf freundschaftliches Land. Hochwertige Zellen LG, h\u00f6chte Qualit\u00e4t, ein Feuerl\u00f6schsystem an die Spitze der technologischen Entwicklung gestellt, und eine robuste und gl\u00e4nzend garantieren Zuverl\u00e4ssigkeit und Sicherheit zu senken. f\u00fcr die zu aktivieren, LED Leuchte oder Klicken Sie h\u00e4lt zweimal den Knopf zur Anzeige von Energie.<\/p>\n","protected":false},"excerpt":{"rendered":"<p>\ufeffDer Vorteil: Anker bringt mehr als 10 Millionen Nutzern, die sich daf\u00fcr entschieden haben, der Marke Ladeger\u00e4te-Set N \u00b0 1 auf Amazon. Gro\u00dfe Kapazit\u00e4t: l\u00e4dt das iPad Air mehr als einmal ein Galaxy S5, iPhone 5s viermal mehr als sieben Mal, und viele andere sowohl f\u00fcr smartphones. Aufladung 8-9 Stunden in einem mit 2A Netzteil [&hellip;]<\/p>\n","protected":false},"featured_media":22979,"template":"","meta":{"_gspb_post_css":""},"store":[727],"product_brand":[],"product_cat":[728],"product_tag":[],"class_list":{"0":"post-22978","1":"product","2":"type-product","3":"status-publish","4":"has-post-thumbnail","6":"store-anker","7":"product_cat-cables-parts-power-supplies","8":"pa_merchant-anker-de","10":"first","11":"instock","12":"product-type-external"},"yoast_head":"<!-- This site is optimized with the Yoast SEO plugin v24.6 - https:\/\/yoast.com\/wordpress\/plugins\/seo\/ -->\n<title>PowerCore 20100mAh | Product-Guide.org<\/title>\n<meta name=\"description\" content=\"PowerCore 20100mAh gefunden von Product-Guide.org\" \/>\n<meta name=\"robots\" content=\"index, follow, max-snippet:-1, max-image-preview:large, max-video-preview:-1\" \/>\n<link rel=\"canonical\" href=\"https:\/\/product-guide.org\/en\/produkt\/powercore-20100mah\/\" \/>\n<meta property=\"og:locale\" content=\"en_GB\" \/>\n<meta property=\"og:type\" content=\"article\" \/>\n<meta property=\"og:title\" content=\"PowerCore 20100mAh | Product-Guide.org\" \/>\n<meta property=\"og:description\" content=\"PowerCore 20100mAh gefunden von Product-Guide.org\" \/>\n<meta property=\"og:url\" content=\"https:\/\/product-guide.org\/en\/produkt\/powercore-20100mah\/\" \/>\n<meta property=\"og:site_name\" content=\"Product-Guide.org\" \/>\n<meta property=\"og:image\" content=\"https:\/\/product-guide.org\/wp-content\/uploads\/2023\/01\/unnamed-file-43.jpeg\" \/>\n\t<meta property=\"og:image:width\" content=\"200\" \/>\n\t<meta property=\"og:image:height\" content=\"200\" \/>\n\t<meta property=\"og:image:type\" content=\"image\/jpeg\" \/>\n<meta name=\"twitter:card\" content=\"summary_large_image\" \/>\n<script type=\"application\/ld+json\" class=\"yoast-schema-graph\">{\"@context\":\"https:\/\/schema.org\",\"@graph\":[{\"@type\":\"WebPage\",\"@id\":\"https:\/\/product-guide.org\/en\/produkt\/powercore-20100mah\/\",\"url\":\"https:\/\/product-guide.org\/en\/produkt\/powercore-20100mah\/\",\"name\":\"PowerCore 20100mAh | Product-Guide.org\",\"isPartOf\":{\"@id\":\"https:\/\/product-guide.org\/#website\"},\"primaryImageOfPage\":{\"@id\":\"https:\/\/product-guide.org\/en\/produkt\/powercore-20100mah\/#primaryimage\"},\"image\":{\"@id\":\"https:\/\/product-guide.org\/en\/produkt\/powercore-20100mah\/#primaryimage\"},\"thumbnailUrl\":\"\",\"datePublished\":\"2023-01-05T12:51:41+00:00\",\"description\":\"PowerCore 20100mAh gefunden von Product-Guide.org\",\"breadcrumb\":{\"@id\":\"https:\/\/product-guide.org\/en\/produkt\/powercore-20100mah\/#breadcrumb\"},\"inLanguage\":\"en-GB\",\"potentialAction\":[{\"@type\":\"ReadAction\",\"target\":[\"https:\/\/product-guide.org\/en\/produkt\/powercore-20100mah\/\"]}]},{\"@type\":\"ImageObject\",\"inLanguage\":\"en-GB\",\"@id\":\"https:\/\/product-guide.org\/en\/produkt\/powercore-20100mah\/#primaryimage\",\"url\":\"\",\"contentUrl\":\"\",\"width\":200,\"height\":200},{\"@type\":\"BreadcrumbList\",\"@id\":\"https:\/\/product-guide.org\/en\/produkt\/powercore-20100mah\/#breadcrumb\",\"itemListElement\":[{\"@type\":\"ListItem\",\"position\":1,\"name\":\"Home\",\"item\":\"https:\/\/product-guide.org\/\"},{\"@type\":\"ListItem\",\"position\":2,\"name\":\"Ergebnisse\",\"item\":\"https:\/\/product-guide.org\/de\/ergebnisse\/\"},{\"@type\":\"ListItem\",\"position\":3,\"name\":\"PowerCore 20100mAh\"}]},{\"@type\":\"WebSite\",\"@id\":\"https:\/\/product-guide.org\/#website\",\"url\":\"https:\/\/product-guide.org\/\",\"name\":\"Product-Guide.org\",\"description\":\"What Product are you looking for?\",\"publisher\":{\"@id\":\"https:\/\/product-guide.org\/#organization\"},\"potentialAction\":[{\"@type\":\"SearchAction\",\"target\":{\"@type\":\"EntryPoint\",\"urlTemplate\":\"https:\/\/product-guide.org\/?s={search_term_string}\"},\"query-input\":{\"@type\":\"PropertyValueSpecification\",\"valueRequired\":true,\"valueName\":\"search_term_string\"}}],\"inLanguage\":\"en-GB\"},{\"@type\":\"Organization\",\"@id\":\"https:\/\/product-guide.org\/#organization\",\"name\":\"Product-Guide.org\",\"url\":\"https:\/\/product-guide.org\/\",\"logo\":{\"@type\":\"ImageObject\",\"inLanguage\":\"en-GB\",\"@id\":\"https:\/\/product-guide.org\/#\/schema\/logo\/image\/\",\"url\":\"https:\/\/product-guide.org\/wp-content\/uploads\/2022\/07\/logo_transparent_background.png\",\"contentUrl\":\"https:\/\/product-guide.org\/wp-content\/uploads\/2022\/07\/logo_transparent_background.png\",\"width\":3400,\"height\":1132,\"caption\":\"Product-Guide.org\"},\"image\":{\"@id\":\"https:\/\/product-guide.org\/#\/schema\/logo\/image\/\"}}]}<\/script>\n<!-- \/ Yoast SEO plugin. -->","yoast_head_json":{"title":"PowerCore 20100mAh | Product-Guide.org","description":"PowerCore 20100mAh gefunden von Product-Guide.org","robots":{"index":"index","follow":"follow","max-snippet":"max-snippet:-1","max-image-preview":"max-image-preview:large","max-video-preview":"max-video-preview:-1"},"canonical":"https:\/\/product-guide.org\/en\/produkt\/powercore-20100mah\/","og_locale":"en_GB","og_type":"article","og_title":"PowerCore 20100mAh | Product-Guide.org","og_description":"PowerCore 20100mAh gefunden von Product-Guide.org","og_url":"https:\/\/product-guide.org\/en\/produkt\/powercore-20100mah\/","og_site_name":"Product-Guide.org","og_image":[{"width":200,"height":200,"url":"https:\/\/product-guide.org\/wp-content\/uploads\/2023\/01\/unnamed-file-43.jpeg","type":"image\/jpeg"}],"twitter_card":"summary_large_image","schema":{"@context":"https:\/\/schema.org","@graph":[{"@type":"WebPage","@id":"https:\/\/product-guide.org\/en\/produkt\/powercore-20100mah\/","url":"https:\/\/product-guide.org\/en\/produkt\/powercore-20100mah\/","name":"PowerCore 20100mAh | Product-Guide.org","isPartOf":{"@id":"https:\/\/product-guide.org\/#website"},"primaryImageOfPage":{"@id":"https:\/\/product-guide.org\/en\/produkt\/powercore-20100mah\/#primaryimage"},"image":{"@id":"https:\/\/product-guide.org\/en\/produkt\/powercore-20100mah\/#primaryimage"},"thumbnailUrl":"","datePublished":"2023-01-05T12:51:41+00:00","description":"PowerCore 20100mAh gefunden von Product-Guide.org","breadcrumb":{"@id":"https:\/\/product-guide.org\/en\/produkt\/powercore-20100mah\/#breadcrumb"},"inLanguage":"en-GB","potentialAction":[{"@type":"ReadAction","target":["https:\/\/product-guide.org\/en\/produkt\/powercore-20100mah\/"]}]},{"@type":"ImageObject","inLanguage":"en-GB","@id":"https:\/\/product-guide.org\/en\/produkt\/powercore-20100mah\/#primaryimage","url":"","contentUrl":"","width":200,"height":200},{"@type":"BreadcrumbList","@id":"https:\/\/product-guide.org\/en\/produkt\/powercore-20100mah\/#breadcrumb","itemListElement":[{"@type":"ListItem","position":1,"name":"Home","item":"https:\/\/product-guide.org\/"},{"@type":"ListItem","position":2,"name":"Ergebnisse","item":"https:\/\/product-guide.org\/de\/ergebnisse\/"},{"@type":"ListItem","position":3,"name":"PowerCore 20100mAh"}]},{"@type":"WebSite","@id":"https:\/\/product-guide.org\/#website","url":"https:\/\/product-guide.org\/","name":"Product-Guide.org","description":"What Product are you looking for?","publisher":{"@id":"https:\/\/product-guide.org\/#organization"},"potentialAction":[{"@type":"SearchAction","target":{"@type":"EntryPoint","urlTemplate":"https:\/\/product-guide.org\/?s={search_term_string}"},"query-input":{"@type":"PropertyValueSpecification","valueRequired":true,"valueName":"search_term_string"}}],"inLanguage":"en-GB"},{"@type":"Organization","@id":"https:\/\/product-guide.org\/#organization","name":"Product-Guide.org","url":"https:\/\/product-guide.org\/","logo":{"@type":"ImageObject","inLanguage":"en-GB","@id":"https:\/\/product-guide.org\/#\/schema\/logo\/image\/","url":"https:\/\/product-guide.org\/wp-content\/uploads\/2022\/07\/logo_transparent_background.png","contentUrl":"https:\/\/product-guide.org\/wp-content\/uploads\/2022\/07\/logo_transparent_background.png","width":3400,"height":1132,"caption":"Product-Guide.org"},"image":{"@id":"https:\/\/product-guide.org\/#\/schema\/logo\/image\/"}}]}},"_links":{"self":[{"href":"https:\/\/product-guide.org\/en\/wp-json\/wp\/v2\/product\/22978","targetHints":{"allow":["GET"]}}],"collection":[{"href":"https:\/\/product-guide.org\/en\/wp-json\/wp\/v2\/product"}],"about":[{"href":"https:\/\/product-guide.org\/en\/wp-json\/wp\/v2\/types\/product"}],"wp:featuredmedia":[{"embeddable":true,"href":"https:\/\/product-guide.org\/en\/wp-json\/"}],"wp:attachment":[{"href":"https:\/\/product-guide.org\/en\/wp-json\/wp\/v2\/media?parent=22978"}],"wp:term":[{"taxonomy":"store","embeddable":true,"href":"https:\/\/product-guide.org\/en\/wp-json\/wp\/v2\/store?post=22978"},{"taxonomy":"product_brand","embeddable":true,"href":"https:\/\/product-guide.org\/en\/wp-json\/wp\/v2\/product_brand?post=22978"},{"taxonomy":"product_cat","embeddable":true,"href":"https:\/\/product-guide.org\/en\/wp-json\/wp\/v2\/product_cat?post=22978"},{"taxonomy":"product_tag","embeddable":true,"href":"https:\/\/product-guide.org\/en\/wp-json\/wp\/v2\/product_tag?post=22978"}],"curies":[{"name":"wp","href":"https:\/\/api.w.org\/{rel}","templated":true}]}}