{"id":22980,"date":"2023-01-05T13:51:43","date_gmt":"2023-01-05T12:51:43","guid":{"rendered":"https:\/\/product-guide.org\/produkt\/7-port-usb-hub-3-0\/"},"modified":"2023-01-05T13:51:44","modified_gmt":"2023-01-05T12:51:44","slug":"7-port-usb-hub-3-0","status":"publish","type":"product","link":"https:\/\/product-guide.org\/en\/produkt\/7-port-usb-hub-3-0\/","title":{"rendered":"7-Port USB Hub 3.0"},"content":{"rendered":"<p>Extrem Schnell: Die 7 Ports liefern Datentransferraten von bis zu 5Gbps.Abw\u00e4rtskompatibilit\u00e4t mit USB 2.0 \/ 1.1 Exklusive PowerIQ Technologie: 3 PowerIQ Ports erkennen Ihr Ger\u00e4t und liefern die schnellstm\u00f6gliche Ladung von bis zu 2.1A per Port. Die restlichen Standardports laden bei einer Geschwindigkeit von bis zu 0.9A pro Port. Kompaktes Kraftpaket: Starke Lade- und Datenports halten dank der kompakten Gr\u00f6\u00dfe Ihren Schreibtisch aufger\u00e4umt. Das 12V \/ 5A AC Netzteil versorgt die Ports mit ausreichend Energie. Garantierte Verl\u00e4sslichkeit: F\u00fcr unsere Produkte verwenden wir nur die neue Technologien und Materialien der h\u00f6heren Qualit\u00e4t. Damit werden Leistung und Sicherheit sichergestellt. Was Sie bekommen: Anker 60W USB 3.0 7-Port Datenhub mit 3 PowerIQ Ladeports, 12V \/ 5A AC Netzteil, 80 cm USB 3.0 Ladekabel, Bedienungsanleitung, 18 Monate Garantie, digitale Rechnung und freundlichen Kundenservice.<\/p>\n","protected":false},"excerpt":{"rendered":"<p>Extrem Schnell: Die 7 Ports liefern Datentransferraten von bis zu 5Gbps.Abw\u00e4rtskompatibilit\u00e4t mit USB 2.0 \/ 1.1 Exklusive PowerIQ Technologie: 3 PowerIQ Ports erkennen Ihr Ger\u00e4t und liefern die schnellstm\u00f6gliche Ladung von bis zu 2.1A per Port. Die restlichen Standardports laden bei einer Geschwindigkeit von bis zu 0.9A pro Port. Kompaktes Kraftpaket: Starke Lade- und Datenports [&hellip;]<\/p>\n","protected":false},"featured_media":22981,"template":"","meta":{"_gspb_post_css":""},"store":[727],"product_brand":[],"product_cat":[728],"product_tag":[],"class_list":{"0":"post-22980","1":"product","2":"type-product","3":"status-publish","4":"has-post-thumbnail","6":"store-anker","7":"product_cat-cables-parts-power-supplies","8":"pa_merchant-anker-de","10":"first","11":"instock","12":"product-type-external"},"yoast_head":"<!-- This site is optimized with the Yoast SEO plugin v24.6 - https:\/\/yoast.com\/wordpress\/plugins\/seo\/ -->\n<title>7-Port USB Hub 3.0 | Product-Guide.org<\/title>\n<meta name=\"description\" content=\"7-Port USB Hub 3.0 gefunden von Product-Guide.org\" \/>\n<meta name=\"robots\" content=\"index, follow, max-snippet:-1, max-image-preview:large, max-video-preview:-1\" \/>\n<link rel=\"canonical\" href=\"https:\/\/product-guide.org\/en\/produkt\/7-port-usb-hub-3-0\/\" \/>\n<meta property=\"og:locale\" content=\"en_GB\" \/>\n<meta property=\"og:type\" content=\"article\" \/>\n<meta property=\"og:title\" content=\"7-Port USB Hub 3.0 | Product-Guide.org\" \/>\n<meta property=\"og:description\" content=\"7-Port USB Hub 3.0 gefunden von Product-Guide.org\" \/>\n<meta property=\"og:url\" content=\"https:\/\/product-guide.org\/en\/produkt\/7-port-usb-hub-3-0\/\" \/>\n<meta property=\"og:site_name\" content=\"Product-Guide.org\" \/>\n<meta property=\"article:modified_time\" content=\"2023-01-05T12:51:44+00:00\" \/>\n<meta property=\"og:image\" content=\"https:\/\/product-guide.org\/wp-content\/uploads\/2023\/01\/unnamed-file-44.jpeg\" \/>\n\t<meta property=\"og:image:width\" content=\"200\" \/>\n\t<meta property=\"og:image:height\" content=\"200\" \/>\n\t<meta property=\"og:image:type\" content=\"image\/jpeg\" \/>\n<meta name=\"twitter:card\" content=\"summary_large_image\" \/>\n<script type=\"application\/ld+json\" class=\"yoast-schema-graph\">{\"@context\":\"https:\/\/schema.org\",\"@graph\":[{\"@type\":\"WebPage\",\"@id\":\"https:\/\/product-guide.org\/en\/produkt\/7-port-usb-hub-3-0\/\",\"url\":\"https:\/\/product-guide.org\/en\/produkt\/7-port-usb-hub-3-0\/\",\"name\":\"7-Port USB Hub 3.0 | Product-Guide.org\",\"isPartOf\":{\"@id\":\"https:\/\/product-guide.org\/#website\"},\"primaryImageOfPage\":{\"@id\":\"https:\/\/product-guide.org\/en\/produkt\/7-port-usb-hub-3-0\/#primaryimage\"},\"image\":{\"@id\":\"https:\/\/product-guide.org\/en\/produkt\/7-port-usb-hub-3-0\/#primaryimage\"},\"thumbnailUrl\":\"\",\"datePublished\":\"2023-01-05T12:51:43+00:00\",\"dateModified\":\"2023-01-05T12:51:44+00:00\",\"description\":\"7-Port USB Hub 3.0 gefunden von Product-Guide.org\",\"breadcrumb\":{\"@id\":\"https:\/\/product-guide.org\/en\/produkt\/7-port-usb-hub-3-0\/#breadcrumb\"},\"inLanguage\":\"en-GB\",\"potentialAction\":[{\"@type\":\"ReadAction\",\"target\":[\"https:\/\/product-guide.org\/en\/produkt\/7-port-usb-hub-3-0\/\"]}]},{\"@type\":\"ImageObject\",\"inLanguage\":\"en-GB\",\"@id\":\"https:\/\/product-guide.org\/en\/produkt\/7-port-usb-hub-3-0\/#primaryimage\",\"url\":\"\",\"contentUrl\":\"\",\"width\":200,\"height\":200},{\"@type\":\"BreadcrumbList\",\"@id\":\"https:\/\/product-guide.org\/en\/produkt\/7-port-usb-hub-3-0\/#breadcrumb\",\"itemListElement\":[{\"@type\":\"ListItem\",\"position\":1,\"name\":\"Home\",\"item\":\"https:\/\/product-guide.org\/\"},{\"@type\":\"ListItem\",\"position\":2,\"name\":\"Ergebnisse\",\"item\":\"https:\/\/product-guide.org\/de\/ergebnisse\/\"},{\"@type\":\"ListItem\",\"position\":3,\"name\":\"7-Port USB Hub 3.0\"}]},{\"@type\":\"WebSite\",\"@id\":\"https:\/\/product-guide.org\/#website\",\"url\":\"https:\/\/product-guide.org\/\",\"name\":\"Product-Guide.org\",\"description\":\"What Product are you looking for?\",\"publisher\":{\"@id\":\"https:\/\/product-guide.org\/#organization\"},\"potentialAction\":[{\"@type\":\"SearchAction\",\"target\":{\"@type\":\"EntryPoint\",\"urlTemplate\":\"https:\/\/product-guide.org\/?s={search_term_string}\"},\"query-input\":{\"@type\":\"PropertyValueSpecification\",\"valueRequired\":true,\"valueName\":\"search_term_string\"}}],\"inLanguage\":\"en-GB\"},{\"@type\":\"Organization\",\"@id\":\"https:\/\/product-guide.org\/#organization\",\"name\":\"Product-Guide.org\",\"url\":\"https:\/\/product-guide.org\/\",\"logo\":{\"@type\":\"ImageObject\",\"inLanguage\":\"en-GB\",\"@id\":\"https:\/\/product-guide.org\/#\/schema\/logo\/image\/\",\"url\":\"https:\/\/product-guide.org\/wp-content\/uploads\/2022\/07\/logo_transparent_background.png\",\"contentUrl\":\"https:\/\/product-guide.org\/wp-content\/uploads\/2022\/07\/logo_transparent_background.png\",\"width\":3400,\"height\":1132,\"caption\":\"Product-Guide.org\"},\"image\":{\"@id\":\"https:\/\/product-guide.org\/#\/schema\/logo\/image\/\"}}]}<\/script>\n<!-- \/ Yoast SEO plugin. -->","yoast_head_json":{"title":"7-Port USB Hub 3.0 | Product-Guide.org","description":"7-Port USB Hub 3.0 gefunden von Product-Guide.org","robots":{"index":"index","follow":"follow","max-snippet":"max-snippet:-1","max-image-preview":"max-image-preview:large","max-video-preview":"max-video-preview:-1"},"canonical":"https:\/\/product-guide.org\/en\/produkt\/7-port-usb-hub-3-0\/","og_locale":"en_GB","og_type":"article","og_title":"7-Port USB Hub 3.0 | Product-Guide.org","og_description":"7-Port USB Hub 3.0 gefunden von Product-Guide.org","og_url":"https:\/\/product-guide.org\/en\/produkt\/7-port-usb-hub-3-0\/","og_site_name":"Product-Guide.org","article_modified_time":"2023-01-05T12:51:44+00:00","og_image":[{"width":200,"height":200,"url":"https:\/\/product-guide.org\/wp-content\/uploads\/2023\/01\/unnamed-file-44.jpeg","type":"image\/jpeg"}],"twitter_card":"summary_large_image","schema":{"@context":"https:\/\/schema.org","@graph":[{"@type":"WebPage","@id":"https:\/\/product-guide.org\/en\/produkt\/7-port-usb-hub-3-0\/","url":"https:\/\/product-guide.org\/en\/produkt\/7-port-usb-hub-3-0\/","name":"7-Port USB Hub 3.0 | Product-Guide.org","isPartOf":{"@id":"https:\/\/product-guide.org\/#website"},"primaryImageOfPage":{"@id":"https:\/\/product-guide.org\/en\/produkt\/7-port-usb-hub-3-0\/#primaryimage"},"image":{"@id":"https:\/\/product-guide.org\/en\/produkt\/7-port-usb-hub-3-0\/#primaryimage"},"thumbnailUrl":"","datePublished":"2023-01-05T12:51:43+00:00","dateModified":"2023-01-05T12:51:44+00:00","description":"7-Port USB Hub 3.0 gefunden von Product-Guide.org","breadcrumb":{"@id":"https:\/\/product-guide.org\/en\/produkt\/7-port-usb-hub-3-0\/#breadcrumb"},"inLanguage":"en-GB","potentialAction":[{"@type":"ReadAction","target":["https:\/\/product-guide.org\/en\/produkt\/7-port-usb-hub-3-0\/"]}]},{"@type":"ImageObject","inLanguage":"en-GB","@id":"https:\/\/product-guide.org\/en\/produkt\/7-port-usb-hub-3-0\/#primaryimage","url":"","contentUrl":"","width":200,"height":200},{"@type":"BreadcrumbList","@id":"https:\/\/product-guide.org\/en\/produkt\/7-port-usb-hub-3-0\/#breadcrumb","itemListElement":[{"@type":"ListItem","position":1,"name":"Home","item":"https:\/\/product-guide.org\/"},{"@type":"ListItem","position":2,"name":"Ergebnisse","item":"https:\/\/product-guide.org\/de\/ergebnisse\/"},{"@type":"ListItem","position":3,"name":"7-Port USB Hub 3.0"}]},{"@type":"WebSite","@id":"https:\/\/product-guide.org\/#website","url":"https:\/\/product-guide.org\/","name":"Product-Guide.org","description":"What Product are you looking for?","publisher":{"@id":"https:\/\/product-guide.org\/#organization"},"potentialAction":[{"@type":"SearchAction","target":{"@type":"EntryPoint","urlTemplate":"https:\/\/product-guide.org\/?s={search_term_string}"},"query-input":{"@type":"PropertyValueSpecification","valueRequired":true,"valueName":"search_term_string"}}],"inLanguage":"en-GB"},{"@type":"Organization","@id":"https:\/\/product-guide.org\/#organization","name":"Product-Guide.org","url":"https:\/\/product-guide.org\/","logo":{"@type":"ImageObject","inLanguage":"en-GB","@id":"https:\/\/product-guide.org\/#\/schema\/logo\/image\/","url":"https:\/\/product-guide.org\/wp-content\/uploads\/2022\/07\/logo_transparent_background.png","contentUrl":"https:\/\/product-guide.org\/wp-content\/uploads\/2022\/07\/logo_transparent_background.png","width":3400,"height":1132,"caption":"Product-Guide.org"},"image":{"@id":"https:\/\/product-guide.org\/#\/schema\/logo\/image\/"}}]}},"_links":{"self":[{"href":"https:\/\/product-guide.org\/en\/wp-json\/wp\/v2\/product\/22980","targetHints":{"allow":["GET"]}}],"collection":[{"href":"https:\/\/product-guide.org\/en\/wp-json\/wp\/v2\/product"}],"about":[{"href":"https:\/\/product-guide.org\/en\/wp-json\/wp\/v2\/types\/product"}],"wp:featuredmedia":[{"embeddable":true,"href":"https:\/\/product-guide.org\/en\/wp-json\/"}],"wp:attachment":[{"href":"https:\/\/product-guide.org\/en\/wp-json\/wp\/v2\/media?parent=22980"}],"wp:term":[{"taxonomy":"store","embeddable":true,"href":"https:\/\/product-guide.org\/en\/wp-json\/wp\/v2\/store?post=22980"},{"taxonomy":"product_brand","embeddable":true,"href":"https:\/\/product-guide.org\/en\/wp-json\/wp\/v2\/product_brand?post=22980"},{"taxonomy":"product_cat","embeddable":true,"href":"https:\/\/product-guide.org\/en\/wp-json\/wp\/v2\/product_cat?post=22980"},{"taxonomy":"product_tag","embeddable":true,"href":"https:\/\/product-guide.org\/en\/wp-json\/wp\/v2\/product_tag?post=22980"}],"curies":[{"name":"wp","href":"https:\/\/api.w.org\/{rel}","templated":true}]}}