{"id":22986,"date":"2023-01-05T13:51:52","date_gmt":"2023-01-05T12:51:52","guid":{"rendered":"https:\/\/product-guide.org\/produkt\/anker-513-solar-panel-21w\/"},"modified":"2023-01-05T13:51:52","modified_gmt":"2023-01-05T12:51:52","slug":"anker-513-solar-panel-21w","status":"publish","type":"product","link":"https:\/\/product-guide.org\/en\/produkt\/anker-513-solar-panel-21w\/","title":{"rendered":"Anker 513 Solar Panel (21W)"},"content":{"rendered":"<p>DAS ANKER PLUS: Schlie\u00dfe dich den \u00fcber 50 Millionen gl\u00fccklichen Kunden an. Lade Anker. SCHNELLADETECHNOLOGIE: PowerIQ Technologie liefert die schnellstm\u00f6gliche Ladegeschwindigkeit von bis zu 2.4A pro Port oder 3A insgesamt unter direktem Sonnenlicht. 21W SunPower Solarzellenanordnung weist einen Wirkunsgrad von 21.5 bis 23.5 Prozent auf und liefert somit genug Kraft um zwei Ger\u00e4te gleichzeitig zu laden! UNGLAUBLICH STRAPAZIERF\u00c4HIG: Die mit PET-Polymer beschichteten Solarpanels sind in robustes Polyestergewebe eingen\u00e4ht und bieten widerstandsf\u00e4hige Wetterbest\u00e4ndigkeit. KOMPAKT UND LEICHT: Dank der kompakten Gr\u00f6\u00dfe (28.2 x 16.0 cm zusammengefaltet oder 67.1 \u00d7 28.2 cm ge\u00f6ffnet) sowie die praktischen \u00d6sen aus rostfreiem Edelstahl kannst du das Solarladeger\u00e4t einfach anbringen, wo immer du m\u00f6chtest z.B. auf deinem Rucksack, einem Baum oder auf einem Zelt. Die wenigen 417 Gramm sind durch das schlanke Design einfach ideal f\u00fcr lange Trekkingtouren! WAS DU BEKOMMST: Ein Anker PowerPort Solar (21W 2-Port USB Solarladeger\u00e4t), ein 90 cm Mikro-USB-Kabel, eine Bedienungsanleitung, 18 Monate Garantie sowie immer freundlichen Kundenservice.<\/p>\n","protected":false},"excerpt":{"rendered":"<p>DAS ANKER PLUS: Schlie\u00dfe dich den \u00fcber 50 Millionen gl\u00fccklichen Kunden an. Lade Anker. SCHNELLADETECHNOLOGIE: PowerIQ Technologie liefert die schnellstm\u00f6gliche Ladegeschwindigkeit von bis zu 2.4A pro Port oder 3A insgesamt unter direktem Sonnenlicht. 21W SunPower Solarzellenanordnung weist einen Wirkunsgrad von 21.5 bis 23.5 Prozent auf und liefert somit genug Kraft um zwei Ger\u00e4te gleichzeitig zu [&hellip;]<\/p>\n","protected":false},"featured_media":22987,"template":"","meta":{"_gspb_post_css":""},"store":[727],"product_brand":[],"product_cat":[728],"product_tag":[],"class_list":{"0":"post-22986","1":"product","2":"type-product","3":"status-publish","4":"has-post-thumbnail","6":"store-anker","7":"product_cat-cables-parts-power-supplies","8":"pa_merchant-anker-de","10":"first","11":"instock","12":"product-type-external"},"yoast_head":"<!-- This site is optimized with the Yoast SEO plugin v24.6 - https:\/\/yoast.com\/wordpress\/plugins\/seo\/ -->\n<title>Anker 513 Solar Panel (21W) | Product-Guide.org<\/title>\n<meta name=\"description\" content=\"Anker 513 Solar Panel (21W) gefunden von Product-Guide.org\" \/>\n<meta name=\"robots\" content=\"index, follow, max-snippet:-1, max-image-preview:large, max-video-preview:-1\" \/>\n<link rel=\"canonical\" href=\"https:\/\/product-guide.org\/en\/produkt\/anker-513-solar-panel-21w\/\" \/>\n<meta property=\"og:locale\" content=\"en_GB\" \/>\n<meta property=\"og:type\" content=\"article\" \/>\n<meta property=\"og:title\" content=\"Anker 513 Solar Panel (21W) | Product-Guide.org\" \/>\n<meta property=\"og:description\" content=\"Anker 513 Solar Panel (21W) gefunden von Product-Guide.org\" \/>\n<meta property=\"og:url\" content=\"https:\/\/product-guide.org\/en\/produkt\/anker-513-solar-panel-21w\/\" \/>\n<meta property=\"og:site_name\" content=\"Product-Guide.org\" \/>\n<meta property=\"og:image\" content=\"https:\/\/product-guide.org\/wp-content\/uploads\/2023\/01\/unnamed-file-30.png\" \/>\n\t<meta property=\"og:image:width\" content=\"200\" \/>\n\t<meta property=\"og:image:height\" content=\"200\" \/>\n\t<meta property=\"og:image:type\" content=\"image\/png\" \/>\n<meta name=\"twitter:card\" content=\"summary_large_image\" \/>\n<script type=\"application\/ld+json\" class=\"yoast-schema-graph\">{\"@context\":\"https:\/\/schema.org\",\"@graph\":[{\"@type\":\"WebPage\",\"@id\":\"https:\/\/product-guide.org\/en\/produkt\/anker-513-solar-panel-21w\/\",\"url\":\"https:\/\/product-guide.org\/en\/produkt\/anker-513-solar-panel-21w\/\",\"name\":\"Anker 513 Solar Panel (21W) | Product-Guide.org\",\"isPartOf\":{\"@id\":\"https:\/\/product-guide.org\/#website\"},\"primaryImageOfPage\":{\"@id\":\"https:\/\/product-guide.org\/en\/produkt\/anker-513-solar-panel-21w\/#primaryimage\"},\"image\":{\"@id\":\"https:\/\/product-guide.org\/en\/produkt\/anker-513-solar-panel-21w\/#primaryimage\"},\"thumbnailUrl\":\"\",\"datePublished\":\"2023-01-05T12:51:52+00:00\",\"description\":\"Anker 513 Solar Panel (21W) gefunden von Product-Guide.org\",\"breadcrumb\":{\"@id\":\"https:\/\/product-guide.org\/en\/produkt\/anker-513-solar-panel-21w\/#breadcrumb\"},\"inLanguage\":\"en-GB\",\"potentialAction\":[{\"@type\":\"ReadAction\",\"target\":[\"https:\/\/product-guide.org\/en\/produkt\/anker-513-solar-panel-21w\/\"]}]},{\"@type\":\"ImageObject\",\"inLanguage\":\"en-GB\",\"@id\":\"https:\/\/product-guide.org\/en\/produkt\/anker-513-solar-panel-21w\/#primaryimage\",\"url\":\"\",\"contentUrl\":\"\",\"width\":200,\"height\":200},{\"@type\":\"BreadcrumbList\",\"@id\":\"https:\/\/product-guide.org\/en\/produkt\/anker-513-solar-panel-21w\/#breadcrumb\",\"itemListElement\":[{\"@type\":\"ListItem\",\"position\":1,\"name\":\"Home\",\"item\":\"https:\/\/product-guide.org\/\"},{\"@type\":\"ListItem\",\"position\":2,\"name\":\"Ergebnisse\",\"item\":\"https:\/\/product-guide.org\/de\/ergebnisse\/\"},{\"@type\":\"ListItem\",\"position\":3,\"name\":\"Anker 513 Solar Panel (21W)\"}]},{\"@type\":\"WebSite\",\"@id\":\"https:\/\/product-guide.org\/#website\",\"url\":\"https:\/\/product-guide.org\/\",\"name\":\"Product-Guide.org\",\"description\":\"What Product are you looking for?\",\"publisher\":{\"@id\":\"https:\/\/product-guide.org\/#organization\"},\"potentialAction\":[{\"@type\":\"SearchAction\",\"target\":{\"@type\":\"EntryPoint\",\"urlTemplate\":\"https:\/\/product-guide.org\/?s={search_term_string}\"},\"query-input\":{\"@type\":\"PropertyValueSpecification\",\"valueRequired\":true,\"valueName\":\"search_term_string\"}}],\"inLanguage\":\"en-GB\"},{\"@type\":\"Organization\",\"@id\":\"https:\/\/product-guide.org\/#organization\",\"name\":\"Product-Guide.org\",\"url\":\"https:\/\/product-guide.org\/\",\"logo\":{\"@type\":\"ImageObject\",\"inLanguage\":\"en-GB\",\"@id\":\"https:\/\/product-guide.org\/#\/schema\/logo\/image\/\",\"url\":\"https:\/\/product-guide.org\/wp-content\/uploads\/2022\/07\/logo_transparent_background.png\",\"contentUrl\":\"https:\/\/product-guide.org\/wp-content\/uploads\/2022\/07\/logo_transparent_background.png\",\"width\":3400,\"height\":1132,\"caption\":\"Product-Guide.org\"},\"image\":{\"@id\":\"https:\/\/product-guide.org\/#\/schema\/logo\/image\/\"}}]}<\/script>\n<!-- \/ Yoast SEO plugin. -->","yoast_head_json":{"title":"Anker 513 Solar Panel (21W) | Product-Guide.org","description":"Anker 513 Solar Panel (21W) gefunden von Product-Guide.org","robots":{"index":"index","follow":"follow","max-snippet":"max-snippet:-1","max-image-preview":"max-image-preview:large","max-video-preview":"max-video-preview:-1"},"canonical":"https:\/\/product-guide.org\/en\/produkt\/anker-513-solar-panel-21w\/","og_locale":"en_GB","og_type":"article","og_title":"Anker 513 Solar Panel (21W) | Product-Guide.org","og_description":"Anker 513 Solar Panel (21W) gefunden von Product-Guide.org","og_url":"https:\/\/product-guide.org\/en\/produkt\/anker-513-solar-panel-21w\/","og_site_name":"Product-Guide.org","og_image":[{"width":200,"height":200,"url":"https:\/\/product-guide.org\/wp-content\/uploads\/2023\/01\/unnamed-file-30.png","type":"image\/png"}],"twitter_card":"summary_large_image","schema":{"@context":"https:\/\/schema.org","@graph":[{"@type":"WebPage","@id":"https:\/\/product-guide.org\/en\/produkt\/anker-513-solar-panel-21w\/","url":"https:\/\/product-guide.org\/en\/produkt\/anker-513-solar-panel-21w\/","name":"Anker 513 Solar Panel (21W) | Product-Guide.org","isPartOf":{"@id":"https:\/\/product-guide.org\/#website"},"primaryImageOfPage":{"@id":"https:\/\/product-guide.org\/en\/produkt\/anker-513-solar-panel-21w\/#primaryimage"},"image":{"@id":"https:\/\/product-guide.org\/en\/produkt\/anker-513-solar-panel-21w\/#primaryimage"},"thumbnailUrl":"","datePublished":"2023-01-05T12:51:52+00:00","description":"Anker 513 Solar Panel (21W) gefunden von Product-Guide.org","breadcrumb":{"@id":"https:\/\/product-guide.org\/en\/produkt\/anker-513-solar-panel-21w\/#breadcrumb"},"inLanguage":"en-GB","potentialAction":[{"@type":"ReadAction","target":["https:\/\/product-guide.org\/en\/produkt\/anker-513-solar-panel-21w\/"]}]},{"@type":"ImageObject","inLanguage":"en-GB","@id":"https:\/\/product-guide.org\/en\/produkt\/anker-513-solar-panel-21w\/#primaryimage","url":"","contentUrl":"","width":200,"height":200},{"@type":"BreadcrumbList","@id":"https:\/\/product-guide.org\/en\/produkt\/anker-513-solar-panel-21w\/#breadcrumb","itemListElement":[{"@type":"ListItem","position":1,"name":"Home","item":"https:\/\/product-guide.org\/"},{"@type":"ListItem","position":2,"name":"Ergebnisse","item":"https:\/\/product-guide.org\/de\/ergebnisse\/"},{"@type":"ListItem","position":3,"name":"Anker 513 Solar Panel (21W)"}]},{"@type":"WebSite","@id":"https:\/\/product-guide.org\/#website","url":"https:\/\/product-guide.org\/","name":"Product-Guide.org","description":"What Product are you looking for?","publisher":{"@id":"https:\/\/product-guide.org\/#organization"},"potentialAction":[{"@type":"SearchAction","target":{"@type":"EntryPoint","urlTemplate":"https:\/\/product-guide.org\/?s={search_term_string}"},"query-input":{"@type":"PropertyValueSpecification","valueRequired":true,"valueName":"search_term_string"}}],"inLanguage":"en-GB"},{"@type":"Organization","@id":"https:\/\/product-guide.org\/#organization","name":"Product-Guide.org","url":"https:\/\/product-guide.org\/","logo":{"@type":"ImageObject","inLanguage":"en-GB","@id":"https:\/\/product-guide.org\/#\/schema\/logo\/image\/","url":"https:\/\/product-guide.org\/wp-content\/uploads\/2022\/07\/logo_transparent_background.png","contentUrl":"https:\/\/product-guide.org\/wp-content\/uploads\/2022\/07\/logo_transparent_background.png","width":3400,"height":1132,"caption":"Product-Guide.org"},"image":{"@id":"https:\/\/product-guide.org\/#\/schema\/logo\/image\/"}}]}},"_links":{"self":[{"href":"https:\/\/product-guide.org\/en\/wp-json\/wp\/v2\/product\/22986","targetHints":{"allow":["GET"]}}],"collection":[{"href":"https:\/\/product-guide.org\/en\/wp-json\/wp\/v2\/product"}],"about":[{"href":"https:\/\/product-guide.org\/en\/wp-json\/wp\/v2\/types\/product"}],"wp:featuredmedia":[{"embeddable":true,"href":"https:\/\/product-guide.org\/en\/wp-json\/"}],"wp:attachment":[{"href":"https:\/\/product-guide.org\/en\/wp-json\/wp\/v2\/media?parent=22986"}],"wp:term":[{"taxonomy":"store","embeddable":true,"href":"https:\/\/product-guide.org\/en\/wp-json\/wp\/v2\/store?post=22986"},{"taxonomy":"product_brand","embeddable":true,"href":"https:\/\/product-guide.org\/en\/wp-json\/wp\/v2\/product_brand?post=22986"},{"taxonomy":"product_cat","embeddable":true,"href":"https:\/\/product-guide.org\/en\/wp-json\/wp\/v2\/product_cat?post=22986"},{"taxonomy":"product_tag","embeddable":true,"href":"https:\/\/product-guide.org\/en\/wp-json\/wp\/v2\/product_tag?post=22986"}],"curies":[{"name":"wp","href":"https:\/\/api.w.org\/{rel}","templated":true}]}}