{"id":22992,"date":"2023-01-05T13:52:02","date_gmt":"2023-01-05T12:52:02","guid":{"rendered":"https:\/\/product-guide.org\/produkt\/powerwave-ladeset\/"},"modified":"2023-01-05T13:52:02","modified_gmt":"2023-01-05T12:52:02","slug":"powerwave-ladeset","status":"publish","type":"product","link":"https:\/\/product-guide.org\/en\/produkt\/powerwave-ladeset\/","title":{"rendered":"PowerWave Ladeset"},"content":{"rendered":"<p>DOPPELTE POWER: G\u00f6nn dir blitzschnelles, kabelloses Laden in horizontaler oder vertikaler Ausrichtung mit einem Ladeger\u00e4t f\u00fcr Zuhause und einem Ladeger\u00e4t f\u00fcrs B\u00fcro! ENORME KOMPATIBILIT\u00c4T: Genie\u00dfe blitzschnelle Ladungen f\u00fcr alle Qi-f\u00e4higen Ger\u00e4te wie zum Beispiel iPhone X, XS, XR, XS Max, 8, 8 Plus oder auch Samsung Galaxy S10, S9, S8, Note 10, Note 9, Note 8. NEED FOR SPEED: Das hochmoderne Chipset garantiert 10W Ladungen f\u00fcr Samsung Galaxy und 5W Ladungen f\u00fcr iPhones &#8211; 10% schneller als vergleichbare Ladeger\u00e4te. F\u00fcr beste Ergebnisse ein Quick Charge 2.0 oder 3.0 (9V\/2A) Netzteil verwenden. H\u00dcLLENFREUNDLICH: PowerWave l\u00e4dt m\u00fchelos durch Schutzh\u00fcllen von bis zu 5mm Dicke. Metallzubeh\u00f6r und Kreditkarten k\u00f6nnen den Ladevorgang einschr\u00e4nken. WAS DU BEKOMMST: Ein PowerWave Ladepad, einen PowerWave Ladest\u00e4nder, 2 Mikro-USB-Kabel, eine Bedienungsanleitung, 18 Monate Garantie sowie freundlichen Kundenservice. (Netzteil nicht im Lieferumfang enthalten.)<\/p>\n","protected":false},"excerpt":{"rendered":"<p>DOPPELTE POWER: G\u00f6nn dir blitzschnelles, kabelloses Laden in horizontaler oder vertikaler Ausrichtung mit einem Ladeger\u00e4t f\u00fcr Zuhause und einem Ladeger\u00e4t f\u00fcrs B\u00fcro! ENORME KOMPATIBILIT\u00c4T: Genie\u00dfe blitzschnelle Ladungen f\u00fcr alle Qi-f\u00e4higen Ger\u00e4te wie zum Beispiel iPhone X, XS, XR, XS Max, 8, 8 Plus oder auch Samsung Galaxy S10, S9, S8, Note 10, Note 9, Note [&hellip;]<\/p>\n","protected":false},"featured_media":22993,"template":"","meta":{"_gspb_post_css":""},"store":[727],"product_brand":[],"product_cat":[728],"product_tag":[],"class_list":{"0":"post-22992","1":"product","2":"type-product","3":"status-publish","4":"has-post-thumbnail","6":"store-anker","7":"product_cat-cables-parts-power-supplies","8":"pa_merchant-anker-de","10":"first","11":"instock","12":"product-type-external"},"yoast_head":"<!-- This site is optimized with the Yoast SEO plugin v24.6 - https:\/\/yoast.com\/wordpress\/plugins\/seo\/ -->\n<title>PowerWave Ladeset | Product-Guide.org<\/title>\n<meta name=\"description\" content=\"PowerWave Ladeset gefunden von Product-Guide.org\" \/>\n<meta name=\"robots\" content=\"index, follow, max-snippet:-1, max-image-preview:large, max-video-preview:-1\" \/>\n<link rel=\"canonical\" href=\"https:\/\/product-guide.org\/en\/produkt\/powerwave-ladeset\/\" \/>\n<meta property=\"og:locale\" content=\"en_GB\" \/>\n<meta property=\"og:type\" content=\"article\" \/>\n<meta property=\"og:title\" content=\"PowerWave Ladeset | Product-Guide.org\" \/>\n<meta property=\"og:description\" content=\"PowerWave Ladeset gefunden von Product-Guide.org\" \/>\n<meta property=\"og:url\" content=\"https:\/\/product-guide.org\/en\/produkt\/powerwave-ladeset\/\" \/>\n<meta property=\"og:site_name\" content=\"Product-Guide.org\" \/>\n<meta property=\"og:image\" content=\"https:\/\/product-guide.org\/wp-content\/uploads\/2023\/01\/unnamed-file-49.jpeg\" \/>\n\t<meta property=\"og:image:width\" content=\"200\" \/>\n\t<meta property=\"og:image:height\" content=\"200\" \/>\n\t<meta property=\"og:image:type\" content=\"image\/jpeg\" \/>\n<meta name=\"twitter:card\" content=\"summary_large_image\" \/>\n<script type=\"application\/ld+json\" class=\"yoast-schema-graph\">{\"@context\":\"https:\/\/schema.org\",\"@graph\":[{\"@type\":\"WebPage\",\"@id\":\"https:\/\/product-guide.org\/en\/produkt\/powerwave-ladeset\/\",\"url\":\"https:\/\/product-guide.org\/en\/produkt\/powerwave-ladeset\/\",\"name\":\"PowerWave Ladeset | Product-Guide.org\",\"isPartOf\":{\"@id\":\"https:\/\/product-guide.org\/#website\"},\"primaryImageOfPage\":{\"@id\":\"https:\/\/product-guide.org\/en\/produkt\/powerwave-ladeset\/#primaryimage\"},\"image\":{\"@id\":\"https:\/\/product-guide.org\/en\/produkt\/powerwave-ladeset\/#primaryimage\"},\"thumbnailUrl\":\"\",\"datePublished\":\"2023-01-05T12:52:02+00:00\",\"description\":\"PowerWave Ladeset gefunden von Product-Guide.org\",\"breadcrumb\":{\"@id\":\"https:\/\/product-guide.org\/en\/produkt\/powerwave-ladeset\/#breadcrumb\"},\"inLanguage\":\"en-GB\",\"potentialAction\":[{\"@type\":\"ReadAction\",\"target\":[\"https:\/\/product-guide.org\/en\/produkt\/powerwave-ladeset\/\"]}]},{\"@type\":\"ImageObject\",\"inLanguage\":\"en-GB\",\"@id\":\"https:\/\/product-guide.org\/en\/produkt\/powerwave-ladeset\/#primaryimage\",\"url\":\"\",\"contentUrl\":\"\",\"width\":200,\"height\":200},{\"@type\":\"BreadcrumbList\",\"@id\":\"https:\/\/product-guide.org\/en\/produkt\/powerwave-ladeset\/#breadcrumb\",\"itemListElement\":[{\"@type\":\"ListItem\",\"position\":1,\"name\":\"Home\",\"item\":\"https:\/\/product-guide.org\/\"},{\"@type\":\"ListItem\",\"position\":2,\"name\":\"Ergebnisse\",\"item\":\"https:\/\/product-guide.org\/de\/ergebnisse\/\"},{\"@type\":\"ListItem\",\"position\":3,\"name\":\"PowerWave Ladeset\"}]},{\"@type\":\"WebSite\",\"@id\":\"https:\/\/product-guide.org\/#website\",\"url\":\"https:\/\/product-guide.org\/\",\"name\":\"Product-Guide.org\",\"description\":\"What Product are you looking for?\",\"publisher\":{\"@id\":\"https:\/\/product-guide.org\/#organization\"},\"potentialAction\":[{\"@type\":\"SearchAction\",\"target\":{\"@type\":\"EntryPoint\",\"urlTemplate\":\"https:\/\/product-guide.org\/?s={search_term_string}\"},\"query-input\":{\"@type\":\"PropertyValueSpecification\",\"valueRequired\":true,\"valueName\":\"search_term_string\"}}],\"inLanguage\":\"en-GB\"},{\"@type\":\"Organization\",\"@id\":\"https:\/\/product-guide.org\/#organization\",\"name\":\"Product-Guide.org\",\"url\":\"https:\/\/product-guide.org\/\",\"logo\":{\"@type\":\"ImageObject\",\"inLanguage\":\"en-GB\",\"@id\":\"https:\/\/product-guide.org\/#\/schema\/logo\/image\/\",\"url\":\"https:\/\/product-guide.org\/wp-content\/uploads\/2022\/07\/logo_transparent_background.png\",\"contentUrl\":\"https:\/\/product-guide.org\/wp-content\/uploads\/2022\/07\/logo_transparent_background.png\",\"width\":3400,\"height\":1132,\"caption\":\"Product-Guide.org\"},\"image\":{\"@id\":\"https:\/\/product-guide.org\/#\/schema\/logo\/image\/\"}}]}<\/script>\n<!-- \/ Yoast SEO plugin. -->","yoast_head_json":{"title":"PowerWave Ladeset | Product-Guide.org","description":"PowerWave Ladeset gefunden von Product-Guide.org","robots":{"index":"index","follow":"follow","max-snippet":"max-snippet:-1","max-image-preview":"max-image-preview:large","max-video-preview":"max-video-preview:-1"},"canonical":"https:\/\/product-guide.org\/en\/produkt\/powerwave-ladeset\/","og_locale":"en_GB","og_type":"article","og_title":"PowerWave Ladeset | Product-Guide.org","og_description":"PowerWave Ladeset gefunden von Product-Guide.org","og_url":"https:\/\/product-guide.org\/en\/produkt\/powerwave-ladeset\/","og_site_name":"Product-Guide.org","og_image":[{"width":200,"height":200,"url":"https:\/\/product-guide.org\/wp-content\/uploads\/2023\/01\/unnamed-file-49.jpeg","type":"image\/jpeg"}],"twitter_card":"summary_large_image","schema":{"@context":"https:\/\/schema.org","@graph":[{"@type":"WebPage","@id":"https:\/\/product-guide.org\/en\/produkt\/powerwave-ladeset\/","url":"https:\/\/product-guide.org\/en\/produkt\/powerwave-ladeset\/","name":"PowerWave Ladeset | Product-Guide.org","isPartOf":{"@id":"https:\/\/product-guide.org\/#website"},"primaryImageOfPage":{"@id":"https:\/\/product-guide.org\/en\/produkt\/powerwave-ladeset\/#primaryimage"},"image":{"@id":"https:\/\/product-guide.org\/en\/produkt\/powerwave-ladeset\/#primaryimage"},"thumbnailUrl":"","datePublished":"2023-01-05T12:52:02+00:00","description":"PowerWave Ladeset gefunden von Product-Guide.org","breadcrumb":{"@id":"https:\/\/product-guide.org\/en\/produkt\/powerwave-ladeset\/#breadcrumb"},"inLanguage":"en-GB","potentialAction":[{"@type":"ReadAction","target":["https:\/\/product-guide.org\/en\/produkt\/powerwave-ladeset\/"]}]},{"@type":"ImageObject","inLanguage":"en-GB","@id":"https:\/\/product-guide.org\/en\/produkt\/powerwave-ladeset\/#primaryimage","url":"","contentUrl":"","width":200,"height":200},{"@type":"BreadcrumbList","@id":"https:\/\/product-guide.org\/en\/produkt\/powerwave-ladeset\/#breadcrumb","itemListElement":[{"@type":"ListItem","position":1,"name":"Home","item":"https:\/\/product-guide.org\/"},{"@type":"ListItem","position":2,"name":"Ergebnisse","item":"https:\/\/product-guide.org\/de\/ergebnisse\/"},{"@type":"ListItem","position":3,"name":"PowerWave Ladeset"}]},{"@type":"WebSite","@id":"https:\/\/product-guide.org\/#website","url":"https:\/\/product-guide.org\/","name":"Product-Guide.org","description":"What Product are you looking for?","publisher":{"@id":"https:\/\/product-guide.org\/#organization"},"potentialAction":[{"@type":"SearchAction","target":{"@type":"EntryPoint","urlTemplate":"https:\/\/product-guide.org\/?s={search_term_string}"},"query-input":{"@type":"PropertyValueSpecification","valueRequired":true,"valueName":"search_term_string"}}],"inLanguage":"en-GB"},{"@type":"Organization","@id":"https:\/\/product-guide.org\/#organization","name":"Product-Guide.org","url":"https:\/\/product-guide.org\/","logo":{"@type":"ImageObject","inLanguage":"en-GB","@id":"https:\/\/product-guide.org\/#\/schema\/logo\/image\/","url":"https:\/\/product-guide.org\/wp-content\/uploads\/2022\/07\/logo_transparent_background.png","contentUrl":"https:\/\/product-guide.org\/wp-content\/uploads\/2022\/07\/logo_transparent_background.png","width":3400,"height":1132,"caption":"Product-Guide.org"},"image":{"@id":"https:\/\/product-guide.org\/#\/schema\/logo\/image\/"}}]}},"_links":{"self":[{"href":"https:\/\/product-guide.org\/en\/wp-json\/wp\/v2\/product\/22992","targetHints":{"allow":["GET"]}}],"collection":[{"href":"https:\/\/product-guide.org\/en\/wp-json\/wp\/v2\/product"}],"about":[{"href":"https:\/\/product-guide.org\/en\/wp-json\/wp\/v2\/types\/product"}],"wp:featuredmedia":[{"embeddable":true,"href":"https:\/\/product-guide.org\/en\/wp-json\/"}],"wp:attachment":[{"href":"https:\/\/product-guide.org\/en\/wp-json\/wp\/v2\/media?parent=22992"}],"wp:term":[{"taxonomy":"store","embeddable":true,"href":"https:\/\/product-guide.org\/en\/wp-json\/wp\/v2\/store?post=22992"},{"taxonomy":"product_brand","embeddable":true,"href":"https:\/\/product-guide.org\/en\/wp-json\/wp\/v2\/product_brand?post=22992"},{"taxonomy":"product_cat","embeddable":true,"href":"https:\/\/product-guide.org\/en\/wp-json\/wp\/v2\/product_cat?post=22992"},{"taxonomy":"product_tag","embeddable":true,"href":"https:\/\/product-guide.org\/en\/wp-json\/wp\/v2\/product_tag?post=22992"}],"curies":[{"name":"wp","href":"https:\/\/api.w.org\/{rel}","templated":true}]}}