{"id":23000,"date":"2023-01-05T13:52:15","date_gmt":"2023-01-05T12:52:15","guid":{"rendered":"https:\/\/product-guide.org\/produkt\/anker-533-usb-c-hub-5-in-1-slim\/"},"modified":"2023-01-05T13:52:15","modified_gmt":"2023-01-05T12:52:15","slug":"anker-533-usb-c-hub-5-in-1-slim","status":"publish","type":"product","link":"https:\/\/product-guide.org\/en\/produkt\/anker-533-usb-c-hub-5-in-1-slim\/","title":{"rendered":"Anker 533 USB-C Hub (5-in-1, Slim)"},"content":{"rendered":"<p>DAS ANKER PLUS: Schlie\u00dfe dich den \u00fcber 50 Millionen gl\u00fccklichen Kunden an. Lade Anker ENORME KONNEKTIVIT\u00c4T: Verwandle deinen Laptop USB-C Port in 3 USB 3.0 Eing\u00e4nge, einen HDMI-Eingang sowie einen Ethernet-Eingang ERSTKLASSIGE BILDQUALIT\u00c4T: G\u00f6nn dir mithilfe des HDMI-Ports lebhaftes 4K30Hz Video-Streaming NEED FOR SPEED: \u00dcbertrage Musik, Filme und mehr in Sekundenschnelle dank der 5 Gbps. Daten\u00fcbertragung und genie\u00dfe gleichzeitig eine stabile Internetverbindung von bis zu 1Gbps WAS DU BEKOMMST: Anker 533 USB-C Hub (5-in-1, Slim) \/ Einen PowerExpand+ 5-in-1 USB-C Ethernet Hub, einen Reisebeutel, eine Bedienungsanleitung, 18 Monate Garantie sowie freundlichen Kundenservice<\/p>\n","protected":false},"excerpt":{"rendered":"<p>DAS ANKER PLUS: Schlie\u00dfe dich den \u00fcber 50 Millionen gl\u00fccklichen Kunden an. Lade Anker ENORME KONNEKTIVIT\u00c4T: Verwandle deinen Laptop USB-C Port in 3 USB 3.0 Eing\u00e4nge, einen HDMI-Eingang sowie einen Ethernet-Eingang ERSTKLASSIGE BILDQUALIT\u00c4T: G\u00f6nn dir mithilfe des HDMI-Ports lebhaftes 4K30Hz Video-Streaming NEED FOR SPEED: \u00dcbertrage Musik, Filme und mehr in Sekundenschnelle dank der 5 Gbps. [&hellip;]<\/p>\n","protected":false},"featured_media":23001,"template":"","meta":{"_gspb_post_css":""},"store":[727],"product_brand":[],"product_cat":[728],"product_tag":[],"class_list":{"0":"post-23000","1":"product","2":"type-product","3":"status-publish","4":"has-post-thumbnail","6":"store-anker","7":"product_cat-cables-parts-power-supplies","8":"pa_merchant-anker-de","10":"first","11":"instock","12":"product-type-external"},"yoast_head":"<!-- This site is optimized with the Yoast SEO plugin v24.6 - https:\/\/yoast.com\/wordpress\/plugins\/seo\/ -->\n<title>Anker 533 USB-C Hub (5-in-1, Slim) | Product-Guide.org<\/title>\n<meta name=\"description\" content=\"Anker 533 USB-C Hub (5-in-1, Slim) gefunden von Product-Guide.org\" \/>\n<meta name=\"robots\" content=\"index, follow, max-snippet:-1, max-image-preview:large, max-video-preview:-1\" \/>\n<link rel=\"canonical\" href=\"https:\/\/product-guide.org\/en\/produkt\/anker-533-usb-c-hub-5-in-1-slim\/\" \/>\n<meta property=\"og:locale\" content=\"en_GB\" \/>\n<meta property=\"og:type\" content=\"article\" \/>\n<meta property=\"og:title\" content=\"Anker 533 USB-C Hub (5-in-1, Slim) | Product-Guide.org\" \/>\n<meta property=\"og:description\" content=\"Anker 533 USB-C Hub (5-in-1, Slim) gefunden von Product-Guide.org\" \/>\n<meta property=\"og:url\" content=\"https:\/\/product-guide.org\/en\/produkt\/anker-533-usb-c-hub-5-in-1-slim\/\" \/>\n<meta property=\"og:site_name\" content=\"Product-Guide.org\" \/>\n<meta property=\"og:image\" content=\"https:\/\/product-guide.org\/wp-content\/uploads\/2023\/01\/unnamed-file-32.png\" \/>\n\t<meta property=\"og:image:width\" content=\"200\" \/>\n\t<meta property=\"og:image:height\" content=\"200\" \/>\n\t<meta property=\"og:image:type\" content=\"image\/png\" \/>\n<meta name=\"twitter:card\" content=\"summary_large_image\" \/>\n<script type=\"application\/ld+json\" class=\"yoast-schema-graph\">{\"@context\":\"https:\/\/schema.org\",\"@graph\":[{\"@type\":\"WebPage\",\"@id\":\"https:\/\/product-guide.org\/en\/produkt\/anker-533-usb-c-hub-5-in-1-slim\/\",\"url\":\"https:\/\/product-guide.org\/en\/produkt\/anker-533-usb-c-hub-5-in-1-slim\/\",\"name\":\"Anker 533 USB-C Hub (5-in-1, Slim) | Product-Guide.org\",\"isPartOf\":{\"@id\":\"https:\/\/product-guide.org\/#website\"},\"primaryImageOfPage\":{\"@id\":\"https:\/\/product-guide.org\/en\/produkt\/anker-533-usb-c-hub-5-in-1-slim\/#primaryimage\"},\"image\":{\"@id\":\"https:\/\/product-guide.org\/en\/produkt\/anker-533-usb-c-hub-5-in-1-slim\/#primaryimage\"},\"thumbnailUrl\":\"\",\"datePublished\":\"2023-01-05T12:52:15+00:00\",\"description\":\"Anker 533 USB-C Hub (5-in-1, Slim) gefunden von Product-Guide.org\",\"breadcrumb\":{\"@id\":\"https:\/\/product-guide.org\/en\/produkt\/anker-533-usb-c-hub-5-in-1-slim\/#breadcrumb\"},\"inLanguage\":\"en-GB\",\"potentialAction\":[{\"@type\":\"ReadAction\",\"target\":[\"https:\/\/product-guide.org\/en\/produkt\/anker-533-usb-c-hub-5-in-1-slim\/\"]}]},{\"@type\":\"ImageObject\",\"inLanguage\":\"en-GB\",\"@id\":\"https:\/\/product-guide.org\/en\/produkt\/anker-533-usb-c-hub-5-in-1-slim\/#primaryimage\",\"url\":\"\",\"contentUrl\":\"\",\"width\":200,\"height\":200},{\"@type\":\"BreadcrumbList\",\"@id\":\"https:\/\/product-guide.org\/en\/produkt\/anker-533-usb-c-hub-5-in-1-slim\/#breadcrumb\",\"itemListElement\":[{\"@type\":\"ListItem\",\"position\":1,\"name\":\"Home\",\"item\":\"https:\/\/product-guide.org\/\"},{\"@type\":\"ListItem\",\"position\":2,\"name\":\"Ergebnisse\",\"item\":\"https:\/\/product-guide.org\/de\/ergebnisse\/\"},{\"@type\":\"ListItem\",\"position\":3,\"name\":\"Anker 533 USB-C Hub (5-in-1, Slim)\"}]},{\"@type\":\"WebSite\",\"@id\":\"https:\/\/product-guide.org\/#website\",\"url\":\"https:\/\/product-guide.org\/\",\"name\":\"Product-Guide.org\",\"description\":\"What Product are you looking for?\",\"publisher\":{\"@id\":\"https:\/\/product-guide.org\/#organization\"},\"potentialAction\":[{\"@type\":\"SearchAction\",\"target\":{\"@type\":\"EntryPoint\",\"urlTemplate\":\"https:\/\/product-guide.org\/?s={search_term_string}\"},\"query-input\":{\"@type\":\"PropertyValueSpecification\",\"valueRequired\":true,\"valueName\":\"search_term_string\"}}],\"inLanguage\":\"en-GB\"},{\"@type\":\"Organization\",\"@id\":\"https:\/\/product-guide.org\/#organization\",\"name\":\"Product-Guide.org\",\"url\":\"https:\/\/product-guide.org\/\",\"logo\":{\"@type\":\"ImageObject\",\"inLanguage\":\"en-GB\",\"@id\":\"https:\/\/product-guide.org\/#\/schema\/logo\/image\/\",\"url\":\"https:\/\/product-guide.org\/wp-content\/uploads\/2022\/07\/logo_transparent_background.png\",\"contentUrl\":\"https:\/\/product-guide.org\/wp-content\/uploads\/2022\/07\/logo_transparent_background.png\",\"width\":3400,\"height\":1132,\"caption\":\"Product-Guide.org\"},\"image\":{\"@id\":\"https:\/\/product-guide.org\/#\/schema\/logo\/image\/\"}}]}<\/script>\n<!-- \/ Yoast SEO plugin. -->","yoast_head_json":{"title":"Anker 533 USB-C Hub (5-in-1, Slim) | Product-Guide.org","description":"Anker 533 USB-C Hub (5-in-1, Slim) gefunden von Product-Guide.org","robots":{"index":"index","follow":"follow","max-snippet":"max-snippet:-1","max-image-preview":"max-image-preview:large","max-video-preview":"max-video-preview:-1"},"canonical":"https:\/\/product-guide.org\/en\/produkt\/anker-533-usb-c-hub-5-in-1-slim\/","og_locale":"en_GB","og_type":"article","og_title":"Anker 533 USB-C Hub (5-in-1, Slim) | Product-Guide.org","og_description":"Anker 533 USB-C Hub (5-in-1, Slim) gefunden von Product-Guide.org","og_url":"https:\/\/product-guide.org\/en\/produkt\/anker-533-usb-c-hub-5-in-1-slim\/","og_site_name":"Product-Guide.org","og_image":[{"width":200,"height":200,"url":"https:\/\/product-guide.org\/wp-content\/uploads\/2023\/01\/unnamed-file-32.png","type":"image\/png"}],"twitter_card":"summary_large_image","schema":{"@context":"https:\/\/schema.org","@graph":[{"@type":"WebPage","@id":"https:\/\/product-guide.org\/en\/produkt\/anker-533-usb-c-hub-5-in-1-slim\/","url":"https:\/\/product-guide.org\/en\/produkt\/anker-533-usb-c-hub-5-in-1-slim\/","name":"Anker 533 USB-C Hub (5-in-1, Slim) | Product-Guide.org","isPartOf":{"@id":"https:\/\/product-guide.org\/#website"},"primaryImageOfPage":{"@id":"https:\/\/product-guide.org\/en\/produkt\/anker-533-usb-c-hub-5-in-1-slim\/#primaryimage"},"image":{"@id":"https:\/\/product-guide.org\/en\/produkt\/anker-533-usb-c-hub-5-in-1-slim\/#primaryimage"},"thumbnailUrl":"","datePublished":"2023-01-05T12:52:15+00:00","description":"Anker 533 USB-C Hub (5-in-1, Slim) gefunden von Product-Guide.org","breadcrumb":{"@id":"https:\/\/product-guide.org\/en\/produkt\/anker-533-usb-c-hub-5-in-1-slim\/#breadcrumb"},"inLanguage":"en-GB","potentialAction":[{"@type":"ReadAction","target":["https:\/\/product-guide.org\/en\/produkt\/anker-533-usb-c-hub-5-in-1-slim\/"]}]},{"@type":"ImageObject","inLanguage":"en-GB","@id":"https:\/\/product-guide.org\/en\/produkt\/anker-533-usb-c-hub-5-in-1-slim\/#primaryimage","url":"","contentUrl":"","width":200,"height":200},{"@type":"BreadcrumbList","@id":"https:\/\/product-guide.org\/en\/produkt\/anker-533-usb-c-hub-5-in-1-slim\/#breadcrumb","itemListElement":[{"@type":"ListItem","position":1,"name":"Home","item":"https:\/\/product-guide.org\/"},{"@type":"ListItem","position":2,"name":"Ergebnisse","item":"https:\/\/product-guide.org\/de\/ergebnisse\/"},{"@type":"ListItem","position":3,"name":"Anker 533 USB-C Hub (5-in-1, Slim)"}]},{"@type":"WebSite","@id":"https:\/\/product-guide.org\/#website","url":"https:\/\/product-guide.org\/","name":"Product-Guide.org","description":"What Product are you looking for?","publisher":{"@id":"https:\/\/product-guide.org\/#organization"},"potentialAction":[{"@type":"SearchAction","target":{"@type":"EntryPoint","urlTemplate":"https:\/\/product-guide.org\/?s={search_term_string}"},"query-input":{"@type":"PropertyValueSpecification","valueRequired":true,"valueName":"search_term_string"}}],"inLanguage":"en-GB"},{"@type":"Organization","@id":"https:\/\/product-guide.org\/#organization","name":"Product-Guide.org","url":"https:\/\/product-guide.org\/","logo":{"@type":"ImageObject","inLanguage":"en-GB","@id":"https:\/\/product-guide.org\/#\/schema\/logo\/image\/","url":"https:\/\/product-guide.org\/wp-content\/uploads\/2022\/07\/logo_transparent_background.png","contentUrl":"https:\/\/product-guide.org\/wp-content\/uploads\/2022\/07\/logo_transparent_background.png","width":3400,"height":1132,"caption":"Product-Guide.org"},"image":{"@id":"https:\/\/product-guide.org\/#\/schema\/logo\/image\/"}}]}},"_links":{"self":[{"href":"https:\/\/product-guide.org\/en\/wp-json\/wp\/v2\/product\/23000","targetHints":{"allow":["GET"]}}],"collection":[{"href":"https:\/\/product-guide.org\/en\/wp-json\/wp\/v2\/product"}],"about":[{"href":"https:\/\/product-guide.org\/en\/wp-json\/wp\/v2\/types\/product"}],"wp:featuredmedia":[{"embeddable":true,"href":"https:\/\/product-guide.org\/en\/wp-json\/"}],"wp:attachment":[{"href":"https:\/\/product-guide.org\/en\/wp-json\/wp\/v2\/media?parent=23000"}],"wp:term":[{"taxonomy":"store","embeddable":true,"href":"https:\/\/product-guide.org\/en\/wp-json\/wp\/v2\/store?post=23000"},{"taxonomy":"product_brand","embeddable":true,"href":"https:\/\/product-guide.org\/en\/wp-json\/wp\/v2\/product_brand?post=23000"},{"taxonomy":"product_cat","embeddable":true,"href":"https:\/\/product-guide.org\/en\/wp-json\/wp\/v2\/product_cat?post=23000"},{"taxonomy":"product_tag","embeddable":true,"href":"https:\/\/product-guide.org\/en\/wp-json\/wp\/v2\/product_tag?post=23000"}],"curies":[{"name":"wp","href":"https:\/\/api.w.org\/{rel}","templated":true}]}}