{"id":23012,"date":"2023-01-05T13:52:34","date_gmt":"2023-01-05T12:52:34","guid":{"rendered":"https:\/\/product-guide.org\/produkt\/anker-537-power-bank-powercore-26k-for-laptop\/"},"modified":"2023-01-05T13:52:34","modified_gmt":"2023-01-05T12:52:34","slug":"anker-537-power-bank-powercore-26k-for-laptop","status":"publish","type":"product","link":"https:\/\/product-guide.org\/en\/produkt\/anker-537-power-bank-powercore-26k-for-laptop\/","title":{"rendered":"Anker 537 Power Bank (PowerCore 26K for Laptop)"},"content":{"rendered":"<p>DAS ANKER PLUS: Schlie\u00dfe dich den \u00fcber 50 Millionen gl\u00fccklichen Kunden an. Lade Anker. ENORME LADEKRAFT: Lade Smartphones, Tablets und USB-C Notebooks blitzschnell mit H\u00f6chstgeschwindigkeit auf. Ein USB-C Ausgang mit 45W und zwei 15W USB-Ports ist alles, was du brauchst! Verlasse dich au\u00dferdem auf effiziente Erhaltungsladung f\u00fcr Low-Power-Ger\u00e4t wie zum Beispiel Bluetooth Kopfh\u00f6rer. KOLOSSALE KAPAZIT\u00c4T: 26800 mAh ist genug Energie, um die meisten Smartphones siebenmal, dein 13-Zoll MacBook Pro oder Dell XPS 13 einmal komplett zu laden. DOPPELTE GESCHWINDIGKEIT: Verglichen mit Standard Power Banks l\u00e4sst sich dieser externe Akku dank dem USB-C Power Delivery Port des mitgelieferten Ladeger\u00e4ts doppelt so schnell wieder aufladen. Komplettes Laden der Power Bank dauert gerade mal etwas \u00fcber 3,5 Stunden. WAS DU BEKOMMST: Eine PowerCore+ 26800 PD Powerbank, ein 60W USB-C Ladeger\u00e4t, ein USB-C auf USB-C Ladekabel, einen Reisebeutel, eine Bedienungsanleitung, 18 Monate Garantie und freundlichen Kundenservice.<\/p>\n","protected":false},"excerpt":{"rendered":"<p>DAS ANKER PLUS: Schlie\u00dfe dich den \u00fcber 50 Millionen gl\u00fccklichen Kunden an. Lade Anker. ENORME LADEKRAFT: Lade Smartphones, Tablets und USB-C Notebooks blitzschnell mit H\u00f6chstgeschwindigkeit auf. Ein USB-C Ausgang mit 45W und zwei 15W USB-Ports ist alles, was du brauchst! Verlasse dich au\u00dferdem auf effiziente Erhaltungsladung f\u00fcr Low-Power-Ger\u00e4t wie zum Beispiel Bluetooth Kopfh\u00f6rer. KOLOSSALE KAPAZIT\u00c4T: [&hellip;]<\/p>\n","protected":false},"featured_media":23013,"template":"","meta":{"_gspb_post_css":""},"store":[727],"product_brand":[],"product_cat":[728],"product_tag":[],"class_list":{"0":"post-23012","1":"product","2":"type-product","3":"status-publish","4":"has-post-thumbnail","6":"store-anker","7":"product_cat-cables-parts-power-supplies","8":"pa_merchant-anker-de","10":"first","11":"instock","12":"product-type-external"},"yoast_head":"<!-- This site is optimized with the Yoast SEO plugin v24.6 - https:\/\/yoast.com\/wordpress\/plugins\/seo\/ -->\n<title>Anker 537 Power Bank (PowerCore 26K for Laptop) | Product-Guide.org<\/title>\n<meta name=\"description\" content=\"Anker 537 Power Bank (PowerCore 26K for Laptop) gefunden von Product-Guide.org\" \/>\n<meta name=\"robots\" content=\"index, follow, max-snippet:-1, max-image-preview:large, max-video-preview:-1\" \/>\n<link rel=\"canonical\" href=\"https:\/\/product-guide.org\/en\/produkt\/anker-537-power-bank-powercore-26k-for-laptop\/\" \/>\n<meta property=\"og:locale\" content=\"en_GB\" \/>\n<meta property=\"og:type\" content=\"article\" \/>\n<meta property=\"og:title\" content=\"Anker 537 Power Bank (PowerCore 26K for Laptop) | Product-Guide.org\" \/>\n<meta property=\"og:description\" content=\"Anker 537 Power Bank (PowerCore 26K for Laptop) gefunden von Product-Guide.org\" \/>\n<meta property=\"og:url\" content=\"https:\/\/product-guide.org\/en\/produkt\/anker-537-power-bank-powercore-26k-for-laptop\/\" \/>\n<meta property=\"og:site_name\" content=\"Product-Guide.org\" \/>\n<meta property=\"og:image\" content=\"https:\/\/product-guide.org\/wp-content\/uploads\/2023\/01\/unnamed-file-57.jpeg\" \/>\n\t<meta property=\"og:image:width\" content=\"200\" \/>\n\t<meta property=\"og:image:height\" content=\"200\" \/>\n\t<meta property=\"og:image:type\" content=\"image\/jpeg\" \/>\n<meta name=\"twitter:card\" content=\"summary_large_image\" \/>\n<script type=\"application\/ld+json\" class=\"yoast-schema-graph\">{\"@context\":\"https:\/\/schema.org\",\"@graph\":[{\"@type\":\"WebPage\",\"@id\":\"https:\/\/product-guide.org\/en\/produkt\/anker-537-power-bank-powercore-26k-for-laptop\/\",\"url\":\"https:\/\/product-guide.org\/en\/produkt\/anker-537-power-bank-powercore-26k-for-laptop\/\",\"name\":\"Anker 537 Power Bank (PowerCore 26K for Laptop) | Product-Guide.org\",\"isPartOf\":{\"@id\":\"https:\/\/product-guide.org\/#website\"},\"primaryImageOfPage\":{\"@id\":\"https:\/\/product-guide.org\/en\/produkt\/anker-537-power-bank-powercore-26k-for-laptop\/#primaryimage\"},\"image\":{\"@id\":\"https:\/\/product-guide.org\/en\/produkt\/anker-537-power-bank-powercore-26k-for-laptop\/#primaryimage\"},\"thumbnailUrl\":\"\",\"datePublished\":\"2023-01-05T12:52:34+00:00\",\"description\":\"Anker 537 Power Bank (PowerCore 26K for Laptop) gefunden von Product-Guide.org\",\"breadcrumb\":{\"@id\":\"https:\/\/product-guide.org\/en\/produkt\/anker-537-power-bank-powercore-26k-for-laptop\/#breadcrumb\"},\"inLanguage\":\"en-GB\",\"potentialAction\":[{\"@type\":\"ReadAction\",\"target\":[\"https:\/\/product-guide.org\/en\/produkt\/anker-537-power-bank-powercore-26k-for-laptop\/\"]}]},{\"@type\":\"ImageObject\",\"inLanguage\":\"en-GB\",\"@id\":\"https:\/\/product-guide.org\/en\/produkt\/anker-537-power-bank-powercore-26k-for-laptop\/#primaryimage\",\"url\":\"\",\"contentUrl\":\"\",\"width\":200,\"height\":200},{\"@type\":\"BreadcrumbList\",\"@id\":\"https:\/\/product-guide.org\/en\/produkt\/anker-537-power-bank-powercore-26k-for-laptop\/#breadcrumb\",\"itemListElement\":[{\"@type\":\"ListItem\",\"position\":1,\"name\":\"Home\",\"item\":\"https:\/\/product-guide.org\/\"},{\"@type\":\"ListItem\",\"position\":2,\"name\":\"Ergebnisse\",\"item\":\"https:\/\/product-guide.org\/de\/ergebnisse\/\"},{\"@type\":\"ListItem\",\"position\":3,\"name\":\"Anker 537 Power Bank (PowerCore 26K for Laptop)\"}]},{\"@type\":\"WebSite\",\"@id\":\"https:\/\/product-guide.org\/#website\",\"url\":\"https:\/\/product-guide.org\/\",\"name\":\"Product-Guide.org\",\"description\":\"What Product are you looking for?\",\"publisher\":{\"@id\":\"https:\/\/product-guide.org\/#organization\"},\"potentialAction\":[{\"@type\":\"SearchAction\",\"target\":{\"@type\":\"EntryPoint\",\"urlTemplate\":\"https:\/\/product-guide.org\/?s={search_term_string}\"},\"query-input\":{\"@type\":\"PropertyValueSpecification\",\"valueRequired\":true,\"valueName\":\"search_term_string\"}}],\"inLanguage\":\"en-GB\"},{\"@type\":\"Organization\",\"@id\":\"https:\/\/product-guide.org\/#organization\",\"name\":\"Product-Guide.org\",\"url\":\"https:\/\/product-guide.org\/\",\"logo\":{\"@type\":\"ImageObject\",\"inLanguage\":\"en-GB\",\"@id\":\"https:\/\/product-guide.org\/#\/schema\/logo\/image\/\",\"url\":\"https:\/\/product-guide.org\/wp-content\/uploads\/2022\/07\/logo_transparent_background.png\",\"contentUrl\":\"https:\/\/product-guide.org\/wp-content\/uploads\/2022\/07\/logo_transparent_background.png\",\"width\":3400,\"height\":1132,\"caption\":\"Product-Guide.org\"},\"image\":{\"@id\":\"https:\/\/product-guide.org\/#\/schema\/logo\/image\/\"}}]}<\/script>\n<!-- \/ Yoast SEO plugin. -->","yoast_head_json":{"title":"Anker 537 Power Bank (PowerCore 26K for Laptop) | Product-Guide.org","description":"Anker 537 Power Bank (PowerCore 26K for Laptop) gefunden von Product-Guide.org","robots":{"index":"index","follow":"follow","max-snippet":"max-snippet:-1","max-image-preview":"max-image-preview:large","max-video-preview":"max-video-preview:-1"},"canonical":"https:\/\/product-guide.org\/en\/produkt\/anker-537-power-bank-powercore-26k-for-laptop\/","og_locale":"en_GB","og_type":"article","og_title":"Anker 537 Power Bank (PowerCore 26K for Laptop) | Product-Guide.org","og_description":"Anker 537 Power Bank (PowerCore 26K for Laptop) gefunden von Product-Guide.org","og_url":"https:\/\/product-guide.org\/en\/produkt\/anker-537-power-bank-powercore-26k-for-laptop\/","og_site_name":"Product-Guide.org","og_image":[{"width":200,"height":200,"url":"https:\/\/product-guide.org\/wp-content\/uploads\/2023\/01\/unnamed-file-57.jpeg","type":"image\/jpeg"}],"twitter_card":"summary_large_image","schema":{"@context":"https:\/\/schema.org","@graph":[{"@type":"WebPage","@id":"https:\/\/product-guide.org\/en\/produkt\/anker-537-power-bank-powercore-26k-for-laptop\/","url":"https:\/\/product-guide.org\/en\/produkt\/anker-537-power-bank-powercore-26k-for-laptop\/","name":"Anker 537 Power Bank (PowerCore 26K for Laptop) | Product-Guide.org","isPartOf":{"@id":"https:\/\/product-guide.org\/#website"},"primaryImageOfPage":{"@id":"https:\/\/product-guide.org\/en\/produkt\/anker-537-power-bank-powercore-26k-for-laptop\/#primaryimage"},"image":{"@id":"https:\/\/product-guide.org\/en\/produkt\/anker-537-power-bank-powercore-26k-for-laptop\/#primaryimage"},"thumbnailUrl":"","datePublished":"2023-01-05T12:52:34+00:00","description":"Anker 537 Power Bank (PowerCore 26K for Laptop) gefunden von Product-Guide.org","breadcrumb":{"@id":"https:\/\/product-guide.org\/en\/produkt\/anker-537-power-bank-powercore-26k-for-laptop\/#breadcrumb"},"inLanguage":"en-GB","potentialAction":[{"@type":"ReadAction","target":["https:\/\/product-guide.org\/en\/produkt\/anker-537-power-bank-powercore-26k-for-laptop\/"]}]},{"@type":"ImageObject","inLanguage":"en-GB","@id":"https:\/\/product-guide.org\/en\/produkt\/anker-537-power-bank-powercore-26k-for-laptop\/#primaryimage","url":"","contentUrl":"","width":200,"height":200},{"@type":"BreadcrumbList","@id":"https:\/\/product-guide.org\/en\/produkt\/anker-537-power-bank-powercore-26k-for-laptop\/#breadcrumb","itemListElement":[{"@type":"ListItem","position":1,"name":"Home","item":"https:\/\/product-guide.org\/"},{"@type":"ListItem","position":2,"name":"Ergebnisse","item":"https:\/\/product-guide.org\/de\/ergebnisse\/"},{"@type":"ListItem","position":3,"name":"Anker 537 Power Bank (PowerCore 26K for Laptop)"}]},{"@type":"WebSite","@id":"https:\/\/product-guide.org\/#website","url":"https:\/\/product-guide.org\/","name":"Product-Guide.org","description":"What Product are you looking for?","publisher":{"@id":"https:\/\/product-guide.org\/#organization"},"potentialAction":[{"@type":"SearchAction","target":{"@type":"EntryPoint","urlTemplate":"https:\/\/product-guide.org\/?s={search_term_string}"},"query-input":{"@type":"PropertyValueSpecification","valueRequired":true,"valueName":"search_term_string"}}],"inLanguage":"en-GB"},{"@type":"Organization","@id":"https:\/\/product-guide.org\/#organization","name":"Product-Guide.org","url":"https:\/\/product-guide.org\/","logo":{"@type":"ImageObject","inLanguage":"en-GB","@id":"https:\/\/product-guide.org\/#\/schema\/logo\/image\/","url":"https:\/\/product-guide.org\/wp-content\/uploads\/2022\/07\/logo_transparent_background.png","contentUrl":"https:\/\/product-guide.org\/wp-content\/uploads\/2022\/07\/logo_transparent_background.png","width":3400,"height":1132,"caption":"Product-Guide.org"},"image":{"@id":"https:\/\/product-guide.org\/#\/schema\/logo\/image\/"}}]}},"_links":{"self":[{"href":"https:\/\/product-guide.org\/en\/wp-json\/wp\/v2\/product\/23012","targetHints":{"allow":["GET"]}}],"collection":[{"href":"https:\/\/product-guide.org\/en\/wp-json\/wp\/v2\/product"}],"about":[{"href":"https:\/\/product-guide.org\/en\/wp-json\/wp\/v2\/types\/product"}],"wp:featuredmedia":[{"embeddable":true,"href":"https:\/\/product-guide.org\/en\/wp-json\/"}],"wp:attachment":[{"href":"https:\/\/product-guide.org\/en\/wp-json\/wp\/v2\/media?parent=23012"}],"wp:term":[{"taxonomy":"store","embeddable":true,"href":"https:\/\/product-guide.org\/en\/wp-json\/wp\/v2\/store?post=23012"},{"taxonomy":"product_brand","embeddable":true,"href":"https:\/\/product-guide.org\/en\/wp-json\/wp\/v2\/product_brand?post=23012"},{"taxonomy":"product_cat","embeddable":true,"href":"https:\/\/product-guide.org\/en\/wp-json\/wp\/v2\/product_cat?post=23012"},{"taxonomy":"product_tag","embeddable":true,"href":"https:\/\/product-guide.org\/en\/wp-json\/wp\/v2\/product_tag?post=23012"}],"curies":[{"name":"wp","href":"https:\/\/api.w.org\/{rel}","templated":true}]}}