{"id":23014,"date":"2023-01-05T13:52:36","date_gmt":"2023-01-05T12:52:36","guid":{"rendered":"https:\/\/product-guide.org\/produkt\/anker-547-usb-c-hub-7-in-2-for-macbook\/"},"modified":"2023-01-05T13:52:36","modified_gmt":"2023-01-05T12:52:36","slug":"anker-547-usb-c-hub-7-in-2-for-macbook","status":"publish","type":"product","link":"https:\/\/product-guide.org\/en\/produkt\/anker-547-usb-c-hub-7-in-2-for-macbook\/","title":{"rendered":"Anker 547 USB-C Hub (7-in-2, for MacBook)"},"content":{"rendered":"<p>DAS ANKER PLUS: Schlie\u00dfe dich den \u00fcber 50 Millionen gl\u00fccklichen Kunden an. Lade Anker. ERWEITERTE KONNEKTIVIT\u00c4T: Mehr als nur zwei MacBook USB-C Ports. Jetzt zus\u00e4tzlich 1 Thunderbolt USB-C Port, 1 USB-C Datenport, 2 USB-A Ports, 1 HDMI Port, 1 SD Speicherkartensteckplatz sowie 1 microSD Speicherkartensteckplatz. (Siehe unten f\u00fcr Kompatibilit\u00e4tsliste.) NEED FOR SPEED: Dank dem Thunderbolt 3 USB-C Ladeport kannst du dich auf Ladegeschwindigkeiten von bis zu 100W, Daten\u00fcbertragung von bis zu 40 Gb\/s und Streaming von bis zu 5K verlassen! MULTI MONITOR: G\u00f6nn dir erstklassige HDMI-Aufl\u00f6sung von 4K@30Hz oder smarte Geschwindigkeiten von 5K@60Hz per Multi-Funktion-Port. Verbinde beide Optionen gleichzeitig und genie\u00dfe eine doppelte Bildschirmanzeige &#8211; f\u00fcr noch mehr Flexibilit\u00e4t und Freiheit! WAS DU BEKOMMST: Einen PowerExpand Direct 7-in-2 USB-C PD Media Hub, einen Reisebeutel, eine Bedienungsanleitung, 18 Monate Garantie sowie freundlichen Kundenservice.<\/p>\n","protected":false},"excerpt":{"rendered":"<p>DAS ANKER PLUS: Schlie\u00dfe dich den \u00fcber 50 Millionen gl\u00fccklichen Kunden an. Lade Anker. ERWEITERTE KONNEKTIVIT\u00c4T: Mehr als nur zwei MacBook USB-C Ports. Jetzt zus\u00e4tzlich 1 Thunderbolt USB-C Port, 1 USB-C Datenport, 2 USB-A Ports, 1 HDMI Port, 1 SD Speicherkartensteckplatz sowie 1 microSD Speicherkartensteckplatz. (Siehe unten f\u00fcr Kompatibilit\u00e4tsliste.) NEED FOR SPEED: Dank dem Thunderbolt [&hellip;]<\/p>\n","protected":false},"featured_media":23015,"template":"","meta":{"_gspb_post_css":""},"store":[727],"product_brand":[],"product_cat":[728],"product_tag":[],"class_list":{"0":"post-23014","1":"product","2":"type-product","3":"status-publish","4":"has-post-thumbnail","6":"store-anker","7":"product_cat-cables-parts-power-supplies","8":"pa_merchant-anker-de","10":"first","11":"instock","12":"product-type-external"},"yoast_head":"<!-- This site is optimized with the Yoast SEO plugin v24.6 - https:\/\/yoast.com\/wordpress\/plugins\/seo\/ -->\n<title>Anker 547 USB-C Hub (7-in-2, for MacBook) | Product-Guide.org<\/title>\n<meta name=\"description\" content=\"Anker 547 USB-C Hub (7-in-2, for MacBook) gefunden von Product-Guide.org\" \/>\n<meta name=\"robots\" content=\"index, follow, max-snippet:-1, max-image-preview:large, max-video-preview:-1\" \/>\n<link rel=\"canonical\" href=\"https:\/\/product-guide.org\/en\/produkt\/anker-547-usb-c-hub-7-in-2-for-macbook\/\" \/>\n<meta property=\"og:locale\" content=\"en_GB\" \/>\n<meta property=\"og:type\" content=\"article\" \/>\n<meta property=\"og:title\" content=\"Anker 547 USB-C Hub (7-in-2, for MacBook) | Product-Guide.org\" \/>\n<meta property=\"og:description\" content=\"Anker 547 USB-C Hub (7-in-2, for MacBook) gefunden von Product-Guide.org\" \/>\n<meta property=\"og:url\" content=\"https:\/\/product-guide.org\/en\/produkt\/anker-547-usb-c-hub-7-in-2-for-macbook\/\" \/>\n<meta property=\"og:site_name\" content=\"Product-Guide.org\" \/>\n<meta property=\"og:image\" content=\"https:\/\/product-guide.org\/wp-content\/uploads\/2023\/01\/unnamed-file-58.jpeg\" \/>\n\t<meta property=\"og:image:width\" content=\"200\" \/>\n\t<meta property=\"og:image:height\" content=\"200\" \/>\n\t<meta property=\"og:image:type\" content=\"image\/jpeg\" \/>\n<meta name=\"twitter:card\" content=\"summary_large_image\" \/>\n<script type=\"application\/ld+json\" class=\"yoast-schema-graph\">{\"@context\":\"https:\/\/schema.org\",\"@graph\":[{\"@type\":\"WebPage\",\"@id\":\"https:\/\/product-guide.org\/en\/produkt\/anker-547-usb-c-hub-7-in-2-for-macbook\/\",\"url\":\"https:\/\/product-guide.org\/en\/produkt\/anker-547-usb-c-hub-7-in-2-for-macbook\/\",\"name\":\"Anker 547 USB-C Hub (7-in-2, for MacBook) | Product-Guide.org\",\"isPartOf\":{\"@id\":\"https:\/\/product-guide.org\/#website\"},\"primaryImageOfPage\":{\"@id\":\"https:\/\/product-guide.org\/en\/produkt\/anker-547-usb-c-hub-7-in-2-for-macbook\/#primaryimage\"},\"image\":{\"@id\":\"https:\/\/product-guide.org\/en\/produkt\/anker-547-usb-c-hub-7-in-2-for-macbook\/#primaryimage\"},\"thumbnailUrl\":\"\",\"datePublished\":\"2023-01-05T12:52:36+00:00\",\"description\":\"Anker 547 USB-C Hub (7-in-2, for MacBook) gefunden von Product-Guide.org\",\"breadcrumb\":{\"@id\":\"https:\/\/product-guide.org\/en\/produkt\/anker-547-usb-c-hub-7-in-2-for-macbook\/#breadcrumb\"},\"inLanguage\":\"en-GB\",\"potentialAction\":[{\"@type\":\"ReadAction\",\"target\":[\"https:\/\/product-guide.org\/en\/produkt\/anker-547-usb-c-hub-7-in-2-for-macbook\/\"]}]},{\"@type\":\"ImageObject\",\"inLanguage\":\"en-GB\",\"@id\":\"https:\/\/product-guide.org\/en\/produkt\/anker-547-usb-c-hub-7-in-2-for-macbook\/#primaryimage\",\"url\":\"\",\"contentUrl\":\"\",\"width\":200,\"height\":200},{\"@type\":\"BreadcrumbList\",\"@id\":\"https:\/\/product-guide.org\/en\/produkt\/anker-547-usb-c-hub-7-in-2-for-macbook\/#breadcrumb\",\"itemListElement\":[{\"@type\":\"ListItem\",\"position\":1,\"name\":\"Home\",\"item\":\"https:\/\/product-guide.org\/\"},{\"@type\":\"ListItem\",\"position\":2,\"name\":\"Ergebnisse\",\"item\":\"https:\/\/product-guide.org\/de\/ergebnisse\/\"},{\"@type\":\"ListItem\",\"position\":3,\"name\":\"Anker 547 USB-C Hub (7-in-2, for MacBook)\"}]},{\"@type\":\"WebSite\",\"@id\":\"https:\/\/product-guide.org\/#website\",\"url\":\"https:\/\/product-guide.org\/\",\"name\":\"Product-Guide.org\",\"description\":\"What Product are you looking for?\",\"publisher\":{\"@id\":\"https:\/\/product-guide.org\/#organization\"},\"potentialAction\":[{\"@type\":\"SearchAction\",\"target\":{\"@type\":\"EntryPoint\",\"urlTemplate\":\"https:\/\/product-guide.org\/?s={search_term_string}\"},\"query-input\":{\"@type\":\"PropertyValueSpecification\",\"valueRequired\":true,\"valueName\":\"search_term_string\"}}],\"inLanguage\":\"en-GB\"},{\"@type\":\"Organization\",\"@id\":\"https:\/\/product-guide.org\/#organization\",\"name\":\"Product-Guide.org\",\"url\":\"https:\/\/product-guide.org\/\",\"logo\":{\"@type\":\"ImageObject\",\"inLanguage\":\"en-GB\",\"@id\":\"https:\/\/product-guide.org\/#\/schema\/logo\/image\/\",\"url\":\"https:\/\/product-guide.org\/wp-content\/uploads\/2022\/07\/logo_transparent_background.png\",\"contentUrl\":\"https:\/\/product-guide.org\/wp-content\/uploads\/2022\/07\/logo_transparent_background.png\",\"width\":3400,\"height\":1132,\"caption\":\"Product-Guide.org\"},\"image\":{\"@id\":\"https:\/\/product-guide.org\/#\/schema\/logo\/image\/\"}}]}<\/script>\n<!-- \/ Yoast SEO plugin. -->","yoast_head_json":{"title":"Anker 547 USB-C Hub (7-in-2, for MacBook) | Product-Guide.org","description":"Anker 547 USB-C Hub (7-in-2, for MacBook) gefunden von Product-Guide.org","robots":{"index":"index","follow":"follow","max-snippet":"max-snippet:-1","max-image-preview":"max-image-preview:large","max-video-preview":"max-video-preview:-1"},"canonical":"https:\/\/product-guide.org\/en\/produkt\/anker-547-usb-c-hub-7-in-2-for-macbook\/","og_locale":"en_GB","og_type":"article","og_title":"Anker 547 USB-C Hub (7-in-2, for MacBook) | Product-Guide.org","og_description":"Anker 547 USB-C Hub (7-in-2, for MacBook) gefunden von Product-Guide.org","og_url":"https:\/\/product-guide.org\/en\/produkt\/anker-547-usb-c-hub-7-in-2-for-macbook\/","og_site_name":"Product-Guide.org","og_image":[{"width":200,"height":200,"url":"https:\/\/product-guide.org\/wp-content\/uploads\/2023\/01\/unnamed-file-58.jpeg","type":"image\/jpeg"}],"twitter_card":"summary_large_image","schema":{"@context":"https:\/\/schema.org","@graph":[{"@type":"WebPage","@id":"https:\/\/product-guide.org\/en\/produkt\/anker-547-usb-c-hub-7-in-2-for-macbook\/","url":"https:\/\/product-guide.org\/en\/produkt\/anker-547-usb-c-hub-7-in-2-for-macbook\/","name":"Anker 547 USB-C Hub (7-in-2, for MacBook) | Product-Guide.org","isPartOf":{"@id":"https:\/\/product-guide.org\/#website"},"primaryImageOfPage":{"@id":"https:\/\/product-guide.org\/en\/produkt\/anker-547-usb-c-hub-7-in-2-for-macbook\/#primaryimage"},"image":{"@id":"https:\/\/product-guide.org\/en\/produkt\/anker-547-usb-c-hub-7-in-2-for-macbook\/#primaryimage"},"thumbnailUrl":"","datePublished":"2023-01-05T12:52:36+00:00","description":"Anker 547 USB-C Hub (7-in-2, for MacBook) gefunden von Product-Guide.org","breadcrumb":{"@id":"https:\/\/product-guide.org\/en\/produkt\/anker-547-usb-c-hub-7-in-2-for-macbook\/#breadcrumb"},"inLanguage":"en-GB","potentialAction":[{"@type":"ReadAction","target":["https:\/\/product-guide.org\/en\/produkt\/anker-547-usb-c-hub-7-in-2-for-macbook\/"]}]},{"@type":"ImageObject","inLanguage":"en-GB","@id":"https:\/\/product-guide.org\/en\/produkt\/anker-547-usb-c-hub-7-in-2-for-macbook\/#primaryimage","url":"","contentUrl":"","width":200,"height":200},{"@type":"BreadcrumbList","@id":"https:\/\/product-guide.org\/en\/produkt\/anker-547-usb-c-hub-7-in-2-for-macbook\/#breadcrumb","itemListElement":[{"@type":"ListItem","position":1,"name":"Home","item":"https:\/\/product-guide.org\/"},{"@type":"ListItem","position":2,"name":"Ergebnisse","item":"https:\/\/product-guide.org\/de\/ergebnisse\/"},{"@type":"ListItem","position":3,"name":"Anker 547 USB-C Hub (7-in-2, for MacBook)"}]},{"@type":"WebSite","@id":"https:\/\/product-guide.org\/#website","url":"https:\/\/product-guide.org\/","name":"Product-Guide.org","description":"What Product are you looking for?","publisher":{"@id":"https:\/\/product-guide.org\/#organization"},"potentialAction":[{"@type":"SearchAction","target":{"@type":"EntryPoint","urlTemplate":"https:\/\/product-guide.org\/?s={search_term_string}"},"query-input":{"@type":"PropertyValueSpecification","valueRequired":true,"valueName":"search_term_string"}}],"inLanguage":"en-GB"},{"@type":"Organization","@id":"https:\/\/product-guide.org\/#organization","name":"Product-Guide.org","url":"https:\/\/product-guide.org\/","logo":{"@type":"ImageObject","inLanguage":"en-GB","@id":"https:\/\/product-guide.org\/#\/schema\/logo\/image\/","url":"https:\/\/product-guide.org\/wp-content\/uploads\/2022\/07\/logo_transparent_background.png","contentUrl":"https:\/\/product-guide.org\/wp-content\/uploads\/2022\/07\/logo_transparent_background.png","width":3400,"height":1132,"caption":"Product-Guide.org"},"image":{"@id":"https:\/\/product-guide.org\/#\/schema\/logo\/image\/"}}]}},"_links":{"self":[{"href":"https:\/\/product-guide.org\/en\/wp-json\/wp\/v2\/product\/23014","targetHints":{"allow":["GET"]}}],"collection":[{"href":"https:\/\/product-guide.org\/en\/wp-json\/wp\/v2\/product"}],"about":[{"href":"https:\/\/product-guide.org\/en\/wp-json\/wp\/v2\/types\/product"}],"wp:featuredmedia":[{"embeddable":true,"href":"https:\/\/product-guide.org\/en\/wp-json\/"}],"wp:attachment":[{"href":"https:\/\/product-guide.org\/en\/wp-json\/wp\/v2\/media?parent=23014"}],"wp:term":[{"taxonomy":"store","embeddable":true,"href":"https:\/\/product-guide.org\/en\/wp-json\/wp\/v2\/store?post=23014"},{"taxonomy":"product_brand","embeddable":true,"href":"https:\/\/product-guide.org\/en\/wp-json\/wp\/v2\/product_brand?post=23014"},{"taxonomy":"product_cat","embeddable":true,"href":"https:\/\/product-guide.org\/en\/wp-json\/wp\/v2\/product_cat?post=23014"},{"taxonomy":"product_tag","embeddable":true,"href":"https:\/\/product-guide.org\/en\/wp-json\/wp\/v2\/product_tag?post=23014"}],"curies":[{"name":"wp","href":"https:\/\/api.w.org\/{rel}","templated":true}]}}