{"id":23016,"date":"2023-01-05T13:52:39","date_gmt":"2023-01-05T12:52:39","guid":{"rendered":"https:\/\/product-guide.org\/produkt\/powerexpand-5-in-1-thunderbolt-4-mini-dock\/"},"modified":"2023-01-05T13:52:39","modified_gmt":"2023-01-05T12:52:39","slug":"powerexpand-5-in-1-thunderbolt-4-mini-dock","status":"publish","type":"product","link":"https:\/\/product-guide.org\/en\/produkt\/powerexpand-5-in-1-thunderbolt-4-mini-dock\/","title":{"rendered":"PowerExpand 5-in-1 Thunderbolt 4 Mini Dock"},"content":{"rendered":"<p>SMART ERWEITERT: Ausgestattet mit einem 85W Thunderbolt 4 Upstream-Eingang (Laptop-Anschluss), drei Thunderbolt 4 Downstream-Eing\u00e4ngen und einem USB-A-Eingang. STARKE LADELEISTUNG: Verbinde deinen USB-C Laptop per Thunderbolt 4 Upstream-Port und genie\u00dfe Ladegeschwindigkeiten mit bis zu 85W. Die drei weiteren Thunderbolt 4 Ports unterst\u00fctzen Ladegeschwindigkeiten mit bis zu 15W. MEDIA DISPLAY: Der Thunderbolt 4 Downstream-Eingang unterst\u00fctzt kristallklare Daten\u00fcbertragung auf einen einzelnen Bildschirm mit bis zu 8K@30Hz und auf zwei Bildschirme mit bis zu 4K@60Hz. (MacBook Air\/Pro 2020 Versionen mit einem M1 Chip unterst\u00fctzen lediglich \u00dcbertragung auf einen einzelnen Bildschirm.) HIGH-SPEED DATENTRANSFER: G\u00f6nn dir mit drei Thunderbolt 4 Downstream-Eing\u00e4ngen blitzschnelle Daten\u00fcbertragung mit bis zu 40 Gbps &#8211; mehr als genug Geschwindigkeit, um 20GB in knapp 10 Sekunden zu \u00fcbertragen! WAS DU BEKOMMST: Einen PowerExpand 5-in-1 Thunderbolt 4 Mini Dock Adapter, ein 100W Netzteil, ein 120cm langes Ladekabel, ein 70cm langes Thunderbolt 4 Kabel, eine Bedienungsanleitung, 18 Monate Herstellergarantie sowie freundlichen Kundenservice.<\/p>\n","protected":false},"excerpt":{"rendered":"<p>SMART ERWEITERT: Ausgestattet mit einem 85W Thunderbolt 4 Upstream-Eingang (Laptop-Anschluss), drei Thunderbolt 4 Downstream-Eing\u00e4ngen und einem USB-A-Eingang. STARKE LADELEISTUNG: Verbinde deinen USB-C Laptop per Thunderbolt 4 Upstream-Port und genie\u00dfe Ladegeschwindigkeiten mit bis zu 85W. Die drei weiteren Thunderbolt 4 Ports unterst\u00fctzen Ladegeschwindigkeiten mit bis zu 15W. MEDIA DISPLAY: Der Thunderbolt 4 Downstream-Eingang unterst\u00fctzt kristallklare Daten\u00fcbertragung [&hellip;]<\/p>\n","protected":false},"featured_media":23017,"template":"","meta":{"_gspb_post_css":""},"store":[727],"product_brand":[],"product_cat":[728],"product_tag":[],"class_list":{"0":"post-23016","1":"product","2":"type-product","3":"status-publish","4":"has-post-thumbnail","6":"store-anker","7":"product_cat-cables-parts-power-supplies","8":"pa_merchant-anker-de","10":"first","11":"instock","12":"product-type-external"},"yoast_head":"<!-- This site is optimized with the Yoast SEO plugin v24.6 - https:\/\/yoast.com\/wordpress\/plugins\/seo\/ -->\n<title>PowerExpand 5-in-1 Thunderbolt 4 Mini Dock | Product-Guide.org<\/title>\n<meta name=\"description\" content=\"PowerExpand 5-in-1 Thunderbolt 4 Mini Dock gefunden von Product-Guide.org\" \/>\n<meta name=\"robots\" content=\"index, follow, max-snippet:-1, max-image-preview:large, max-video-preview:-1\" \/>\n<link rel=\"canonical\" href=\"https:\/\/product-guide.org\/en\/produkt\/powerexpand-5-in-1-thunderbolt-4-mini-dock\/\" \/>\n<meta property=\"og:locale\" content=\"en_GB\" \/>\n<meta property=\"og:type\" content=\"article\" \/>\n<meta property=\"og:title\" content=\"PowerExpand 5-in-1 Thunderbolt 4 Mini Dock | Product-Guide.org\" \/>\n<meta property=\"og:description\" content=\"PowerExpand 5-in-1 Thunderbolt 4 Mini Dock gefunden von Product-Guide.org\" \/>\n<meta property=\"og:url\" content=\"https:\/\/product-guide.org\/en\/produkt\/powerexpand-5-in-1-thunderbolt-4-mini-dock\/\" \/>\n<meta property=\"og:site_name\" content=\"Product-Guide.org\" \/>\n<meta property=\"og:image\" content=\"https:\/\/product-guide.org\/wp-content\/uploads\/2023\/01\/unnamed-file-59.jpeg\" \/>\n\t<meta property=\"og:image:width\" content=\"200\" \/>\n\t<meta property=\"og:image:height\" content=\"200\" \/>\n\t<meta property=\"og:image:type\" content=\"image\/jpeg\" \/>\n<meta name=\"twitter:card\" content=\"summary_large_image\" \/>\n<script type=\"application\/ld+json\" class=\"yoast-schema-graph\">{\"@context\":\"https:\/\/schema.org\",\"@graph\":[{\"@type\":\"WebPage\",\"@id\":\"https:\/\/product-guide.org\/en\/produkt\/powerexpand-5-in-1-thunderbolt-4-mini-dock\/\",\"url\":\"https:\/\/product-guide.org\/en\/produkt\/powerexpand-5-in-1-thunderbolt-4-mini-dock\/\",\"name\":\"PowerExpand 5-in-1 Thunderbolt 4 Mini Dock | Product-Guide.org\",\"isPartOf\":{\"@id\":\"https:\/\/product-guide.org\/#website\"},\"primaryImageOfPage\":{\"@id\":\"https:\/\/product-guide.org\/en\/produkt\/powerexpand-5-in-1-thunderbolt-4-mini-dock\/#primaryimage\"},\"image\":{\"@id\":\"https:\/\/product-guide.org\/en\/produkt\/powerexpand-5-in-1-thunderbolt-4-mini-dock\/#primaryimage\"},\"thumbnailUrl\":\"\",\"datePublished\":\"2023-01-05T12:52:39+00:00\",\"description\":\"PowerExpand 5-in-1 Thunderbolt 4 Mini Dock gefunden von Product-Guide.org\",\"breadcrumb\":{\"@id\":\"https:\/\/product-guide.org\/en\/produkt\/powerexpand-5-in-1-thunderbolt-4-mini-dock\/#breadcrumb\"},\"inLanguage\":\"en-GB\",\"potentialAction\":[{\"@type\":\"ReadAction\",\"target\":[\"https:\/\/product-guide.org\/en\/produkt\/powerexpand-5-in-1-thunderbolt-4-mini-dock\/\"]}]},{\"@type\":\"ImageObject\",\"inLanguage\":\"en-GB\",\"@id\":\"https:\/\/product-guide.org\/en\/produkt\/powerexpand-5-in-1-thunderbolt-4-mini-dock\/#primaryimage\",\"url\":\"\",\"contentUrl\":\"\",\"width\":200,\"height\":200},{\"@type\":\"BreadcrumbList\",\"@id\":\"https:\/\/product-guide.org\/en\/produkt\/powerexpand-5-in-1-thunderbolt-4-mini-dock\/#breadcrumb\",\"itemListElement\":[{\"@type\":\"ListItem\",\"position\":1,\"name\":\"Home\",\"item\":\"https:\/\/product-guide.org\/\"},{\"@type\":\"ListItem\",\"position\":2,\"name\":\"Ergebnisse\",\"item\":\"https:\/\/product-guide.org\/de\/ergebnisse\/\"},{\"@type\":\"ListItem\",\"position\":3,\"name\":\"PowerExpand 5-in-1 Thunderbolt 4 Mini Dock\"}]},{\"@type\":\"WebSite\",\"@id\":\"https:\/\/product-guide.org\/#website\",\"url\":\"https:\/\/product-guide.org\/\",\"name\":\"Product-Guide.org\",\"description\":\"What Product are you looking for?\",\"publisher\":{\"@id\":\"https:\/\/product-guide.org\/#organization\"},\"potentialAction\":[{\"@type\":\"SearchAction\",\"target\":{\"@type\":\"EntryPoint\",\"urlTemplate\":\"https:\/\/product-guide.org\/?s={search_term_string}\"},\"query-input\":{\"@type\":\"PropertyValueSpecification\",\"valueRequired\":true,\"valueName\":\"search_term_string\"}}],\"inLanguage\":\"en-GB\"},{\"@type\":\"Organization\",\"@id\":\"https:\/\/product-guide.org\/#organization\",\"name\":\"Product-Guide.org\",\"url\":\"https:\/\/product-guide.org\/\",\"logo\":{\"@type\":\"ImageObject\",\"inLanguage\":\"en-GB\",\"@id\":\"https:\/\/product-guide.org\/#\/schema\/logo\/image\/\",\"url\":\"https:\/\/product-guide.org\/wp-content\/uploads\/2022\/07\/logo_transparent_background.png\",\"contentUrl\":\"https:\/\/product-guide.org\/wp-content\/uploads\/2022\/07\/logo_transparent_background.png\",\"width\":3400,\"height\":1132,\"caption\":\"Product-Guide.org\"},\"image\":{\"@id\":\"https:\/\/product-guide.org\/#\/schema\/logo\/image\/\"}}]}<\/script>\n<!-- \/ Yoast SEO plugin. -->","yoast_head_json":{"title":"PowerExpand 5-in-1 Thunderbolt 4 Mini Dock | Product-Guide.org","description":"PowerExpand 5-in-1 Thunderbolt 4 Mini Dock gefunden von Product-Guide.org","robots":{"index":"index","follow":"follow","max-snippet":"max-snippet:-1","max-image-preview":"max-image-preview:large","max-video-preview":"max-video-preview:-1"},"canonical":"https:\/\/product-guide.org\/en\/produkt\/powerexpand-5-in-1-thunderbolt-4-mini-dock\/","og_locale":"en_GB","og_type":"article","og_title":"PowerExpand 5-in-1 Thunderbolt 4 Mini Dock | Product-Guide.org","og_description":"PowerExpand 5-in-1 Thunderbolt 4 Mini Dock gefunden von Product-Guide.org","og_url":"https:\/\/product-guide.org\/en\/produkt\/powerexpand-5-in-1-thunderbolt-4-mini-dock\/","og_site_name":"Product-Guide.org","og_image":[{"width":200,"height":200,"url":"https:\/\/product-guide.org\/wp-content\/uploads\/2023\/01\/unnamed-file-59.jpeg","type":"image\/jpeg"}],"twitter_card":"summary_large_image","schema":{"@context":"https:\/\/schema.org","@graph":[{"@type":"WebPage","@id":"https:\/\/product-guide.org\/en\/produkt\/powerexpand-5-in-1-thunderbolt-4-mini-dock\/","url":"https:\/\/product-guide.org\/en\/produkt\/powerexpand-5-in-1-thunderbolt-4-mini-dock\/","name":"PowerExpand 5-in-1 Thunderbolt 4 Mini Dock | Product-Guide.org","isPartOf":{"@id":"https:\/\/product-guide.org\/#website"},"primaryImageOfPage":{"@id":"https:\/\/product-guide.org\/en\/produkt\/powerexpand-5-in-1-thunderbolt-4-mini-dock\/#primaryimage"},"image":{"@id":"https:\/\/product-guide.org\/en\/produkt\/powerexpand-5-in-1-thunderbolt-4-mini-dock\/#primaryimage"},"thumbnailUrl":"","datePublished":"2023-01-05T12:52:39+00:00","description":"PowerExpand 5-in-1 Thunderbolt 4 Mini Dock gefunden von Product-Guide.org","breadcrumb":{"@id":"https:\/\/product-guide.org\/en\/produkt\/powerexpand-5-in-1-thunderbolt-4-mini-dock\/#breadcrumb"},"inLanguage":"en-GB","potentialAction":[{"@type":"ReadAction","target":["https:\/\/product-guide.org\/en\/produkt\/powerexpand-5-in-1-thunderbolt-4-mini-dock\/"]}]},{"@type":"ImageObject","inLanguage":"en-GB","@id":"https:\/\/product-guide.org\/en\/produkt\/powerexpand-5-in-1-thunderbolt-4-mini-dock\/#primaryimage","url":"","contentUrl":"","width":200,"height":200},{"@type":"BreadcrumbList","@id":"https:\/\/product-guide.org\/en\/produkt\/powerexpand-5-in-1-thunderbolt-4-mini-dock\/#breadcrumb","itemListElement":[{"@type":"ListItem","position":1,"name":"Home","item":"https:\/\/product-guide.org\/"},{"@type":"ListItem","position":2,"name":"Ergebnisse","item":"https:\/\/product-guide.org\/de\/ergebnisse\/"},{"@type":"ListItem","position":3,"name":"PowerExpand 5-in-1 Thunderbolt 4 Mini Dock"}]},{"@type":"WebSite","@id":"https:\/\/product-guide.org\/#website","url":"https:\/\/product-guide.org\/","name":"Product-Guide.org","description":"What Product are you looking for?","publisher":{"@id":"https:\/\/product-guide.org\/#organization"},"potentialAction":[{"@type":"SearchAction","target":{"@type":"EntryPoint","urlTemplate":"https:\/\/product-guide.org\/?s={search_term_string}"},"query-input":{"@type":"PropertyValueSpecification","valueRequired":true,"valueName":"search_term_string"}}],"inLanguage":"en-GB"},{"@type":"Organization","@id":"https:\/\/product-guide.org\/#organization","name":"Product-Guide.org","url":"https:\/\/product-guide.org\/","logo":{"@type":"ImageObject","inLanguage":"en-GB","@id":"https:\/\/product-guide.org\/#\/schema\/logo\/image\/","url":"https:\/\/product-guide.org\/wp-content\/uploads\/2022\/07\/logo_transparent_background.png","contentUrl":"https:\/\/product-guide.org\/wp-content\/uploads\/2022\/07\/logo_transparent_background.png","width":3400,"height":1132,"caption":"Product-Guide.org"},"image":{"@id":"https:\/\/product-guide.org\/#\/schema\/logo\/image\/"}}]}},"_links":{"self":[{"href":"https:\/\/product-guide.org\/en\/wp-json\/wp\/v2\/product\/23016","targetHints":{"allow":["GET"]}}],"collection":[{"href":"https:\/\/product-guide.org\/en\/wp-json\/wp\/v2\/product"}],"about":[{"href":"https:\/\/product-guide.org\/en\/wp-json\/wp\/v2\/types\/product"}],"wp:featuredmedia":[{"embeddable":true,"href":"https:\/\/product-guide.org\/en\/wp-json\/"}],"wp:attachment":[{"href":"https:\/\/product-guide.org\/en\/wp-json\/wp\/v2\/media?parent=23016"}],"wp:term":[{"taxonomy":"store","embeddable":true,"href":"https:\/\/product-guide.org\/en\/wp-json\/wp\/v2\/store?post=23016"},{"taxonomy":"product_brand","embeddable":true,"href":"https:\/\/product-guide.org\/en\/wp-json\/wp\/v2\/product_brand?post=23016"},{"taxonomy":"product_cat","embeddable":true,"href":"https:\/\/product-guide.org\/en\/wp-json\/wp\/v2\/product_cat?post=23016"},{"taxonomy":"product_tag","embeddable":true,"href":"https:\/\/product-guide.org\/en\/wp-json\/wp\/v2\/product_tag?post=23016"}],"curies":[{"name":"wp","href":"https:\/\/api.w.org\/{rel}","templated":true}]}}