{"id":23018,"date":"2023-01-05T13:52:42","date_gmt":"2023-01-05T12:52:42","guid":{"rendered":"https:\/\/product-guide.org\/produkt\/anker-575-usb-c-docking-station-13-in-1\/"},"modified":"2023-01-05T13:52:42","modified_gmt":"2023-01-05T12:52:42","slug":"anker-575-usb-c-docking-station-13-in-1","status":"publish","type":"product","link":"https:\/\/product-guide.org\/en\/produkt\/anker-575-usb-c-docking-station-13-in-1\/","title":{"rendered":"Anker 575 USB-C Docking Station (13-in-1)"},"content":{"rendered":"<p>ENORME KOMPATIBILIT\u00c4T: Funktioniert mit Windows 8, 10, 11 und macOS 10.12 und neuer. Ben\u00f6tigt einen USB-C-Port, der DisplayPort Alt Mode und Power Delivery unterst\u00fctzt.\u00a0   ERWEITERTE KONNEKTIVIT\u00c4T: Ausgestattet mit einem 85W USB-C Ports f\u00fcr Laptops, einem 18W Power Delivery USB-C Port, 4 USB-A Ports, 2 HDMI-Ports, einem DisplayPort, einem Ethernet-Port, SD\/microSD Speicherkartensteckpl\u00e4tzen, einem 3.5mm AUX-Port sowie einem DC-Eingang.\u00a0   GLEICHZEITIGES AUFLADEN: G\u00f6nn dir zeitgleiches Laden von zwei Ger\u00e4ten mit dem leistungsstarken 85W USB-C Port f\u00fcr Laptops sowie dem 18W Power Delivery USB-C Port f\u00fcr dein Smartphone.\u00a0   MULTI MONITOR: Genie\u00dfe kristallklares dreifaches Streaming in 1080p@60Hz per DisplayPort und dualen HDMI-Ports.\u00a0   WAS DU BEKOMMST: Eine  575 USB-C Docking Station (13-in-1) \/ PowerExpand 13-in-1 USB-C Dock, ein 135W Netzteil, ein 1m langes USB-C auf USB-C Kabel, eine Bedienungsanleitung.<\/p>\n","protected":false},"excerpt":{"rendered":"<p>ENORME KOMPATIBILIT\u00c4T: Funktioniert mit Windows 8, 10, 11 und macOS 10.12 und neuer. Ben\u00f6tigt einen USB-C-Port, der DisplayPort Alt Mode und Power Delivery unterst\u00fctzt.\u00a0 ERWEITERTE KONNEKTIVIT\u00c4T: Ausgestattet mit einem 85W USB-C Ports f\u00fcr Laptops, einem 18W Power Delivery USB-C Port, 4 USB-A Ports, 2 HDMI-Ports, einem DisplayPort, einem Ethernet-Port, SD\/microSD Speicherkartensteckpl\u00e4tzen, einem 3.5mm AUX-Port sowie [&hellip;]<\/p>\n","protected":false},"featured_media":23019,"template":"","meta":{"_gspb_post_css":""},"store":[727],"product_brand":[],"product_cat":[728],"product_tag":[],"class_list":{"0":"post-23018","1":"product","2":"type-product","3":"status-publish","4":"has-post-thumbnail","6":"store-anker","7":"product_cat-cables-parts-power-supplies","8":"pa_merchant-anker-de","10":"first","11":"instock","12":"product-type-external"},"yoast_head":"<!-- This site is optimized with the Yoast SEO plugin v24.6 - https:\/\/yoast.com\/wordpress\/plugins\/seo\/ -->\n<title>Anker 575 USB-C Docking Station (13-in-1) | Product-Guide.org<\/title>\n<meta name=\"description\" content=\"Anker 575 USB-C Docking Station (13-in-1) gefunden von Product-Guide.org\" \/>\n<meta name=\"robots\" content=\"index, follow, max-snippet:-1, max-image-preview:large, max-video-preview:-1\" \/>\n<link rel=\"canonical\" href=\"https:\/\/product-guide.org\/en\/produkt\/anker-575-usb-c-docking-station-13-in-1\/\" \/>\n<meta property=\"og:locale\" content=\"en_GB\" \/>\n<meta property=\"og:type\" content=\"article\" \/>\n<meta property=\"og:title\" content=\"Anker 575 USB-C Docking Station (13-in-1) | Product-Guide.org\" \/>\n<meta property=\"og:description\" content=\"Anker 575 USB-C Docking Station (13-in-1) gefunden von Product-Guide.org\" \/>\n<meta property=\"og:url\" content=\"https:\/\/product-guide.org\/en\/produkt\/anker-575-usb-c-docking-station-13-in-1\/\" \/>\n<meta property=\"og:site_name\" content=\"Product-Guide.org\" \/>\n<meta property=\"og:image\" content=\"https:\/\/product-guide.org\/wp-content\/uploads\/2023\/01\/unnamed-file-60.jpeg\" \/>\n\t<meta property=\"og:image:width\" content=\"200\" \/>\n\t<meta property=\"og:image:height\" content=\"200\" \/>\n\t<meta property=\"og:image:type\" content=\"image\/jpeg\" \/>\n<meta name=\"twitter:card\" content=\"summary_large_image\" \/>\n<script type=\"application\/ld+json\" class=\"yoast-schema-graph\">{\"@context\":\"https:\/\/schema.org\",\"@graph\":[{\"@type\":\"WebPage\",\"@id\":\"https:\/\/product-guide.org\/en\/produkt\/anker-575-usb-c-docking-station-13-in-1\/\",\"url\":\"https:\/\/product-guide.org\/en\/produkt\/anker-575-usb-c-docking-station-13-in-1\/\",\"name\":\"Anker 575 USB-C Docking Station (13-in-1) | Product-Guide.org\",\"isPartOf\":{\"@id\":\"https:\/\/product-guide.org\/#website\"},\"primaryImageOfPage\":{\"@id\":\"https:\/\/product-guide.org\/en\/produkt\/anker-575-usb-c-docking-station-13-in-1\/#primaryimage\"},\"image\":{\"@id\":\"https:\/\/product-guide.org\/en\/produkt\/anker-575-usb-c-docking-station-13-in-1\/#primaryimage\"},\"thumbnailUrl\":\"\",\"datePublished\":\"2023-01-05T12:52:42+00:00\",\"description\":\"Anker 575 USB-C Docking Station (13-in-1) gefunden von Product-Guide.org\",\"breadcrumb\":{\"@id\":\"https:\/\/product-guide.org\/en\/produkt\/anker-575-usb-c-docking-station-13-in-1\/#breadcrumb\"},\"inLanguage\":\"en-GB\",\"potentialAction\":[{\"@type\":\"ReadAction\",\"target\":[\"https:\/\/product-guide.org\/en\/produkt\/anker-575-usb-c-docking-station-13-in-1\/\"]}]},{\"@type\":\"ImageObject\",\"inLanguage\":\"en-GB\",\"@id\":\"https:\/\/product-guide.org\/en\/produkt\/anker-575-usb-c-docking-station-13-in-1\/#primaryimage\",\"url\":\"\",\"contentUrl\":\"\",\"width\":200,\"height\":200},{\"@type\":\"BreadcrumbList\",\"@id\":\"https:\/\/product-guide.org\/en\/produkt\/anker-575-usb-c-docking-station-13-in-1\/#breadcrumb\",\"itemListElement\":[{\"@type\":\"ListItem\",\"position\":1,\"name\":\"Home\",\"item\":\"https:\/\/product-guide.org\/\"},{\"@type\":\"ListItem\",\"position\":2,\"name\":\"Ergebnisse\",\"item\":\"https:\/\/product-guide.org\/de\/ergebnisse\/\"},{\"@type\":\"ListItem\",\"position\":3,\"name\":\"Anker 575 USB-C Docking Station (13-in-1)\"}]},{\"@type\":\"WebSite\",\"@id\":\"https:\/\/product-guide.org\/#website\",\"url\":\"https:\/\/product-guide.org\/\",\"name\":\"Product-Guide.org\",\"description\":\"What Product are you looking for?\",\"publisher\":{\"@id\":\"https:\/\/product-guide.org\/#organization\"},\"potentialAction\":[{\"@type\":\"SearchAction\",\"target\":{\"@type\":\"EntryPoint\",\"urlTemplate\":\"https:\/\/product-guide.org\/?s={search_term_string}\"},\"query-input\":{\"@type\":\"PropertyValueSpecification\",\"valueRequired\":true,\"valueName\":\"search_term_string\"}}],\"inLanguage\":\"en-GB\"},{\"@type\":\"Organization\",\"@id\":\"https:\/\/product-guide.org\/#organization\",\"name\":\"Product-Guide.org\",\"url\":\"https:\/\/product-guide.org\/\",\"logo\":{\"@type\":\"ImageObject\",\"inLanguage\":\"en-GB\",\"@id\":\"https:\/\/product-guide.org\/#\/schema\/logo\/image\/\",\"url\":\"https:\/\/product-guide.org\/wp-content\/uploads\/2022\/07\/logo_transparent_background.png\",\"contentUrl\":\"https:\/\/product-guide.org\/wp-content\/uploads\/2022\/07\/logo_transparent_background.png\",\"width\":3400,\"height\":1132,\"caption\":\"Product-Guide.org\"},\"image\":{\"@id\":\"https:\/\/product-guide.org\/#\/schema\/logo\/image\/\"}}]}<\/script>\n<!-- \/ Yoast SEO plugin. -->","yoast_head_json":{"title":"Anker 575 USB-C Docking Station (13-in-1) | Product-Guide.org","description":"Anker 575 USB-C Docking Station (13-in-1) gefunden von Product-Guide.org","robots":{"index":"index","follow":"follow","max-snippet":"max-snippet:-1","max-image-preview":"max-image-preview:large","max-video-preview":"max-video-preview:-1"},"canonical":"https:\/\/product-guide.org\/en\/produkt\/anker-575-usb-c-docking-station-13-in-1\/","og_locale":"en_GB","og_type":"article","og_title":"Anker 575 USB-C Docking Station (13-in-1) | Product-Guide.org","og_description":"Anker 575 USB-C Docking Station (13-in-1) gefunden von Product-Guide.org","og_url":"https:\/\/product-guide.org\/en\/produkt\/anker-575-usb-c-docking-station-13-in-1\/","og_site_name":"Product-Guide.org","og_image":[{"width":200,"height":200,"url":"https:\/\/product-guide.org\/wp-content\/uploads\/2023\/01\/unnamed-file-60.jpeg","type":"image\/jpeg"}],"twitter_card":"summary_large_image","schema":{"@context":"https:\/\/schema.org","@graph":[{"@type":"WebPage","@id":"https:\/\/product-guide.org\/en\/produkt\/anker-575-usb-c-docking-station-13-in-1\/","url":"https:\/\/product-guide.org\/en\/produkt\/anker-575-usb-c-docking-station-13-in-1\/","name":"Anker 575 USB-C Docking Station (13-in-1) | Product-Guide.org","isPartOf":{"@id":"https:\/\/product-guide.org\/#website"},"primaryImageOfPage":{"@id":"https:\/\/product-guide.org\/en\/produkt\/anker-575-usb-c-docking-station-13-in-1\/#primaryimage"},"image":{"@id":"https:\/\/product-guide.org\/en\/produkt\/anker-575-usb-c-docking-station-13-in-1\/#primaryimage"},"thumbnailUrl":"","datePublished":"2023-01-05T12:52:42+00:00","description":"Anker 575 USB-C Docking Station (13-in-1) gefunden von Product-Guide.org","breadcrumb":{"@id":"https:\/\/product-guide.org\/en\/produkt\/anker-575-usb-c-docking-station-13-in-1\/#breadcrumb"},"inLanguage":"en-GB","potentialAction":[{"@type":"ReadAction","target":["https:\/\/product-guide.org\/en\/produkt\/anker-575-usb-c-docking-station-13-in-1\/"]}]},{"@type":"ImageObject","inLanguage":"en-GB","@id":"https:\/\/product-guide.org\/en\/produkt\/anker-575-usb-c-docking-station-13-in-1\/#primaryimage","url":"","contentUrl":"","width":200,"height":200},{"@type":"BreadcrumbList","@id":"https:\/\/product-guide.org\/en\/produkt\/anker-575-usb-c-docking-station-13-in-1\/#breadcrumb","itemListElement":[{"@type":"ListItem","position":1,"name":"Home","item":"https:\/\/product-guide.org\/"},{"@type":"ListItem","position":2,"name":"Ergebnisse","item":"https:\/\/product-guide.org\/de\/ergebnisse\/"},{"@type":"ListItem","position":3,"name":"Anker 575 USB-C Docking Station (13-in-1)"}]},{"@type":"WebSite","@id":"https:\/\/product-guide.org\/#website","url":"https:\/\/product-guide.org\/","name":"Product-Guide.org","description":"What Product are you looking for?","publisher":{"@id":"https:\/\/product-guide.org\/#organization"},"potentialAction":[{"@type":"SearchAction","target":{"@type":"EntryPoint","urlTemplate":"https:\/\/product-guide.org\/?s={search_term_string}"},"query-input":{"@type":"PropertyValueSpecification","valueRequired":true,"valueName":"search_term_string"}}],"inLanguage":"en-GB"},{"@type":"Organization","@id":"https:\/\/product-guide.org\/#organization","name":"Product-Guide.org","url":"https:\/\/product-guide.org\/","logo":{"@type":"ImageObject","inLanguage":"en-GB","@id":"https:\/\/product-guide.org\/#\/schema\/logo\/image\/","url":"https:\/\/product-guide.org\/wp-content\/uploads\/2022\/07\/logo_transparent_background.png","contentUrl":"https:\/\/product-guide.org\/wp-content\/uploads\/2022\/07\/logo_transparent_background.png","width":3400,"height":1132,"caption":"Product-Guide.org"},"image":{"@id":"https:\/\/product-guide.org\/#\/schema\/logo\/image\/"}}]}},"_links":{"self":[{"href":"https:\/\/product-guide.org\/en\/wp-json\/wp\/v2\/product\/23018","targetHints":{"allow":["GET"]}}],"collection":[{"href":"https:\/\/product-guide.org\/en\/wp-json\/wp\/v2\/product"}],"about":[{"href":"https:\/\/product-guide.org\/en\/wp-json\/wp\/v2\/types\/product"}],"wp:featuredmedia":[{"embeddable":true,"href":"https:\/\/product-guide.org\/en\/wp-json\/"}],"wp:attachment":[{"href":"https:\/\/product-guide.org\/en\/wp-json\/wp\/v2\/media?parent=23018"}],"wp:term":[{"taxonomy":"store","embeddable":true,"href":"https:\/\/product-guide.org\/en\/wp-json\/wp\/v2\/store?post=23018"},{"taxonomy":"product_brand","embeddable":true,"href":"https:\/\/product-guide.org\/en\/wp-json\/wp\/v2\/product_brand?post=23018"},{"taxonomy":"product_cat","embeddable":true,"href":"https:\/\/product-guide.org\/en\/wp-json\/wp\/v2\/product_cat?post=23018"},{"taxonomy":"product_tag","embeddable":true,"href":"https:\/\/product-guide.org\/en\/wp-json\/wp\/v2\/product_tag?post=23018"}],"curies":[{"name":"wp","href":"https:\/\/api.w.org\/{rel}","templated":true}]}}