{"id":23022,"date":"2023-01-05T13:52:48","date_gmt":"2023-01-05T12:52:48","guid":{"rendered":"https:\/\/product-guide.org\/produkt\/anker-577-thunderbolt-docking-station-13-in-1-thunderbolt-3\/"},"modified":"2023-01-05T13:52:48","modified_gmt":"2023-01-05T12:52:48","slug":"anker-577-thunderbolt-docking-station-13-in-1-thunderbolt-3","status":"publish","type":"product","link":"https:\/\/product-guide.org\/en\/produkt\/anker-577-thunderbolt-docking-station-13-in-1-thunderbolt-3\/","title":{"rendered":"Anker 577 Thunderbolt Docking Station (13-in-1, Thunderbolt 3)"},"content":{"rendered":"<p>KOMPATIBILIT\u00c4T: Funktioniert mit Windows-Laptops oder Nicht-M1-MacBooks, die mit einem Thunderbolt 3- oder 4-Port ausgestattet sind. Nicht kompatibel mit M1-MacBooks oder Linux- oder Chrome OS-Laptops.   ERWEITERTE KONNEKTIVIT\u00c4T: Ausgestattet mit dualen Thunderbolt 3 Ports, zwei USB-C Ports, vier USB-A Ports, einem HDMI-Port, einem Ethernet-Port, SD\/microSD Speicherkartensteckplatz sowie einem 3.5mm AUX-Port.\u00a0   ENORME POWER: Dank den 85W und 15W Thunderbolt 3 Ladeports in Kombination mit einem 18W USB-C Power Delivery Ladeport genie\u00dft du ab jetzt die st\u00e4rksten Ladegeschwindigkeiten f\u00fcr Laptops und Smartphones!\u00a0   DUALE DISPLAY-OPTIONEN: Der Thunderbolt 3-Port unterst\u00fctzt 5K@60Hz, w\u00e4hrend der HDMI-Port eine Aufl\u00f6sung von 4K@60Hz unterst\u00fctzt. Oder verbinde dich mit beiden gleichzeitig, um kristallklares Streaming \u00fcber 2 Displays in 4K bei 60Hz zu genie\u00dfen!\u00a0   WAS DU BEKOMMST: Eine Anker 577 Thunderbolt Docking Station (13-in-1, Thunderbolt 3), ein 180W Netzteil, ein Thunderbolt 3 Kabel (70cm lang), eine Bedienungsanleitung.\u00a0<\/p>\n","protected":false},"excerpt":{"rendered":"<p>KOMPATIBILIT\u00c4T: Funktioniert mit Windows-Laptops oder Nicht-M1-MacBooks, die mit einem Thunderbolt 3- oder 4-Port ausgestattet sind. Nicht kompatibel mit M1-MacBooks oder Linux- oder Chrome OS-Laptops. ERWEITERTE KONNEKTIVIT\u00c4T: Ausgestattet mit dualen Thunderbolt 3 Ports, zwei USB-C Ports, vier USB-A Ports, einem HDMI-Port, einem Ethernet-Port, SD\/microSD Speicherkartensteckplatz sowie einem 3.5mm AUX-Port.\u00a0 ENORME POWER: Dank den 85W und 15W [&hellip;]<\/p>\n","protected":false},"featured_media":23023,"template":"","meta":{"_gspb_post_css":""},"store":[727],"product_brand":[],"product_cat":[728],"product_tag":[],"class_list":{"0":"post-23022","1":"product","2":"type-product","3":"status-publish","4":"has-post-thumbnail","6":"store-anker","7":"product_cat-cables-parts-power-supplies","8":"pa_merchant-anker-de","10":"first","11":"instock","12":"product-type-external"},"yoast_head":"<!-- This site is optimized with the Yoast SEO plugin v24.6 - https:\/\/yoast.com\/wordpress\/plugins\/seo\/ -->\n<title>Anker 577 Thunderbolt Docking Station (13-in-1, Thunderbolt 3) | Product-Guide.org<\/title>\n<meta name=\"description\" content=\"Anker 577 Thunderbolt Docking Station (13-in-1, Thunderbolt 3) gefunden von Product-Guide.org\" \/>\n<meta name=\"robots\" content=\"index, follow, max-snippet:-1, max-image-preview:large, max-video-preview:-1\" \/>\n<link rel=\"canonical\" href=\"https:\/\/product-guide.org\/en\/produkt\/anker-577-thunderbolt-docking-station-13-in-1-thunderbolt-3\/\" \/>\n<meta property=\"og:locale\" content=\"en_GB\" \/>\n<meta property=\"og:type\" content=\"article\" \/>\n<meta property=\"og:title\" content=\"Anker 577 Thunderbolt Docking Station (13-in-1, Thunderbolt 3) | Product-Guide.org\" \/>\n<meta property=\"og:description\" content=\"Anker 577 Thunderbolt Docking Station (13-in-1, Thunderbolt 3) gefunden von Product-Guide.org\" \/>\n<meta property=\"og:url\" content=\"https:\/\/product-guide.org\/en\/produkt\/anker-577-thunderbolt-docking-station-13-in-1-thunderbolt-3\/\" \/>\n<meta property=\"og:site_name\" content=\"Product-Guide.org\" \/>\n<meta property=\"og:image\" content=\"https:\/\/product-guide.org\/wp-content\/uploads\/2023\/01\/unnamed-file-62.jpeg\" \/>\n\t<meta property=\"og:image:width\" content=\"200\" \/>\n\t<meta property=\"og:image:height\" content=\"200\" \/>\n\t<meta property=\"og:image:type\" content=\"image\/jpeg\" \/>\n<meta name=\"twitter:card\" content=\"summary_large_image\" \/>\n<script type=\"application\/ld+json\" class=\"yoast-schema-graph\">{\"@context\":\"https:\/\/schema.org\",\"@graph\":[{\"@type\":\"WebPage\",\"@id\":\"https:\/\/product-guide.org\/en\/produkt\/anker-577-thunderbolt-docking-station-13-in-1-thunderbolt-3\/\",\"url\":\"https:\/\/product-guide.org\/en\/produkt\/anker-577-thunderbolt-docking-station-13-in-1-thunderbolt-3\/\",\"name\":\"Anker 577 Thunderbolt Docking Station (13-in-1, Thunderbolt 3) | Product-Guide.org\",\"isPartOf\":{\"@id\":\"https:\/\/product-guide.org\/#website\"},\"primaryImageOfPage\":{\"@id\":\"https:\/\/product-guide.org\/en\/produkt\/anker-577-thunderbolt-docking-station-13-in-1-thunderbolt-3\/#primaryimage\"},\"image\":{\"@id\":\"https:\/\/product-guide.org\/en\/produkt\/anker-577-thunderbolt-docking-station-13-in-1-thunderbolt-3\/#primaryimage\"},\"thumbnailUrl\":\"\",\"datePublished\":\"2023-01-05T12:52:48+00:00\",\"description\":\"Anker 577 Thunderbolt Docking Station (13-in-1, Thunderbolt 3) gefunden von Product-Guide.org\",\"breadcrumb\":{\"@id\":\"https:\/\/product-guide.org\/en\/produkt\/anker-577-thunderbolt-docking-station-13-in-1-thunderbolt-3\/#breadcrumb\"},\"inLanguage\":\"en-GB\",\"potentialAction\":[{\"@type\":\"ReadAction\",\"target\":[\"https:\/\/product-guide.org\/en\/produkt\/anker-577-thunderbolt-docking-station-13-in-1-thunderbolt-3\/\"]}]},{\"@type\":\"ImageObject\",\"inLanguage\":\"en-GB\",\"@id\":\"https:\/\/product-guide.org\/en\/produkt\/anker-577-thunderbolt-docking-station-13-in-1-thunderbolt-3\/#primaryimage\",\"url\":\"\",\"contentUrl\":\"\",\"width\":200,\"height\":200},{\"@type\":\"BreadcrumbList\",\"@id\":\"https:\/\/product-guide.org\/en\/produkt\/anker-577-thunderbolt-docking-station-13-in-1-thunderbolt-3\/#breadcrumb\",\"itemListElement\":[{\"@type\":\"ListItem\",\"position\":1,\"name\":\"Home\",\"item\":\"https:\/\/product-guide.org\/\"},{\"@type\":\"ListItem\",\"position\":2,\"name\":\"Ergebnisse\",\"item\":\"https:\/\/product-guide.org\/de\/ergebnisse\/\"},{\"@type\":\"ListItem\",\"position\":3,\"name\":\"Anker 577 Thunderbolt Docking Station (13-in-1, Thunderbolt 3)\"}]},{\"@type\":\"WebSite\",\"@id\":\"https:\/\/product-guide.org\/#website\",\"url\":\"https:\/\/product-guide.org\/\",\"name\":\"Product-Guide.org\",\"description\":\"What Product are you looking for?\",\"publisher\":{\"@id\":\"https:\/\/product-guide.org\/#organization\"},\"potentialAction\":[{\"@type\":\"SearchAction\",\"target\":{\"@type\":\"EntryPoint\",\"urlTemplate\":\"https:\/\/product-guide.org\/?s={search_term_string}\"},\"query-input\":{\"@type\":\"PropertyValueSpecification\",\"valueRequired\":true,\"valueName\":\"search_term_string\"}}],\"inLanguage\":\"en-GB\"},{\"@type\":\"Organization\",\"@id\":\"https:\/\/product-guide.org\/#organization\",\"name\":\"Product-Guide.org\",\"url\":\"https:\/\/product-guide.org\/\",\"logo\":{\"@type\":\"ImageObject\",\"inLanguage\":\"en-GB\",\"@id\":\"https:\/\/product-guide.org\/#\/schema\/logo\/image\/\",\"url\":\"https:\/\/product-guide.org\/wp-content\/uploads\/2022\/07\/logo_transparent_background.png\",\"contentUrl\":\"https:\/\/product-guide.org\/wp-content\/uploads\/2022\/07\/logo_transparent_background.png\",\"width\":3400,\"height\":1132,\"caption\":\"Product-Guide.org\"},\"image\":{\"@id\":\"https:\/\/product-guide.org\/#\/schema\/logo\/image\/\"}}]}<\/script>\n<!-- \/ Yoast SEO plugin. -->","yoast_head_json":{"title":"Anker 577 Thunderbolt Docking Station (13-in-1, Thunderbolt 3) | Product-Guide.org","description":"Anker 577 Thunderbolt Docking Station (13-in-1, Thunderbolt 3) gefunden von Product-Guide.org","robots":{"index":"index","follow":"follow","max-snippet":"max-snippet:-1","max-image-preview":"max-image-preview:large","max-video-preview":"max-video-preview:-1"},"canonical":"https:\/\/product-guide.org\/en\/produkt\/anker-577-thunderbolt-docking-station-13-in-1-thunderbolt-3\/","og_locale":"en_GB","og_type":"article","og_title":"Anker 577 Thunderbolt Docking Station (13-in-1, Thunderbolt 3) | Product-Guide.org","og_description":"Anker 577 Thunderbolt Docking Station (13-in-1, Thunderbolt 3) gefunden von Product-Guide.org","og_url":"https:\/\/product-guide.org\/en\/produkt\/anker-577-thunderbolt-docking-station-13-in-1-thunderbolt-3\/","og_site_name":"Product-Guide.org","og_image":[{"width":200,"height":200,"url":"https:\/\/product-guide.org\/wp-content\/uploads\/2023\/01\/unnamed-file-62.jpeg","type":"image\/jpeg"}],"twitter_card":"summary_large_image","schema":{"@context":"https:\/\/schema.org","@graph":[{"@type":"WebPage","@id":"https:\/\/product-guide.org\/en\/produkt\/anker-577-thunderbolt-docking-station-13-in-1-thunderbolt-3\/","url":"https:\/\/product-guide.org\/en\/produkt\/anker-577-thunderbolt-docking-station-13-in-1-thunderbolt-3\/","name":"Anker 577 Thunderbolt Docking Station (13-in-1, Thunderbolt 3) | Product-Guide.org","isPartOf":{"@id":"https:\/\/product-guide.org\/#website"},"primaryImageOfPage":{"@id":"https:\/\/product-guide.org\/en\/produkt\/anker-577-thunderbolt-docking-station-13-in-1-thunderbolt-3\/#primaryimage"},"image":{"@id":"https:\/\/product-guide.org\/en\/produkt\/anker-577-thunderbolt-docking-station-13-in-1-thunderbolt-3\/#primaryimage"},"thumbnailUrl":"","datePublished":"2023-01-05T12:52:48+00:00","description":"Anker 577 Thunderbolt Docking Station (13-in-1, Thunderbolt 3) gefunden von Product-Guide.org","breadcrumb":{"@id":"https:\/\/product-guide.org\/en\/produkt\/anker-577-thunderbolt-docking-station-13-in-1-thunderbolt-3\/#breadcrumb"},"inLanguage":"en-GB","potentialAction":[{"@type":"ReadAction","target":["https:\/\/product-guide.org\/en\/produkt\/anker-577-thunderbolt-docking-station-13-in-1-thunderbolt-3\/"]}]},{"@type":"ImageObject","inLanguage":"en-GB","@id":"https:\/\/product-guide.org\/en\/produkt\/anker-577-thunderbolt-docking-station-13-in-1-thunderbolt-3\/#primaryimage","url":"","contentUrl":"","width":200,"height":200},{"@type":"BreadcrumbList","@id":"https:\/\/product-guide.org\/en\/produkt\/anker-577-thunderbolt-docking-station-13-in-1-thunderbolt-3\/#breadcrumb","itemListElement":[{"@type":"ListItem","position":1,"name":"Home","item":"https:\/\/product-guide.org\/"},{"@type":"ListItem","position":2,"name":"Ergebnisse","item":"https:\/\/product-guide.org\/de\/ergebnisse\/"},{"@type":"ListItem","position":3,"name":"Anker 577 Thunderbolt Docking Station (13-in-1, Thunderbolt 3)"}]},{"@type":"WebSite","@id":"https:\/\/product-guide.org\/#website","url":"https:\/\/product-guide.org\/","name":"Product-Guide.org","description":"What Product are you looking for?","publisher":{"@id":"https:\/\/product-guide.org\/#organization"},"potentialAction":[{"@type":"SearchAction","target":{"@type":"EntryPoint","urlTemplate":"https:\/\/product-guide.org\/?s={search_term_string}"},"query-input":{"@type":"PropertyValueSpecification","valueRequired":true,"valueName":"search_term_string"}}],"inLanguage":"en-GB"},{"@type":"Organization","@id":"https:\/\/product-guide.org\/#organization","name":"Product-Guide.org","url":"https:\/\/product-guide.org\/","logo":{"@type":"ImageObject","inLanguage":"en-GB","@id":"https:\/\/product-guide.org\/#\/schema\/logo\/image\/","url":"https:\/\/product-guide.org\/wp-content\/uploads\/2022\/07\/logo_transparent_background.png","contentUrl":"https:\/\/product-guide.org\/wp-content\/uploads\/2022\/07\/logo_transparent_background.png","width":3400,"height":1132,"caption":"Product-Guide.org"},"image":{"@id":"https:\/\/product-guide.org\/#\/schema\/logo\/image\/"}}]}},"_links":{"self":[{"href":"https:\/\/product-guide.org\/en\/wp-json\/wp\/v2\/product\/23022","targetHints":{"allow":["GET"]}}],"collection":[{"href":"https:\/\/product-guide.org\/en\/wp-json\/wp\/v2\/product"}],"about":[{"href":"https:\/\/product-guide.org\/en\/wp-json\/wp\/v2\/types\/product"}],"wp:featuredmedia":[{"embeddable":true,"href":"https:\/\/product-guide.org\/en\/wp-json\/"}],"wp:attachment":[{"href":"https:\/\/product-guide.org\/en\/wp-json\/wp\/v2\/media?parent=23022"}],"wp:term":[{"taxonomy":"store","embeddable":true,"href":"https:\/\/product-guide.org\/en\/wp-json\/wp\/v2\/store?post=23022"},{"taxonomy":"product_brand","embeddable":true,"href":"https:\/\/product-guide.org\/en\/wp-json\/wp\/v2\/product_brand?post=23022"},{"taxonomy":"product_cat","embeddable":true,"href":"https:\/\/product-guide.org\/en\/wp-json\/wp\/v2\/product_cat?post=23022"},{"taxonomy":"product_tag","embeddable":true,"href":"https:\/\/product-guide.org\/en\/wp-json\/wp\/v2\/product_tag?post=23022"}],"curies":[{"name":"wp","href":"https:\/\/api.w.org\/{rel}","templated":true}]}}