{"id":23076,"date":"2023-01-05T13:54:19","date_gmt":"2023-01-05T12:54:19","guid":{"rendered":"https:\/\/product-guide.org\/produkt\/anker-521-charger-nano-pro-2\/"},"modified":"2023-01-05T13:54:19","modified_gmt":"2023-01-05T12:54:19","slug":"anker-521-charger-nano-pro-2","status":"publish","type":"product","link":"https:\/\/product-guide.org\/en\/produkt\/anker-521-charger-nano-pro-2\/","title":{"rendered":"Anker\u00a0521\u00a0Charger (Nano Pro)"},"content":{"rendered":"<p>40W LADEPOWER: Einfach dein MacBook Air an einen der beiden Anschl\u00fcsse verbinden und mit H\u00f6chstgeschwindigkeit aufladen.  DOPPELTE LEISTUNG: Lade dein iPhone 13 und dein iPad gleichzeitig mit H\u00f6chstgeschwindigkeit.  FORTSCHRITTLICHER LADESCHUTZ: Ausgestattet mit unserem neuen Sicherheitssystem ActiveShield, das mit einem integrierten Temperatursensor sowie einem smarten Power-Turner-Chipset absoluten Ladeschutz garantiert.  LADEN MIT STIL: Anker Nano Pro ist in 2 stylischen Farben erh\u00e4ltlich.  WAS DU BEKOMMST: Ein Anker 521 Ladeger\u00e4t (Anker Nano Pro), eine Bedienungsanleitung. (Hinweis: Das Netzteil hat keinen ausklappbaren Stecker.)<\/p>\n","protected":false},"excerpt":{"rendered":"<p>40W LADEPOWER: Einfach dein MacBook Air an einen der beiden Anschl\u00fcsse verbinden und mit H\u00f6chstgeschwindigkeit aufladen. DOPPELTE LEISTUNG: Lade dein iPhone 13 und dein iPad gleichzeitig mit H\u00f6chstgeschwindigkeit. FORTSCHRITTLICHER LADESCHUTZ: Ausgestattet mit unserem neuen Sicherheitssystem ActiveShield, das mit einem integrierten Temperatursensor sowie einem smarten Power-Turner-Chipset absoluten Ladeschutz garantiert. LADEN MIT STIL: Anker Nano Pro ist [&hellip;]<\/p>\n","protected":false},"featured_media":23077,"template":"","meta":{"_gspb_post_css":""},"store":[727],"product_brand":[],"product_cat":[728],"product_tag":[],"class_list":{"0":"post-23076","1":"product","2":"type-product","3":"status-publish","4":"has-post-thumbnail","6":"store-anker","7":"product_cat-cables-parts-power-supplies","8":"pa_merchant-anker-de","10":"first","11":"instock","12":"product-type-external"},"yoast_head":"<!-- This site is optimized with the Yoast SEO plugin v24.6 - https:\/\/yoast.com\/wordpress\/plugins\/seo\/ -->\n<title>Anker\u00a0521\u00a0Charger (Nano Pro) | Product-Guide.org<\/title>\n<meta name=\"description\" content=\"Anker\u00a0521\u00a0Charger (Nano Pro) gefunden von Product-Guide.org\" \/>\n<meta name=\"robots\" content=\"index, follow, max-snippet:-1, max-image-preview:large, max-video-preview:-1\" \/>\n<link rel=\"canonical\" href=\"https:\/\/product-guide.org\/en\/produkt\/anker-521-charger-nano-pro-2\/\" \/>\n<meta property=\"og:locale\" content=\"en_GB\" \/>\n<meta property=\"og:type\" content=\"article\" \/>\n<meta property=\"og:title\" content=\"Anker\u00a0521\u00a0Charger (Nano Pro) | Product-Guide.org\" \/>\n<meta property=\"og:description\" content=\"Anker\u00a0521\u00a0Charger (Nano Pro) gefunden von Product-Guide.org\" \/>\n<meta property=\"og:url\" content=\"https:\/\/product-guide.org\/en\/produkt\/anker-521-charger-nano-pro-2\/\" \/>\n<meta property=\"og:site_name\" content=\"Product-Guide.org\" \/>\n<meta property=\"og:image\" content=\"https:\/\/product-guide.org\/wp-content\/uploads\/2023\/01\/unnamed-file-81.jpeg\" \/>\n\t<meta property=\"og:image:width\" content=\"200\" \/>\n\t<meta property=\"og:image:height\" content=\"200\" \/>\n\t<meta property=\"og:image:type\" content=\"image\/jpeg\" \/>\n<meta name=\"twitter:card\" content=\"summary_large_image\" \/>\n<script type=\"application\/ld+json\" class=\"yoast-schema-graph\">{\"@context\":\"https:\/\/schema.org\",\"@graph\":[{\"@type\":\"WebPage\",\"@id\":\"https:\/\/product-guide.org\/en\/produkt\/anker-521-charger-nano-pro-2\/\",\"url\":\"https:\/\/product-guide.org\/en\/produkt\/anker-521-charger-nano-pro-2\/\",\"name\":\"Anker\u00a0521\u00a0Charger (Nano Pro) | Product-Guide.org\",\"isPartOf\":{\"@id\":\"https:\/\/product-guide.org\/#website\"},\"primaryImageOfPage\":{\"@id\":\"https:\/\/product-guide.org\/en\/produkt\/anker-521-charger-nano-pro-2\/#primaryimage\"},\"image\":{\"@id\":\"https:\/\/product-guide.org\/en\/produkt\/anker-521-charger-nano-pro-2\/#primaryimage\"},\"thumbnailUrl\":\"\",\"datePublished\":\"2023-01-05T12:54:19+00:00\",\"description\":\"Anker\u00a0521\u00a0Charger (Nano Pro) gefunden von Product-Guide.org\",\"breadcrumb\":{\"@id\":\"https:\/\/product-guide.org\/en\/produkt\/anker-521-charger-nano-pro-2\/#breadcrumb\"},\"inLanguage\":\"en-GB\",\"potentialAction\":[{\"@type\":\"ReadAction\",\"target\":[\"https:\/\/product-guide.org\/en\/produkt\/anker-521-charger-nano-pro-2\/\"]}]},{\"@type\":\"ImageObject\",\"inLanguage\":\"en-GB\",\"@id\":\"https:\/\/product-guide.org\/en\/produkt\/anker-521-charger-nano-pro-2\/#primaryimage\",\"url\":\"\",\"contentUrl\":\"\",\"width\":200,\"height\":200},{\"@type\":\"BreadcrumbList\",\"@id\":\"https:\/\/product-guide.org\/en\/produkt\/anker-521-charger-nano-pro-2\/#breadcrumb\",\"itemListElement\":[{\"@type\":\"ListItem\",\"position\":1,\"name\":\"Home\",\"item\":\"https:\/\/product-guide.org\/\"},{\"@type\":\"ListItem\",\"position\":2,\"name\":\"Ergebnisse\",\"item\":\"https:\/\/product-guide.org\/de\/ergebnisse\/\"},{\"@type\":\"ListItem\",\"position\":3,\"name\":\"Anker\u00a0521\u00a0Charger (Nano Pro)\"}]},{\"@type\":\"WebSite\",\"@id\":\"https:\/\/product-guide.org\/#website\",\"url\":\"https:\/\/product-guide.org\/\",\"name\":\"Product-Guide.org\",\"description\":\"What Product are you looking for?\",\"publisher\":{\"@id\":\"https:\/\/product-guide.org\/#organization\"},\"potentialAction\":[{\"@type\":\"SearchAction\",\"target\":{\"@type\":\"EntryPoint\",\"urlTemplate\":\"https:\/\/product-guide.org\/?s={search_term_string}\"},\"query-input\":{\"@type\":\"PropertyValueSpecification\",\"valueRequired\":true,\"valueName\":\"search_term_string\"}}],\"inLanguage\":\"en-GB\"},{\"@type\":\"Organization\",\"@id\":\"https:\/\/product-guide.org\/#organization\",\"name\":\"Product-Guide.org\",\"url\":\"https:\/\/product-guide.org\/\",\"logo\":{\"@type\":\"ImageObject\",\"inLanguage\":\"en-GB\",\"@id\":\"https:\/\/product-guide.org\/#\/schema\/logo\/image\/\",\"url\":\"https:\/\/product-guide.org\/wp-content\/uploads\/2022\/07\/logo_transparent_background.png\",\"contentUrl\":\"https:\/\/product-guide.org\/wp-content\/uploads\/2022\/07\/logo_transparent_background.png\",\"width\":3400,\"height\":1132,\"caption\":\"Product-Guide.org\"},\"image\":{\"@id\":\"https:\/\/product-guide.org\/#\/schema\/logo\/image\/\"}}]}<\/script>\n<!-- \/ Yoast SEO plugin. -->","yoast_head_json":{"title":"Anker\u00a0521\u00a0Charger (Nano Pro) | Product-Guide.org","description":"Anker\u00a0521\u00a0Charger (Nano Pro) gefunden von Product-Guide.org","robots":{"index":"index","follow":"follow","max-snippet":"max-snippet:-1","max-image-preview":"max-image-preview:large","max-video-preview":"max-video-preview:-1"},"canonical":"https:\/\/product-guide.org\/en\/produkt\/anker-521-charger-nano-pro-2\/","og_locale":"en_GB","og_type":"article","og_title":"Anker\u00a0521\u00a0Charger (Nano Pro) | Product-Guide.org","og_description":"Anker\u00a0521\u00a0Charger (Nano Pro) gefunden von Product-Guide.org","og_url":"https:\/\/product-guide.org\/en\/produkt\/anker-521-charger-nano-pro-2\/","og_site_name":"Product-Guide.org","og_image":[{"width":200,"height":200,"url":"https:\/\/product-guide.org\/wp-content\/uploads\/2023\/01\/unnamed-file-81.jpeg","type":"image\/jpeg"}],"twitter_card":"summary_large_image","schema":{"@context":"https:\/\/schema.org","@graph":[{"@type":"WebPage","@id":"https:\/\/product-guide.org\/en\/produkt\/anker-521-charger-nano-pro-2\/","url":"https:\/\/product-guide.org\/en\/produkt\/anker-521-charger-nano-pro-2\/","name":"Anker\u00a0521\u00a0Charger (Nano Pro) | Product-Guide.org","isPartOf":{"@id":"https:\/\/product-guide.org\/#website"},"primaryImageOfPage":{"@id":"https:\/\/product-guide.org\/en\/produkt\/anker-521-charger-nano-pro-2\/#primaryimage"},"image":{"@id":"https:\/\/product-guide.org\/en\/produkt\/anker-521-charger-nano-pro-2\/#primaryimage"},"thumbnailUrl":"","datePublished":"2023-01-05T12:54:19+00:00","description":"Anker\u00a0521\u00a0Charger (Nano Pro) gefunden von Product-Guide.org","breadcrumb":{"@id":"https:\/\/product-guide.org\/en\/produkt\/anker-521-charger-nano-pro-2\/#breadcrumb"},"inLanguage":"en-GB","potentialAction":[{"@type":"ReadAction","target":["https:\/\/product-guide.org\/en\/produkt\/anker-521-charger-nano-pro-2\/"]}]},{"@type":"ImageObject","inLanguage":"en-GB","@id":"https:\/\/product-guide.org\/en\/produkt\/anker-521-charger-nano-pro-2\/#primaryimage","url":"","contentUrl":"","width":200,"height":200},{"@type":"BreadcrumbList","@id":"https:\/\/product-guide.org\/en\/produkt\/anker-521-charger-nano-pro-2\/#breadcrumb","itemListElement":[{"@type":"ListItem","position":1,"name":"Home","item":"https:\/\/product-guide.org\/"},{"@type":"ListItem","position":2,"name":"Ergebnisse","item":"https:\/\/product-guide.org\/de\/ergebnisse\/"},{"@type":"ListItem","position":3,"name":"Anker\u00a0521\u00a0Charger (Nano Pro)"}]},{"@type":"WebSite","@id":"https:\/\/product-guide.org\/#website","url":"https:\/\/product-guide.org\/","name":"Product-Guide.org","description":"What Product are you looking for?","publisher":{"@id":"https:\/\/product-guide.org\/#organization"},"potentialAction":[{"@type":"SearchAction","target":{"@type":"EntryPoint","urlTemplate":"https:\/\/product-guide.org\/?s={search_term_string}"},"query-input":{"@type":"PropertyValueSpecification","valueRequired":true,"valueName":"search_term_string"}}],"inLanguage":"en-GB"},{"@type":"Organization","@id":"https:\/\/product-guide.org\/#organization","name":"Product-Guide.org","url":"https:\/\/product-guide.org\/","logo":{"@type":"ImageObject","inLanguage":"en-GB","@id":"https:\/\/product-guide.org\/#\/schema\/logo\/image\/","url":"https:\/\/product-guide.org\/wp-content\/uploads\/2022\/07\/logo_transparent_background.png","contentUrl":"https:\/\/product-guide.org\/wp-content\/uploads\/2022\/07\/logo_transparent_background.png","width":3400,"height":1132,"caption":"Product-Guide.org"},"image":{"@id":"https:\/\/product-guide.org\/#\/schema\/logo\/image\/"}}]}},"_links":{"self":[{"href":"https:\/\/product-guide.org\/en\/wp-json\/wp\/v2\/product\/23076","targetHints":{"allow":["GET"]}}],"collection":[{"href":"https:\/\/product-guide.org\/en\/wp-json\/wp\/v2\/product"}],"about":[{"href":"https:\/\/product-guide.org\/en\/wp-json\/wp\/v2\/types\/product"}],"wp:featuredmedia":[{"embeddable":true,"href":"https:\/\/product-guide.org\/en\/wp-json\/"}],"wp:attachment":[{"href":"https:\/\/product-guide.org\/en\/wp-json\/wp\/v2\/media?parent=23076"}],"wp:term":[{"taxonomy":"store","embeddable":true,"href":"https:\/\/product-guide.org\/en\/wp-json\/wp\/v2\/store?post=23076"},{"taxonomy":"product_brand","embeddable":true,"href":"https:\/\/product-guide.org\/en\/wp-json\/wp\/v2\/product_brand?post=23076"},{"taxonomy":"product_cat","embeddable":true,"href":"https:\/\/product-guide.org\/en\/wp-json\/wp\/v2\/product_cat?post=23076"},{"taxonomy":"product_tag","embeddable":true,"href":"https:\/\/product-guide.org\/en\/wp-json\/wp\/v2\/product_tag?post=23076"}],"curies":[{"name":"wp","href":"https:\/\/api.w.org\/{rel}","templated":true}]}}