{"id":23092,"date":"2023-01-05T13:54:45","date_gmt":"2023-01-05T12:54:45","guid":{"rendered":"https:\/\/product-guide.org\/produkt\/anker-521-powerhouse-256wh-200w\/"},"modified":"2023-01-05T13:54:45","modified_gmt":"2023-01-05T12:54:45","slug":"anker-521-powerhouse-256wh-200w","status":"publish","type":"product","link":"https:\/\/product-guide.org\/en\/produkt\/anker-521-powerhouse-256wh-200w\/","title":{"rendered":"Anker 521 PowerHouse &#8211; 256Wh | 200W"},"content":{"rendered":"<p>Aufgrund der hohen Nachfrage kann es eventuell zu Lieferverz\u00f6gerungen kommen. Bestellungen, die nach Mitte Dezember aufgegeben werden, werden voraussichtlich Anfang Januar versandt.   10 JAHRE LEBENSDAUER: Mit unserer leistungsstarken Technologie InfiniPower\u2122, kombiniert mit LiFePO4-Akkus, extrem langlebigen elektronischen Komponenten, intelligenter Temperaturregulierung mit bis zu 100 Messungen pro Sekunde und einem sturzfesten Design, ist Anker  521 PowerHouse so gebaut, dass es auch bei t\u00e4glichem Gebrauch \u00fcber ein Jahrzehnt h\u00e4lt.      5 JAHRE HERSTELLERGARANTIE: Anstelle der durchschnittlichen 2 Jahre ist die Anker\u00a0521 Powerstation so konzipiert, dass sie deine Ger\u00e4te jeden Tag 10 Jahre lang zuverl\u00e4ssig mit Strom versorgen kann. Au\u00dferdem bieten wir eine verl\u00e4ngerte 5-Jahres-Garantie f\u00fcr ein garantiert sorgenfreies Erlebnis.    ZUS\u00c4TZLICHER USB-C-ANSCHLUSS: Auf Nimmerwiedersehen, schwere Adapter! Um deinen Laptop aufzuladen, ben\u00f6tigst du ab jetzt nur noch ein einziges Kabel. Genie\u00dfe Eingangs- und Ausgangsleistung, darunter 1 Wechselstromanschluss, 2 USB-A-Anschl\u00fcsse, ein USB-C-Anschluss und eine Autosteckdose.   M\u00c4CHTIGE 256Wh KAPAZIT\u00c4T: Die mobile Powerstation mit hoher Kapazit\u00e4t liefert 256Wh Power \u2013 der perfekte Begleiter, um deine gro\u00dfen und kleineren Ger\u00e4te w\u00e4hrend eines Wochenendausflugs oder w\u00e4hrend einem Stromausfall m\u00fchelos aufzuladen.   WAS DU BEKOMMST: Eine Anker 521 Ladestation (PowerHouse 256Wh), ein Netzteil, ein Ladekabel f\u00fcr die Autosteckdose, eine Bedienungsanleitung sowie 5 Jahre Herstellergarantie.    Beim Aufgeben einer Bestellung bitte beachten: Anker PowerHouse kann nicht an Packstation-Adressen geliefert werden.<\/p>\n","protected":false},"excerpt":{"rendered":"<p>Aufgrund der hohen Nachfrage kann es eventuell zu Lieferverz\u00f6gerungen kommen. Bestellungen, die nach Mitte Dezember aufgegeben werden, werden voraussichtlich Anfang Januar versandt. 10 JAHRE LEBENSDAUER: Mit unserer leistungsstarken Technologie InfiniPower\u2122, kombiniert mit LiFePO4-Akkus, extrem langlebigen elektronischen Komponenten, intelligenter Temperaturregulierung mit bis zu 100 Messungen pro Sekunde und einem sturzfesten Design, ist Anker 521 PowerHouse so [&hellip;]<\/p>\n","protected":false},"featured_media":23093,"template":"","meta":{"_gspb_post_css":""},"store":[727],"product_brand":[],"product_cat":[728],"product_tag":[],"class_list":{"0":"post-23092","1":"product","2":"type-product","3":"status-publish","4":"has-post-thumbnail","6":"store-anker","7":"product_cat-cables-parts-power-supplies","8":"pa_merchant-anker-de","10":"first","11":"instock","12":"product-type-external"},"yoast_head":"<!-- This site is optimized with the Yoast SEO plugin v24.6 - https:\/\/yoast.com\/wordpress\/plugins\/seo\/ -->\n<title>Anker 521 PowerHouse - 256Wh | 200W | Product-Guide.org<\/title>\n<meta name=\"description\" content=\"Anker 521 PowerHouse - 256Wh | 200W gefunden von Product-Guide.org\" \/>\n<meta name=\"robots\" content=\"index, follow, max-snippet:-1, max-image-preview:large, max-video-preview:-1\" \/>\n<link rel=\"canonical\" href=\"https:\/\/product-guide.org\/en\/produkt\/anker-521-powerhouse-256wh-200w\/\" \/>\n<meta property=\"og:locale\" content=\"en_GB\" \/>\n<meta property=\"og:type\" content=\"article\" \/>\n<meta property=\"og:title\" content=\"Anker 521 PowerHouse - 256Wh | 200W | Product-Guide.org\" \/>\n<meta property=\"og:description\" content=\"Anker 521 PowerHouse - 256Wh | 200W gefunden von Product-Guide.org\" \/>\n<meta property=\"og:url\" content=\"https:\/\/product-guide.org\/en\/produkt\/anker-521-powerhouse-256wh-200w\/\" \/>\n<meta property=\"og:site_name\" content=\"Product-Guide.org\" \/>\n<meta property=\"og:image\" content=\"https:\/\/product-guide.org\/wp-content\/uploads\/2023\/01\/unnamed-file-45.png\" \/>\n\t<meta property=\"og:image:width\" content=\"200\" \/>\n\t<meta property=\"og:image:height\" content=\"200\" \/>\n\t<meta property=\"og:image:type\" content=\"image\/png\" \/>\n<meta name=\"twitter:card\" content=\"summary_large_image\" \/>\n<script type=\"application\/ld+json\" class=\"yoast-schema-graph\">{\"@context\":\"https:\/\/schema.org\",\"@graph\":[{\"@type\":\"WebPage\",\"@id\":\"https:\/\/product-guide.org\/produkt\/anker-521-powerhouse-256wh-200w\/\",\"url\":\"https:\/\/product-guide.org\/produkt\/anker-521-powerhouse-256wh-200w\/\",\"name\":\"Anker 521 PowerHouse - 256Wh | 200W | Product-Guide.org\",\"isPartOf\":{\"@id\":\"https:\/\/product-guide.org\/#website\"},\"primaryImageOfPage\":{\"@id\":\"https:\/\/product-guide.org\/produkt\/anker-521-powerhouse-256wh-200w\/#primaryimage\"},\"image\":{\"@id\":\"https:\/\/product-guide.org\/produkt\/anker-521-powerhouse-256wh-200w\/#primaryimage\"},\"thumbnailUrl\":\"\",\"datePublished\":\"2023-01-05T12:54:45+00:00\",\"description\":\"Anker 521 PowerHouse - 256Wh | 200W gefunden von Product-Guide.org\",\"breadcrumb\":{\"@id\":\"https:\/\/product-guide.org\/produkt\/anker-521-powerhouse-256wh-200w\/#breadcrumb\"},\"inLanguage\":\"en-GB\",\"potentialAction\":[{\"@type\":\"ReadAction\",\"target\":[\"https:\/\/product-guide.org\/produkt\/anker-521-powerhouse-256wh-200w\/\"]}]},{\"@type\":\"ImageObject\",\"inLanguage\":\"en-GB\",\"@id\":\"https:\/\/product-guide.org\/produkt\/anker-521-powerhouse-256wh-200w\/#primaryimage\",\"url\":\"\",\"contentUrl\":\"\",\"width\":200,\"height\":200},{\"@type\":\"BreadcrumbList\",\"@id\":\"https:\/\/product-guide.org\/produkt\/anker-521-powerhouse-256wh-200w\/#breadcrumb\",\"itemListElement\":[{\"@type\":\"ListItem\",\"position\":1,\"name\":\"Home\",\"item\":\"https:\/\/product-guide.org\/\"},{\"@type\":\"ListItem\",\"position\":2,\"name\":\"Ergebnisse\",\"item\":\"https:\/\/product-guide.org\/de\/ergebnisse\/\"},{\"@type\":\"ListItem\",\"position\":3,\"name\":\"Anker 521 PowerHouse &#8211; 256Wh | 200W\"}]},{\"@type\":\"WebSite\",\"@id\":\"https:\/\/product-guide.org\/#website\",\"url\":\"https:\/\/product-guide.org\/\",\"name\":\"Product-Guide.org\",\"description\":\"What Product are you looking for?\",\"publisher\":{\"@id\":\"https:\/\/product-guide.org\/#organization\"},\"potentialAction\":[{\"@type\":\"SearchAction\",\"target\":{\"@type\":\"EntryPoint\",\"urlTemplate\":\"https:\/\/product-guide.org\/?s={search_term_string}\"},\"query-input\":{\"@type\":\"PropertyValueSpecification\",\"valueRequired\":true,\"valueName\":\"search_term_string\"}}],\"inLanguage\":\"en-GB\"},{\"@type\":\"Organization\",\"@id\":\"https:\/\/product-guide.org\/#organization\",\"name\":\"Product-Guide.org\",\"url\":\"https:\/\/product-guide.org\/\",\"logo\":{\"@type\":\"ImageObject\",\"inLanguage\":\"en-GB\",\"@id\":\"https:\/\/product-guide.org\/#\/schema\/logo\/image\/\",\"url\":\"https:\/\/product-guide.org\/wp-content\/uploads\/2022\/07\/logo_transparent_background.png\",\"contentUrl\":\"https:\/\/product-guide.org\/wp-content\/uploads\/2022\/07\/logo_transparent_background.png\",\"width\":3400,\"height\":1132,\"caption\":\"Product-Guide.org\"},\"image\":{\"@id\":\"https:\/\/product-guide.org\/#\/schema\/logo\/image\/\"}}]}<\/script>\n<!-- \/ Yoast SEO plugin. -->","yoast_head_json":{"title":"Anker 521 PowerHouse - 256Wh | 200W | Product-Guide.org","description":"Anker 521 PowerHouse - 256Wh | 200W gefunden von Product-Guide.org","robots":{"index":"index","follow":"follow","max-snippet":"max-snippet:-1","max-image-preview":"max-image-preview:large","max-video-preview":"max-video-preview:-1"},"canonical":"https:\/\/product-guide.org\/en\/produkt\/anker-521-powerhouse-256wh-200w\/","og_locale":"en_GB","og_type":"article","og_title":"Anker 521 PowerHouse - 256Wh | 200W | Product-Guide.org","og_description":"Anker 521 PowerHouse - 256Wh | 200W gefunden von Product-Guide.org","og_url":"https:\/\/product-guide.org\/en\/produkt\/anker-521-powerhouse-256wh-200w\/","og_site_name":"Product-Guide.org","og_image":[{"width":200,"height":200,"url":"https:\/\/product-guide.org\/wp-content\/uploads\/2023\/01\/unnamed-file-45.png","type":"image\/png"}],"twitter_card":"summary_large_image","schema":{"@context":"https:\/\/schema.org","@graph":[{"@type":"WebPage","@id":"https:\/\/product-guide.org\/produkt\/anker-521-powerhouse-256wh-200w\/","url":"https:\/\/product-guide.org\/produkt\/anker-521-powerhouse-256wh-200w\/","name":"Anker 521 PowerHouse - 256Wh | 200W | Product-Guide.org","isPartOf":{"@id":"https:\/\/product-guide.org\/#website"},"primaryImageOfPage":{"@id":"https:\/\/product-guide.org\/produkt\/anker-521-powerhouse-256wh-200w\/#primaryimage"},"image":{"@id":"https:\/\/product-guide.org\/produkt\/anker-521-powerhouse-256wh-200w\/#primaryimage"},"thumbnailUrl":"","datePublished":"2023-01-05T12:54:45+00:00","description":"Anker 521 PowerHouse - 256Wh | 200W gefunden von Product-Guide.org","breadcrumb":{"@id":"https:\/\/product-guide.org\/produkt\/anker-521-powerhouse-256wh-200w\/#breadcrumb"},"inLanguage":"en-GB","potentialAction":[{"@type":"ReadAction","target":["https:\/\/product-guide.org\/produkt\/anker-521-powerhouse-256wh-200w\/"]}]},{"@type":"ImageObject","inLanguage":"en-GB","@id":"https:\/\/product-guide.org\/produkt\/anker-521-powerhouse-256wh-200w\/#primaryimage","url":"","contentUrl":"","width":200,"height":200},{"@type":"BreadcrumbList","@id":"https:\/\/product-guide.org\/produkt\/anker-521-powerhouse-256wh-200w\/#breadcrumb","itemListElement":[{"@type":"ListItem","position":1,"name":"Home","item":"https:\/\/product-guide.org\/"},{"@type":"ListItem","position":2,"name":"Ergebnisse","item":"https:\/\/product-guide.org\/de\/ergebnisse\/"},{"@type":"ListItem","position":3,"name":"Anker 521 PowerHouse &#8211; 256Wh | 200W"}]},{"@type":"WebSite","@id":"https:\/\/product-guide.org\/#website","url":"https:\/\/product-guide.org\/","name":"Product-Guide.org","description":"What Product are you looking for?","publisher":{"@id":"https:\/\/product-guide.org\/#organization"},"potentialAction":[{"@type":"SearchAction","target":{"@type":"EntryPoint","urlTemplate":"https:\/\/product-guide.org\/?s={search_term_string}"},"query-input":{"@type":"PropertyValueSpecification","valueRequired":true,"valueName":"search_term_string"}}],"inLanguage":"en-GB"},{"@type":"Organization","@id":"https:\/\/product-guide.org\/#organization","name":"Product-Guide.org","url":"https:\/\/product-guide.org\/","logo":{"@type":"ImageObject","inLanguage":"en-GB","@id":"https:\/\/product-guide.org\/#\/schema\/logo\/image\/","url":"https:\/\/product-guide.org\/wp-content\/uploads\/2022\/07\/logo_transparent_background.png","contentUrl":"https:\/\/product-guide.org\/wp-content\/uploads\/2022\/07\/logo_transparent_background.png","width":3400,"height":1132,"caption":"Product-Guide.org"},"image":{"@id":"https:\/\/product-guide.org\/#\/schema\/logo\/image\/"}}]}},"_links":{"self":[{"href":"https:\/\/product-guide.org\/en\/wp-json\/wp\/v2\/product\/23092","targetHints":{"allow":["GET"]}}],"collection":[{"href":"https:\/\/product-guide.org\/en\/wp-json\/wp\/v2\/product"}],"about":[{"href":"https:\/\/product-guide.org\/en\/wp-json\/wp\/v2\/types\/product"}],"wp:featuredmedia":[{"embeddable":true,"href":"https:\/\/product-guide.org\/en\/wp-json\/"}],"wp:attachment":[{"href":"https:\/\/product-guide.org\/en\/wp-json\/wp\/v2\/media?parent=23092"}],"wp:term":[{"taxonomy":"store","embeddable":true,"href":"https:\/\/product-guide.org\/en\/wp-json\/wp\/v2\/store?post=23092"},{"taxonomy":"product_brand","embeddable":true,"href":"https:\/\/product-guide.org\/en\/wp-json\/wp\/v2\/product_brand?post=23092"},{"taxonomy":"product_cat","embeddable":true,"href":"https:\/\/product-guide.org\/en\/wp-json\/wp\/v2\/product_cat?post=23092"},{"taxonomy":"product_tag","embeddable":true,"href":"https:\/\/product-guide.org\/en\/wp-json\/wp\/v2\/product_tag?post=23092"}],"curies":[{"name":"wp","href":"https:\/\/api.w.org\/{rel}","templated":true}]}}