{"id":23144,"date":"2023-01-05T13:56:07","date_gmt":"2023-01-05T12:56:07","guid":{"rendered":"https:\/\/product-guide.org\/produkt\/anker-535-powerhouse-512wh-500w\/"},"modified":"2023-01-05T13:56:08","modified_gmt":"2023-01-05T12:56:08","slug":"anker-535-powerhouse-512wh-500w","status":"publish","type":"product","link":"https:\/\/product-guide.org\/en\/produkt\/anker-535-powerhouse-512wh-500w\/","title":{"rendered":"Anker 535 PowerHouse &#8211; 512Wh | 500W"},"content":{"rendered":"<p>10 JAHRE LEBENSDAUER: Mit unserer leistungsstarken Technologie InfiniPower\u2122, kombiniert mit LiFePO4-Akkus, extrem langlebigen elektronischen Komponenten, intelligenter Temperaturregulierung mit bis zu 100 Messungen pro Sekunde und einem sturzfesten Design, ist Anker\u00a0535 PowerHouse so gebaut, dass es auch bei t\u00e4glichem Gebrauch \u00fcber ein Jahrzehnt h\u00e4lt.    5 JAHRE HERSTELLERGARANTIE: Anstelle der durchschnittlichen 2 Jahre ist die Anker\u00a0535 Powerstation so konzipiert, dass sie deine Ger\u00e4te jeden Tag 10 Jahre lang zuverl\u00e4ssig mit Strom versorgen kann. Au\u00dferdem bieten wir eine verl\u00e4ngerte 5-Jahres-Garantie f\u00fcr ein garantiert sorgenfreies Erlebnis.  ZUS\u00c4TZLICHER USB-C ANSCHLUSS: \u00dcber den mitgelieferten Adapter und einen USB-C Port in weniger als 2,5 Stunden auf 80% Akku wieder aufgeladen. Auf Nimmerwiedersehen, Kabelsalat und sperrige Ladeger\u00e4te! 7-FACHE ERWEITERUNG: Die kompakte Ladestation, hat alles, was du brauchst: 2 Steckdosen, 3 USB-A-Anschl\u00fcsse, einen USB-C-Anschluss sowie einen Anschluss f\u00fcr Autoladeger\u00e4te! M\u00c4CHTIGE KAPAZIT\u00c4T: Mit einer Kapazit\u00e4t von 512Wh ist die Ladestation die ultimative L\u00f6sung f\u00fcr smartes Laden. Versorge unterwegs eine Heizung, einen Mini-K\u00fchlschrank, eine Lampe und einen Fernseher m\u00fchelos mit Strom. WAS DU BEKOMMST: Eine Anker 535 Kompakte Power Station (PowerHouse 512Wh), ein 120W Netzteil, ein Autoladekabel, eine Bedienungsanleitung, 5 Jahre Herstellergarantie, sowie freundlichen Kundenservice Beim Aufgeben einer Bestellung bitte beachten: Anker PowerHouse kann nicht an Packstation-Adressen geliefert werden.<\/p>\n","protected":false},"excerpt":{"rendered":"<p>10 JAHRE LEBENSDAUER: Mit unserer leistungsstarken Technologie InfiniPower\u2122, kombiniert mit LiFePO4-Akkus, extrem langlebigen elektronischen Komponenten, intelligenter Temperaturregulierung mit bis zu 100 Messungen pro Sekunde und einem sturzfesten Design, ist Anker\u00a0535 PowerHouse so gebaut, dass es auch bei t\u00e4glichem Gebrauch \u00fcber ein Jahrzehnt h\u00e4lt. 5 JAHRE HERSTELLERGARANTIE: Anstelle der durchschnittlichen 2 Jahre ist die Anker\u00a0535 Powerstation [&hellip;]<\/p>\n","protected":false},"featured_media":23145,"template":"","meta":{"_gspb_post_css":""},"store":[727],"product_brand":[],"product_cat":[728],"product_tag":[],"class_list":{"0":"post-23144","1":"product","2":"type-product","3":"status-publish","4":"has-post-thumbnail","6":"store-anker","7":"product_cat-cables-parts-power-supplies","8":"pa_merchant-anker-de","10":"first","11":"instock","12":"product-type-external"},"yoast_head":"<!-- This site is optimized with the Yoast SEO plugin v24.6 - https:\/\/yoast.com\/wordpress\/plugins\/seo\/ -->\n<title>Anker 535 PowerHouse - 512Wh | 500W | Product-Guide.org<\/title>\n<meta name=\"description\" content=\"Anker 535 PowerHouse - 512Wh | 500W gefunden von Product-Guide.org\" \/>\n<meta name=\"robots\" content=\"index, follow, max-snippet:-1, max-image-preview:large, max-video-preview:-1\" \/>\n<link rel=\"canonical\" href=\"https:\/\/product-guide.org\/en\/produkt\/anker-535-powerhouse-512wh-500w\/\" \/>\n<meta property=\"og:locale\" content=\"en_GB\" \/>\n<meta property=\"og:type\" content=\"article\" \/>\n<meta property=\"og:title\" content=\"Anker 535 PowerHouse - 512Wh | 500W | Product-Guide.org\" \/>\n<meta property=\"og:description\" content=\"Anker 535 PowerHouse - 512Wh | 500W gefunden von Product-Guide.org\" \/>\n<meta property=\"og:url\" content=\"https:\/\/product-guide.org\/en\/produkt\/anker-535-powerhouse-512wh-500w\/\" \/>\n<meta property=\"og:site_name\" content=\"Product-Guide.org\" \/>\n<meta property=\"article:modified_time\" content=\"2023-01-05T12:56:08+00:00\" \/>\n<meta property=\"og:image\" content=\"https:\/\/product-guide.org\/wp-content\/uploads\/2023\/01\/unnamed-file-49.png\" \/>\n\t<meta property=\"og:image:width\" content=\"200\" \/>\n\t<meta property=\"og:image:height\" content=\"200\" \/>\n\t<meta property=\"og:image:type\" content=\"image\/png\" \/>\n<meta name=\"twitter:card\" content=\"summary_large_image\" \/>\n<script type=\"application\/ld+json\" class=\"yoast-schema-graph\">{\"@context\":\"https:\/\/schema.org\",\"@graph\":[{\"@type\":\"WebPage\",\"@id\":\"https:\/\/product-guide.org\/en\/produkt\/anker-535-powerhouse-512wh-500w\/\",\"url\":\"https:\/\/product-guide.org\/en\/produkt\/anker-535-powerhouse-512wh-500w\/\",\"name\":\"Anker 535 PowerHouse - 512Wh | 500W | Product-Guide.org\",\"isPartOf\":{\"@id\":\"https:\/\/product-guide.org\/#website\"},\"primaryImageOfPage\":{\"@id\":\"https:\/\/product-guide.org\/en\/produkt\/anker-535-powerhouse-512wh-500w\/#primaryimage\"},\"image\":{\"@id\":\"https:\/\/product-guide.org\/en\/produkt\/anker-535-powerhouse-512wh-500w\/#primaryimage\"},\"thumbnailUrl\":\"\",\"datePublished\":\"2023-01-05T12:56:07+00:00\",\"dateModified\":\"2023-01-05T12:56:08+00:00\",\"description\":\"Anker 535 PowerHouse - 512Wh | 500W gefunden von Product-Guide.org\",\"breadcrumb\":{\"@id\":\"https:\/\/product-guide.org\/en\/produkt\/anker-535-powerhouse-512wh-500w\/#breadcrumb\"},\"inLanguage\":\"en-GB\",\"potentialAction\":[{\"@type\":\"ReadAction\",\"target\":[\"https:\/\/product-guide.org\/en\/produkt\/anker-535-powerhouse-512wh-500w\/\"]}]},{\"@type\":\"ImageObject\",\"inLanguage\":\"en-GB\",\"@id\":\"https:\/\/product-guide.org\/en\/produkt\/anker-535-powerhouse-512wh-500w\/#primaryimage\",\"url\":\"\",\"contentUrl\":\"\",\"width\":200,\"height\":200},{\"@type\":\"BreadcrumbList\",\"@id\":\"https:\/\/product-guide.org\/en\/produkt\/anker-535-powerhouse-512wh-500w\/#breadcrumb\",\"itemListElement\":[{\"@type\":\"ListItem\",\"position\":1,\"name\":\"Home\",\"item\":\"https:\/\/product-guide.org\/\"},{\"@type\":\"ListItem\",\"position\":2,\"name\":\"Ergebnisse\",\"item\":\"https:\/\/product-guide.org\/de\/ergebnisse\/\"},{\"@type\":\"ListItem\",\"position\":3,\"name\":\"Anker 535 PowerHouse &#8211; 512Wh | 500W\"}]},{\"@type\":\"WebSite\",\"@id\":\"https:\/\/product-guide.org\/#website\",\"url\":\"https:\/\/product-guide.org\/\",\"name\":\"Product-Guide.org\",\"description\":\"What Product are you looking for?\",\"publisher\":{\"@id\":\"https:\/\/product-guide.org\/#organization\"},\"potentialAction\":[{\"@type\":\"SearchAction\",\"target\":{\"@type\":\"EntryPoint\",\"urlTemplate\":\"https:\/\/product-guide.org\/?s={search_term_string}\"},\"query-input\":{\"@type\":\"PropertyValueSpecification\",\"valueRequired\":true,\"valueName\":\"search_term_string\"}}],\"inLanguage\":\"en-GB\"},{\"@type\":\"Organization\",\"@id\":\"https:\/\/product-guide.org\/#organization\",\"name\":\"Product-Guide.org\",\"url\":\"https:\/\/product-guide.org\/\",\"logo\":{\"@type\":\"ImageObject\",\"inLanguage\":\"en-GB\",\"@id\":\"https:\/\/product-guide.org\/#\/schema\/logo\/image\/\",\"url\":\"https:\/\/product-guide.org\/wp-content\/uploads\/2022\/07\/logo_transparent_background.png\",\"contentUrl\":\"https:\/\/product-guide.org\/wp-content\/uploads\/2022\/07\/logo_transparent_background.png\",\"width\":3400,\"height\":1132,\"caption\":\"Product-Guide.org\"},\"image\":{\"@id\":\"https:\/\/product-guide.org\/#\/schema\/logo\/image\/\"}}]}<\/script>\n<!-- \/ Yoast SEO plugin. -->","yoast_head_json":{"title":"Anker 535 PowerHouse - 512Wh | 500W | Product-Guide.org","description":"Anker 535 PowerHouse - 512Wh | 500W gefunden von Product-Guide.org","robots":{"index":"index","follow":"follow","max-snippet":"max-snippet:-1","max-image-preview":"max-image-preview:large","max-video-preview":"max-video-preview:-1"},"canonical":"https:\/\/product-guide.org\/en\/produkt\/anker-535-powerhouse-512wh-500w\/","og_locale":"en_GB","og_type":"article","og_title":"Anker 535 PowerHouse - 512Wh | 500W | Product-Guide.org","og_description":"Anker 535 PowerHouse - 512Wh | 500W gefunden von Product-Guide.org","og_url":"https:\/\/product-guide.org\/en\/produkt\/anker-535-powerhouse-512wh-500w\/","og_site_name":"Product-Guide.org","article_modified_time":"2023-01-05T12:56:08+00:00","og_image":[{"width":200,"height":200,"url":"https:\/\/product-guide.org\/wp-content\/uploads\/2023\/01\/unnamed-file-49.png","type":"image\/png"}],"twitter_card":"summary_large_image","schema":{"@context":"https:\/\/schema.org","@graph":[{"@type":"WebPage","@id":"https:\/\/product-guide.org\/en\/produkt\/anker-535-powerhouse-512wh-500w\/","url":"https:\/\/product-guide.org\/en\/produkt\/anker-535-powerhouse-512wh-500w\/","name":"Anker 535 PowerHouse - 512Wh | 500W | Product-Guide.org","isPartOf":{"@id":"https:\/\/product-guide.org\/#website"},"primaryImageOfPage":{"@id":"https:\/\/product-guide.org\/en\/produkt\/anker-535-powerhouse-512wh-500w\/#primaryimage"},"image":{"@id":"https:\/\/product-guide.org\/en\/produkt\/anker-535-powerhouse-512wh-500w\/#primaryimage"},"thumbnailUrl":"","datePublished":"2023-01-05T12:56:07+00:00","dateModified":"2023-01-05T12:56:08+00:00","description":"Anker 535 PowerHouse - 512Wh | 500W gefunden von Product-Guide.org","breadcrumb":{"@id":"https:\/\/product-guide.org\/en\/produkt\/anker-535-powerhouse-512wh-500w\/#breadcrumb"},"inLanguage":"en-GB","potentialAction":[{"@type":"ReadAction","target":["https:\/\/product-guide.org\/en\/produkt\/anker-535-powerhouse-512wh-500w\/"]}]},{"@type":"ImageObject","inLanguage":"en-GB","@id":"https:\/\/product-guide.org\/en\/produkt\/anker-535-powerhouse-512wh-500w\/#primaryimage","url":"","contentUrl":"","width":200,"height":200},{"@type":"BreadcrumbList","@id":"https:\/\/product-guide.org\/en\/produkt\/anker-535-powerhouse-512wh-500w\/#breadcrumb","itemListElement":[{"@type":"ListItem","position":1,"name":"Home","item":"https:\/\/product-guide.org\/"},{"@type":"ListItem","position":2,"name":"Ergebnisse","item":"https:\/\/product-guide.org\/de\/ergebnisse\/"},{"@type":"ListItem","position":3,"name":"Anker 535 PowerHouse &#8211; 512Wh | 500W"}]},{"@type":"WebSite","@id":"https:\/\/product-guide.org\/#website","url":"https:\/\/product-guide.org\/","name":"Product-Guide.org","description":"What Product are you looking for?","publisher":{"@id":"https:\/\/product-guide.org\/#organization"},"potentialAction":[{"@type":"SearchAction","target":{"@type":"EntryPoint","urlTemplate":"https:\/\/product-guide.org\/?s={search_term_string}"},"query-input":{"@type":"PropertyValueSpecification","valueRequired":true,"valueName":"search_term_string"}}],"inLanguage":"en-GB"},{"@type":"Organization","@id":"https:\/\/product-guide.org\/#organization","name":"Product-Guide.org","url":"https:\/\/product-guide.org\/","logo":{"@type":"ImageObject","inLanguage":"en-GB","@id":"https:\/\/product-guide.org\/#\/schema\/logo\/image\/","url":"https:\/\/product-guide.org\/wp-content\/uploads\/2022\/07\/logo_transparent_background.png","contentUrl":"https:\/\/product-guide.org\/wp-content\/uploads\/2022\/07\/logo_transparent_background.png","width":3400,"height":1132,"caption":"Product-Guide.org"},"image":{"@id":"https:\/\/product-guide.org\/#\/schema\/logo\/image\/"}}]}},"_links":{"self":[{"href":"https:\/\/product-guide.org\/en\/wp-json\/wp\/v2\/product\/23144","targetHints":{"allow":["GET"]}}],"collection":[{"href":"https:\/\/product-guide.org\/en\/wp-json\/wp\/v2\/product"}],"about":[{"href":"https:\/\/product-guide.org\/en\/wp-json\/wp\/v2\/types\/product"}],"wp:featuredmedia":[{"embeddable":true,"href":"https:\/\/product-guide.org\/en\/wp-json\/"}],"wp:attachment":[{"href":"https:\/\/product-guide.org\/en\/wp-json\/wp\/v2\/media?parent=23144"}],"wp:term":[{"taxonomy":"store","embeddable":true,"href":"https:\/\/product-guide.org\/en\/wp-json\/wp\/v2\/store?post=23144"},{"taxonomy":"product_brand","embeddable":true,"href":"https:\/\/product-guide.org\/en\/wp-json\/wp\/v2\/product_brand?post=23144"},{"taxonomy":"product_cat","embeddable":true,"href":"https:\/\/product-guide.org\/en\/wp-json\/wp\/v2\/product_cat?post=23144"},{"taxonomy":"product_tag","embeddable":true,"href":"https:\/\/product-guide.org\/en\/wp-json\/wp\/v2\/product_tag?post=23144"}],"curies":[{"name":"wp","href":"https:\/\/api.w.org\/{rel}","templated":true}]}}