{"id":23164,"date":"2023-01-05T13:56:46","date_gmt":"2023-01-05T12:56:46","guid":{"rendered":"https:\/\/product-guide.org\/produkt\/anker-335-power-bank-powercore-20k\/"},"modified":"2023-01-05T13:56:46","modified_gmt":"2023-01-05T12:56:46","slug":"anker-335-power-bank-powercore-20k","status":"publish","type":"product","link":"https:\/\/product-guide.org\/en\/produkt\/anker-335-power-bank-powercore-20k\/","title":{"rendered":"Anker 335 Power Bank (PowerCore 20K)"},"content":{"rendered":"<p>ZUVERL\u00c4SSIGE POWER: Ausgestattet mit einer Kapazit\u00e4t von 20.000 mAh versorgt die Powerbank deine Ger\u00e4te tagelang mit Strom, bei der Arbeit und in der Freizeit. Lade ein iPhone 13 4,3 Mal oder ein Galaxy S22 Ultra mehr als 3 Mal auf.  M\u00c4CHTIGE LADEGESCHWINDIGKEIT: Genie\u00dfe die schnellstm\u00f6gliche Ladung von bis zu 20W mit 3 USB-Anschl\u00fcssen. Lade ein iPhone 13 in 37 Minuten auf 50% auf.  ENERGIE F\u00dcR 3: Lade deine wichtigen Alltagsgegenst\u00e4nde wie Smartphone, Kopfh\u00f6rer und Apple Watch gleichzeitig auf.  INTELLIGENTER LADESCHUTZ: Eine Kombination aus 10 Sicherheitsfunktionen, die effizient zusammenarbeiten, um den ultimativen Schutz f\u00fcr deine Smartphones, deine Ladeger\u00e4te und vor allem dich selbst zu bieten.  WAS DU BEKOMMST: Anker 335 Powerbank (PowerCore 20K), ein USB-A auf USB-C Kabel, eine Bedienungsanleitung, 18 Monate Herstellergarantie sowie freundlichen Kundenservice.<\/p>\n","protected":false},"excerpt":{"rendered":"<p>ZUVERL\u00c4SSIGE POWER: Ausgestattet mit einer Kapazit\u00e4t von 20.000 mAh versorgt die Powerbank deine Ger\u00e4te tagelang mit Strom, bei der Arbeit und in der Freizeit. Lade ein iPhone 13 4,3 Mal oder ein Galaxy S22 Ultra mehr als 3 Mal auf. M\u00c4CHTIGE LADEGESCHWINDIGKEIT: Genie\u00dfe die schnellstm\u00f6gliche Ladung von bis zu 20W mit 3 USB-Anschl\u00fcssen. Lade ein [&hellip;]<\/p>\n","protected":false},"featured_media":23165,"template":"","meta":{"_gspb_post_css":""},"store":[727],"product_brand":[],"product_cat":[728],"product_tag":[],"class_list":{"0":"post-23164","1":"product","2":"type-product","3":"status-publish","4":"has-post-thumbnail","6":"store-anker","7":"product_cat-cables-parts-power-supplies","8":"pa_merchant-anker-de","10":"first","11":"instock","12":"product-type-external"},"yoast_head":"<!-- This site is optimized with the Yoast SEO plugin v24.6 - https:\/\/yoast.com\/wordpress\/plugins\/seo\/ -->\n<title>Anker 335 Power Bank (PowerCore 20K) | Product-Guide.org<\/title>\n<meta name=\"description\" content=\"Anker 335 Power Bank (PowerCore 20K) gefunden von Product-Guide.org\" \/>\n<meta name=\"robots\" content=\"index, follow, max-snippet:-1, max-image-preview:large, max-video-preview:-1\" \/>\n<link rel=\"canonical\" href=\"https:\/\/product-guide.org\/en\/produkt\/anker-335-power-bank-powercore-20k\/\" \/>\n<meta property=\"og:locale\" content=\"en_GB\" \/>\n<meta property=\"og:type\" content=\"article\" \/>\n<meta property=\"og:title\" content=\"Anker 335 Power Bank (PowerCore 20K) | Product-Guide.org\" \/>\n<meta property=\"og:description\" content=\"Anker 335 Power Bank (PowerCore 20K) gefunden von Product-Guide.org\" \/>\n<meta property=\"og:url\" content=\"https:\/\/product-guide.org\/en\/produkt\/anker-335-power-bank-powercore-20k\/\" \/>\n<meta property=\"og:site_name\" content=\"Product-Guide.org\" \/>\n<meta property=\"og:image\" content=\"https:\/\/product-guide.org\/wp-content\/uploads\/2023\/01\/unnamed-file-107.jpeg\" \/>\n\t<meta property=\"og:image:width\" content=\"200\" \/>\n\t<meta property=\"og:image:height\" content=\"200\" \/>\n\t<meta property=\"og:image:type\" content=\"image\/jpeg\" \/>\n<meta name=\"twitter:card\" content=\"summary_large_image\" \/>\n<script type=\"application\/ld+json\" class=\"yoast-schema-graph\">{\"@context\":\"https:\/\/schema.org\",\"@graph\":[{\"@type\":\"WebPage\",\"@id\":\"https:\/\/product-guide.org\/en\/produkt\/anker-335-power-bank-powercore-20k\/\",\"url\":\"https:\/\/product-guide.org\/en\/produkt\/anker-335-power-bank-powercore-20k\/\",\"name\":\"Anker 335 Power Bank (PowerCore 20K) | Product-Guide.org\",\"isPartOf\":{\"@id\":\"https:\/\/product-guide.org\/#website\"},\"primaryImageOfPage\":{\"@id\":\"https:\/\/product-guide.org\/en\/produkt\/anker-335-power-bank-powercore-20k\/#primaryimage\"},\"image\":{\"@id\":\"https:\/\/product-guide.org\/en\/produkt\/anker-335-power-bank-powercore-20k\/#primaryimage\"},\"thumbnailUrl\":\"\",\"datePublished\":\"2023-01-05T12:56:46+00:00\",\"description\":\"Anker 335 Power Bank (PowerCore 20K) gefunden von Product-Guide.org\",\"breadcrumb\":{\"@id\":\"https:\/\/product-guide.org\/en\/produkt\/anker-335-power-bank-powercore-20k\/#breadcrumb\"},\"inLanguage\":\"en-GB\",\"potentialAction\":[{\"@type\":\"ReadAction\",\"target\":[\"https:\/\/product-guide.org\/en\/produkt\/anker-335-power-bank-powercore-20k\/\"]}]},{\"@type\":\"ImageObject\",\"inLanguage\":\"en-GB\",\"@id\":\"https:\/\/product-guide.org\/en\/produkt\/anker-335-power-bank-powercore-20k\/#primaryimage\",\"url\":\"\",\"contentUrl\":\"\",\"width\":200,\"height\":200},{\"@type\":\"BreadcrumbList\",\"@id\":\"https:\/\/product-guide.org\/en\/produkt\/anker-335-power-bank-powercore-20k\/#breadcrumb\",\"itemListElement\":[{\"@type\":\"ListItem\",\"position\":1,\"name\":\"Home\",\"item\":\"https:\/\/product-guide.org\/\"},{\"@type\":\"ListItem\",\"position\":2,\"name\":\"Ergebnisse\",\"item\":\"https:\/\/product-guide.org\/de\/ergebnisse\/\"},{\"@type\":\"ListItem\",\"position\":3,\"name\":\"Anker 335 Power Bank (PowerCore 20K)\"}]},{\"@type\":\"WebSite\",\"@id\":\"https:\/\/product-guide.org\/#website\",\"url\":\"https:\/\/product-guide.org\/\",\"name\":\"Product-Guide.org\",\"description\":\"What Product are you looking for?\",\"publisher\":{\"@id\":\"https:\/\/product-guide.org\/#organization\"},\"potentialAction\":[{\"@type\":\"SearchAction\",\"target\":{\"@type\":\"EntryPoint\",\"urlTemplate\":\"https:\/\/product-guide.org\/?s={search_term_string}\"},\"query-input\":{\"@type\":\"PropertyValueSpecification\",\"valueRequired\":true,\"valueName\":\"search_term_string\"}}],\"inLanguage\":\"en-GB\"},{\"@type\":\"Organization\",\"@id\":\"https:\/\/product-guide.org\/#organization\",\"name\":\"Product-Guide.org\",\"url\":\"https:\/\/product-guide.org\/\",\"logo\":{\"@type\":\"ImageObject\",\"inLanguage\":\"en-GB\",\"@id\":\"https:\/\/product-guide.org\/#\/schema\/logo\/image\/\",\"url\":\"https:\/\/product-guide.org\/wp-content\/uploads\/2022\/07\/logo_transparent_background.png\",\"contentUrl\":\"https:\/\/product-guide.org\/wp-content\/uploads\/2022\/07\/logo_transparent_background.png\",\"width\":3400,\"height\":1132,\"caption\":\"Product-Guide.org\"},\"image\":{\"@id\":\"https:\/\/product-guide.org\/#\/schema\/logo\/image\/\"}}]}<\/script>\n<!-- \/ Yoast SEO plugin. -->","yoast_head_json":{"title":"Anker 335 Power Bank (PowerCore 20K) | Product-Guide.org","description":"Anker 335 Power Bank (PowerCore 20K) gefunden von Product-Guide.org","robots":{"index":"index","follow":"follow","max-snippet":"max-snippet:-1","max-image-preview":"max-image-preview:large","max-video-preview":"max-video-preview:-1"},"canonical":"https:\/\/product-guide.org\/en\/produkt\/anker-335-power-bank-powercore-20k\/","og_locale":"en_GB","og_type":"article","og_title":"Anker 335 Power Bank (PowerCore 20K) | Product-Guide.org","og_description":"Anker 335 Power Bank (PowerCore 20K) gefunden von Product-Guide.org","og_url":"https:\/\/product-guide.org\/en\/produkt\/anker-335-power-bank-powercore-20k\/","og_site_name":"Product-Guide.org","og_image":[{"width":200,"height":200,"url":"https:\/\/product-guide.org\/wp-content\/uploads\/2023\/01\/unnamed-file-107.jpeg","type":"image\/jpeg"}],"twitter_card":"summary_large_image","schema":{"@context":"https:\/\/schema.org","@graph":[{"@type":"WebPage","@id":"https:\/\/product-guide.org\/en\/produkt\/anker-335-power-bank-powercore-20k\/","url":"https:\/\/product-guide.org\/en\/produkt\/anker-335-power-bank-powercore-20k\/","name":"Anker 335 Power Bank (PowerCore 20K) | Product-Guide.org","isPartOf":{"@id":"https:\/\/product-guide.org\/#website"},"primaryImageOfPage":{"@id":"https:\/\/product-guide.org\/en\/produkt\/anker-335-power-bank-powercore-20k\/#primaryimage"},"image":{"@id":"https:\/\/product-guide.org\/en\/produkt\/anker-335-power-bank-powercore-20k\/#primaryimage"},"thumbnailUrl":"","datePublished":"2023-01-05T12:56:46+00:00","description":"Anker 335 Power Bank (PowerCore 20K) gefunden von Product-Guide.org","breadcrumb":{"@id":"https:\/\/product-guide.org\/en\/produkt\/anker-335-power-bank-powercore-20k\/#breadcrumb"},"inLanguage":"en-GB","potentialAction":[{"@type":"ReadAction","target":["https:\/\/product-guide.org\/en\/produkt\/anker-335-power-bank-powercore-20k\/"]}]},{"@type":"ImageObject","inLanguage":"en-GB","@id":"https:\/\/product-guide.org\/en\/produkt\/anker-335-power-bank-powercore-20k\/#primaryimage","url":"","contentUrl":"","width":200,"height":200},{"@type":"BreadcrumbList","@id":"https:\/\/product-guide.org\/en\/produkt\/anker-335-power-bank-powercore-20k\/#breadcrumb","itemListElement":[{"@type":"ListItem","position":1,"name":"Home","item":"https:\/\/product-guide.org\/"},{"@type":"ListItem","position":2,"name":"Ergebnisse","item":"https:\/\/product-guide.org\/de\/ergebnisse\/"},{"@type":"ListItem","position":3,"name":"Anker 335 Power Bank (PowerCore 20K)"}]},{"@type":"WebSite","@id":"https:\/\/product-guide.org\/#website","url":"https:\/\/product-guide.org\/","name":"Product-Guide.org","description":"What Product are you looking for?","publisher":{"@id":"https:\/\/product-guide.org\/#organization"},"potentialAction":[{"@type":"SearchAction","target":{"@type":"EntryPoint","urlTemplate":"https:\/\/product-guide.org\/?s={search_term_string}"},"query-input":{"@type":"PropertyValueSpecification","valueRequired":true,"valueName":"search_term_string"}}],"inLanguage":"en-GB"},{"@type":"Organization","@id":"https:\/\/product-guide.org\/#organization","name":"Product-Guide.org","url":"https:\/\/product-guide.org\/","logo":{"@type":"ImageObject","inLanguage":"en-GB","@id":"https:\/\/product-guide.org\/#\/schema\/logo\/image\/","url":"https:\/\/product-guide.org\/wp-content\/uploads\/2022\/07\/logo_transparent_background.png","contentUrl":"https:\/\/product-guide.org\/wp-content\/uploads\/2022\/07\/logo_transparent_background.png","width":3400,"height":1132,"caption":"Product-Guide.org"},"image":{"@id":"https:\/\/product-guide.org\/#\/schema\/logo\/image\/"}}]}},"_links":{"self":[{"href":"https:\/\/product-guide.org\/en\/wp-json\/wp\/v2\/product\/23164","targetHints":{"allow":["GET"]}}],"collection":[{"href":"https:\/\/product-guide.org\/en\/wp-json\/wp\/v2\/product"}],"about":[{"href":"https:\/\/product-guide.org\/en\/wp-json\/wp\/v2\/types\/product"}],"wp:featuredmedia":[{"embeddable":true,"href":"https:\/\/product-guide.org\/en\/wp-json\/"}],"wp:attachment":[{"href":"https:\/\/product-guide.org\/en\/wp-json\/wp\/v2\/media?parent=23164"}],"wp:term":[{"taxonomy":"store","embeddable":true,"href":"https:\/\/product-guide.org\/en\/wp-json\/wp\/v2\/store?post=23164"},{"taxonomy":"product_brand","embeddable":true,"href":"https:\/\/product-guide.org\/en\/wp-json\/wp\/v2\/product_brand?post=23164"},{"taxonomy":"product_cat","embeddable":true,"href":"https:\/\/product-guide.org\/en\/wp-json\/wp\/v2\/product_cat?post=23164"},{"taxonomy":"product_tag","embeddable":true,"href":"https:\/\/product-guide.org\/en\/wp-json\/wp\/v2\/product_tag?post=23164"}],"curies":[{"name":"wp","href":"https:\/\/api.w.org\/{rel}","templated":true}]}}