{"id":23168,"date":"2023-01-05T13:56:54","date_gmt":"2023-01-05T12:56:54","guid":{"rendered":"https:\/\/product-guide.org\/produkt\/anker-737-charger-ganprime-120w\/"},"modified":"2023-01-05T13:56:54","modified_gmt":"2023-01-05T12:56:54","slug":"anker-737-charger-ganprime-120w","status":"publish","type":"product","link":"https:\/\/product-guide.org\/en\/produkt\/anker-737-charger-ganprime-120w\/","title":{"rendered":"Anker 737 Charger (GaNPrime 120W)"},"content":{"rendered":"<p>DREIFACHE POWER: Mit 2 USB-C-Anschl\u00fcssen und einem USB-A-Anschluss kannst du dein Smartphone, Tablet und Notebook gleichzeitig \u00fcber ein einziges Ladeger\u00e4t aufladen. Oder ganze 100W f\u00fcr ein einziges Ger\u00e4t!    BIS ZU 30 MINUTEN SCHNELLER: Unsere exklusive PowerIQ 4.0-Technologie verf\u00fcgt \u00fcber eine dynamische Stromverteilung, die den Strombedarf angeschlossener Ger\u00e4te erkennt und die Leistung automatisch anpasst, um ein schnelleres und effizienteres Laden zu gew\u00e4hrleisten.    ActiveShield 2.0: Die propriet\u00e4re Technologie von Anker verbessert den Ladeschutz, indem sie die Temperatur \u00fcber 3 Millionen Mal pro Tag intelligent \u00fcberwacht und die Ausgangsleistung effizient anpasst, um die angeschlossenen Ger\u00e4te beim Aufladen effektiv zu sch\u00fctzen.    GR\u00dcNER MIT GaN: Wenn jeder Haushalt in den USA unser 120W GaNPrime-Ladeger\u00e4t anstatt Alternativen verwenden w\u00fcrde, w\u00fcrde die potenzielle Energieeinsparung 796,39 Millionen kWh pro Jahr betragen \u2013 das ist mehr als genug Energie, um ganz Hawaii einen ganzen Monat lang mit Strom zu versorgen!    WAS DU BEKOMMST: Ein Anker 737 Ladeger\u00e4t (GaNPrime 120W), eine Bedienungsanleitung, 24 Monante Herstellergarantie sowie freundlichen Kundenservice.<\/p>\n","protected":false},"excerpt":{"rendered":"<p>DREIFACHE POWER: Mit 2 USB-C-Anschl\u00fcssen und einem USB-A-Anschluss kannst du dein Smartphone, Tablet und Notebook gleichzeitig \u00fcber ein einziges Ladeger\u00e4t aufladen. Oder ganze 100W f\u00fcr ein einziges Ger\u00e4t! BIS ZU 30 MINUTEN SCHNELLER: Unsere exklusive PowerIQ 4.0-Technologie verf\u00fcgt \u00fcber eine dynamische Stromverteilung, die den Strombedarf angeschlossener Ger\u00e4te erkennt und die Leistung automatisch anpasst, um ein [&hellip;]<\/p>\n","protected":false},"featured_media":23169,"template":"","meta":{"_gspb_post_css":""},"store":[727],"product_brand":[],"product_cat":[728],"product_tag":[],"class_list":{"0":"post-23168","1":"product","2":"type-product","3":"status-publish","4":"has-post-thumbnail","6":"store-anker","7":"product_cat-cables-parts-power-supplies","8":"pa_merchant-anker-de","10":"first","11":"instock","12":"product-type-external"},"yoast_head":"<!-- This site is optimized with the Yoast SEO plugin v24.6 - https:\/\/yoast.com\/wordpress\/plugins\/seo\/ -->\n<title>Anker 737 Charger (GaNPrime 120W) | Product-Guide.org<\/title>\n<meta name=\"description\" content=\"Anker 737 Charger (GaNPrime 120W) gefunden von Product-Guide.org\" \/>\n<meta name=\"robots\" content=\"index, follow, max-snippet:-1, max-image-preview:large, max-video-preview:-1\" \/>\n<link rel=\"canonical\" href=\"https:\/\/product-guide.org\/en\/produkt\/anker-737-charger-ganprime-120w\/\" \/>\n<meta property=\"og:locale\" content=\"en_GB\" \/>\n<meta property=\"og:type\" content=\"article\" \/>\n<meta property=\"og:title\" content=\"Anker 737 Charger (GaNPrime 120W) | Product-Guide.org\" \/>\n<meta property=\"og:description\" content=\"Anker 737 Charger (GaNPrime 120W) gefunden von Product-Guide.org\" \/>\n<meta property=\"og:url\" content=\"https:\/\/product-guide.org\/en\/produkt\/anker-737-charger-ganprime-120w\/\" \/>\n<meta property=\"og:site_name\" content=\"Product-Guide.org\" \/>\n<meta property=\"og:image\" content=\"https:\/\/product-guide.org\/wp-content\/uploads\/2023\/01\/unnamed-file-60.png\" \/>\n\t<meta property=\"og:image:width\" content=\"200\" \/>\n\t<meta property=\"og:image:height\" content=\"200\" \/>\n\t<meta property=\"og:image:type\" content=\"image\/png\" \/>\n<meta name=\"twitter:card\" content=\"summary_large_image\" \/>\n<script type=\"application\/ld+json\" class=\"yoast-schema-graph\">{\"@context\":\"https:\/\/schema.org\",\"@graph\":[{\"@type\":\"WebPage\",\"@id\":\"https:\/\/product-guide.org\/en\/produkt\/anker-737-charger-ganprime-120w\/\",\"url\":\"https:\/\/product-guide.org\/en\/produkt\/anker-737-charger-ganprime-120w\/\",\"name\":\"Anker 737 Charger (GaNPrime 120W) | Product-Guide.org\",\"isPartOf\":{\"@id\":\"https:\/\/product-guide.org\/#website\"},\"primaryImageOfPage\":{\"@id\":\"https:\/\/product-guide.org\/en\/produkt\/anker-737-charger-ganprime-120w\/#primaryimage\"},\"image\":{\"@id\":\"https:\/\/product-guide.org\/en\/produkt\/anker-737-charger-ganprime-120w\/#primaryimage\"},\"thumbnailUrl\":\"\",\"datePublished\":\"2023-01-05T12:56:54+00:00\",\"description\":\"Anker 737 Charger (GaNPrime 120W) gefunden von Product-Guide.org\",\"breadcrumb\":{\"@id\":\"https:\/\/product-guide.org\/en\/produkt\/anker-737-charger-ganprime-120w\/#breadcrumb\"},\"inLanguage\":\"en-GB\",\"potentialAction\":[{\"@type\":\"ReadAction\",\"target\":[\"https:\/\/product-guide.org\/en\/produkt\/anker-737-charger-ganprime-120w\/\"]}]},{\"@type\":\"ImageObject\",\"inLanguage\":\"en-GB\",\"@id\":\"https:\/\/product-guide.org\/en\/produkt\/anker-737-charger-ganprime-120w\/#primaryimage\",\"url\":\"\",\"contentUrl\":\"\",\"width\":200,\"height\":200},{\"@type\":\"BreadcrumbList\",\"@id\":\"https:\/\/product-guide.org\/en\/produkt\/anker-737-charger-ganprime-120w\/#breadcrumb\",\"itemListElement\":[{\"@type\":\"ListItem\",\"position\":1,\"name\":\"Home\",\"item\":\"https:\/\/product-guide.org\/\"},{\"@type\":\"ListItem\",\"position\":2,\"name\":\"Ergebnisse\",\"item\":\"https:\/\/product-guide.org\/de\/ergebnisse\/\"},{\"@type\":\"ListItem\",\"position\":3,\"name\":\"Anker 737 Charger (GaNPrime 120W)\"}]},{\"@type\":\"WebSite\",\"@id\":\"https:\/\/product-guide.org\/#website\",\"url\":\"https:\/\/product-guide.org\/\",\"name\":\"Product-Guide.org\",\"description\":\"What Product are you looking for?\",\"publisher\":{\"@id\":\"https:\/\/product-guide.org\/#organization\"},\"potentialAction\":[{\"@type\":\"SearchAction\",\"target\":{\"@type\":\"EntryPoint\",\"urlTemplate\":\"https:\/\/product-guide.org\/?s={search_term_string}\"},\"query-input\":{\"@type\":\"PropertyValueSpecification\",\"valueRequired\":true,\"valueName\":\"search_term_string\"}}],\"inLanguage\":\"en-GB\"},{\"@type\":\"Organization\",\"@id\":\"https:\/\/product-guide.org\/#organization\",\"name\":\"Product-Guide.org\",\"url\":\"https:\/\/product-guide.org\/\",\"logo\":{\"@type\":\"ImageObject\",\"inLanguage\":\"en-GB\",\"@id\":\"https:\/\/product-guide.org\/#\/schema\/logo\/image\/\",\"url\":\"https:\/\/product-guide.org\/wp-content\/uploads\/2022\/07\/logo_transparent_background.png\",\"contentUrl\":\"https:\/\/product-guide.org\/wp-content\/uploads\/2022\/07\/logo_transparent_background.png\",\"width\":3400,\"height\":1132,\"caption\":\"Product-Guide.org\"},\"image\":{\"@id\":\"https:\/\/product-guide.org\/#\/schema\/logo\/image\/\"}}]}<\/script>\n<!-- \/ Yoast SEO plugin. -->","yoast_head_json":{"title":"Anker 737 Charger (GaNPrime 120W) | Product-Guide.org","description":"Anker 737 Charger (GaNPrime 120W) gefunden von Product-Guide.org","robots":{"index":"index","follow":"follow","max-snippet":"max-snippet:-1","max-image-preview":"max-image-preview:large","max-video-preview":"max-video-preview:-1"},"canonical":"https:\/\/product-guide.org\/en\/produkt\/anker-737-charger-ganprime-120w\/","og_locale":"en_GB","og_type":"article","og_title":"Anker 737 Charger (GaNPrime 120W) | Product-Guide.org","og_description":"Anker 737 Charger (GaNPrime 120W) gefunden von Product-Guide.org","og_url":"https:\/\/product-guide.org\/en\/produkt\/anker-737-charger-ganprime-120w\/","og_site_name":"Product-Guide.org","og_image":[{"width":200,"height":200,"url":"https:\/\/product-guide.org\/wp-content\/uploads\/2023\/01\/unnamed-file-60.png","type":"image\/png"}],"twitter_card":"summary_large_image","schema":{"@context":"https:\/\/schema.org","@graph":[{"@type":"WebPage","@id":"https:\/\/product-guide.org\/en\/produkt\/anker-737-charger-ganprime-120w\/","url":"https:\/\/product-guide.org\/en\/produkt\/anker-737-charger-ganprime-120w\/","name":"Anker 737 Charger (GaNPrime 120W) | Product-Guide.org","isPartOf":{"@id":"https:\/\/product-guide.org\/#website"},"primaryImageOfPage":{"@id":"https:\/\/product-guide.org\/en\/produkt\/anker-737-charger-ganprime-120w\/#primaryimage"},"image":{"@id":"https:\/\/product-guide.org\/en\/produkt\/anker-737-charger-ganprime-120w\/#primaryimage"},"thumbnailUrl":"","datePublished":"2023-01-05T12:56:54+00:00","description":"Anker 737 Charger (GaNPrime 120W) gefunden von Product-Guide.org","breadcrumb":{"@id":"https:\/\/product-guide.org\/en\/produkt\/anker-737-charger-ganprime-120w\/#breadcrumb"},"inLanguage":"en-GB","potentialAction":[{"@type":"ReadAction","target":["https:\/\/product-guide.org\/en\/produkt\/anker-737-charger-ganprime-120w\/"]}]},{"@type":"ImageObject","inLanguage":"en-GB","@id":"https:\/\/product-guide.org\/en\/produkt\/anker-737-charger-ganprime-120w\/#primaryimage","url":"","contentUrl":"","width":200,"height":200},{"@type":"BreadcrumbList","@id":"https:\/\/product-guide.org\/en\/produkt\/anker-737-charger-ganprime-120w\/#breadcrumb","itemListElement":[{"@type":"ListItem","position":1,"name":"Home","item":"https:\/\/product-guide.org\/"},{"@type":"ListItem","position":2,"name":"Ergebnisse","item":"https:\/\/product-guide.org\/de\/ergebnisse\/"},{"@type":"ListItem","position":3,"name":"Anker 737 Charger (GaNPrime 120W)"}]},{"@type":"WebSite","@id":"https:\/\/product-guide.org\/#website","url":"https:\/\/product-guide.org\/","name":"Product-Guide.org","description":"What Product are you looking for?","publisher":{"@id":"https:\/\/product-guide.org\/#organization"},"potentialAction":[{"@type":"SearchAction","target":{"@type":"EntryPoint","urlTemplate":"https:\/\/product-guide.org\/?s={search_term_string}"},"query-input":{"@type":"PropertyValueSpecification","valueRequired":true,"valueName":"search_term_string"}}],"inLanguage":"en-GB"},{"@type":"Organization","@id":"https:\/\/product-guide.org\/#organization","name":"Product-Guide.org","url":"https:\/\/product-guide.org\/","logo":{"@type":"ImageObject","inLanguage":"en-GB","@id":"https:\/\/product-guide.org\/#\/schema\/logo\/image\/","url":"https:\/\/product-guide.org\/wp-content\/uploads\/2022\/07\/logo_transparent_background.png","contentUrl":"https:\/\/product-guide.org\/wp-content\/uploads\/2022\/07\/logo_transparent_background.png","width":3400,"height":1132,"caption":"Product-Guide.org"},"image":{"@id":"https:\/\/product-guide.org\/#\/schema\/logo\/image\/"}}]}},"_links":{"self":[{"href":"https:\/\/product-guide.org\/en\/wp-json\/wp\/v2\/product\/23168","targetHints":{"allow":["GET"]}}],"collection":[{"href":"https:\/\/product-guide.org\/en\/wp-json\/wp\/v2\/product"}],"about":[{"href":"https:\/\/product-guide.org\/en\/wp-json\/wp\/v2\/types\/product"}],"wp:featuredmedia":[{"embeddable":true,"href":"https:\/\/product-guide.org\/en\/wp-json\/"}],"wp:attachment":[{"href":"https:\/\/product-guide.org\/en\/wp-json\/wp\/v2\/media?parent=23168"}],"wp:term":[{"taxonomy":"store","embeddable":true,"href":"https:\/\/product-guide.org\/en\/wp-json\/wp\/v2\/store?post=23168"},{"taxonomy":"product_brand","embeddable":true,"href":"https:\/\/product-guide.org\/en\/wp-json\/wp\/v2\/product_brand?post=23168"},{"taxonomy":"product_cat","embeddable":true,"href":"https:\/\/product-guide.org\/en\/wp-json\/wp\/v2\/product_cat?post=23168"},{"taxonomy":"product_tag","embeddable":true,"href":"https:\/\/product-guide.org\/en\/wp-json\/wp\/v2\/product_tag?post=23168"}],"curies":[{"name":"wp","href":"https:\/\/api.w.org\/{rel}","templated":true}]}}