{"id":23196,"date":"2023-01-05T13:57:40","date_gmt":"2023-01-05T12:57:40","guid":{"rendered":"https:\/\/product-guide.org\/produkt\/anker-325-power-bank-powercore-20k\/"},"modified":"2023-01-05T13:57:41","modified_gmt":"2023-01-05T12:57:41","slug":"anker-325-power-bank-powercore-20k","status":"publish","type":"product","link":"https:\/\/product-guide.org\/en\/produkt\/anker-325-power-bank-powercore-20k\/","title":{"rendered":"Anker 325 Power Bank (PowerCore 20K)"},"content":{"rendered":"<p>ENORME KAPAZIT\u00c4T: Die massive Kraft von 20.000 mAh schenkt deinem iPhone XS \u00fcber 5 Ladungen, deinem Galaxy S10 fast 5 ganze Ladungen, \u00fcber 4 Ladungen f\u00fcr dein iPhone 11, sowie \u00fcber 2,5 Ladungen f\u00fcr dein iPad mini 5! BLITZSCHNELL LADEN: Ankers hauseigene PowerIQ Technologie in Kombination mit starker VoltageBoost Technologie liefert die schnellste und dank der praktischen Erhaltungsladung auch die sicherste Ladung f\u00fcr nahezu jedes Ger\u00e4t. DOPPELT SO STARK: Zwei USB-Ports garantieren dir Ladungen in H\u00f6chstgeschwindigkeit f\u00fcr zwei Ger\u00e4te gleichzeitig. (Der USB-C-Port ist nicht zum Aufladen anderer Ger\u00e4te konzipiert.) VIELSEITIGE LADEM\u00d6GLICHKEITEN: Du kannst Anker 325 Power Bank ganz flexibel per USB-C oder Micro-USB wieder aufladen. Das Aufladen deiner Powerbank mit einem 10W Netzteil dauert ca. 10 Stunden und mit einem 5W Netzteil ca. 20 Stunden. WAS DU BEKOMMST: Eine  Anker 325 Power Bank, ein Mikro-USB-Kabel, eine Bedienungsanleitung, 18 Monate Garantie sowie freundlichen Kundenservice. (USB-C-Kabel, Lightning-Kabel und Netzteil sind separat erh\u00e4ltlich.)<\/p>\n","protected":false},"excerpt":{"rendered":"<p>ENORME KAPAZIT\u00c4T: Die massive Kraft von 20.000 mAh schenkt deinem iPhone XS \u00fcber 5 Ladungen, deinem Galaxy S10 fast 5 ganze Ladungen, \u00fcber 4 Ladungen f\u00fcr dein iPhone 11, sowie \u00fcber 2,5 Ladungen f\u00fcr dein iPad mini 5! BLITZSCHNELL LADEN: Ankers hauseigene PowerIQ Technologie in Kombination mit starker VoltageBoost Technologie liefert die schnellste und dank [&hellip;]<\/p>\n","protected":false},"featured_media":23197,"template":"","meta":{"_gspb_post_css":""},"store":[727],"product_brand":[],"product_cat":[728],"product_tag":[],"class_list":{"0":"post-23196","1":"product","2":"type-product","3":"status-publish","4":"has-post-thumbnail","6":"store-anker","7":"product_cat-cables-parts-power-supplies","8":"pa_merchant-anker-de","10":"first","11":"instock","12":"product-type-external"},"yoast_head":"<!-- This site is optimized with the Yoast SEO plugin v24.6 - https:\/\/yoast.com\/wordpress\/plugins\/seo\/ -->\n<title>Anker 325 Power Bank (PowerCore 20K) | Product-Guide.org<\/title>\n<meta name=\"description\" content=\"Anker 325 Power Bank (PowerCore 20K) gefunden von Product-Guide.org\" \/>\n<meta name=\"robots\" content=\"index, follow, max-snippet:-1, max-image-preview:large, max-video-preview:-1\" \/>\n<link rel=\"canonical\" href=\"https:\/\/product-guide.org\/en\/produkt\/anker-325-power-bank-powercore-20k\/\" \/>\n<meta property=\"og:locale\" content=\"en_GB\" \/>\n<meta property=\"og:type\" content=\"article\" \/>\n<meta property=\"og:title\" content=\"Anker 325 Power Bank (PowerCore 20K) | Product-Guide.org\" \/>\n<meta property=\"og:description\" content=\"Anker 325 Power Bank (PowerCore 20K) gefunden von Product-Guide.org\" \/>\n<meta property=\"og:url\" content=\"https:\/\/product-guide.org\/en\/produkt\/anker-325-power-bank-powercore-20k\/\" \/>\n<meta property=\"og:site_name\" content=\"Product-Guide.org\" \/>\n<meta property=\"article:modified_time\" content=\"2023-01-05T12:57:41+00:00\" \/>\n<meta property=\"og:image\" content=\"https:\/\/product-guide.org\/wp-content\/uploads\/2023\/01\/unnamed-file-63.png\" \/>\n\t<meta property=\"og:image:width\" content=\"200\" \/>\n\t<meta property=\"og:image:height\" content=\"200\" \/>\n\t<meta property=\"og:image:type\" content=\"image\/png\" \/>\n<meta name=\"twitter:card\" content=\"summary_large_image\" \/>\n<script type=\"application\/ld+json\" class=\"yoast-schema-graph\">{\"@context\":\"https:\/\/schema.org\",\"@graph\":[{\"@type\":\"WebPage\",\"@id\":\"https:\/\/product-guide.org\/en\/produkt\/anker-325-power-bank-powercore-20k\/\",\"url\":\"https:\/\/product-guide.org\/en\/produkt\/anker-325-power-bank-powercore-20k\/\",\"name\":\"Anker 325 Power Bank (PowerCore 20K) | Product-Guide.org\",\"isPartOf\":{\"@id\":\"https:\/\/product-guide.org\/#website\"},\"primaryImageOfPage\":{\"@id\":\"https:\/\/product-guide.org\/en\/produkt\/anker-325-power-bank-powercore-20k\/#primaryimage\"},\"image\":{\"@id\":\"https:\/\/product-guide.org\/en\/produkt\/anker-325-power-bank-powercore-20k\/#primaryimage\"},\"thumbnailUrl\":\"\",\"datePublished\":\"2023-01-05T12:57:40+00:00\",\"dateModified\":\"2023-01-05T12:57:41+00:00\",\"description\":\"Anker 325 Power Bank (PowerCore 20K) gefunden von Product-Guide.org\",\"breadcrumb\":{\"@id\":\"https:\/\/product-guide.org\/en\/produkt\/anker-325-power-bank-powercore-20k\/#breadcrumb\"},\"inLanguage\":\"en-GB\",\"potentialAction\":[{\"@type\":\"ReadAction\",\"target\":[\"https:\/\/product-guide.org\/en\/produkt\/anker-325-power-bank-powercore-20k\/\"]}]},{\"@type\":\"ImageObject\",\"inLanguage\":\"en-GB\",\"@id\":\"https:\/\/product-guide.org\/en\/produkt\/anker-325-power-bank-powercore-20k\/#primaryimage\",\"url\":\"\",\"contentUrl\":\"\",\"width\":200,\"height\":200},{\"@type\":\"BreadcrumbList\",\"@id\":\"https:\/\/product-guide.org\/en\/produkt\/anker-325-power-bank-powercore-20k\/#breadcrumb\",\"itemListElement\":[{\"@type\":\"ListItem\",\"position\":1,\"name\":\"Home\",\"item\":\"https:\/\/product-guide.org\/\"},{\"@type\":\"ListItem\",\"position\":2,\"name\":\"Ergebnisse\",\"item\":\"https:\/\/product-guide.org\/de\/ergebnisse\/\"},{\"@type\":\"ListItem\",\"position\":3,\"name\":\"Anker 325 Power Bank (PowerCore 20K)\"}]},{\"@type\":\"WebSite\",\"@id\":\"https:\/\/product-guide.org\/#website\",\"url\":\"https:\/\/product-guide.org\/\",\"name\":\"Product-Guide.org\",\"description\":\"What Product are you looking for?\",\"publisher\":{\"@id\":\"https:\/\/product-guide.org\/#organization\"},\"potentialAction\":[{\"@type\":\"SearchAction\",\"target\":{\"@type\":\"EntryPoint\",\"urlTemplate\":\"https:\/\/product-guide.org\/?s={search_term_string}\"},\"query-input\":{\"@type\":\"PropertyValueSpecification\",\"valueRequired\":true,\"valueName\":\"search_term_string\"}}],\"inLanguage\":\"en-GB\"},{\"@type\":\"Organization\",\"@id\":\"https:\/\/product-guide.org\/#organization\",\"name\":\"Product-Guide.org\",\"url\":\"https:\/\/product-guide.org\/\",\"logo\":{\"@type\":\"ImageObject\",\"inLanguage\":\"en-GB\",\"@id\":\"https:\/\/product-guide.org\/#\/schema\/logo\/image\/\",\"url\":\"https:\/\/product-guide.org\/wp-content\/uploads\/2022\/07\/logo_transparent_background.png\",\"contentUrl\":\"https:\/\/product-guide.org\/wp-content\/uploads\/2022\/07\/logo_transparent_background.png\",\"width\":3400,\"height\":1132,\"caption\":\"Product-Guide.org\"},\"image\":{\"@id\":\"https:\/\/product-guide.org\/#\/schema\/logo\/image\/\"}}]}<\/script>\n<!-- \/ Yoast SEO plugin. -->","yoast_head_json":{"title":"Anker 325 Power Bank (PowerCore 20K) | Product-Guide.org","description":"Anker 325 Power Bank (PowerCore 20K) gefunden von Product-Guide.org","robots":{"index":"index","follow":"follow","max-snippet":"max-snippet:-1","max-image-preview":"max-image-preview:large","max-video-preview":"max-video-preview:-1"},"canonical":"https:\/\/product-guide.org\/en\/produkt\/anker-325-power-bank-powercore-20k\/","og_locale":"en_GB","og_type":"article","og_title":"Anker 325 Power Bank (PowerCore 20K) | Product-Guide.org","og_description":"Anker 325 Power Bank (PowerCore 20K) gefunden von Product-Guide.org","og_url":"https:\/\/product-guide.org\/en\/produkt\/anker-325-power-bank-powercore-20k\/","og_site_name":"Product-Guide.org","article_modified_time":"2023-01-05T12:57:41+00:00","og_image":[{"width":200,"height":200,"url":"https:\/\/product-guide.org\/wp-content\/uploads\/2023\/01\/unnamed-file-63.png","type":"image\/png"}],"twitter_card":"summary_large_image","schema":{"@context":"https:\/\/schema.org","@graph":[{"@type":"WebPage","@id":"https:\/\/product-guide.org\/en\/produkt\/anker-325-power-bank-powercore-20k\/","url":"https:\/\/product-guide.org\/en\/produkt\/anker-325-power-bank-powercore-20k\/","name":"Anker 325 Power Bank (PowerCore 20K) | Product-Guide.org","isPartOf":{"@id":"https:\/\/product-guide.org\/#website"},"primaryImageOfPage":{"@id":"https:\/\/product-guide.org\/en\/produkt\/anker-325-power-bank-powercore-20k\/#primaryimage"},"image":{"@id":"https:\/\/product-guide.org\/en\/produkt\/anker-325-power-bank-powercore-20k\/#primaryimage"},"thumbnailUrl":"","datePublished":"2023-01-05T12:57:40+00:00","dateModified":"2023-01-05T12:57:41+00:00","description":"Anker 325 Power Bank (PowerCore 20K) gefunden von Product-Guide.org","breadcrumb":{"@id":"https:\/\/product-guide.org\/en\/produkt\/anker-325-power-bank-powercore-20k\/#breadcrumb"},"inLanguage":"en-GB","potentialAction":[{"@type":"ReadAction","target":["https:\/\/product-guide.org\/en\/produkt\/anker-325-power-bank-powercore-20k\/"]}]},{"@type":"ImageObject","inLanguage":"en-GB","@id":"https:\/\/product-guide.org\/en\/produkt\/anker-325-power-bank-powercore-20k\/#primaryimage","url":"","contentUrl":"","width":200,"height":200},{"@type":"BreadcrumbList","@id":"https:\/\/product-guide.org\/en\/produkt\/anker-325-power-bank-powercore-20k\/#breadcrumb","itemListElement":[{"@type":"ListItem","position":1,"name":"Home","item":"https:\/\/product-guide.org\/"},{"@type":"ListItem","position":2,"name":"Ergebnisse","item":"https:\/\/product-guide.org\/de\/ergebnisse\/"},{"@type":"ListItem","position":3,"name":"Anker 325 Power Bank (PowerCore 20K)"}]},{"@type":"WebSite","@id":"https:\/\/product-guide.org\/#website","url":"https:\/\/product-guide.org\/","name":"Product-Guide.org","description":"What Product are you looking for?","publisher":{"@id":"https:\/\/product-guide.org\/#organization"},"potentialAction":[{"@type":"SearchAction","target":{"@type":"EntryPoint","urlTemplate":"https:\/\/product-guide.org\/?s={search_term_string}"},"query-input":{"@type":"PropertyValueSpecification","valueRequired":true,"valueName":"search_term_string"}}],"inLanguage":"en-GB"},{"@type":"Organization","@id":"https:\/\/product-guide.org\/#organization","name":"Product-Guide.org","url":"https:\/\/product-guide.org\/","logo":{"@type":"ImageObject","inLanguage":"en-GB","@id":"https:\/\/product-guide.org\/#\/schema\/logo\/image\/","url":"https:\/\/product-guide.org\/wp-content\/uploads\/2022\/07\/logo_transparent_background.png","contentUrl":"https:\/\/product-guide.org\/wp-content\/uploads\/2022\/07\/logo_transparent_background.png","width":3400,"height":1132,"caption":"Product-Guide.org"},"image":{"@id":"https:\/\/product-guide.org\/#\/schema\/logo\/image\/"}}]}},"_links":{"self":[{"href":"https:\/\/product-guide.org\/en\/wp-json\/wp\/v2\/product\/23196","targetHints":{"allow":["GET"]}}],"collection":[{"href":"https:\/\/product-guide.org\/en\/wp-json\/wp\/v2\/product"}],"about":[{"href":"https:\/\/product-guide.org\/en\/wp-json\/wp\/v2\/types\/product"}],"wp:featuredmedia":[{"embeddable":true,"href":"https:\/\/product-guide.org\/en\/wp-json\/"}],"wp:attachment":[{"href":"https:\/\/product-guide.org\/en\/wp-json\/wp\/v2\/media?parent=23196"}],"wp:term":[{"taxonomy":"store","embeddable":true,"href":"https:\/\/product-guide.org\/en\/wp-json\/wp\/v2\/store?post=23196"},{"taxonomy":"product_brand","embeddable":true,"href":"https:\/\/product-guide.org\/en\/wp-json\/wp\/v2\/product_brand?post=23196"},{"taxonomy":"product_cat","embeddable":true,"href":"https:\/\/product-guide.org\/en\/wp-json\/wp\/v2\/product_cat?post=23196"},{"taxonomy":"product_tag","embeddable":true,"href":"https:\/\/product-guide.org\/en\/wp-json\/wp\/v2\/product_tag?post=23196"}],"curies":[{"name":"wp","href":"https:\/\/api.w.org\/{rel}","templated":true}]}}