{"id":23216,"date":"2023-01-05T13:58:17","date_gmt":"2023-01-05T12:58:17","guid":{"rendered":"https:\/\/product-guide.org\/produkt\/anker-760-powerstation-erweiterungsakku-2048wh\/"},"modified":"2023-01-05T13:58:17","modified_gmt":"2023-01-05T12:58:17","slug":"anker-760-powerstation-erweiterungsakku-2048wh","status":"publish","type":"product","link":"https:\/\/product-guide.org\/en\/produkt\/anker-760-powerstation-erweiterungsakku-2048wh\/","title":{"rendered":"Anker 760 Powerstation Erweiterungsakku (2048Wh)"},"content":{"rendered":"<p>10 JAHRE LEBENSDAUER: Mit unserer leistungsstarken Technologie InfiniPower\u2122, kombiniert mit LiFePO4-Akkus, extrem langlebigen elektronischen Komponenten, intelligenter Temperaturregulierung mit bis zu 100 Messungen pro Sekunde und einem sturzfesten Design, ist Anker PowerHouse 767 so gebaut, dass es auch bei t\u00e4glichem Gebrauch \u00fcber ein Jahrzehnt h\u00e4lt.       DOPPELTE LEISTUNG: Verwende den Anker 760 Erweiterungsakku (2048 Wh) mit dem Anker PowerHouse 767 (2048 Wh) und erh\u00f6he die Akkukapazit\u00e4t so auf 4096 Wh.       EXTREM ROBUST UND SICHER: Das sturzsichere Unibody-Design, elektronische Komponenten mit einer Lebensdauer von 50.000 Stunden und ein Bel\u00fcftungsgitter zur besseren W\u00e4rmeableitung verdeutlichen, dass der 760 Erweiterungsakku f\u00fcr eine lange Lebensdauer konzipiert ist. Ein stabiler 3-Punkt-Schutzverschluss sch\u00fctzt den Akku und sorgt daf\u00fcr, dass beim Aufladen kein Kriechstrom entsteht.       5 JAHRE VOLLE GARANTIE: Anstelle der durchschnittlichen 2 Jahre ist der 760 Erweiterungsakku der tragbaren Anker Powerstation 767 so konzipiert, dass er deine Ger\u00e4te ganze 10 Jahre lang jeden Tag zuverl\u00e4ssig mit Strom versorgt. Au\u00dferdem bietet er eine \u00fcberragende Garantie \u00fcber 5 Jahre &#8211; f\u00fcr ein absolut sorgenfreies Erlebnis.       WAS DU BEKOMMST: Anker 760 Powerstation Erweiterungsakku f\u00fcr die Anker tragbare Powerstation 767 (2048 Wh), Benutzerhandbuch, Verbindungskabel zwischen Akku und Ger\u00e4t, 5 Jahre Garantie und unseren freundlichen Kundenservice.<\/p>\n","protected":false},"excerpt":{"rendered":"<p>10 JAHRE LEBENSDAUER: Mit unserer leistungsstarken Technologie InfiniPower\u2122, kombiniert mit LiFePO4-Akkus, extrem langlebigen elektronischen Komponenten, intelligenter Temperaturregulierung mit bis zu 100 Messungen pro Sekunde und einem sturzfesten Design, ist Anker PowerHouse 767 so gebaut, dass es auch bei t\u00e4glichem Gebrauch \u00fcber ein Jahrzehnt h\u00e4lt. DOPPELTE LEISTUNG: Verwende den Anker 760 Erweiterungsakku (2048 Wh) mit dem [&hellip;]<\/p>\n","protected":false},"featured_media":23217,"template":"","meta":{"_gspb_post_css":""},"store":[727],"product_brand":[],"product_cat":[728],"product_tag":[],"class_list":{"0":"post-23216","1":"product","2":"type-product","3":"status-publish","4":"has-post-thumbnail","6":"store-anker","7":"product_cat-cables-parts-power-supplies","8":"pa_merchant-anker-de","10":"first","11":"instock","12":"product-type-external"},"yoast_head":"<!-- This site is optimized with the Yoast SEO plugin v24.6 - https:\/\/yoast.com\/wordpress\/plugins\/seo\/ -->\n<title>Anker 760 Powerstation Erweiterungsakku (2048Wh) | Product-Guide.org<\/title>\n<meta name=\"description\" content=\"Anker 760 Powerstation Erweiterungsakku (2048Wh) gefunden von Product-Guide.org\" \/>\n<meta name=\"robots\" content=\"index, follow, max-snippet:-1, max-image-preview:large, max-video-preview:-1\" \/>\n<link rel=\"canonical\" href=\"https:\/\/product-guide.org\/en\/produkt\/anker-760-powerstation-erweiterungsakku-2048wh\/\" \/>\n<meta property=\"og:locale\" content=\"en_GB\" \/>\n<meta property=\"og:type\" content=\"article\" \/>\n<meta property=\"og:title\" content=\"Anker 760 Powerstation Erweiterungsakku (2048Wh) | Product-Guide.org\" \/>\n<meta property=\"og:description\" content=\"Anker 760 Powerstation Erweiterungsakku (2048Wh) gefunden von Product-Guide.org\" \/>\n<meta property=\"og:url\" content=\"https:\/\/product-guide.org\/en\/produkt\/anker-760-powerstation-erweiterungsakku-2048wh\/\" \/>\n<meta property=\"og:site_name\" content=\"Product-Guide.org\" \/>\n<meta property=\"og:image\" content=\"https:\/\/product-guide.org\/wp-content\/uploads\/2023\/01\/unnamed-file-123.jpeg\" \/>\n\t<meta property=\"og:image:width\" content=\"200\" \/>\n\t<meta property=\"og:image:height\" content=\"200\" \/>\n\t<meta property=\"og:image:type\" content=\"image\/jpeg\" \/>\n<meta name=\"twitter:card\" content=\"summary_large_image\" \/>\n<script type=\"application\/ld+json\" class=\"yoast-schema-graph\">{\"@context\":\"https:\/\/schema.org\",\"@graph\":[{\"@type\":\"WebPage\",\"@id\":\"https:\/\/product-guide.org\/en\/produkt\/anker-760-powerstation-erweiterungsakku-2048wh\/\",\"url\":\"https:\/\/product-guide.org\/en\/produkt\/anker-760-powerstation-erweiterungsakku-2048wh\/\",\"name\":\"Anker 760 Powerstation Erweiterungsakku (2048Wh) | Product-Guide.org\",\"isPartOf\":{\"@id\":\"https:\/\/product-guide.org\/#website\"},\"primaryImageOfPage\":{\"@id\":\"https:\/\/product-guide.org\/en\/produkt\/anker-760-powerstation-erweiterungsakku-2048wh\/#primaryimage\"},\"image\":{\"@id\":\"https:\/\/product-guide.org\/en\/produkt\/anker-760-powerstation-erweiterungsakku-2048wh\/#primaryimage\"},\"thumbnailUrl\":\"\",\"datePublished\":\"2023-01-05T12:58:17+00:00\",\"description\":\"Anker 760 Powerstation Erweiterungsakku (2048Wh) gefunden von Product-Guide.org\",\"breadcrumb\":{\"@id\":\"https:\/\/product-guide.org\/en\/produkt\/anker-760-powerstation-erweiterungsakku-2048wh\/#breadcrumb\"},\"inLanguage\":\"en-GB\",\"potentialAction\":[{\"@type\":\"ReadAction\",\"target\":[\"https:\/\/product-guide.org\/en\/produkt\/anker-760-powerstation-erweiterungsakku-2048wh\/\"]}]},{\"@type\":\"ImageObject\",\"inLanguage\":\"en-GB\",\"@id\":\"https:\/\/product-guide.org\/en\/produkt\/anker-760-powerstation-erweiterungsakku-2048wh\/#primaryimage\",\"url\":\"\",\"contentUrl\":\"\",\"width\":200,\"height\":200},{\"@type\":\"BreadcrumbList\",\"@id\":\"https:\/\/product-guide.org\/en\/produkt\/anker-760-powerstation-erweiterungsakku-2048wh\/#breadcrumb\",\"itemListElement\":[{\"@type\":\"ListItem\",\"position\":1,\"name\":\"Home\",\"item\":\"https:\/\/product-guide.org\/\"},{\"@type\":\"ListItem\",\"position\":2,\"name\":\"Ergebnisse\",\"item\":\"https:\/\/product-guide.org\/de\/ergebnisse\/\"},{\"@type\":\"ListItem\",\"position\":3,\"name\":\"Anker 760 Powerstation Erweiterungsakku (2048Wh)\"}]},{\"@type\":\"WebSite\",\"@id\":\"https:\/\/product-guide.org\/#website\",\"url\":\"https:\/\/product-guide.org\/\",\"name\":\"Product-Guide.org\",\"description\":\"What Product are you looking for?\",\"publisher\":{\"@id\":\"https:\/\/product-guide.org\/#organization\"},\"potentialAction\":[{\"@type\":\"SearchAction\",\"target\":{\"@type\":\"EntryPoint\",\"urlTemplate\":\"https:\/\/product-guide.org\/?s={search_term_string}\"},\"query-input\":{\"@type\":\"PropertyValueSpecification\",\"valueRequired\":true,\"valueName\":\"search_term_string\"}}],\"inLanguage\":\"en-GB\"},{\"@type\":\"Organization\",\"@id\":\"https:\/\/product-guide.org\/#organization\",\"name\":\"Product-Guide.org\",\"url\":\"https:\/\/product-guide.org\/\",\"logo\":{\"@type\":\"ImageObject\",\"inLanguage\":\"en-GB\",\"@id\":\"https:\/\/product-guide.org\/#\/schema\/logo\/image\/\",\"url\":\"https:\/\/product-guide.org\/wp-content\/uploads\/2022\/07\/logo_transparent_background.png\",\"contentUrl\":\"https:\/\/product-guide.org\/wp-content\/uploads\/2022\/07\/logo_transparent_background.png\",\"width\":3400,\"height\":1132,\"caption\":\"Product-Guide.org\"},\"image\":{\"@id\":\"https:\/\/product-guide.org\/#\/schema\/logo\/image\/\"}}]}<\/script>\n<!-- \/ Yoast SEO plugin. -->","yoast_head_json":{"title":"Anker 760 Powerstation Erweiterungsakku (2048Wh) | Product-Guide.org","description":"Anker 760 Powerstation Erweiterungsakku (2048Wh) gefunden von Product-Guide.org","robots":{"index":"index","follow":"follow","max-snippet":"max-snippet:-1","max-image-preview":"max-image-preview:large","max-video-preview":"max-video-preview:-1"},"canonical":"https:\/\/product-guide.org\/en\/produkt\/anker-760-powerstation-erweiterungsakku-2048wh\/","og_locale":"en_GB","og_type":"article","og_title":"Anker 760 Powerstation Erweiterungsakku (2048Wh) | Product-Guide.org","og_description":"Anker 760 Powerstation Erweiterungsakku (2048Wh) gefunden von Product-Guide.org","og_url":"https:\/\/product-guide.org\/en\/produkt\/anker-760-powerstation-erweiterungsakku-2048wh\/","og_site_name":"Product-Guide.org","og_image":[{"width":200,"height":200,"url":"https:\/\/product-guide.org\/wp-content\/uploads\/2023\/01\/unnamed-file-123.jpeg","type":"image\/jpeg"}],"twitter_card":"summary_large_image","schema":{"@context":"https:\/\/schema.org","@graph":[{"@type":"WebPage","@id":"https:\/\/product-guide.org\/en\/produkt\/anker-760-powerstation-erweiterungsakku-2048wh\/","url":"https:\/\/product-guide.org\/en\/produkt\/anker-760-powerstation-erweiterungsakku-2048wh\/","name":"Anker 760 Powerstation Erweiterungsakku (2048Wh) | Product-Guide.org","isPartOf":{"@id":"https:\/\/product-guide.org\/#website"},"primaryImageOfPage":{"@id":"https:\/\/product-guide.org\/en\/produkt\/anker-760-powerstation-erweiterungsakku-2048wh\/#primaryimage"},"image":{"@id":"https:\/\/product-guide.org\/en\/produkt\/anker-760-powerstation-erweiterungsakku-2048wh\/#primaryimage"},"thumbnailUrl":"","datePublished":"2023-01-05T12:58:17+00:00","description":"Anker 760 Powerstation Erweiterungsakku (2048Wh) gefunden von Product-Guide.org","breadcrumb":{"@id":"https:\/\/product-guide.org\/en\/produkt\/anker-760-powerstation-erweiterungsakku-2048wh\/#breadcrumb"},"inLanguage":"en-GB","potentialAction":[{"@type":"ReadAction","target":["https:\/\/product-guide.org\/en\/produkt\/anker-760-powerstation-erweiterungsakku-2048wh\/"]}]},{"@type":"ImageObject","inLanguage":"en-GB","@id":"https:\/\/product-guide.org\/en\/produkt\/anker-760-powerstation-erweiterungsakku-2048wh\/#primaryimage","url":"","contentUrl":"","width":200,"height":200},{"@type":"BreadcrumbList","@id":"https:\/\/product-guide.org\/en\/produkt\/anker-760-powerstation-erweiterungsakku-2048wh\/#breadcrumb","itemListElement":[{"@type":"ListItem","position":1,"name":"Home","item":"https:\/\/product-guide.org\/"},{"@type":"ListItem","position":2,"name":"Ergebnisse","item":"https:\/\/product-guide.org\/de\/ergebnisse\/"},{"@type":"ListItem","position":3,"name":"Anker 760 Powerstation Erweiterungsakku (2048Wh)"}]},{"@type":"WebSite","@id":"https:\/\/product-guide.org\/#website","url":"https:\/\/product-guide.org\/","name":"Product-Guide.org","description":"What Product are you looking for?","publisher":{"@id":"https:\/\/product-guide.org\/#organization"},"potentialAction":[{"@type":"SearchAction","target":{"@type":"EntryPoint","urlTemplate":"https:\/\/product-guide.org\/?s={search_term_string}"},"query-input":{"@type":"PropertyValueSpecification","valueRequired":true,"valueName":"search_term_string"}}],"inLanguage":"en-GB"},{"@type":"Organization","@id":"https:\/\/product-guide.org\/#organization","name":"Product-Guide.org","url":"https:\/\/product-guide.org\/","logo":{"@type":"ImageObject","inLanguage":"en-GB","@id":"https:\/\/product-guide.org\/#\/schema\/logo\/image\/","url":"https:\/\/product-guide.org\/wp-content\/uploads\/2022\/07\/logo_transparent_background.png","contentUrl":"https:\/\/product-guide.org\/wp-content\/uploads\/2022\/07\/logo_transparent_background.png","width":3400,"height":1132,"caption":"Product-Guide.org"},"image":{"@id":"https:\/\/product-guide.org\/#\/schema\/logo\/image\/"}}]}},"_links":{"self":[{"href":"https:\/\/product-guide.org\/en\/wp-json\/wp\/v2\/product\/23216","targetHints":{"allow":["GET"]}}],"collection":[{"href":"https:\/\/product-guide.org\/en\/wp-json\/wp\/v2\/product"}],"about":[{"href":"https:\/\/product-guide.org\/en\/wp-json\/wp\/v2\/types\/product"}],"wp:featuredmedia":[{"embeddable":true,"href":"https:\/\/product-guide.org\/en\/wp-json\/"}],"wp:attachment":[{"href":"https:\/\/product-guide.org\/en\/wp-json\/wp\/v2\/media?parent=23216"}],"wp:term":[{"taxonomy":"store","embeddable":true,"href":"https:\/\/product-guide.org\/en\/wp-json\/wp\/v2\/store?post=23216"},{"taxonomy":"product_brand","embeddable":true,"href":"https:\/\/product-guide.org\/en\/wp-json\/wp\/v2\/product_brand?post=23216"},{"taxonomy":"product_cat","embeddable":true,"href":"https:\/\/product-guide.org\/en\/wp-json\/wp\/v2\/product_cat?post=23216"},{"taxonomy":"product_tag","embeddable":true,"href":"https:\/\/product-guide.org\/en\/wp-json\/wp\/v2\/product_tag?post=23216"}],"curies":[{"name":"wp","href":"https:\/\/api.w.org\/{rel}","templated":true}]}}