{"id":23220,"date":"2023-01-05T13:58:24","date_gmt":"2023-01-05T12:58:24","guid":{"rendered":"https:\/\/product-guide.org\/produkt\/anker-solargenerator-767-powerhouse-2048-wh-mit-2200-w-solarpanelen\/"},"modified":"2023-01-05T13:58:24","modified_gmt":"2023-01-05T12:58:24","slug":"anker-solargenerator-767-powerhouse-2048-wh-mit-2200-w-solarpanelen","status":"publish","type":"product","link":"https:\/\/product-guide.org\/en\/produkt\/anker-solargenerator-767-powerhouse-2048-wh-mit-2200-w-solarpanelen\/","title":{"rendered":"Anker Solargenerator 767 (PowerHouse 2048 Wh mit 2*200 W Solarpanelen)"},"content":{"rendered":"<p>Begrenztes Angebot. Nur solange der Vorrat reicht.    LANGLEBIGE MOBILE POWERSTATION MIT 10 JAHREN LEBENSDAUER: Mit unserer patentierten InfiniPower\u2122-Technologie, kombiniert mit LiFePO4-Akkus, extrem langlebigen elektronischen Komponenten, einem intelligenten Temperaturkontrollsystem, das die Temperatur bis zu 100 Mal pro Sekunde \u00fcberwacht, und einen sto\u00dffesten Design ist das Anker PowerHouse 767 so gebaut, dass es selbst bei t\u00e4glichem Gebrauch \u00fcber ein Jahrzehnt h\u00e4lt.      3-STUFIGE NEIGUNG  IP67 WASSERSCHUTZ:\u00a0Stelle das 531 Solarpanel \u00fcber den anpassbaren Standfu\u00df nahtlos auf 40\u00b0, 50\u00b0 oder 60\u00b0 ein f\u00fcr einen optimalen Sonneneinfallswinkel. Der IP67-Wasserschutz des Solarpanels erm\u00f6glicht es ihm, selbst rauem Wetter und jedem noch so abenteuerlichen Lebensstil zu trotzen.      2300 W F\u00dcR DIE STROMVERSORGUNG VON 10 GER\u00c4TEN: 3 230 V-Anschl\u00fcsse mit einer Leistung von bis zu 2300 W, 3 USB-C-Ladeanschl\u00fcsse, 2 USB-A-Anschl\u00fcsse und 2 12 V-Steckdosen versorgen nahezu alle deine Ger\u00e4te gleichzeitig.      5 JAHRE GARANTIE: Statt der durchschnittlichen 2 Jahre ist das Anker PowerHouse 767 so konzipiert, dass es deine Ger\u00e4te 10 Jahre lang jeden Tag zuverl\u00e4ssig mit Strom versorgt. Au\u00dferdem bietet es eine au\u00dfergew\u00f6hnliche Garantie f\u00fcr volle 5 Jahre &#8211; f\u00fcr eine garantiert sorgenfreie Erfahrung.      LIEFERUMFANG: Eine Anker 767 Powerstation (GaNPrime PowerHouse 2048 Wh), AC-Ladekabel, Autoladekabel, Solarladekabel, 5-Port-Solarladeanschluss, Zubeh\u00f6rtasche, 2\u00d7 Anker 531 Solarpanel, 2\u00d7 3m Solarladekabel, Bedienungsanleitung und unser freundlicher Kundenservice.    \u00a0<\/p>\n","protected":false},"excerpt":{"rendered":"<p>Begrenztes Angebot. Nur solange der Vorrat reicht. LANGLEBIGE MOBILE POWERSTATION MIT 10 JAHREN LEBENSDAUER: Mit unserer patentierten InfiniPower\u2122-Technologie, kombiniert mit LiFePO4-Akkus, extrem langlebigen elektronischen Komponenten, einem intelligenten Temperaturkontrollsystem, das die Temperatur bis zu 100 Mal pro Sekunde \u00fcberwacht, und einen sto\u00dffesten Design ist das Anker PowerHouse 767 so gebaut, dass es selbst bei t\u00e4glichem Gebrauch [&hellip;]<\/p>\n","protected":false},"featured_media":23221,"template":"","meta":{"_gspb_post_css":""},"store":[727],"product_brand":[],"product_cat":[728],"product_tag":[],"class_list":{"0":"post-23220","1":"product","2":"type-product","3":"status-publish","4":"has-post-thumbnail","6":"store-anker","7":"product_cat-cables-parts-power-supplies","8":"pa_merchant-anker-de","10":"first","11":"instock","12":"product-type-external"},"yoast_head":"<!-- This site is optimized with the Yoast SEO plugin v24.6 - https:\/\/yoast.com\/wordpress\/plugins\/seo\/ -->\n<title>Anker Solargenerator 767 (PowerHouse 2048 Wh mit 2*200 W Solarpanelen) | Product-Guide.org<\/title>\n<meta name=\"description\" content=\"Anker Solargenerator 767 (PowerHouse 2048 Wh mit 2*200 W Solarpanelen) gefunden von Product-Guide.org\" \/>\n<meta name=\"robots\" content=\"index, follow, max-snippet:-1, max-image-preview:large, max-video-preview:-1\" \/>\n<link rel=\"canonical\" href=\"https:\/\/product-guide.org\/en\/produkt\/anker-solargenerator-767-powerhouse-2048-wh-mit-2200-w-solarpanelen\/\" \/>\n<meta property=\"og:locale\" content=\"en_GB\" \/>\n<meta property=\"og:type\" content=\"article\" \/>\n<meta property=\"og:title\" content=\"Anker Solargenerator 767 (PowerHouse 2048 Wh mit 2*200 W Solarpanelen) | Product-Guide.org\" \/>\n<meta property=\"og:description\" content=\"Anker Solargenerator 767 (PowerHouse 2048 Wh mit 2*200 W Solarpanelen) gefunden von Product-Guide.org\" \/>\n<meta property=\"og:url\" content=\"https:\/\/product-guide.org\/en\/produkt\/anker-solargenerator-767-powerhouse-2048-wh-mit-2200-w-solarpanelen\/\" \/>\n<meta property=\"og:site_name\" content=\"Product-Guide.org\" \/>\n<meta property=\"og:image\" content=\"https:\/\/product-guide.org\/wp-content\/uploads\/2023\/01\/unnamed-file-70.png\" \/>\n\t<meta property=\"og:image:width\" content=\"200\" \/>\n\t<meta property=\"og:image:height\" content=\"200\" \/>\n\t<meta property=\"og:image:type\" content=\"image\/png\" \/>\n<meta name=\"twitter:card\" content=\"summary_large_image\" \/>\n<script type=\"application\/ld+json\" class=\"yoast-schema-graph\">{\"@context\":\"https:\/\/schema.org\",\"@graph\":[{\"@type\":\"WebPage\",\"@id\":\"https:\/\/product-guide.org\/en\/produkt\/anker-solargenerator-767-powerhouse-2048-wh-mit-2200-w-solarpanelen\/\",\"url\":\"https:\/\/product-guide.org\/en\/produkt\/anker-solargenerator-767-powerhouse-2048-wh-mit-2200-w-solarpanelen\/\",\"name\":\"Anker Solargenerator 767 (PowerHouse 2048 Wh mit 2*200 W Solarpanelen) | Product-Guide.org\",\"isPartOf\":{\"@id\":\"https:\/\/product-guide.org\/#website\"},\"primaryImageOfPage\":{\"@id\":\"https:\/\/product-guide.org\/en\/produkt\/anker-solargenerator-767-powerhouse-2048-wh-mit-2200-w-solarpanelen\/#primaryimage\"},\"image\":{\"@id\":\"https:\/\/product-guide.org\/en\/produkt\/anker-solargenerator-767-powerhouse-2048-wh-mit-2200-w-solarpanelen\/#primaryimage\"},\"thumbnailUrl\":\"\",\"datePublished\":\"2023-01-05T12:58:24+00:00\",\"description\":\"Anker Solargenerator 767 (PowerHouse 2048 Wh mit 2*200 W Solarpanelen) gefunden von Product-Guide.org\",\"breadcrumb\":{\"@id\":\"https:\/\/product-guide.org\/en\/produkt\/anker-solargenerator-767-powerhouse-2048-wh-mit-2200-w-solarpanelen\/#breadcrumb\"},\"inLanguage\":\"en-GB\",\"potentialAction\":[{\"@type\":\"ReadAction\",\"target\":[\"https:\/\/product-guide.org\/en\/produkt\/anker-solargenerator-767-powerhouse-2048-wh-mit-2200-w-solarpanelen\/\"]}]},{\"@type\":\"ImageObject\",\"inLanguage\":\"en-GB\",\"@id\":\"https:\/\/product-guide.org\/en\/produkt\/anker-solargenerator-767-powerhouse-2048-wh-mit-2200-w-solarpanelen\/#primaryimage\",\"url\":\"\",\"contentUrl\":\"\",\"width\":200,\"height\":200},{\"@type\":\"BreadcrumbList\",\"@id\":\"https:\/\/product-guide.org\/en\/produkt\/anker-solargenerator-767-powerhouse-2048-wh-mit-2200-w-solarpanelen\/#breadcrumb\",\"itemListElement\":[{\"@type\":\"ListItem\",\"position\":1,\"name\":\"Home\",\"item\":\"https:\/\/product-guide.org\/\"},{\"@type\":\"ListItem\",\"position\":2,\"name\":\"Ergebnisse\",\"item\":\"https:\/\/product-guide.org\/de\/ergebnisse\/\"},{\"@type\":\"ListItem\",\"position\":3,\"name\":\"Anker Solargenerator 767 (PowerHouse 2048 Wh mit 2*200 W Solarpanelen)\"}]},{\"@type\":\"WebSite\",\"@id\":\"https:\/\/product-guide.org\/#website\",\"url\":\"https:\/\/product-guide.org\/\",\"name\":\"Product-Guide.org\",\"description\":\"What Product are you looking for?\",\"publisher\":{\"@id\":\"https:\/\/product-guide.org\/#organization\"},\"potentialAction\":[{\"@type\":\"SearchAction\",\"target\":{\"@type\":\"EntryPoint\",\"urlTemplate\":\"https:\/\/product-guide.org\/?s={search_term_string}\"},\"query-input\":{\"@type\":\"PropertyValueSpecification\",\"valueRequired\":true,\"valueName\":\"search_term_string\"}}],\"inLanguage\":\"en-GB\"},{\"@type\":\"Organization\",\"@id\":\"https:\/\/product-guide.org\/#organization\",\"name\":\"Product-Guide.org\",\"url\":\"https:\/\/product-guide.org\/\",\"logo\":{\"@type\":\"ImageObject\",\"inLanguage\":\"en-GB\",\"@id\":\"https:\/\/product-guide.org\/#\/schema\/logo\/image\/\",\"url\":\"https:\/\/product-guide.org\/wp-content\/uploads\/2022\/07\/logo_transparent_background.png\",\"contentUrl\":\"https:\/\/product-guide.org\/wp-content\/uploads\/2022\/07\/logo_transparent_background.png\",\"width\":3400,\"height\":1132,\"caption\":\"Product-Guide.org\"},\"image\":{\"@id\":\"https:\/\/product-guide.org\/#\/schema\/logo\/image\/\"}}]}<\/script>\n<!-- \/ Yoast SEO plugin. -->","yoast_head_json":{"title":"Anker Solargenerator 767 (PowerHouse 2048 Wh mit 2*200 W Solarpanelen) | Product-Guide.org","description":"Anker Solargenerator 767 (PowerHouse 2048 Wh mit 2*200 W Solarpanelen) gefunden von Product-Guide.org","robots":{"index":"index","follow":"follow","max-snippet":"max-snippet:-1","max-image-preview":"max-image-preview:large","max-video-preview":"max-video-preview:-1"},"canonical":"https:\/\/product-guide.org\/en\/produkt\/anker-solargenerator-767-powerhouse-2048-wh-mit-2200-w-solarpanelen\/","og_locale":"en_GB","og_type":"article","og_title":"Anker Solargenerator 767 (PowerHouse 2048 Wh mit 2*200 W Solarpanelen) | Product-Guide.org","og_description":"Anker Solargenerator 767 (PowerHouse 2048 Wh mit 2*200 W Solarpanelen) gefunden von Product-Guide.org","og_url":"https:\/\/product-guide.org\/en\/produkt\/anker-solargenerator-767-powerhouse-2048-wh-mit-2200-w-solarpanelen\/","og_site_name":"Product-Guide.org","og_image":[{"width":200,"height":200,"url":"https:\/\/product-guide.org\/wp-content\/uploads\/2023\/01\/unnamed-file-70.png","type":"image\/png"}],"twitter_card":"summary_large_image","schema":{"@context":"https:\/\/schema.org","@graph":[{"@type":"WebPage","@id":"https:\/\/product-guide.org\/en\/produkt\/anker-solargenerator-767-powerhouse-2048-wh-mit-2200-w-solarpanelen\/","url":"https:\/\/product-guide.org\/en\/produkt\/anker-solargenerator-767-powerhouse-2048-wh-mit-2200-w-solarpanelen\/","name":"Anker Solargenerator 767 (PowerHouse 2048 Wh mit 2*200 W Solarpanelen) | Product-Guide.org","isPartOf":{"@id":"https:\/\/product-guide.org\/#website"},"primaryImageOfPage":{"@id":"https:\/\/product-guide.org\/en\/produkt\/anker-solargenerator-767-powerhouse-2048-wh-mit-2200-w-solarpanelen\/#primaryimage"},"image":{"@id":"https:\/\/product-guide.org\/en\/produkt\/anker-solargenerator-767-powerhouse-2048-wh-mit-2200-w-solarpanelen\/#primaryimage"},"thumbnailUrl":"","datePublished":"2023-01-05T12:58:24+00:00","description":"Anker Solargenerator 767 (PowerHouse 2048 Wh mit 2*200 W Solarpanelen) gefunden von Product-Guide.org","breadcrumb":{"@id":"https:\/\/product-guide.org\/en\/produkt\/anker-solargenerator-767-powerhouse-2048-wh-mit-2200-w-solarpanelen\/#breadcrumb"},"inLanguage":"en-GB","potentialAction":[{"@type":"ReadAction","target":["https:\/\/product-guide.org\/en\/produkt\/anker-solargenerator-767-powerhouse-2048-wh-mit-2200-w-solarpanelen\/"]}]},{"@type":"ImageObject","inLanguage":"en-GB","@id":"https:\/\/product-guide.org\/en\/produkt\/anker-solargenerator-767-powerhouse-2048-wh-mit-2200-w-solarpanelen\/#primaryimage","url":"","contentUrl":"","width":200,"height":200},{"@type":"BreadcrumbList","@id":"https:\/\/product-guide.org\/en\/produkt\/anker-solargenerator-767-powerhouse-2048-wh-mit-2200-w-solarpanelen\/#breadcrumb","itemListElement":[{"@type":"ListItem","position":1,"name":"Home","item":"https:\/\/product-guide.org\/"},{"@type":"ListItem","position":2,"name":"Ergebnisse","item":"https:\/\/product-guide.org\/de\/ergebnisse\/"},{"@type":"ListItem","position":3,"name":"Anker Solargenerator 767 (PowerHouse 2048 Wh mit 2*200 W Solarpanelen)"}]},{"@type":"WebSite","@id":"https:\/\/product-guide.org\/#website","url":"https:\/\/product-guide.org\/","name":"Product-Guide.org","description":"What Product are you looking for?","publisher":{"@id":"https:\/\/product-guide.org\/#organization"},"potentialAction":[{"@type":"SearchAction","target":{"@type":"EntryPoint","urlTemplate":"https:\/\/product-guide.org\/?s={search_term_string}"},"query-input":{"@type":"PropertyValueSpecification","valueRequired":true,"valueName":"search_term_string"}}],"inLanguage":"en-GB"},{"@type":"Organization","@id":"https:\/\/product-guide.org\/#organization","name":"Product-Guide.org","url":"https:\/\/product-guide.org\/","logo":{"@type":"ImageObject","inLanguage":"en-GB","@id":"https:\/\/product-guide.org\/#\/schema\/logo\/image\/","url":"https:\/\/product-guide.org\/wp-content\/uploads\/2022\/07\/logo_transparent_background.png","contentUrl":"https:\/\/product-guide.org\/wp-content\/uploads\/2022\/07\/logo_transparent_background.png","width":3400,"height":1132,"caption":"Product-Guide.org"},"image":{"@id":"https:\/\/product-guide.org\/#\/schema\/logo\/image\/"}}]}},"_links":{"self":[{"href":"https:\/\/product-guide.org\/en\/wp-json\/wp\/v2\/product\/23220","targetHints":{"allow":["GET"]}}],"collection":[{"href":"https:\/\/product-guide.org\/en\/wp-json\/wp\/v2\/product"}],"about":[{"href":"https:\/\/product-guide.org\/en\/wp-json\/wp\/v2\/types\/product"}],"wp:featuredmedia":[{"embeddable":true,"href":"https:\/\/product-guide.org\/en\/wp-json\/"}],"wp:attachment":[{"href":"https:\/\/product-guide.org\/en\/wp-json\/wp\/v2\/media?parent=23220"}],"wp:term":[{"taxonomy":"store","embeddable":true,"href":"https:\/\/product-guide.org\/en\/wp-json\/wp\/v2\/store?post=23220"},{"taxonomy":"product_brand","embeddable":true,"href":"https:\/\/product-guide.org\/en\/wp-json\/wp\/v2\/product_brand?post=23220"},{"taxonomy":"product_cat","embeddable":true,"href":"https:\/\/product-guide.org\/en\/wp-json\/wp\/v2\/product_cat?post=23220"},{"taxonomy":"product_tag","embeddable":true,"href":"https:\/\/product-guide.org\/en\/wp-json\/wp\/v2\/product_tag?post=23220"}],"curies":[{"name":"wp","href":"https:\/\/api.w.org\/{rel}","templated":true}]}}