{"id":23232,"date":"2023-01-05T13:58:44","date_gmt":"2023-01-05T12:58:44","guid":{"rendered":"https:\/\/product-guide.org\/produkt\/anker-555-powerhouse-1024wh-1000w-mit-solar-panel-100w\/"},"modified":"2023-01-05T13:58:44","modified_gmt":"2023-01-05T12:58:44","slug":"anker-555-powerhouse-1024wh-1000w-mit-solar-panel-100w","status":"publish","type":"product","link":"https:\/\/product-guide.org\/en\/produkt\/anker-555-powerhouse-1024wh-1000w-mit-solar-panel-100w\/","title":{"rendered":"Anker 555 PowerHouse &#8211; 1024Wh | 1000W mit  Solar Panel (100W)"},"content":{"rendered":"<p>6-FACHE LEBENSDAUER:\u00a0Ausgelegt f\u00fcr 3000 Batteriezyklen mit hochwertigen LiFePO4-Batterien, verl\u00e4ngert sich die Batterielebensdauer um das 6-fache im Vergleich zu Standard-Lithium-Ionen-Batterien. Immer bereit f\u00fcr Energie zu Hause oder beim Camping im Freien.   5 JAHRE HERSTELLERGARANTIE:\u00a0Anstelle von 2 Jahren wird die 555 Powerstation mit einer exklusiven 5-j\u00e4hrigen Garantie f\u00fcr ein sorgenfreies Erlebnis und eine zuverl\u00e4ssige, lange Verwendung geliefert.  KONZIPIERT F\u00dcR DRAU\u00dfEN:\u00a0Ein 200W-Solareingang mit 45% h\u00f6herer Solarladeeffizienz, eine sturzsichere Unibody-Struktur und 3 Hochgeschwindigkeits USB-C Ladeanschl\u00fcsse mit einer maximalen Ausgangsleistung von 100W machen diese Powerstation zum langlebigsten Kraftwerk, perfekt geeignet f\u00fcr Camping und Stromausf\u00e4lle.  UNSCHLAGBARE POWER:\u00a0Mit einer Kapazit\u00e4t von 1024Wh und 1000Watt ist unsere Ladestation die ideale L\u00f6sung, um alle wichtigen Ger\u00e4te, wie z. B. Elektrogrill, Kaffeemaschine, Laptop und mehr mit Strom zu versorgen. 555 PowerHouse ist mit 6 AC-Anschl\u00fcssen, 3 Hochgeschwindigkeits USB-C-Anschl\u00fcssen (1 \u00d7 100 W, 2 \u00d7 60 W), 2 USB-A-Anschl\u00fcssen und einer Autosteckdose ausgestattet.  WAS DU BEKOMMST:\u00a0Eine Anker 555 Portable Power Station (PowerHouse 1024Wh), 3 Arten von Ladekabeln (Wechselstrom-, Auto- und Solarladekabel), eine Bedienungsanleitung, 5 Jahre Garantie sowie freundlichen Kundenservice.<\/p>\n","protected":false},"excerpt":{"rendered":"<p>6-FACHE LEBENSDAUER:\u00a0Ausgelegt f\u00fcr 3000 Batteriezyklen mit hochwertigen LiFePO4-Batterien, verl\u00e4ngert sich die Batterielebensdauer um das 6-fache im Vergleich zu Standard-Lithium-Ionen-Batterien. Immer bereit f\u00fcr Energie zu Hause oder beim Camping im Freien. 5 JAHRE HERSTELLERGARANTIE:\u00a0Anstelle von 2 Jahren wird die 555 Powerstation mit einer exklusiven 5-j\u00e4hrigen Garantie f\u00fcr ein sorgenfreies Erlebnis und eine zuverl\u00e4ssige, lange Verwendung geliefert. [&hellip;]<\/p>\n","protected":false},"featured_media":23233,"template":"","meta":{"_gspb_post_css":""},"store":[727],"product_brand":[],"product_cat":[728],"product_tag":[],"class_list":{"0":"post-23232","1":"product","2":"type-product","3":"status-publish","4":"has-post-thumbnail","6":"store-anker","7":"product_cat-cables-parts-power-supplies","8":"pa_merchant-anker-de","10":"first","11":"instock","12":"product-type-external"},"yoast_head":"<!-- This site is optimized with the Yoast SEO plugin v24.6 - https:\/\/yoast.com\/wordpress\/plugins\/seo\/ -->\n<title>Anker 555 PowerHouse - 1024Wh | 1000W mit Solar Panel (100W) | Product-Guide.org<\/title>\n<meta name=\"description\" content=\"Anker 555 PowerHouse - 1024Wh | 1000W mit Solar Panel (100W) gefunden von Product-Guide.org\" \/>\n<meta name=\"robots\" content=\"index, follow, max-snippet:-1, max-image-preview:large, max-video-preview:-1\" \/>\n<link rel=\"canonical\" href=\"https:\/\/product-guide.org\/en\/produkt\/anker-555-powerhouse-1024wh-1000w-mit-solar-panel-100w\/\" \/>\n<meta property=\"og:locale\" content=\"en_GB\" \/>\n<meta property=\"og:type\" content=\"article\" \/>\n<meta property=\"og:title\" content=\"Anker 555 PowerHouse - 1024Wh | 1000W mit Solar Panel (100W) | Product-Guide.org\" \/>\n<meta property=\"og:description\" content=\"Anker 555 PowerHouse - 1024Wh | 1000W mit Solar Panel (100W) gefunden von Product-Guide.org\" \/>\n<meta property=\"og:url\" content=\"https:\/\/product-guide.org\/en\/produkt\/anker-555-powerhouse-1024wh-1000w-mit-solar-panel-100w\/\" \/>\n<meta property=\"og:site_name\" content=\"Product-Guide.org\" \/>\n<meta property=\"og:image\" content=\"https:\/\/product-guide.org\/wp-content\/uploads\/2023\/01\/unnamed-file-127.jpeg\" \/>\n\t<meta property=\"og:image:width\" content=\"200\" \/>\n\t<meta property=\"og:image:height\" content=\"200\" \/>\n\t<meta property=\"og:image:type\" content=\"image\/jpeg\" \/>\n<meta name=\"twitter:card\" content=\"summary_large_image\" \/>\n<script type=\"application\/ld+json\" class=\"yoast-schema-graph\">{\"@context\":\"https:\/\/schema.org\",\"@graph\":[{\"@type\":\"WebPage\",\"@id\":\"https:\/\/product-guide.org\/en\/produkt\/anker-555-powerhouse-1024wh-1000w-mit-solar-panel-100w\/\",\"url\":\"https:\/\/product-guide.org\/en\/produkt\/anker-555-powerhouse-1024wh-1000w-mit-solar-panel-100w\/\",\"name\":\"Anker 555 PowerHouse - 1024Wh | 1000W mit Solar Panel (100W) | Product-Guide.org\",\"isPartOf\":{\"@id\":\"https:\/\/product-guide.org\/#website\"},\"primaryImageOfPage\":{\"@id\":\"https:\/\/product-guide.org\/en\/produkt\/anker-555-powerhouse-1024wh-1000w-mit-solar-panel-100w\/#primaryimage\"},\"image\":{\"@id\":\"https:\/\/product-guide.org\/en\/produkt\/anker-555-powerhouse-1024wh-1000w-mit-solar-panel-100w\/#primaryimage\"},\"thumbnailUrl\":\"\",\"datePublished\":\"2023-01-05T12:58:44+00:00\",\"description\":\"Anker 555 PowerHouse - 1024Wh | 1000W mit Solar Panel (100W) gefunden von Product-Guide.org\",\"breadcrumb\":{\"@id\":\"https:\/\/product-guide.org\/en\/produkt\/anker-555-powerhouse-1024wh-1000w-mit-solar-panel-100w\/#breadcrumb\"},\"inLanguage\":\"en-GB\",\"potentialAction\":[{\"@type\":\"ReadAction\",\"target\":[\"https:\/\/product-guide.org\/en\/produkt\/anker-555-powerhouse-1024wh-1000w-mit-solar-panel-100w\/\"]}]},{\"@type\":\"ImageObject\",\"inLanguage\":\"en-GB\",\"@id\":\"https:\/\/product-guide.org\/en\/produkt\/anker-555-powerhouse-1024wh-1000w-mit-solar-panel-100w\/#primaryimage\",\"url\":\"\",\"contentUrl\":\"\",\"width\":200,\"height\":200},{\"@type\":\"BreadcrumbList\",\"@id\":\"https:\/\/product-guide.org\/en\/produkt\/anker-555-powerhouse-1024wh-1000w-mit-solar-panel-100w\/#breadcrumb\",\"itemListElement\":[{\"@type\":\"ListItem\",\"position\":1,\"name\":\"Home\",\"item\":\"https:\/\/product-guide.org\/\"},{\"@type\":\"ListItem\",\"position\":2,\"name\":\"Ergebnisse\",\"item\":\"https:\/\/product-guide.org\/de\/ergebnisse\/\"},{\"@type\":\"ListItem\",\"position\":3,\"name\":\"Anker 555 PowerHouse &#8211; 1024Wh | 1000W mit Solar Panel (100W)\"}]},{\"@type\":\"WebSite\",\"@id\":\"https:\/\/product-guide.org\/#website\",\"url\":\"https:\/\/product-guide.org\/\",\"name\":\"Product-Guide.org\",\"description\":\"What Product are you looking for?\",\"publisher\":{\"@id\":\"https:\/\/product-guide.org\/#organization\"},\"potentialAction\":[{\"@type\":\"SearchAction\",\"target\":{\"@type\":\"EntryPoint\",\"urlTemplate\":\"https:\/\/product-guide.org\/?s={search_term_string}\"},\"query-input\":{\"@type\":\"PropertyValueSpecification\",\"valueRequired\":true,\"valueName\":\"search_term_string\"}}],\"inLanguage\":\"en-GB\"},{\"@type\":\"Organization\",\"@id\":\"https:\/\/product-guide.org\/#organization\",\"name\":\"Product-Guide.org\",\"url\":\"https:\/\/product-guide.org\/\",\"logo\":{\"@type\":\"ImageObject\",\"inLanguage\":\"en-GB\",\"@id\":\"https:\/\/product-guide.org\/#\/schema\/logo\/image\/\",\"url\":\"https:\/\/product-guide.org\/wp-content\/uploads\/2022\/07\/logo_transparent_background.png\",\"contentUrl\":\"https:\/\/product-guide.org\/wp-content\/uploads\/2022\/07\/logo_transparent_background.png\",\"width\":3400,\"height\":1132,\"caption\":\"Product-Guide.org\"},\"image\":{\"@id\":\"https:\/\/product-guide.org\/#\/schema\/logo\/image\/\"}}]}<\/script>\n<!-- \/ Yoast SEO plugin. -->","yoast_head_json":{"title":"Anker 555 PowerHouse - 1024Wh | 1000W mit Solar Panel (100W) | Product-Guide.org","description":"Anker 555 PowerHouse - 1024Wh | 1000W mit Solar Panel (100W) gefunden von Product-Guide.org","robots":{"index":"index","follow":"follow","max-snippet":"max-snippet:-1","max-image-preview":"max-image-preview:large","max-video-preview":"max-video-preview:-1"},"canonical":"https:\/\/product-guide.org\/en\/produkt\/anker-555-powerhouse-1024wh-1000w-mit-solar-panel-100w\/","og_locale":"en_GB","og_type":"article","og_title":"Anker 555 PowerHouse - 1024Wh | 1000W mit Solar Panel (100W) | Product-Guide.org","og_description":"Anker 555 PowerHouse - 1024Wh | 1000W mit Solar Panel (100W) gefunden von Product-Guide.org","og_url":"https:\/\/product-guide.org\/en\/produkt\/anker-555-powerhouse-1024wh-1000w-mit-solar-panel-100w\/","og_site_name":"Product-Guide.org","og_image":[{"width":200,"height":200,"url":"https:\/\/product-guide.org\/wp-content\/uploads\/2023\/01\/unnamed-file-127.jpeg","type":"image\/jpeg"}],"twitter_card":"summary_large_image","schema":{"@context":"https:\/\/schema.org","@graph":[{"@type":"WebPage","@id":"https:\/\/product-guide.org\/en\/produkt\/anker-555-powerhouse-1024wh-1000w-mit-solar-panel-100w\/","url":"https:\/\/product-guide.org\/en\/produkt\/anker-555-powerhouse-1024wh-1000w-mit-solar-panel-100w\/","name":"Anker 555 PowerHouse - 1024Wh | 1000W mit Solar Panel (100W) | Product-Guide.org","isPartOf":{"@id":"https:\/\/product-guide.org\/#website"},"primaryImageOfPage":{"@id":"https:\/\/product-guide.org\/en\/produkt\/anker-555-powerhouse-1024wh-1000w-mit-solar-panel-100w\/#primaryimage"},"image":{"@id":"https:\/\/product-guide.org\/en\/produkt\/anker-555-powerhouse-1024wh-1000w-mit-solar-panel-100w\/#primaryimage"},"thumbnailUrl":"","datePublished":"2023-01-05T12:58:44+00:00","description":"Anker 555 PowerHouse - 1024Wh | 1000W mit Solar Panel (100W) gefunden von Product-Guide.org","breadcrumb":{"@id":"https:\/\/product-guide.org\/en\/produkt\/anker-555-powerhouse-1024wh-1000w-mit-solar-panel-100w\/#breadcrumb"},"inLanguage":"en-GB","potentialAction":[{"@type":"ReadAction","target":["https:\/\/product-guide.org\/en\/produkt\/anker-555-powerhouse-1024wh-1000w-mit-solar-panel-100w\/"]}]},{"@type":"ImageObject","inLanguage":"en-GB","@id":"https:\/\/product-guide.org\/en\/produkt\/anker-555-powerhouse-1024wh-1000w-mit-solar-panel-100w\/#primaryimage","url":"","contentUrl":"","width":200,"height":200},{"@type":"BreadcrumbList","@id":"https:\/\/product-guide.org\/en\/produkt\/anker-555-powerhouse-1024wh-1000w-mit-solar-panel-100w\/#breadcrumb","itemListElement":[{"@type":"ListItem","position":1,"name":"Home","item":"https:\/\/product-guide.org\/"},{"@type":"ListItem","position":2,"name":"Ergebnisse","item":"https:\/\/product-guide.org\/de\/ergebnisse\/"},{"@type":"ListItem","position":3,"name":"Anker 555 PowerHouse &#8211; 1024Wh | 1000W mit Solar Panel (100W)"}]},{"@type":"WebSite","@id":"https:\/\/product-guide.org\/#website","url":"https:\/\/product-guide.org\/","name":"Product-Guide.org","description":"What Product are you looking for?","publisher":{"@id":"https:\/\/product-guide.org\/#organization"},"potentialAction":[{"@type":"SearchAction","target":{"@type":"EntryPoint","urlTemplate":"https:\/\/product-guide.org\/?s={search_term_string}"},"query-input":{"@type":"PropertyValueSpecification","valueRequired":true,"valueName":"search_term_string"}}],"inLanguage":"en-GB"},{"@type":"Organization","@id":"https:\/\/product-guide.org\/#organization","name":"Product-Guide.org","url":"https:\/\/product-guide.org\/","logo":{"@type":"ImageObject","inLanguage":"en-GB","@id":"https:\/\/product-guide.org\/#\/schema\/logo\/image\/","url":"https:\/\/product-guide.org\/wp-content\/uploads\/2022\/07\/logo_transparent_background.png","contentUrl":"https:\/\/product-guide.org\/wp-content\/uploads\/2022\/07\/logo_transparent_background.png","width":3400,"height":1132,"caption":"Product-Guide.org"},"image":{"@id":"https:\/\/product-guide.org\/#\/schema\/logo\/image\/"}}]}},"_links":{"self":[{"href":"https:\/\/product-guide.org\/en\/wp-json\/wp\/v2\/product\/23232","targetHints":{"allow":["GET"]}}],"collection":[{"href":"https:\/\/product-guide.org\/en\/wp-json\/wp\/v2\/product"}],"about":[{"href":"https:\/\/product-guide.org\/en\/wp-json\/wp\/v2\/types\/product"}],"wp:featuredmedia":[{"embeddable":true,"href":"https:\/\/product-guide.org\/en\/wp-json\/"}],"wp:attachment":[{"href":"https:\/\/product-guide.org\/en\/wp-json\/wp\/v2\/media?parent=23232"}],"wp:term":[{"taxonomy":"store","embeddable":true,"href":"https:\/\/product-guide.org\/en\/wp-json\/wp\/v2\/store?post=23232"},{"taxonomy":"product_brand","embeddable":true,"href":"https:\/\/product-guide.org\/en\/wp-json\/wp\/v2\/product_brand?post=23232"},{"taxonomy":"product_cat","embeddable":true,"href":"https:\/\/product-guide.org\/en\/wp-json\/wp\/v2\/product_cat?post=23232"},{"taxonomy":"product_tag","embeddable":true,"href":"https:\/\/product-guide.org\/en\/wp-json\/wp\/v2\/product_tag?post=23232"}],"curies":[{"name":"wp","href":"https:\/\/api.w.org\/{rel}","templated":true}]}}