{"id":23236,"date":"2023-01-05T13:58:51","date_gmt":"2023-01-05T12:58:51","guid":{"rendered":"https:\/\/product-guide.org\/produkt\/anker-757-powerhouse-1229wh-1500w-mit-2x-solar-panel-100w\/"},"modified":"2023-01-05T13:58:51","modified_gmt":"2023-01-05T12:58:51","slug":"anker-757-powerhouse-1229wh-1500w-mit-2x-solar-panel-100w","status":"publish","type":"product","link":"https:\/\/product-guide.org\/en\/produkt\/anker-757-powerhouse-1229wh-1500w-mit-2x-solar-panel-100w\/","title":{"rendered":"Anker 757 PowerHouse &#8211; 1229Wh | 1500W mit 2\u00d7 Solar Panel (100W)"},"content":{"rendered":"<p>6-FACHE LEBENSDAUER:\u00a0Ausgelegt f\u00fcr 3000 Batteriezyklen mit hochwertigen LiFePO4-Batterien, verl\u00e4ngert sich die Batterielebensdauer um das 6-fache im Vergleich zu Standard-Lithium-Ionen-Batterien. Immer bereit f\u00fcr Energie zu Hause oder beim Camping im Freien.   Beispiellose Lebenskraft von 10 Jahren:\u00a0Anstelle von 2 Jahren kannst du mit der 757 Portable Power Station deine Ger\u00e4te 10 Jahre lang jeden Tag mit Strom versorgen. Au\u00dferdem kannst du dich auf eine exklusive 5-Jahres-Gesamtgarantie verlassen.  BLITZSCHNELLES WIEDERAUFLADEN:\u00a0Mit unserer hauseigenen, branchenf\u00fchrenden Technologie HyperFlash ist die Ladestation in nur 1 Stunde auf 80% Akku aufgeladen. (Alternativen ben\u00f6tigen ca. 5,6 Stunden.)  M\u00c4CHTIGE KAPAZIT\u00c4T:\u00a0Mit einer Kapazit\u00e4t von 1229Wh und 1500 Watt ist dieses PowerHouse nicht nur die ideale L\u00f6sung f\u00fcr dringende Notf\u00e4lle und Stromausf\u00e4lle, sondern auch beim entspannten Camping mit einem Elektrogrill, einer Kaffeemaschine, einem K\u00fchlschrank und mehr.\u00a0Es ist mit 2 AC-Anschl\u00fcssen, 4 USB-A-Anschl\u00fcssen, 2 USB-C-Anschl\u00fcssen und einer Autosteckdose ausgestattet.  WAS DU BEKOMMST:\u00a0Eine Anker 757 Ladestation, 3 Ladekabel (1x AC, 1x Autoladekabel, 1x Solarladekabel), eine Bedienungsanleitung, 5 Jahre Herstellergarantie und freundlichen Kundenservice.<\/p>\n","protected":false},"excerpt":{"rendered":"<p>6-FACHE LEBENSDAUER:\u00a0Ausgelegt f\u00fcr 3000 Batteriezyklen mit hochwertigen LiFePO4-Batterien, verl\u00e4ngert sich die Batterielebensdauer um das 6-fache im Vergleich zu Standard-Lithium-Ionen-Batterien. Immer bereit f\u00fcr Energie zu Hause oder beim Camping im Freien. Beispiellose Lebenskraft von 10 Jahren:\u00a0Anstelle von 2 Jahren kannst du mit der 757 Portable Power Station deine Ger\u00e4te 10 Jahre lang jeden Tag mit Strom [&hellip;]<\/p>\n","protected":false},"featured_media":23237,"template":"","meta":{"_gspb_post_css":""},"store":[727],"product_brand":[],"product_cat":[728],"product_tag":[],"class_list":{"0":"post-23236","1":"product","2":"type-product","3":"status-publish","4":"has-post-thumbnail","6":"store-anker","7":"product_cat-cables-parts-power-supplies","8":"pa_merchant-anker-de","10":"first","11":"instock","12":"product-type-external"},"yoast_head":"<!-- This site is optimized with the Yoast SEO plugin v24.6 - https:\/\/yoast.com\/wordpress\/plugins\/seo\/ -->\n<title>Anker 757 PowerHouse - 1229Wh | 1500W mit 2\u00d7 Solar Panel (100W) | Product-Guide.org<\/title>\n<meta name=\"description\" content=\"Anker 757 PowerHouse - 1229Wh | 1500W mit 2\u00d7 Solar Panel (100W) gefunden von Product-Guide.org\" \/>\n<meta name=\"robots\" content=\"index, follow, max-snippet:-1, max-image-preview:large, max-video-preview:-1\" \/>\n<link rel=\"canonical\" href=\"https:\/\/product-guide.org\/en\/produkt\/anker-757-powerhouse-1229wh-1500w-mit-2x-solar-panel-100w\/\" \/>\n<meta property=\"og:locale\" content=\"en_GB\" \/>\n<meta property=\"og:type\" content=\"article\" \/>\n<meta property=\"og:title\" content=\"Anker 757 PowerHouse - 1229Wh | 1500W mit 2\u00d7 Solar Panel (100W) | Product-Guide.org\" \/>\n<meta property=\"og:description\" content=\"Anker 757 PowerHouse - 1229Wh | 1500W mit 2\u00d7 Solar Panel (100W) gefunden von Product-Guide.org\" \/>\n<meta property=\"og:url\" content=\"https:\/\/product-guide.org\/en\/produkt\/anker-757-powerhouse-1229wh-1500w-mit-2x-solar-panel-100w\/\" \/>\n<meta property=\"og:site_name\" content=\"Product-Guide.org\" \/>\n<meta property=\"og:image\" content=\"https:\/\/product-guide.org\/wp-content\/uploads\/2023\/01\/unnamed-file-128.jpeg\" \/>\n\t<meta property=\"og:image:width\" content=\"200\" \/>\n\t<meta property=\"og:image:height\" content=\"200\" \/>\n\t<meta property=\"og:image:type\" content=\"image\/jpeg\" \/>\n<meta name=\"twitter:card\" content=\"summary_large_image\" \/>\n<script type=\"application\/ld+json\" class=\"yoast-schema-graph\">{\"@context\":\"https:\/\/schema.org\",\"@graph\":[{\"@type\":\"WebPage\",\"@id\":\"https:\/\/product-guide.org\/en\/produkt\/anker-757-powerhouse-1229wh-1500w-mit-2x-solar-panel-100w\/\",\"url\":\"https:\/\/product-guide.org\/en\/produkt\/anker-757-powerhouse-1229wh-1500w-mit-2x-solar-panel-100w\/\",\"name\":\"Anker 757 PowerHouse - 1229Wh | 1500W mit 2\u00d7 Solar Panel (100W) | Product-Guide.org\",\"isPartOf\":{\"@id\":\"https:\/\/product-guide.org\/#website\"},\"primaryImageOfPage\":{\"@id\":\"https:\/\/product-guide.org\/en\/produkt\/anker-757-powerhouse-1229wh-1500w-mit-2x-solar-panel-100w\/#primaryimage\"},\"image\":{\"@id\":\"https:\/\/product-guide.org\/en\/produkt\/anker-757-powerhouse-1229wh-1500w-mit-2x-solar-panel-100w\/#primaryimage\"},\"thumbnailUrl\":\"\",\"datePublished\":\"2023-01-05T12:58:51+00:00\",\"description\":\"Anker 757 PowerHouse - 1229Wh | 1500W mit 2\u00d7 Solar Panel (100W) gefunden von Product-Guide.org\",\"breadcrumb\":{\"@id\":\"https:\/\/product-guide.org\/en\/produkt\/anker-757-powerhouse-1229wh-1500w-mit-2x-solar-panel-100w\/#breadcrumb\"},\"inLanguage\":\"en-GB\",\"potentialAction\":[{\"@type\":\"ReadAction\",\"target\":[\"https:\/\/product-guide.org\/en\/produkt\/anker-757-powerhouse-1229wh-1500w-mit-2x-solar-panel-100w\/\"]}]},{\"@type\":\"ImageObject\",\"inLanguage\":\"en-GB\",\"@id\":\"https:\/\/product-guide.org\/en\/produkt\/anker-757-powerhouse-1229wh-1500w-mit-2x-solar-panel-100w\/#primaryimage\",\"url\":\"\",\"contentUrl\":\"\",\"width\":200,\"height\":200},{\"@type\":\"BreadcrumbList\",\"@id\":\"https:\/\/product-guide.org\/en\/produkt\/anker-757-powerhouse-1229wh-1500w-mit-2x-solar-panel-100w\/#breadcrumb\",\"itemListElement\":[{\"@type\":\"ListItem\",\"position\":1,\"name\":\"Home\",\"item\":\"https:\/\/product-guide.org\/\"},{\"@type\":\"ListItem\",\"position\":2,\"name\":\"Ergebnisse\",\"item\":\"https:\/\/product-guide.org\/de\/ergebnisse\/\"},{\"@type\":\"ListItem\",\"position\":3,\"name\":\"Anker 757 PowerHouse &#8211; 1229Wh | 1500W mit 2\u00d7 Solar Panel (100W)\"}]},{\"@type\":\"WebSite\",\"@id\":\"https:\/\/product-guide.org\/#website\",\"url\":\"https:\/\/product-guide.org\/\",\"name\":\"Product-Guide.org\",\"description\":\"What Product are you looking for?\",\"publisher\":{\"@id\":\"https:\/\/product-guide.org\/#organization\"},\"potentialAction\":[{\"@type\":\"SearchAction\",\"target\":{\"@type\":\"EntryPoint\",\"urlTemplate\":\"https:\/\/product-guide.org\/?s={search_term_string}\"},\"query-input\":{\"@type\":\"PropertyValueSpecification\",\"valueRequired\":true,\"valueName\":\"search_term_string\"}}],\"inLanguage\":\"en-GB\"},{\"@type\":\"Organization\",\"@id\":\"https:\/\/product-guide.org\/#organization\",\"name\":\"Product-Guide.org\",\"url\":\"https:\/\/product-guide.org\/\",\"logo\":{\"@type\":\"ImageObject\",\"inLanguage\":\"en-GB\",\"@id\":\"https:\/\/product-guide.org\/#\/schema\/logo\/image\/\",\"url\":\"https:\/\/product-guide.org\/wp-content\/uploads\/2022\/07\/logo_transparent_background.png\",\"contentUrl\":\"https:\/\/product-guide.org\/wp-content\/uploads\/2022\/07\/logo_transparent_background.png\",\"width\":3400,\"height\":1132,\"caption\":\"Product-Guide.org\"},\"image\":{\"@id\":\"https:\/\/product-guide.org\/#\/schema\/logo\/image\/\"}}]}<\/script>\n<!-- \/ Yoast SEO plugin. -->","yoast_head_json":{"title":"Anker 757 PowerHouse - 1229Wh | 1500W mit 2\u00d7 Solar Panel (100W) | Product-Guide.org","description":"Anker 757 PowerHouse - 1229Wh | 1500W mit 2\u00d7 Solar Panel (100W) gefunden von Product-Guide.org","robots":{"index":"index","follow":"follow","max-snippet":"max-snippet:-1","max-image-preview":"max-image-preview:large","max-video-preview":"max-video-preview:-1"},"canonical":"https:\/\/product-guide.org\/en\/produkt\/anker-757-powerhouse-1229wh-1500w-mit-2x-solar-panel-100w\/","og_locale":"en_GB","og_type":"article","og_title":"Anker 757 PowerHouse - 1229Wh | 1500W mit 2\u00d7 Solar Panel (100W) | Product-Guide.org","og_description":"Anker 757 PowerHouse - 1229Wh | 1500W mit 2\u00d7 Solar Panel (100W) gefunden von Product-Guide.org","og_url":"https:\/\/product-guide.org\/en\/produkt\/anker-757-powerhouse-1229wh-1500w-mit-2x-solar-panel-100w\/","og_site_name":"Product-Guide.org","og_image":[{"width":200,"height":200,"url":"https:\/\/product-guide.org\/wp-content\/uploads\/2023\/01\/unnamed-file-128.jpeg","type":"image\/jpeg"}],"twitter_card":"summary_large_image","schema":{"@context":"https:\/\/schema.org","@graph":[{"@type":"WebPage","@id":"https:\/\/product-guide.org\/en\/produkt\/anker-757-powerhouse-1229wh-1500w-mit-2x-solar-panel-100w\/","url":"https:\/\/product-guide.org\/en\/produkt\/anker-757-powerhouse-1229wh-1500w-mit-2x-solar-panel-100w\/","name":"Anker 757 PowerHouse - 1229Wh | 1500W mit 2\u00d7 Solar Panel (100W) | Product-Guide.org","isPartOf":{"@id":"https:\/\/product-guide.org\/#website"},"primaryImageOfPage":{"@id":"https:\/\/product-guide.org\/en\/produkt\/anker-757-powerhouse-1229wh-1500w-mit-2x-solar-panel-100w\/#primaryimage"},"image":{"@id":"https:\/\/product-guide.org\/en\/produkt\/anker-757-powerhouse-1229wh-1500w-mit-2x-solar-panel-100w\/#primaryimage"},"thumbnailUrl":"","datePublished":"2023-01-05T12:58:51+00:00","description":"Anker 757 PowerHouse - 1229Wh | 1500W mit 2\u00d7 Solar Panel (100W) gefunden von Product-Guide.org","breadcrumb":{"@id":"https:\/\/product-guide.org\/en\/produkt\/anker-757-powerhouse-1229wh-1500w-mit-2x-solar-panel-100w\/#breadcrumb"},"inLanguage":"en-GB","potentialAction":[{"@type":"ReadAction","target":["https:\/\/product-guide.org\/en\/produkt\/anker-757-powerhouse-1229wh-1500w-mit-2x-solar-panel-100w\/"]}]},{"@type":"ImageObject","inLanguage":"en-GB","@id":"https:\/\/product-guide.org\/en\/produkt\/anker-757-powerhouse-1229wh-1500w-mit-2x-solar-panel-100w\/#primaryimage","url":"","contentUrl":"","width":200,"height":200},{"@type":"BreadcrumbList","@id":"https:\/\/product-guide.org\/en\/produkt\/anker-757-powerhouse-1229wh-1500w-mit-2x-solar-panel-100w\/#breadcrumb","itemListElement":[{"@type":"ListItem","position":1,"name":"Home","item":"https:\/\/product-guide.org\/"},{"@type":"ListItem","position":2,"name":"Ergebnisse","item":"https:\/\/product-guide.org\/de\/ergebnisse\/"},{"@type":"ListItem","position":3,"name":"Anker 757 PowerHouse &#8211; 1229Wh | 1500W mit 2\u00d7 Solar Panel (100W)"}]},{"@type":"WebSite","@id":"https:\/\/product-guide.org\/#website","url":"https:\/\/product-guide.org\/","name":"Product-Guide.org","description":"What Product are you looking for?","publisher":{"@id":"https:\/\/product-guide.org\/#organization"},"potentialAction":[{"@type":"SearchAction","target":{"@type":"EntryPoint","urlTemplate":"https:\/\/product-guide.org\/?s={search_term_string}"},"query-input":{"@type":"PropertyValueSpecification","valueRequired":true,"valueName":"search_term_string"}}],"inLanguage":"en-GB"},{"@type":"Organization","@id":"https:\/\/product-guide.org\/#organization","name":"Product-Guide.org","url":"https:\/\/product-guide.org\/","logo":{"@type":"ImageObject","inLanguage":"en-GB","@id":"https:\/\/product-guide.org\/#\/schema\/logo\/image\/","url":"https:\/\/product-guide.org\/wp-content\/uploads\/2022\/07\/logo_transparent_background.png","contentUrl":"https:\/\/product-guide.org\/wp-content\/uploads\/2022\/07\/logo_transparent_background.png","width":3400,"height":1132,"caption":"Product-Guide.org"},"image":{"@id":"https:\/\/product-guide.org\/#\/schema\/logo\/image\/"}}]}},"_links":{"self":[{"href":"https:\/\/product-guide.org\/en\/wp-json\/wp\/v2\/product\/23236","targetHints":{"allow":["GET"]}}],"collection":[{"href":"https:\/\/product-guide.org\/en\/wp-json\/wp\/v2\/product"}],"about":[{"href":"https:\/\/product-guide.org\/en\/wp-json\/wp\/v2\/types\/product"}],"wp:featuredmedia":[{"embeddable":true,"href":"https:\/\/product-guide.org\/en\/wp-json\/"}],"wp:attachment":[{"href":"https:\/\/product-guide.org\/en\/wp-json\/wp\/v2\/media?parent=23236"}],"wp:term":[{"taxonomy":"store","embeddable":true,"href":"https:\/\/product-guide.org\/en\/wp-json\/wp\/v2\/store?post=23236"},{"taxonomy":"product_brand","embeddable":true,"href":"https:\/\/product-guide.org\/en\/wp-json\/wp\/v2\/product_brand?post=23236"},{"taxonomy":"product_cat","embeddable":true,"href":"https:\/\/product-guide.org\/en\/wp-json\/wp\/v2\/product_cat?post=23236"},{"taxonomy":"product_tag","embeddable":true,"href":"https:\/\/product-guide.org\/en\/wp-json\/wp\/v2\/product_tag?post=23236"}],"curies":[{"name":"wp","href":"https:\/\/api.w.org\/{rel}","templated":true}]}}