{"id":23244,"date":"2023-01-05T13:59:07","date_gmt":"2023-01-05T12:59:07","guid":{"rendered":"https:\/\/product-guide.org\/produkt\/renergie-multi-lift-eye-cream-15-ml\/"},"modified":"2023-01-05T13:59:07","modified_gmt":"2023-01-05T12:59:07","slug":"renergie-multi-lift-eye-cream-15-ml","status":"publish","type":"product","link":"https:\/\/product-guide.org\/en\/produkt\/renergie-multi-lift-eye-cream-15-ml\/","title":{"rendered":"R\u00e9nergie Multi Lift Eye Cream &#8211; 15 ml"},"content":{"rendered":"<p>Entdecken Sie Lanc\u00f4mes neue Anti-Falten Augencreme R\u00e9nergie Yeux Multi-Lift Ultra mit Hyalurons\u00e4ure nat\u00fcrlichen Urpsrungs und Leinsamen-Extrakt. Die Partie um unsere Augen wird t\u00e4glich mit jedem Wimpernschlag beansprucht und ben\u00f6tigt daher viel Aufmerksamkeit und eine gute Pflege. Gemilderte Augenringe, gegl\u00e4ttete Augenf\u00e4ltchen und sofortige Feuchtigkeitsversorgung sind die drei Vorteile der neuen Augencreme von R\u00e9nergie Ultra.<\/p>\n","protected":false},"excerpt":{"rendered":"<p>Entdecken Sie Lanc\u00f4mes neue Anti-Falten Augencreme R\u00e9nergie Yeux Multi-Lift Ultra mit Hyalurons\u00e4ure nat\u00fcrlichen Urpsrungs und Leinsamen-Extrakt. Die Partie um unsere Augen wird t\u00e4glich mit jedem Wimpernschlag beansprucht und ben\u00f6tigt daher viel Aufmerksamkeit und eine gute Pflege. Gemilderte Augenringe, gegl\u00e4ttete Augenf\u00e4ltchen und sofortige Feuchtigkeitsversorgung sind die drei Vorteile der neuen Augencreme von R\u00e9nergie Ultra.<\/p>\n","protected":false},"featured_media":23245,"template":"","meta":{"_gspb_post_css":""},"store":[730],"product_brand":[],"product_cat":[732],"product_tag":[],"class_list":{"0":"post-23244","1":"product","2":"type-product","3":"status-publish","4":"has-post-thumbnail","6":"store-lancome","7":"product_cat-cosmetics-skincare","8":"pa_merchant-lancome-de","10":"first","11":"instock","12":"product-type-external"},"yoast_head":"<!-- This site is optimized with the Yoast SEO plugin v24.6 - https:\/\/yoast.com\/wordpress\/plugins\/seo\/ -->\n<title>R\u00e9nergie Multi Lift Eye Cream - 15 ml | Product-Guide.org<\/title>\n<meta name=\"description\" content=\"R\u00e9nergie Multi Lift Eye Cream - 15 ml gefunden von Product-Guide.org\" \/>\n<meta name=\"robots\" content=\"index, follow, max-snippet:-1, max-image-preview:large, max-video-preview:-1\" \/>\n<link rel=\"canonical\" href=\"https:\/\/product-guide.org\/en\/produkt\/renergie-multi-lift-eye-cream-15-ml\/\" \/>\n<meta property=\"og:locale\" content=\"en_GB\" \/>\n<meta property=\"og:type\" content=\"article\" \/>\n<meta property=\"og:title\" content=\"R\u00e9nergie Multi Lift Eye Cream - 15 ml | Product-Guide.org\" \/>\n<meta property=\"og:description\" content=\"R\u00e9nergie Multi Lift Eye Cream - 15 ml gefunden von Product-Guide.org\" \/>\n<meta property=\"og:url\" content=\"https:\/\/product-guide.org\/en\/produkt\/renergie-multi-lift-eye-cream-15-ml\/\" \/>\n<meta property=\"og:site_name\" content=\"Product-Guide.org\" \/>\n<meta property=\"og:image\" content=\"https:\/\/product-guide.org\/wp-content\/uploads\/2023\/01\/unnamed-file-130.jpeg\" \/>\n\t<meta property=\"og:image:width\" content=\"200\" \/>\n\t<meta property=\"og:image:height\" content=\"200\" \/>\n\t<meta property=\"og:image:type\" content=\"image\/jpeg\" \/>\n<meta name=\"twitter:card\" content=\"summary_large_image\" \/>\n<script type=\"application\/ld+json\" class=\"yoast-schema-graph\">{\"@context\":\"https:\/\/schema.org\",\"@graph\":[{\"@type\":\"WebPage\",\"@id\":\"https:\/\/product-guide.org\/en\/produkt\/renergie-multi-lift-eye-cream-15-ml\/\",\"url\":\"https:\/\/product-guide.org\/en\/produkt\/renergie-multi-lift-eye-cream-15-ml\/\",\"name\":\"R\u00e9nergie Multi Lift Eye Cream - 15 ml | Product-Guide.org\",\"isPartOf\":{\"@id\":\"https:\/\/product-guide.org\/#website\"},\"primaryImageOfPage\":{\"@id\":\"https:\/\/product-guide.org\/en\/produkt\/renergie-multi-lift-eye-cream-15-ml\/#primaryimage\"},\"image\":{\"@id\":\"https:\/\/product-guide.org\/en\/produkt\/renergie-multi-lift-eye-cream-15-ml\/#primaryimage\"},\"thumbnailUrl\":\"\",\"datePublished\":\"2023-01-05T12:59:07+00:00\",\"description\":\"R\u00e9nergie Multi Lift Eye Cream - 15 ml gefunden von Product-Guide.org\",\"breadcrumb\":{\"@id\":\"https:\/\/product-guide.org\/en\/produkt\/renergie-multi-lift-eye-cream-15-ml\/#breadcrumb\"},\"inLanguage\":\"en-GB\",\"potentialAction\":[{\"@type\":\"ReadAction\",\"target\":[\"https:\/\/product-guide.org\/en\/produkt\/renergie-multi-lift-eye-cream-15-ml\/\"]}]},{\"@type\":\"ImageObject\",\"inLanguage\":\"en-GB\",\"@id\":\"https:\/\/product-guide.org\/en\/produkt\/renergie-multi-lift-eye-cream-15-ml\/#primaryimage\",\"url\":\"\",\"contentUrl\":\"\",\"width\":200,\"height\":200},{\"@type\":\"BreadcrumbList\",\"@id\":\"https:\/\/product-guide.org\/en\/produkt\/renergie-multi-lift-eye-cream-15-ml\/#breadcrumb\",\"itemListElement\":[{\"@type\":\"ListItem\",\"position\":1,\"name\":\"Home\",\"item\":\"https:\/\/product-guide.org\/\"},{\"@type\":\"ListItem\",\"position\":2,\"name\":\"Ergebnisse\",\"item\":\"https:\/\/product-guide.org\/de\/ergebnisse\/\"},{\"@type\":\"ListItem\",\"position\":3,\"name\":\"R\u00e9nergie Multi Lift Eye Cream &#8211; 15 ml\"}]},{\"@type\":\"WebSite\",\"@id\":\"https:\/\/product-guide.org\/#website\",\"url\":\"https:\/\/product-guide.org\/\",\"name\":\"Product-Guide.org\",\"description\":\"What Product are you looking for?\",\"publisher\":{\"@id\":\"https:\/\/product-guide.org\/#organization\"},\"potentialAction\":[{\"@type\":\"SearchAction\",\"target\":{\"@type\":\"EntryPoint\",\"urlTemplate\":\"https:\/\/product-guide.org\/?s={search_term_string}\"},\"query-input\":{\"@type\":\"PropertyValueSpecification\",\"valueRequired\":true,\"valueName\":\"search_term_string\"}}],\"inLanguage\":\"en-GB\"},{\"@type\":\"Organization\",\"@id\":\"https:\/\/product-guide.org\/#organization\",\"name\":\"Product-Guide.org\",\"url\":\"https:\/\/product-guide.org\/\",\"logo\":{\"@type\":\"ImageObject\",\"inLanguage\":\"en-GB\",\"@id\":\"https:\/\/product-guide.org\/#\/schema\/logo\/image\/\",\"url\":\"https:\/\/product-guide.org\/wp-content\/uploads\/2022\/07\/logo_transparent_background.png\",\"contentUrl\":\"https:\/\/product-guide.org\/wp-content\/uploads\/2022\/07\/logo_transparent_background.png\",\"width\":3400,\"height\":1132,\"caption\":\"Product-Guide.org\"},\"image\":{\"@id\":\"https:\/\/product-guide.org\/#\/schema\/logo\/image\/\"}}]}<\/script>\n<!-- \/ Yoast SEO plugin. -->","yoast_head_json":{"title":"R\u00e9nergie Multi Lift Eye Cream - 15 ml | Product-Guide.org","description":"R\u00e9nergie Multi Lift Eye Cream - 15 ml gefunden von Product-Guide.org","robots":{"index":"index","follow":"follow","max-snippet":"max-snippet:-1","max-image-preview":"max-image-preview:large","max-video-preview":"max-video-preview:-1"},"canonical":"https:\/\/product-guide.org\/en\/produkt\/renergie-multi-lift-eye-cream-15-ml\/","og_locale":"en_GB","og_type":"article","og_title":"R\u00e9nergie Multi Lift Eye Cream - 15 ml | Product-Guide.org","og_description":"R\u00e9nergie Multi Lift Eye Cream - 15 ml gefunden von Product-Guide.org","og_url":"https:\/\/product-guide.org\/en\/produkt\/renergie-multi-lift-eye-cream-15-ml\/","og_site_name":"Product-Guide.org","og_image":[{"width":200,"height":200,"url":"https:\/\/product-guide.org\/wp-content\/uploads\/2023\/01\/unnamed-file-130.jpeg","type":"image\/jpeg"}],"twitter_card":"summary_large_image","schema":{"@context":"https:\/\/schema.org","@graph":[{"@type":"WebPage","@id":"https:\/\/product-guide.org\/en\/produkt\/renergie-multi-lift-eye-cream-15-ml\/","url":"https:\/\/product-guide.org\/en\/produkt\/renergie-multi-lift-eye-cream-15-ml\/","name":"R\u00e9nergie Multi Lift Eye Cream - 15 ml | Product-Guide.org","isPartOf":{"@id":"https:\/\/product-guide.org\/#website"},"primaryImageOfPage":{"@id":"https:\/\/product-guide.org\/en\/produkt\/renergie-multi-lift-eye-cream-15-ml\/#primaryimage"},"image":{"@id":"https:\/\/product-guide.org\/en\/produkt\/renergie-multi-lift-eye-cream-15-ml\/#primaryimage"},"thumbnailUrl":"","datePublished":"2023-01-05T12:59:07+00:00","description":"R\u00e9nergie Multi Lift Eye Cream - 15 ml gefunden von Product-Guide.org","breadcrumb":{"@id":"https:\/\/product-guide.org\/en\/produkt\/renergie-multi-lift-eye-cream-15-ml\/#breadcrumb"},"inLanguage":"en-GB","potentialAction":[{"@type":"ReadAction","target":["https:\/\/product-guide.org\/en\/produkt\/renergie-multi-lift-eye-cream-15-ml\/"]}]},{"@type":"ImageObject","inLanguage":"en-GB","@id":"https:\/\/product-guide.org\/en\/produkt\/renergie-multi-lift-eye-cream-15-ml\/#primaryimage","url":"","contentUrl":"","width":200,"height":200},{"@type":"BreadcrumbList","@id":"https:\/\/product-guide.org\/en\/produkt\/renergie-multi-lift-eye-cream-15-ml\/#breadcrumb","itemListElement":[{"@type":"ListItem","position":1,"name":"Home","item":"https:\/\/product-guide.org\/"},{"@type":"ListItem","position":2,"name":"Ergebnisse","item":"https:\/\/product-guide.org\/de\/ergebnisse\/"},{"@type":"ListItem","position":3,"name":"R\u00e9nergie Multi Lift Eye Cream &#8211; 15 ml"}]},{"@type":"WebSite","@id":"https:\/\/product-guide.org\/#website","url":"https:\/\/product-guide.org\/","name":"Product-Guide.org","description":"What Product are you looking for?","publisher":{"@id":"https:\/\/product-guide.org\/#organization"},"potentialAction":[{"@type":"SearchAction","target":{"@type":"EntryPoint","urlTemplate":"https:\/\/product-guide.org\/?s={search_term_string}"},"query-input":{"@type":"PropertyValueSpecification","valueRequired":true,"valueName":"search_term_string"}}],"inLanguage":"en-GB"},{"@type":"Organization","@id":"https:\/\/product-guide.org\/#organization","name":"Product-Guide.org","url":"https:\/\/product-guide.org\/","logo":{"@type":"ImageObject","inLanguage":"en-GB","@id":"https:\/\/product-guide.org\/#\/schema\/logo\/image\/","url":"https:\/\/product-guide.org\/wp-content\/uploads\/2022\/07\/logo_transparent_background.png","contentUrl":"https:\/\/product-guide.org\/wp-content\/uploads\/2022\/07\/logo_transparent_background.png","width":3400,"height":1132,"caption":"Product-Guide.org"},"image":{"@id":"https:\/\/product-guide.org\/#\/schema\/logo\/image\/"}}]}},"_links":{"self":[{"href":"https:\/\/product-guide.org\/en\/wp-json\/wp\/v2\/product\/23244","targetHints":{"allow":["GET"]}}],"collection":[{"href":"https:\/\/product-guide.org\/en\/wp-json\/wp\/v2\/product"}],"about":[{"href":"https:\/\/product-guide.org\/en\/wp-json\/wp\/v2\/types\/product"}],"wp:featuredmedia":[{"embeddable":true,"href":"https:\/\/product-guide.org\/en\/wp-json\/"}],"wp:attachment":[{"href":"https:\/\/product-guide.org\/en\/wp-json\/wp\/v2\/media?parent=23244"}],"wp:term":[{"taxonomy":"store","embeddable":true,"href":"https:\/\/product-guide.org\/en\/wp-json\/wp\/v2\/store?post=23244"},{"taxonomy":"product_brand","embeddable":true,"href":"https:\/\/product-guide.org\/en\/wp-json\/wp\/v2\/product_brand?post=23244"},{"taxonomy":"product_cat","embeddable":true,"href":"https:\/\/product-guide.org\/en\/wp-json\/wp\/v2\/product_cat?post=23244"},{"taxonomy":"product_tag","embeddable":true,"href":"https:\/\/product-guide.org\/en\/wp-json\/wp\/v2\/product_tag?post=23244"}],"curies":[{"name":"wp","href":"https:\/\/api.w.org\/{rel}","templated":true}]}}