{"id":23248,"date":"2023-01-05T13:59:13","date_gmt":"2023-01-05T12:59:13","guid":{"rendered":"https:\/\/product-guide.org\/produkt\/la-vie-est-belle-happiness-shot-eau-de-parfum-limited-edition-15-ml\/"},"modified":"2023-01-05T13:59:13","modified_gmt":"2023-01-05T12:59:13","slug":"la-vie-est-belle-happiness-shot-eau-de-parfum-limited-edition-15-ml","status":"publish","type":"product","link":"https:\/\/product-guide.org\/en\/produkt\/la-vie-est-belle-happiness-shot-eau-de-parfum-limited-edition-15-ml\/","title":{"rendered":"La Vie Est Belle Happiness Shot Eau De Parfum Limited Edition &#8211; 15 ml"},"content":{"rendered":"<p>Manchmal kann ein einziges L\u00e4cheln oder ein Tropfen Parfum den ganzen Tag erhellen. La vie est belle Happiness Shot Eau de Parfum ist eine Duftkomposition, die Ihren Sommer mit nicht enden wollender Freude bereichern wird. Im Eau de Parfum vereint sich Iris, die Blume des Gl\u00fccks mit zarten Gourmand-Noten zu einem unwiderstehlichen Duft. Das Parfum in praktischer Reisegr\u00f6\u00dfe besticht durch eine liebliche Assemblage, die jeder Frau ein L\u00e4cheln ins Gesicht zaubert. Der kleine Parfum-Flakon enth\u00e4lt ein Konzentrat an Freude, das Sie den ganzen Tag mit sich tragen m\u00f6chten. Lanc\u00f4mes La vie est belle Happiness Shot verk\u00f6rpert die gr\u00f6\u00dfte Freude, verpackt im kleinsten Flakon. Mit dem La vie est belle Happiness Shot Eau de Parfum von Lanc\u00f4me k\u00f6nnen Sie Ihren Lieblingsduft \u00fcberall mit hinnehmen. Das ikonische Damenparfum von Lanc\u00f4me befindet sich in einem 15 ml Flakon und bildet somit eine praktische Reisegr\u00f6\u00dfe f\u00fcr die Handtasche. Das La vie est belle Eau de Parfum ist Lanc\u00f4mes ikonisches Damenparfum, das f\u00fcr pure Freude und Gl\u00fccksgef\u00fchle steht. Sanfte Gourmand-Noten und blumige Nuancen der Rose und Iris vermischen sich mit einer fruchtigen Kopfnote aus Birne. Die Basis aus Patschuli und Vanille rundet die liebliche Assemblage ab. La vie est belle Happiness Shot Eau de Parfum ist mehr als nur ein Parfum. Die Komposition bildet einen unwiderstehlichen Duft, der Ihren Sommer verzaubert. Verbreiten Sie Lebensfreude! Bei der Happiness Shot Ausf\u00fchrung handelt es sich um eine limitierte Edition von Lanc\u00f4me.<\/p>\n","protected":false},"excerpt":{"rendered":"<p>Manchmal kann ein einziges L\u00e4cheln oder ein Tropfen Parfum den ganzen Tag erhellen. La vie est belle Happiness Shot Eau de Parfum ist eine Duftkomposition, die Ihren Sommer mit nicht enden wollender Freude bereichern wird. Im Eau de Parfum vereint sich Iris, die Blume des Gl\u00fccks mit zarten Gourmand-Noten zu einem unwiderstehlichen Duft. Das Parfum [&hellip;]<\/p>\n","protected":false},"featured_media":23249,"template":"","meta":{"_gspb_post_css":""},"store":[730],"product_brand":[],"product_cat":[732],"product_tag":[],"class_list":{"0":"post-23248","1":"product","2":"type-product","3":"status-publish","4":"has-post-thumbnail","6":"store-lancome","7":"product_cat-cosmetics-skincare","8":"pa_merchant-lancome-de","10":"first","11":"instock","12":"product-type-external"},"yoast_head":"<!-- This site is optimized with the Yoast SEO plugin v24.6 - https:\/\/yoast.com\/wordpress\/plugins\/seo\/ -->\n<title>La Vie Est Belle Happiness Shot Eau De Parfum Limited Edition - 15 ml | Product-Guide.org<\/title>\n<meta name=\"description\" content=\"La Vie Est Belle Happiness Shot Eau De Parfum Limited Edition - 15 ml gefunden von Product-Guide.org\" \/>\n<meta name=\"robots\" content=\"index, follow, max-snippet:-1, max-image-preview:large, max-video-preview:-1\" \/>\n<link rel=\"canonical\" href=\"https:\/\/product-guide.org\/en\/produkt\/la-vie-est-belle-happiness-shot-eau-de-parfum-limited-edition-15-ml\/\" \/>\n<meta property=\"og:locale\" content=\"en_GB\" \/>\n<meta property=\"og:type\" content=\"article\" \/>\n<meta property=\"og:title\" content=\"La Vie Est Belle Happiness Shot Eau De Parfum Limited Edition - 15 ml | Product-Guide.org\" \/>\n<meta property=\"og:description\" content=\"La Vie Est Belle Happiness Shot Eau De Parfum Limited Edition - 15 ml gefunden von Product-Guide.org\" \/>\n<meta property=\"og:url\" content=\"https:\/\/product-guide.org\/en\/produkt\/la-vie-est-belle-happiness-shot-eau-de-parfum-limited-edition-15-ml\/\" \/>\n<meta property=\"og:site_name\" content=\"Product-Guide.org\" \/>\n<meta property=\"og:image\" content=\"https:\/\/product-guide.org\/wp-content\/uploads\/2023\/01\/unnamed-file-132.jpeg\" \/>\n\t<meta property=\"og:image:width\" content=\"200\" \/>\n\t<meta property=\"og:image:height\" content=\"200\" \/>\n\t<meta property=\"og:image:type\" content=\"image\/jpeg\" \/>\n<meta name=\"twitter:card\" content=\"summary_large_image\" \/>\n<script type=\"application\/ld+json\" class=\"yoast-schema-graph\">{\"@context\":\"https:\/\/schema.org\",\"@graph\":[{\"@type\":\"WebPage\",\"@id\":\"https:\/\/product-guide.org\/en\/produkt\/la-vie-est-belle-happiness-shot-eau-de-parfum-limited-edition-15-ml\/\",\"url\":\"https:\/\/product-guide.org\/en\/produkt\/la-vie-est-belle-happiness-shot-eau-de-parfum-limited-edition-15-ml\/\",\"name\":\"La Vie Est Belle Happiness Shot Eau De Parfum Limited Edition - 15 ml | Product-Guide.org\",\"isPartOf\":{\"@id\":\"https:\/\/product-guide.org\/#website\"},\"primaryImageOfPage\":{\"@id\":\"https:\/\/product-guide.org\/en\/produkt\/la-vie-est-belle-happiness-shot-eau-de-parfum-limited-edition-15-ml\/#primaryimage\"},\"image\":{\"@id\":\"https:\/\/product-guide.org\/en\/produkt\/la-vie-est-belle-happiness-shot-eau-de-parfum-limited-edition-15-ml\/#primaryimage\"},\"thumbnailUrl\":\"\",\"datePublished\":\"2023-01-05T12:59:13+00:00\",\"description\":\"La Vie Est Belle Happiness Shot Eau De Parfum Limited Edition - 15 ml gefunden von Product-Guide.org\",\"breadcrumb\":{\"@id\":\"https:\/\/product-guide.org\/en\/produkt\/la-vie-est-belle-happiness-shot-eau-de-parfum-limited-edition-15-ml\/#breadcrumb\"},\"inLanguage\":\"en-GB\",\"potentialAction\":[{\"@type\":\"ReadAction\",\"target\":[\"https:\/\/product-guide.org\/en\/produkt\/la-vie-est-belle-happiness-shot-eau-de-parfum-limited-edition-15-ml\/\"]}]},{\"@type\":\"ImageObject\",\"inLanguage\":\"en-GB\",\"@id\":\"https:\/\/product-guide.org\/en\/produkt\/la-vie-est-belle-happiness-shot-eau-de-parfum-limited-edition-15-ml\/#primaryimage\",\"url\":\"\",\"contentUrl\":\"\",\"width\":200,\"height\":200},{\"@type\":\"BreadcrumbList\",\"@id\":\"https:\/\/product-guide.org\/en\/produkt\/la-vie-est-belle-happiness-shot-eau-de-parfum-limited-edition-15-ml\/#breadcrumb\",\"itemListElement\":[{\"@type\":\"ListItem\",\"position\":1,\"name\":\"Home\",\"item\":\"https:\/\/product-guide.org\/\"},{\"@type\":\"ListItem\",\"position\":2,\"name\":\"Ergebnisse\",\"item\":\"https:\/\/product-guide.org\/de\/ergebnisse\/\"},{\"@type\":\"ListItem\",\"position\":3,\"name\":\"La Vie Est Belle Happiness Shot Eau De Parfum Limited Edition &#8211; 15 ml\"}]},{\"@type\":\"WebSite\",\"@id\":\"https:\/\/product-guide.org\/#website\",\"url\":\"https:\/\/product-guide.org\/\",\"name\":\"Product-Guide.org\",\"description\":\"What Product are you looking for?\",\"publisher\":{\"@id\":\"https:\/\/product-guide.org\/#organization\"},\"potentialAction\":[{\"@type\":\"SearchAction\",\"target\":{\"@type\":\"EntryPoint\",\"urlTemplate\":\"https:\/\/product-guide.org\/?s={search_term_string}\"},\"query-input\":{\"@type\":\"PropertyValueSpecification\",\"valueRequired\":true,\"valueName\":\"search_term_string\"}}],\"inLanguage\":\"en-GB\"},{\"@type\":\"Organization\",\"@id\":\"https:\/\/product-guide.org\/#organization\",\"name\":\"Product-Guide.org\",\"url\":\"https:\/\/product-guide.org\/\",\"logo\":{\"@type\":\"ImageObject\",\"inLanguage\":\"en-GB\",\"@id\":\"https:\/\/product-guide.org\/#\/schema\/logo\/image\/\",\"url\":\"https:\/\/product-guide.org\/wp-content\/uploads\/2022\/07\/logo_transparent_background.png\",\"contentUrl\":\"https:\/\/product-guide.org\/wp-content\/uploads\/2022\/07\/logo_transparent_background.png\",\"width\":3400,\"height\":1132,\"caption\":\"Product-Guide.org\"},\"image\":{\"@id\":\"https:\/\/product-guide.org\/#\/schema\/logo\/image\/\"}}]}<\/script>\n<!-- \/ Yoast SEO plugin. -->","yoast_head_json":{"title":"La Vie Est Belle Happiness Shot Eau De Parfum Limited Edition - 15 ml | Product-Guide.org","description":"La Vie Est Belle Happiness Shot Eau De Parfum Limited Edition - 15 ml gefunden von Product-Guide.org","robots":{"index":"index","follow":"follow","max-snippet":"max-snippet:-1","max-image-preview":"max-image-preview:large","max-video-preview":"max-video-preview:-1"},"canonical":"https:\/\/product-guide.org\/en\/produkt\/la-vie-est-belle-happiness-shot-eau-de-parfum-limited-edition-15-ml\/","og_locale":"en_GB","og_type":"article","og_title":"La Vie Est Belle Happiness Shot Eau De Parfum Limited Edition - 15 ml | Product-Guide.org","og_description":"La Vie Est Belle Happiness Shot Eau De Parfum Limited Edition - 15 ml gefunden von Product-Guide.org","og_url":"https:\/\/product-guide.org\/en\/produkt\/la-vie-est-belle-happiness-shot-eau-de-parfum-limited-edition-15-ml\/","og_site_name":"Product-Guide.org","og_image":[{"width":200,"height":200,"url":"https:\/\/product-guide.org\/wp-content\/uploads\/2023\/01\/unnamed-file-132.jpeg","type":"image\/jpeg"}],"twitter_card":"summary_large_image","schema":{"@context":"https:\/\/schema.org","@graph":[{"@type":"WebPage","@id":"https:\/\/product-guide.org\/en\/produkt\/la-vie-est-belle-happiness-shot-eau-de-parfum-limited-edition-15-ml\/","url":"https:\/\/product-guide.org\/en\/produkt\/la-vie-est-belle-happiness-shot-eau-de-parfum-limited-edition-15-ml\/","name":"La Vie Est Belle Happiness Shot Eau De Parfum Limited Edition - 15 ml | Product-Guide.org","isPartOf":{"@id":"https:\/\/product-guide.org\/#website"},"primaryImageOfPage":{"@id":"https:\/\/product-guide.org\/en\/produkt\/la-vie-est-belle-happiness-shot-eau-de-parfum-limited-edition-15-ml\/#primaryimage"},"image":{"@id":"https:\/\/product-guide.org\/en\/produkt\/la-vie-est-belle-happiness-shot-eau-de-parfum-limited-edition-15-ml\/#primaryimage"},"thumbnailUrl":"","datePublished":"2023-01-05T12:59:13+00:00","description":"La Vie Est Belle Happiness Shot Eau De Parfum Limited Edition - 15 ml gefunden von Product-Guide.org","breadcrumb":{"@id":"https:\/\/product-guide.org\/en\/produkt\/la-vie-est-belle-happiness-shot-eau-de-parfum-limited-edition-15-ml\/#breadcrumb"},"inLanguage":"en-GB","potentialAction":[{"@type":"ReadAction","target":["https:\/\/product-guide.org\/en\/produkt\/la-vie-est-belle-happiness-shot-eau-de-parfum-limited-edition-15-ml\/"]}]},{"@type":"ImageObject","inLanguage":"en-GB","@id":"https:\/\/product-guide.org\/en\/produkt\/la-vie-est-belle-happiness-shot-eau-de-parfum-limited-edition-15-ml\/#primaryimage","url":"","contentUrl":"","width":200,"height":200},{"@type":"BreadcrumbList","@id":"https:\/\/product-guide.org\/en\/produkt\/la-vie-est-belle-happiness-shot-eau-de-parfum-limited-edition-15-ml\/#breadcrumb","itemListElement":[{"@type":"ListItem","position":1,"name":"Home","item":"https:\/\/product-guide.org\/"},{"@type":"ListItem","position":2,"name":"Ergebnisse","item":"https:\/\/product-guide.org\/de\/ergebnisse\/"},{"@type":"ListItem","position":3,"name":"La Vie Est Belle Happiness Shot Eau De Parfum Limited Edition &#8211; 15 ml"}]},{"@type":"WebSite","@id":"https:\/\/product-guide.org\/#website","url":"https:\/\/product-guide.org\/","name":"Product-Guide.org","description":"What Product are you looking for?","publisher":{"@id":"https:\/\/product-guide.org\/#organization"},"potentialAction":[{"@type":"SearchAction","target":{"@type":"EntryPoint","urlTemplate":"https:\/\/product-guide.org\/?s={search_term_string}"},"query-input":{"@type":"PropertyValueSpecification","valueRequired":true,"valueName":"search_term_string"}}],"inLanguage":"en-GB"},{"@type":"Organization","@id":"https:\/\/product-guide.org\/#organization","name":"Product-Guide.org","url":"https:\/\/product-guide.org\/","logo":{"@type":"ImageObject","inLanguage":"en-GB","@id":"https:\/\/product-guide.org\/#\/schema\/logo\/image\/","url":"https:\/\/product-guide.org\/wp-content\/uploads\/2022\/07\/logo_transparent_background.png","contentUrl":"https:\/\/product-guide.org\/wp-content\/uploads\/2022\/07\/logo_transparent_background.png","width":3400,"height":1132,"caption":"Product-Guide.org"},"image":{"@id":"https:\/\/product-guide.org\/#\/schema\/logo\/image\/"}}]}},"_links":{"self":[{"href":"https:\/\/product-guide.org\/en\/wp-json\/wp\/v2\/product\/23248","targetHints":{"allow":["GET"]}}],"collection":[{"href":"https:\/\/product-guide.org\/en\/wp-json\/wp\/v2\/product"}],"about":[{"href":"https:\/\/product-guide.org\/en\/wp-json\/wp\/v2\/types\/product"}],"wp:featuredmedia":[{"embeddable":true,"href":"https:\/\/product-guide.org\/en\/wp-json\/"}],"wp:attachment":[{"href":"https:\/\/product-guide.org\/en\/wp-json\/wp\/v2\/media?parent=23248"}],"wp:term":[{"taxonomy":"store","embeddable":true,"href":"https:\/\/product-guide.org\/en\/wp-json\/wp\/v2\/store?post=23248"},{"taxonomy":"product_brand","embeddable":true,"href":"https:\/\/product-guide.org\/en\/wp-json\/wp\/v2\/product_brand?post=23248"},{"taxonomy":"product_cat","embeddable":true,"href":"https:\/\/product-guide.org\/en\/wp-json\/wp\/v2\/product_cat?post=23248"},{"taxonomy":"product_tag","embeddable":true,"href":"https:\/\/product-guide.org\/en\/wp-json\/wp\/v2\/product_tag?post=23248"}],"curies":[{"name":"wp","href":"https:\/\/api.w.org\/{rel}","templated":true}]}}