{"id":23258,"date":"2023-01-05T13:59:32","date_gmt":"2023-01-05T12:59:32","guid":{"rendered":"https:\/\/product-guide.org\/produkt\/advanced-genifique-yeux-light-pearl-20-ml\/"},"modified":"2023-01-05T13:59:32","modified_gmt":"2023-01-05T12:59:32","slug":"advanced-genifique-yeux-light-pearl-20-ml","status":"publish","type":"product","link":"https:\/\/product-guide.org\/en\/produkt\/advanced-genifique-yeux-light-pearl-20-ml\/","title":{"rendered":"Advanced G\u00e9nifique Yeux Light Pearl &#8211; 20 ml"},"content":{"rendered":"<p>F\u00fcr eine wache und jugendliche Augenpartie: \u00d6ffne Deine Augen mit dem Advanced G\u00e9nifique Yeux Light-Pearl Augen- und Wimpernserum. Basierend auf der Wissenschaft des Mikrobioms weckt die jugend-aktivierende Formel Deine m\u00fcden, geschwollene Augen und st\u00e4rkt die Wimpern. Das Augenserum beweist eine 360\u00b0 Effizienz f\u00fcr jede Augenzone und hilft bei schweren Augenlidern, der Definition der Augenkontur und Zeichen der Hautalterung wie Kr\u00e4henf\u00fc\u00dfe, Falten und Tr\u00e4nens\u00e4cke. Wirkstoffe wie Koffein, Arginin sowie Pr\u00e4- und Probiotika machen das Advanced G\u00e9nifique Yeux Light-Pearl Augenserum zu einer kraftvollen Anti-Aging-Pflege f\u00fcr die Augen. Durch den patentierten Applikator aus Chirurgenstahl wird die Haut zudem auf bis zu -3\u00b0C* heruntergek\u00fchlt. Deine Augenpartie wird so zus\u00e4tzlich belebt. Das Serum bringt die Augen wieder zum strahlen, l\u00e4sst sie jugendlicher aussehen und verleiht ihnen einen ausdrucksstarken Blick. *Instrumenteller Test an 31 Frauen, unmittelbar nach der Verwendung<\/p>\n","protected":false},"excerpt":{"rendered":"<p>F\u00fcr eine wache und jugendliche Augenpartie: \u00d6ffne Deine Augen mit dem Advanced G\u00e9nifique Yeux Light-Pearl Augen- und Wimpernserum. Basierend auf der Wissenschaft des Mikrobioms weckt die jugend-aktivierende Formel Deine m\u00fcden, geschwollene Augen und st\u00e4rkt die Wimpern. Das Augenserum beweist eine 360\u00b0 Effizienz f\u00fcr jede Augenzone und hilft bei schweren Augenlidern, der Definition der Augenkontur und [&hellip;]<\/p>\n","protected":false},"featured_media":23259,"template":"","meta":{"_gspb_post_css":""},"store":[730],"product_brand":[],"product_cat":[732],"product_tag":[],"class_list":{"0":"post-23258","1":"product","2":"type-product","3":"status-publish","4":"has-post-thumbnail","6":"store-lancome","7":"product_cat-cosmetics-skincare","8":"pa_merchant-lancome-de","10":"first","11":"instock","12":"product-type-external"},"yoast_head":"<!-- This site is optimized with the Yoast SEO plugin v24.6 - https:\/\/yoast.com\/wordpress\/plugins\/seo\/ -->\n<title>Advanced G\u00e9nifique Yeux Light Pearl - 20 ml | Product-Guide.org<\/title>\n<meta name=\"description\" content=\"Advanced G\u00e9nifique Yeux Light Pearl - 20 ml gefunden von Product-Guide.org\" \/>\n<meta name=\"robots\" content=\"index, follow, max-snippet:-1, max-image-preview:large, max-video-preview:-1\" \/>\n<link rel=\"canonical\" href=\"https:\/\/product-guide.org\/en\/produkt\/advanced-genifique-yeux-light-pearl-20-ml\/\" \/>\n<meta property=\"og:locale\" content=\"en_GB\" \/>\n<meta property=\"og:type\" content=\"article\" \/>\n<meta property=\"og:title\" content=\"Advanced G\u00e9nifique Yeux Light Pearl - 20 ml | Product-Guide.org\" \/>\n<meta property=\"og:description\" content=\"Advanced G\u00e9nifique Yeux Light Pearl - 20 ml gefunden von Product-Guide.org\" \/>\n<meta property=\"og:url\" content=\"https:\/\/product-guide.org\/en\/produkt\/advanced-genifique-yeux-light-pearl-20-ml\/\" \/>\n<meta property=\"og:site_name\" content=\"Product-Guide.org\" \/>\n<meta property=\"og:image\" content=\"https:\/\/product-guide.org\/wp-content\/uploads\/2023\/01\/unnamed-file-77.png\" \/>\n\t<meta property=\"og:image:width\" content=\"200\" \/>\n\t<meta property=\"og:image:height\" content=\"200\" \/>\n\t<meta property=\"og:image:type\" content=\"image\/png\" \/>\n<meta name=\"twitter:card\" content=\"summary_large_image\" \/>\n<script type=\"application\/ld+json\" class=\"yoast-schema-graph\">{\"@context\":\"https:\/\/schema.org\",\"@graph\":[{\"@type\":\"WebPage\",\"@id\":\"https:\/\/product-guide.org\/en\/produkt\/advanced-genifique-yeux-light-pearl-20-ml\/\",\"url\":\"https:\/\/product-guide.org\/en\/produkt\/advanced-genifique-yeux-light-pearl-20-ml\/\",\"name\":\"Advanced G\u00e9nifique Yeux Light Pearl - 20 ml | Product-Guide.org\",\"isPartOf\":{\"@id\":\"https:\/\/product-guide.org\/#website\"},\"primaryImageOfPage\":{\"@id\":\"https:\/\/product-guide.org\/en\/produkt\/advanced-genifique-yeux-light-pearl-20-ml\/#primaryimage\"},\"image\":{\"@id\":\"https:\/\/product-guide.org\/en\/produkt\/advanced-genifique-yeux-light-pearl-20-ml\/#primaryimage\"},\"thumbnailUrl\":\"\",\"datePublished\":\"2023-01-05T12:59:32+00:00\",\"description\":\"Advanced G\u00e9nifique Yeux Light Pearl - 20 ml gefunden von Product-Guide.org\",\"breadcrumb\":{\"@id\":\"https:\/\/product-guide.org\/en\/produkt\/advanced-genifique-yeux-light-pearl-20-ml\/#breadcrumb\"},\"inLanguage\":\"en-GB\",\"potentialAction\":[{\"@type\":\"ReadAction\",\"target\":[\"https:\/\/product-guide.org\/en\/produkt\/advanced-genifique-yeux-light-pearl-20-ml\/\"]}]},{\"@type\":\"ImageObject\",\"inLanguage\":\"en-GB\",\"@id\":\"https:\/\/product-guide.org\/en\/produkt\/advanced-genifique-yeux-light-pearl-20-ml\/#primaryimage\",\"url\":\"\",\"contentUrl\":\"\",\"width\":200,\"height\":200},{\"@type\":\"BreadcrumbList\",\"@id\":\"https:\/\/product-guide.org\/en\/produkt\/advanced-genifique-yeux-light-pearl-20-ml\/#breadcrumb\",\"itemListElement\":[{\"@type\":\"ListItem\",\"position\":1,\"name\":\"Home\",\"item\":\"https:\/\/product-guide.org\/\"},{\"@type\":\"ListItem\",\"position\":2,\"name\":\"Ergebnisse\",\"item\":\"https:\/\/product-guide.org\/de\/ergebnisse\/\"},{\"@type\":\"ListItem\",\"position\":3,\"name\":\"Advanced G\u00e9nifique Yeux Light Pearl &#8211; 20 ml\"}]},{\"@type\":\"WebSite\",\"@id\":\"https:\/\/product-guide.org\/#website\",\"url\":\"https:\/\/product-guide.org\/\",\"name\":\"Product-Guide.org\",\"description\":\"What Product are you looking for?\",\"publisher\":{\"@id\":\"https:\/\/product-guide.org\/#organization\"},\"potentialAction\":[{\"@type\":\"SearchAction\",\"target\":{\"@type\":\"EntryPoint\",\"urlTemplate\":\"https:\/\/product-guide.org\/?s={search_term_string}\"},\"query-input\":{\"@type\":\"PropertyValueSpecification\",\"valueRequired\":true,\"valueName\":\"search_term_string\"}}],\"inLanguage\":\"en-GB\"},{\"@type\":\"Organization\",\"@id\":\"https:\/\/product-guide.org\/#organization\",\"name\":\"Product-Guide.org\",\"url\":\"https:\/\/product-guide.org\/\",\"logo\":{\"@type\":\"ImageObject\",\"inLanguage\":\"en-GB\",\"@id\":\"https:\/\/product-guide.org\/#\/schema\/logo\/image\/\",\"url\":\"https:\/\/product-guide.org\/wp-content\/uploads\/2022\/07\/logo_transparent_background.png\",\"contentUrl\":\"https:\/\/product-guide.org\/wp-content\/uploads\/2022\/07\/logo_transparent_background.png\",\"width\":3400,\"height\":1132,\"caption\":\"Product-Guide.org\"},\"image\":{\"@id\":\"https:\/\/product-guide.org\/#\/schema\/logo\/image\/\"}}]}<\/script>\n<!-- \/ Yoast SEO plugin. -->","yoast_head_json":{"title":"Advanced G\u00e9nifique Yeux Light Pearl - 20 ml | Product-Guide.org","description":"Advanced G\u00e9nifique Yeux Light Pearl - 20 ml gefunden von Product-Guide.org","robots":{"index":"index","follow":"follow","max-snippet":"max-snippet:-1","max-image-preview":"max-image-preview:large","max-video-preview":"max-video-preview:-1"},"canonical":"https:\/\/product-guide.org\/en\/produkt\/advanced-genifique-yeux-light-pearl-20-ml\/","og_locale":"en_GB","og_type":"article","og_title":"Advanced G\u00e9nifique Yeux Light Pearl - 20 ml | Product-Guide.org","og_description":"Advanced G\u00e9nifique Yeux Light Pearl - 20 ml gefunden von Product-Guide.org","og_url":"https:\/\/product-guide.org\/en\/produkt\/advanced-genifique-yeux-light-pearl-20-ml\/","og_site_name":"Product-Guide.org","og_image":[{"width":200,"height":200,"url":"https:\/\/product-guide.org\/wp-content\/uploads\/2023\/01\/unnamed-file-77.png","type":"image\/png"}],"twitter_card":"summary_large_image","schema":{"@context":"https:\/\/schema.org","@graph":[{"@type":"WebPage","@id":"https:\/\/product-guide.org\/en\/produkt\/advanced-genifique-yeux-light-pearl-20-ml\/","url":"https:\/\/product-guide.org\/en\/produkt\/advanced-genifique-yeux-light-pearl-20-ml\/","name":"Advanced G\u00e9nifique Yeux Light Pearl - 20 ml | Product-Guide.org","isPartOf":{"@id":"https:\/\/product-guide.org\/#website"},"primaryImageOfPage":{"@id":"https:\/\/product-guide.org\/en\/produkt\/advanced-genifique-yeux-light-pearl-20-ml\/#primaryimage"},"image":{"@id":"https:\/\/product-guide.org\/en\/produkt\/advanced-genifique-yeux-light-pearl-20-ml\/#primaryimage"},"thumbnailUrl":"","datePublished":"2023-01-05T12:59:32+00:00","description":"Advanced G\u00e9nifique Yeux Light Pearl - 20 ml gefunden von Product-Guide.org","breadcrumb":{"@id":"https:\/\/product-guide.org\/en\/produkt\/advanced-genifique-yeux-light-pearl-20-ml\/#breadcrumb"},"inLanguage":"en-GB","potentialAction":[{"@type":"ReadAction","target":["https:\/\/product-guide.org\/en\/produkt\/advanced-genifique-yeux-light-pearl-20-ml\/"]}]},{"@type":"ImageObject","inLanguage":"en-GB","@id":"https:\/\/product-guide.org\/en\/produkt\/advanced-genifique-yeux-light-pearl-20-ml\/#primaryimage","url":"","contentUrl":"","width":200,"height":200},{"@type":"BreadcrumbList","@id":"https:\/\/product-guide.org\/en\/produkt\/advanced-genifique-yeux-light-pearl-20-ml\/#breadcrumb","itemListElement":[{"@type":"ListItem","position":1,"name":"Home","item":"https:\/\/product-guide.org\/"},{"@type":"ListItem","position":2,"name":"Ergebnisse","item":"https:\/\/product-guide.org\/de\/ergebnisse\/"},{"@type":"ListItem","position":3,"name":"Advanced G\u00e9nifique Yeux Light Pearl &#8211; 20 ml"}]},{"@type":"WebSite","@id":"https:\/\/product-guide.org\/#website","url":"https:\/\/product-guide.org\/","name":"Product-Guide.org","description":"What Product are you looking for?","publisher":{"@id":"https:\/\/product-guide.org\/#organization"},"potentialAction":[{"@type":"SearchAction","target":{"@type":"EntryPoint","urlTemplate":"https:\/\/product-guide.org\/?s={search_term_string}"},"query-input":{"@type":"PropertyValueSpecification","valueRequired":true,"valueName":"search_term_string"}}],"inLanguage":"en-GB"},{"@type":"Organization","@id":"https:\/\/product-guide.org\/#organization","name":"Product-Guide.org","url":"https:\/\/product-guide.org\/","logo":{"@type":"ImageObject","inLanguage":"en-GB","@id":"https:\/\/product-guide.org\/#\/schema\/logo\/image\/","url":"https:\/\/product-guide.org\/wp-content\/uploads\/2022\/07\/logo_transparent_background.png","contentUrl":"https:\/\/product-guide.org\/wp-content\/uploads\/2022\/07\/logo_transparent_background.png","width":3400,"height":1132,"caption":"Product-Guide.org"},"image":{"@id":"https:\/\/product-guide.org\/#\/schema\/logo\/image\/"}}]}},"_links":{"self":[{"href":"https:\/\/product-guide.org\/en\/wp-json\/wp\/v2\/product\/23258","targetHints":{"allow":["GET"]}}],"collection":[{"href":"https:\/\/product-guide.org\/en\/wp-json\/wp\/v2\/product"}],"about":[{"href":"https:\/\/product-guide.org\/en\/wp-json\/wp\/v2\/types\/product"}],"wp:featuredmedia":[{"embeddable":true,"href":"https:\/\/product-guide.org\/en\/wp-json\/"}],"wp:attachment":[{"href":"https:\/\/product-guide.org\/en\/wp-json\/wp\/v2\/media?parent=23258"}],"wp:term":[{"taxonomy":"store","embeddable":true,"href":"https:\/\/product-guide.org\/en\/wp-json\/wp\/v2\/store?post=23258"},{"taxonomy":"product_brand","embeddable":true,"href":"https:\/\/product-guide.org\/en\/wp-json\/wp\/v2\/product_brand?post=23258"},{"taxonomy":"product_cat","embeddable":true,"href":"https:\/\/product-guide.org\/en\/wp-json\/wp\/v2\/product_cat?post=23258"},{"taxonomy":"product_tag","embeddable":true,"href":"https:\/\/product-guide.org\/en\/wp-json\/wp\/v2\/product_tag?post=23258"}],"curies":[{"name":"wp","href":"https:\/\/api.w.org\/{rel}","templated":true}]}}