{"id":23264,"date":"2023-01-05T13:59:43","date_gmt":"2023-01-05T12:59:43","guid":{"rendered":"https:\/\/product-guide.org\/produkt\/la-vie-est-belle-refill-100-ml\/"},"modified":"2023-01-05T13:59:43","modified_gmt":"2023-01-05T12:59:43","slug":"la-vie-est-belle-refill-100-ml","status":"publish","type":"product","link":"https:\/\/product-guide.org\/en\/produkt\/la-vie-est-belle-refill-100-ml\/","title":{"rendered":"La Vie Est Belle Refill &#8211; 100 ml"},"content":{"rendered":"<p>Das ikonische Eau de Parfum La vie est belle von Lanc\u00f4me wurde weiterentwickelt, um einen Schritt in Richtung nachhaltigen Luxus zu gehen. Eine einfache Geste, ein Schritt zu einem gl\u00fccklicheren morgen: F\u00fclle Deinen legend\u00e4ren La vie est belle Duft einfach wieder auf, immer und immer wieder.* *nur verwendbar mit Eau de Parfum La vie est belle 50ml Flakons Verwende den La vie est belle Refill und verbrauche bis zu: 50 % weniger Glas 46 % weniger Karton 46 % weniger Plastik** **verglichen mit 1 wiederbef\u00fcllbaren 50 ml-Flakon + 1 Refill 100 ml vs. 3 nicht-wiederbef\u00fcllbare 50 ml-Flakons. Um Deinen Parfum-Flakon nachzuf\u00fcllen: Entferne den Deckel Schraube den Zerst\u00e4uber aus Metall ab Positioniere den La vie est belle Refill auf dem Flakon Drehe den Refill um 1\/4 nach links, um das Bef\u00fcllen zu beginnen Nach der Verwendung den Deckel des Refills um 1\/4 nach rechts drehen, um es zu verschlie\u00dfen.<\/p>\n","protected":false},"excerpt":{"rendered":"<p>Das ikonische Eau de Parfum La vie est belle von Lanc\u00f4me wurde weiterentwickelt, um einen Schritt in Richtung nachhaltigen Luxus zu gehen. Eine einfache Geste, ein Schritt zu einem gl\u00fccklicheren morgen: F\u00fclle Deinen legend\u00e4ren La vie est belle Duft einfach wieder auf, immer und immer wieder.* *nur verwendbar mit Eau de Parfum La vie est [&hellip;]<\/p>\n","protected":false},"featured_media":23265,"template":"","meta":{"_gspb_post_css":""},"store":[730],"product_brand":[],"product_cat":[732],"product_tag":[],"class_list":{"0":"post-23264","1":"product","2":"type-product","3":"status-publish","4":"has-post-thumbnail","6":"store-lancome","7":"product_cat-cosmetics-skincare","8":"pa_merchant-lancome-de","10":"first","11":"instock","12":"product-type-external"},"yoast_head":"<!-- This site is optimized with the Yoast SEO plugin v24.6 - https:\/\/yoast.com\/wordpress\/plugins\/seo\/ -->\n<title>La Vie Est Belle Refill - 100 ml | Product-Guide.org<\/title>\n<meta name=\"description\" content=\"La Vie Est Belle Refill - 100 ml gefunden von Product-Guide.org\" \/>\n<meta name=\"robots\" content=\"index, follow, max-snippet:-1, max-image-preview:large, max-video-preview:-1\" \/>\n<link rel=\"canonical\" href=\"https:\/\/product-guide.org\/en\/produkt\/la-vie-est-belle-refill-100-ml\/\" \/>\n<meta property=\"og:locale\" content=\"en_GB\" \/>\n<meta property=\"og:type\" content=\"article\" \/>\n<meta property=\"og:title\" content=\"La Vie Est Belle Refill - 100 ml | Product-Guide.org\" \/>\n<meta property=\"og:description\" content=\"La Vie Est Belle Refill - 100 ml gefunden von Product-Guide.org\" \/>\n<meta property=\"og:url\" content=\"https:\/\/product-guide.org\/en\/produkt\/la-vie-est-belle-refill-100-ml\/\" \/>\n<meta property=\"og:site_name\" content=\"Product-Guide.org\" \/>\n<meta property=\"og:image\" content=\"https:\/\/product-guide.org\/wp-content\/uploads\/2023\/01\/unnamed-file-138.jpeg\" \/>\n\t<meta property=\"og:image:width\" content=\"200\" \/>\n\t<meta property=\"og:image:height\" content=\"200\" \/>\n\t<meta property=\"og:image:type\" content=\"image\/jpeg\" \/>\n<meta name=\"twitter:card\" content=\"summary_large_image\" \/>\n<script type=\"application\/ld+json\" class=\"yoast-schema-graph\">{\"@context\":\"https:\/\/schema.org\",\"@graph\":[{\"@type\":\"WebPage\",\"@id\":\"https:\/\/product-guide.org\/en\/produkt\/la-vie-est-belle-refill-100-ml\/\",\"url\":\"https:\/\/product-guide.org\/en\/produkt\/la-vie-est-belle-refill-100-ml\/\",\"name\":\"La Vie Est Belle Refill - 100 ml | Product-Guide.org\",\"isPartOf\":{\"@id\":\"https:\/\/product-guide.org\/#website\"},\"primaryImageOfPage\":{\"@id\":\"https:\/\/product-guide.org\/en\/produkt\/la-vie-est-belle-refill-100-ml\/#primaryimage\"},\"image\":{\"@id\":\"https:\/\/product-guide.org\/en\/produkt\/la-vie-est-belle-refill-100-ml\/#primaryimage\"},\"thumbnailUrl\":\"\",\"datePublished\":\"2023-01-05T12:59:43+00:00\",\"description\":\"La Vie Est Belle Refill - 100 ml gefunden von Product-Guide.org\",\"breadcrumb\":{\"@id\":\"https:\/\/product-guide.org\/en\/produkt\/la-vie-est-belle-refill-100-ml\/#breadcrumb\"},\"inLanguage\":\"en-GB\",\"potentialAction\":[{\"@type\":\"ReadAction\",\"target\":[\"https:\/\/product-guide.org\/en\/produkt\/la-vie-est-belle-refill-100-ml\/\"]}]},{\"@type\":\"ImageObject\",\"inLanguage\":\"en-GB\",\"@id\":\"https:\/\/product-guide.org\/en\/produkt\/la-vie-est-belle-refill-100-ml\/#primaryimage\",\"url\":\"\",\"contentUrl\":\"\",\"width\":200,\"height\":200},{\"@type\":\"BreadcrumbList\",\"@id\":\"https:\/\/product-guide.org\/en\/produkt\/la-vie-est-belle-refill-100-ml\/#breadcrumb\",\"itemListElement\":[{\"@type\":\"ListItem\",\"position\":1,\"name\":\"Home\",\"item\":\"https:\/\/product-guide.org\/\"},{\"@type\":\"ListItem\",\"position\":2,\"name\":\"Ergebnisse\",\"item\":\"https:\/\/product-guide.org\/de\/ergebnisse\/\"},{\"@type\":\"ListItem\",\"position\":3,\"name\":\"La Vie Est Belle Refill &#8211; 100 ml\"}]},{\"@type\":\"WebSite\",\"@id\":\"https:\/\/product-guide.org\/#website\",\"url\":\"https:\/\/product-guide.org\/\",\"name\":\"Product-Guide.org\",\"description\":\"What Product are you looking for?\",\"publisher\":{\"@id\":\"https:\/\/product-guide.org\/#organization\"},\"potentialAction\":[{\"@type\":\"SearchAction\",\"target\":{\"@type\":\"EntryPoint\",\"urlTemplate\":\"https:\/\/product-guide.org\/?s={search_term_string}\"},\"query-input\":{\"@type\":\"PropertyValueSpecification\",\"valueRequired\":true,\"valueName\":\"search_term_string\"}}],\"inLanguage\":\"en-GB\"},{\"@type\":\"Organization\",\"@id\":\"https:\/\/product-guide.org\/#organization\",\"name\":\"Product-Guide.org\",\"url\":\"https:\/\/product-guide.org\/\",\"logo\":{\"@type\":\"ImageObject\",\"inLanguage\":\"en-GB\",\"@id\":\"https:\/\/product-guide.org\/#\/schema\/logo\/image\/\",\"url\":\"https:\/\/product-guide.org\/wp-content\/uploads\/2022\/07\/logo_transparent_background.png\",\"contentUrl\":\"https:\/\/product-guide.org\/wp-content\/uploads\/2022\/07\/logo_transparent_background.png\",\"width\":3400,\"height\":1132,\"caption\":\"Product-Guide.org\"},\"image\":{\"@id\":\"https:\/\/product-guide.org\/#\/schema\/logo\/image\/\"}}]}<\/script>\n<!-- \/ Yoast SEO plugin. -->","yoast_head_json":{"title":"La Vie Est Belle Refill - 100 ml | Product-Guide.org","description":"La Vie Est Belle Refill - 100 ml gefunden von Product-Guide.org","robots":{"index":"index","follow":"follow","max-snippet":"max-snippet:-1","max-image-preview":"max-image-preview:large","max-video-preview":"max-video-preview:-1"},"canonical":"https:\/\/product-guide.org\/en\/produkt\/la-vie-est-belle-refill-100-ml\/","og_locale":"en_GB","og_type":"article","og_title":"La Vie Est Belle Refill - 100 ml | Product-Guide.org","og_description":"La Vie Est Belle Refill - 100 ml gefunden von Product-Guide.org","og_url":"https:\/\/product-guide.org\/en\/produkt\/la-vie-est-belle-refill-100-ml\/","og_site_name":"Product-Guide.org","og_image":[{"width":200,"height":200,"url":"https:\/\/product-guide.org\/wp-content\/uploads\/2023\/01\/unnamed-file-138.jpeg","type":"image\/jpeg"}],"twitter_card":"summary_large_image","schema":{"@context":"https:\/\/schema.org","@graph":[{"@type":"WebPage","@id":"https:\/\/product-guide.org\/en\/produkt\/la-vie-est-belle-refill-100-ml\/","url":"https:\/\/product-guide.org\/en\/produkt\/la-vie-est-belle-refill-100-ml\/","name":"La Vie Est Belle Refill - 100 ml | Product-Guide.org","isPartOf":{"@id":"https:\/\/product-guide.org\/#website"},"primaryImageOfPage":{"@id":"https:\/\/product-guide.org\/en\/produkt\/la-vie-est-belle-refill-100-ml\/#primaryimage"},"image":{"@id":"https:\/\/product-guide.org\/en\/produkt\/la-vie-est-belle-refill-100-ml\/#primaryimage"},"thumbnailUrl":"","datePublished":"2023-01-05T12:59:43+00:00","description":"La Vie Est Belle Refill - 100 ml gefunden von Product-Guide.org","breadcrumb":{"@id":"https:\/\/product-guide.org\/en\/produkt\/la-vie-est-belle-refill-100-ml\/#breadcrumb"},"inLanguage":"en-GB","potentialAction":[{"@type":"ReadAction","target":["https:\/\/product-guide.org\/en\/produkt\/la-vie-est-belle-refill-100-ml\/"]}]},{"@type":"ImageObject","inLanguage":"en-GB","@id":"https:\/\/product-guide.org\/en\/produkt\/la-vie-est-belle-refill-100-ml\/#primaryimage","url":"","contentUrl":"","width":200,"height":200},{"@type":"BreadcrumbList","@id":"https:\/\/product-guide.org\/en\/produkt\/la-vie-est-belle-refill-100-ml\/#breadcrumb","itemListElement":[{"@type":"ListItem","position":1,"name":"Home","item":"https:\/\/product-guide.org\/"},{"@type":"ListItem","position":2,"name":"Ergebnisse","item":"https:\/\/product-guide.org\/de\/ergebnisse\/"},{"@type":"ListItem","position":3,"name":"La Vie Est Belle Refill &#8211; 100 ml"}]},{"@type":"WebSite","@id":"https:\/\/product-guide.org\/#website","url":"https:\/\/product-guide.org\/","name":"Product-Guide.org","description":"What Product are you looking for?","publisher":{"@id":"https:\/\/product-guide.org\/#organization"},"potentialAction":[{"@type":"SearchAction","target":{"@type":"EntryPoint","urlTemplate":"https:\/\/product-guide.org\/?s={search_term_string}"},"query-input":{"@type":"PropertyValueSpecification","valueRequired":true,"valueName":"search_term_string"}}],"inLanguage":"en-GB"},{"@type":"Organization","@id":"https:\/\/product-guide.org\/#organization","name":"Product-Guide.org","url":"https:\/\/product-guide.org\/","logo":{"@type":"ImageObject","inLanguage":"en-GB","@id":"https:\/\/product-guide.org\/#\/schema\/logo\/image\/","url":"https:\/\/product-guide.org\/wp-content\/uploads\/2022\/07\/logo_transparent_background.png","contentUrl":"https:\/\/product-guide.org\/wp-content\/uploads\/2022\/07\/logo_transparent_background.png","width":3400,"height":1132,"caption":"Product-Guide.org"},"image":{"@id":"https:\/\/product-guide.org\/#\/schema\/logo\/image\/"}}]}},"_links":{"self":[{"href":"https:\/\/product-guide.org\/en\/wp-json\/wp\/v2\/product\/23264","targetHints":{"allow":["GET"]}}],"collection":[{"href":"https:\/\/product-guide.org\/en\/wp-json\/wp\/v2\/product"}],"about":[{"href":"https:\/\/product-guide.org\/en\/wp-json\/wp\/v2\/types\/product"}],"wp:featuredmedia":[{"embeddable":true,"href":"https:\/\/product-guide.org\/en\/wp-json\/"}],"wp:attachment":[{"href":"https:\/\/product-guide.org\/en\/wp-json\/wp\/v2\/media?parent=23264"}],"wp:term":[{"taxonomy":"store","embeddable":true,"href":"https:\/\/product-guide.org\/en\/wp-json\/wp\/v2\/store?post=23264"},{"taxonomy":"product_brand","embeddable":true,"href":"https:\/\/product-guide.org\/en\/wp-json\/wp\/v2\/product_brand?post=23264"},{"taxonomy":"product_cat","embeddable":true,"href":"https:\/\/product-guide.org\/en\/wp-json\/wp\/v2\/product_cat?post=23264"},{"taxonomy":"product_tag","embeddable":true,"href":"https:\/\/product-guide.org\/en\/wp-json\/wp\/v2\/product_tag?post=23264"}],"curies":[{"name":"wp","href":"https:\/\/api.w.org\/{rel}","templated":true}]}}