{"id":23272,"date":"2023-01-05T13:59:56","date_gmt":"2023-01-05T12:59:56","guid":{"rendered":"https:\/\/product-guide.org\/produkt\/la-vie-est-belle-eau-de-parfum-50-ml\/"},"modified":"2023-01-05T13:59:56","modified_gmt":"2023-01-05T12:59:56","slug":"la-vie-est-belle-eau-de-parfum-50-ml","status":"publish","type":"product","link":"https:\/\/product-guide.org\/en\/produkt\/la-vie-est-belle-eau-de-parfum-50-ml\/","title":{"rendered":"La Vie Est Belle Eau De Parfum &#8211; 50 ml"},"content":{"rendered":"<p>Lass den heutigen Tag wundersch\u00f6n werden, immer und immer wieder, und werde hinfort getragen von einem inkonischen Duft. Das florale Gourmand-Bouquet des La vie est belle Eau de Parfums wird in ein kristallenes L\u00e4cheln eingeh\u00fcllt und verzaubert Deine Sinne immer wieder aufs Neue; denn der ikonische La vie est belle Flakon ist jetzt wiederbef\u00fcllbar!Das La vie est belle Eau de Parfum f\u00fcr Damen ist ein einmaliges Bekenntnis zum Gl\u00fcck und zu fr\u00f6hlicher Weiblichkeit. Durch die darin enthaltenen edlen Inhaltsstoffe wird Lanc\u00f4mes La vie est belle Eau de Parfum zu einem wahrhaft s\u00fcchtig machenden, floralen Duft. Entdecke mit dem nachf\u00fcllbaren La vie est belle Eau de Parfum unwiderstehliche Gl\u00fccksgef\u00fchle! Unser erster k\u00f6stlicher Iris-Akkord Aus nachhaltig gewonnenen Inhaltsstoffen Ein nachf\u00fcllbarer und recycelbarer Flakon<\/p>\n","protected":false},"excerpt":{"rendered":"<p>Lass den heutigen Tag wundersch\u00f6n werden, immer und immer wieder, und werde hinfort getragen von einem inkonischen Duft. Das florale Gourmand-Bouquet des La vie est belle Eau de Parfums wird in ein kristallenes L\u00e4cheln eingeh\u00fcllt und verzaubert Deine Sinne immer wieder aufs Neue; denn der ikonische La vie est belle Flakon ist jetzt wiederbef\u00fcllbar!Das La [&hellip;]<\/p>\n","protected":false},"featured_media":23273,"template":"","meta":{"_gspb_post_css":""},"store":[730],"product_brand":[],"product_cat":[732],"product_tag":[],"class_list":{"0":"post-23272","1":"product","2":"type-product","3":"status-publish","4":"has-post-thumbnail","6":"store-lancome","7":"product_cat-cosmetics-skincare","8":"pa_merchant-lancome-de","10":"first","11":"instock","12":"product-type-external"},"yoast_head":"<!-- This site is optimized with the Yoast SEO plugin v24.6 - https:\/\/yoast.com\/wordpress\/plugins\/seo\/ -->\n<title>La Vie Est Belle Eau De Parfum - 50 ml | Product-Guide.org<\/title>\n<meta name=\"description\" content=\"La Vie Est Belle Eau De Parfum - 50 ml gefunden von Product-Guide.org\" \/>\n<meta name=\"robots\" content=\"index, follow, max-snippet:-1, max-image-preview:large, max-video-preview:-1\" \/>\n<link rel=\"canonical\" href=\"https:\/\/product-guide.org\/en\/produkt\/la-vie-est-belle-eau-de-parfum-50-ml\/\" \/>\n<meta property=\"og:locale\" content=\"en_GB\" \/>\n<meta property=\"og:type\" content=\"article\" \/>\n<meta property=\"og:title\" content=\"La Vie Est Belle Eau De Parfum - 50 ml | Product-Guide.org\" \/>\n<meta property=\"og:description\" content=\"La Vie Est Belle Eau De Parfum - 50 ml gefunden von Product-Guide.org\" \/>\n<meta property=\"og:url\" content=\"https:\/\/product-guide.org\/en\/produkt\/la-vie-est-belle-eau-de-parfum-50-ml\/\" \/>\n<meta property=\"og:site_name\" content=\"Product-Guide.org\" \/>\n<meta property=\"og:image\" content=\"https:\/\/product-guide.org\/wp-content\/uploads\/2023\/01\/unnamed-file-142.jpeg\" \/>\n\t<meta property=\"og:image:width\" content=\"200\" \/>\n\t<meta property=\"og:image:height\" content=\"200\" \/>\n\t<meta property=\"og:image:type\" content=\"image\/jpeg\" \/>\n<meta name=\"twitter:card\" content=\"summary_large_image\" \/>\n<script type=\"application\/ld+json\" class=\"yoast-schema-graph\">{\"@context\":\"https:\/\/schema.org\",\"@graph\":[{\"@type\":\"WebPage\",\"@id\":\"https:\/\/product-guide.org\/en\/produkt\/la-vie-est-belle-eau-de-parfum-50-ml\/\",\"url\":\"https:\/\/product-guide.org\/en\/produkt\/la-vie-est-belle-eau-de-parfum-50-ml\/\",\"name\":\"La Vie Est Belle Eau De Parfum - 50 ml | Product-Guide.org\",\"isPartOf\":{\"@id\":\"https:\/\/product-guide.org\/#website\"},\"primaryImageOfPage\":{\"@id\":\"https:\/\/product-guide.org\/en\/produkt\/la-vie-est-belle-eau-de-parfum-50-ml\/#primaryimage\"},\"image\":{\"@id\":\"https:\/\/product-guide.org\/en\/produkt\/la-vie-est-belle-eau-de-parfum-50-ml\/#primaryimage\"},\"thumbnailUrl\":\"\",\"datePublished\":\"2023-01-05T12:59:56+00:00\",\"description\":\"La Vie Est Belle Eau De Parfum - 50 ml gefunden von Product-Guide.org\",\"breadcrumb\":{\"@id\":\"https:\/\/product-guide.org\/en\/produkt\/la-vie-est-belle-eau-de-parfum-50-ml\/#breadcrumb\"},\"inLanguage\":\"en-GB\",\"potentialAction\":[{\"@type\":\"ReadAction\",\"target\":[\"https:\/\/product-guide.org\/en\/produkt\/la-vie-est-belle-eau-de-parfum-50-ml\/\"]}]},{\"@type\":\"ImageObject\",\"inLanguage\":\"en-GB\",\"@id\":\"https:\/\/product-guide.org\/en\/produkt\/la-vie-est-belle-eau-de-parfum-50-ml\/#primaryimage\",\"url\":\"\",\"contentUrl\":\"\",\"width\":200,\"height\":200},{\"@type\":\"BreadcrumbList\",\"@id\":\"https:\/\/product-guide.org\/en\/produkt\/la-vie-est-belle-eau-de-parfum-50-ml\/#breadcrumb\",\"itemListElement\":[{\"@type\":\"ListItem\",\"position\":1,\"name\":\"Home\",\"item\":\"https:\/\/product-guide.org\/\"},{\"@type\":\"ListItem\",\"position\":2,\"name\":\"Ergebnisse\",\"item\":\"https:\/\/product-guide.org\/de\/ergebnisse\/\"},{\"@type\":\"ListItem\",\"position\":3,\"name\":\"La Vie Est Belle Eau De Parfum &#8211; 50 ml\"}]},{\"@type\":\"WebSite\",\"@id\":\"https:\/\/product-guide.org\/#website\",\"url\":\"https:\/\/product-guide.org\/\",\"name\":\"Product-Guide.org\",\"description\":\"What Product are you looking for?\",\"publisher\":{\"@id\":\"https:\/\/product-guide.org\/#organization\"},\"potentialAction\":[{\"@type\":\"SearchAction\",\"target\":{\"@type\":\"EntryPoint\",\"urlTemplate\":\"https:\/\/product-guide.org\/?s={search_term_string}\"},\"query-input\":{\"@type\":\"PropertyValueSpecification\",\"valueRequired\":true,\"valueName\":\"search_term_string\"}}],\"inLanguage\":\"en-GB\"},{\"@type\":\"Organization\",\"@id\":\"https:\/\/product-guide.org\/#organization\",\"name\":\"Product-Guide.org\",\"url\":\"https:\/\/product-guide.org\/\",\"logo\":{\"@type\":\"ImageObject\",\"inLanguage\":\"en-GB\",\"@id\":\"https:\/\/product-guide.org\/#\/schema\/logo\/image\/\",\"url\":\"https:\/\/product-guide.org\/wp-content\/uploads\/2022\/07\/logo_transparent_background.png\",\"contentUrl\":\"https:\/\/product-guide.org\/wp-content\/uploads\/2022\/07\/logo_transparent_background.png\",\"width\":3400,\"height\":1132,\"caption\":\"Product-Guide.org\"},\"image\":{\"@id\":\"https:\/\/product-guide.org\/#\/schema\/logo\/image\/\"}}]}<\/script>\n<!-- \/ Yoast SEO plugin. -->","yoast_head_json":{"title":"La Vie Est Belle Eau De Parfum - 50 ml | Product-Guide.org","description":"La Vie Est Belle Eau De Parfum - 50 ml gefunden von Product-Guide.org","robots":{"index":"index","follow":"follow","max-snippet":"max-snippet:-1","max-image-preview":"max-image-preview:large","max-video-preview":"max-video-preview:-1"},"canonical":"https:\/\/product-guide.org\/en\/produkt\/la-vie-est-belle-eau-de-parfum-50-ml\/","og_locale":"en_GB","og_type":"article","og_title":"La Vie Est Belle Eau De Parfum - 50 ml | Product-Guide.org","og_description":"La Vie Est Belle Eau De Parfum - 50 ml gefunden von Product-Guide.org","og_url":"https:\/\/product-guide.org\/en\/produkt\/la-vie-est-belle-eau-de-parfum-50-ml\/","og_site_name":"Product-Guide.org","og_image":[{"width":200,"height":200,"url":"https:\/\/product-guide.org\/wp-content\/uploads\/2023\/01\/unnamed-file-142.jpeg","type":"image\/jpeg"}],"twitter_card":"summary_large_image","schema":{"@context":"https:\/\/schema.org","@graph":[{"@type":"WebPage","@id":"https:\/\/product-guide.org\/en\/produkt\/la-vie-est-belle-eau-de-parfum-50-ml\/","url":"https:\/\/product-guide.org\/en\/produkt\/la-vie-est-belle-eau-de-parfum-50-ml\/","name":"La Vie Est Belle Eau De Parfum - 50 ml | Product-Guide.org","isPartOf":{"@id":"https:\/\/product-guide.org\/#website"},"primaryImageOfPage":{"@id":"https:\/\/product-guide.org\/en\/produkt\/la-vie-est-belle-eau-de-parfum-50-ml\/#primaryimage"},"image":{"@id":"https:\/\/product-guide.org\/en\/produkt\/la-vie-est-belle-eau-de-parfum-50-ml\/#primaryimage"},"thumbnailUrl":"","datePublished":"2023-01-05T12:59:56+00:00","description":"La Vie Est Belle Eau De Parfum - 50 ml gefunden von Product-Guide.org","breadcrumb":{"@id":"https:\/\/product-guide.org\/en\/produkt\/la-vie-est-belle-eau-de-parfum-50-ml\/#breadcrumb"},"inLanguage":"en-GB","potentialAction":[{"@type":"ReadAction","target":["https:\/\/product-guide.org\/en\/produkt\/la-vie-est-belle-eau-de-parfum-50-ml\/"]}]},{"@type":"ImageObject","inLanguage":"en-GB","@id":"https:\/\/product-guide.org\/en\/produkt\/la-vie-est-belle-eau-de-parfum-50-ml\/#primaryimage","url":"","contentUrl":"","width":200,"height":200},{"@type":"BreadcrumbList","@id":"https:\/\/product-guide.org\/en\/produkt\/la-vie-est-belle-eau-de-parfum-50-ml\/#breadcrumb","itemListElement":[{"@type":"ListItem","position":1,"name":"Home","item":"https:\/\/product-guide.org\/"},{"@type":"ListItem","position":2,"name":"Ergebnisse","item":"https:\/\/product-guide.org\/de\/ergebnisse\/"},{"@type":"ListItem","position":3,"name":"La Vie Est Belle Eau De Parfum &#8211; 50 ml"}]},{"@type":"WebSite","@id":"https:\/\/product-guide.org\/#website","url":"https:\/\/product-guide.org\/","name":"Product-Guide.org","description":"What Product are you looking for?","publisher":{"@id":"https:\/\/product-guide.org\/#organization"},"potentialAction":[{"@type":"SearchAction","target":{"@type":"EntryPoint","urlTemplate":"https:\/\/product-guide.org\/?s={search_term_string}"},"query-input":{"@type":"PropertyValueSpecification","valueRequired":true,"valueName":"search_term_string"}}],"inLanguage":"en-GB"},{"@type":"Organization","@id":"https:\/\/product-guide.org\/#organization","name":"Product-Guide.org","url":"https:\/\/product-guide.org\/","logo":{"@type":"ImageObject","inLanguage":"en-GB","@id":"https:\/\/product-guide.org\/#\/schema\/logo\/image\/","url":"https:\/\/product-guide.org\/wp-content\/uploads\/2022\/07\/logo_transparent_background.png","contentUrl":"https:\/\/product-guide.org\/wp-content\/uploads\/2022\/07\/logo_transparent_background.png","width":3400,"height":1132,"caption":"Product-Guide.org"},"image":{"@id":"https:\/\/product-guide.org\/#\/schema\/logo\/image\/"}}]}},"_links":{"self":[{"href":"https:\/\/product-guide.org\/en\/wp-json\/wp\/v2\/product\/23272","targetHints":{"allow":["GET"]}}],"collection":[{"href":"https:\/\/product-guide.org\/en\/wp-json\/wp\/v2\/product"}],"about":[{"href":"https:\/\/product-guide.org\/en\/wp-json\/wp\/v2\/types\/product"}],"wp:featuredmedia":[{"embeddable":true,"href":"https:\/\/product-guide.org\/en\/wp-json\/"}],"wp:attachment":[{"href":"https:\/\/product-guide.org\/en\/wp-json\/wp\/v2\/media?parent=23272"}],"wp:term":[{"taxonomy":"store","embeddable":true,"href":"https:\/\/product-guide.org\/en\/wp-json\/wp\/v2\/store?post=23272"},{"taxonomy":"product_brand","embeddable":true,"href":"https:\/\/product-guide.org\/en\/wp-json\/wp\/v2\/product_brand?post=23272"},{"taxonomy":"product_cat","embeddable":true,"href":"https:\/\/product-guide.org\/en\/wp-json\/wp\/v2\/product_cat?post=23272"},{"taxonomy":"product_tag","embeddable":true,"href":"https:\/\/product-guide.org\/en\/wp-json\/wp\/v2\/product_tag?post=23272"}],"curies":[{"name":"wp","href":"https:\/\/api.w.org\/{rel}","templated":true}]}}