{"id":23276,"date":"2023-01-05T14:00:03","date_gmt":"2023-01-05T13:00:03","guid":{"rendered":"https:\/\/product-guide.org\/produkt\/idole-eau-de-parfum-25-ml\/"},"modified":"2023-01-05T14:00:03","modified_gmt":"2023-01-05T13:00:03","slug":"idole-eau-de-parfum-25-ml","status":"publish","type":"product","link":"https:\/\/product-guide.org\/en\/produkt\/idole-eau-de-parfum-25-ml\/","title":{"rendered":"Id\u00f4le Eau De Parfum &#8211; 25 ml"},"content":{"rendered":"<p>Dieser Duft von Lanc\u00f4me ist f\u00fcr die Wagemutigen, f\u00fcr eine neue Generation an starken, selbstbestimmten Frauen, die sagen, was sie denken. Dieses Parfum ist f\u00fcr die selbstbewussten Frauen von morgen, die furchtlos nach den Sternen greifen und neue Horizonte er\u00f6ffnen. F\u00fcr die neuen Idole und Wegbereiterinnen. Deine Zeit ist nun gekommen: Sei Dein eigenes Id\u00f4le. \u201eId\u00f4le bricht mit dem zurzeit am Markt so verbreiteten Hang zur Zur\u00fcckhaltung und bietet ein ganz neues Dufterlebnis: das erste reine, florale Chypre.\u201c \u2013 Shyamala Maisondieu \u201eDieser Duft schafft Seelenverbindungen und gibt Frauen das Gef\u00fchl, alles erreichen zu k\u00f6nnen, was ihr Herz begehrt.\u201c \u2013 Adriana Medina \u201eId\u00f4le ist das starke Statement eines engagierten Teams mit einer klaren Vision. Wir haben gemeinsam gelacht und geweint und waren letztlich umso entschlossener, den n\u00e4chsten Schritt zu gehen. Die Widerst\u00e4nde haben uns nur noch st\u00e4rker gemacht und uns gezeigt, wie wir unsere Grenzen \u00fcberwinden k\u00f6nnen.\u201c \u2013 Nad\u00e8ge Le Garlantezec<\/p>\n","protected":false},"excerpt":{"rendered":"<p>Dieser Duft von Lanc\u00f4me ist f\u00fcr die Wagemutigen, f\u00fcr eine neue Generation an starken, selbstbestimmten Frauen, die sagen, was sie denken. Dieses Parfum ist f\u00fcr die selbstbewussten Frauen von morgen, die furchtlos nach den Sternen greifen und neue Horizonte er\u00f6ffnen. F\u00fcr die neuen Idole und Wegbereiterinnen. Deine Zeit ist nun gekommen: Sei Dein eigenes Id\u00f4le. [&hellip;]<\/p>\n","protected":false},"featured_media":23277,"template":"","meta":{"_gspb_post_css":""},"store":[730],"product_brand":[],"product_cat":[732],"product_tag":[],"class_list":{"0":"post-23276","1":"product","2":"type-product","3":"status-publish","4":"has-post-thumbnail","6":"store-lancome","7":"product_cat-cosmetics-skincare","8":"pa_merchant-lancome-de","10":"first","11":"instock","12":"product-type-external"},"yoast_head":"<!-- This site is optimized with the Yoast SEO plugin v24.6 - https:\/\/yoast.com\/wordpress\/plugins\/seo\/ -->\n<title>Id\u00f4le Eau De Parfum - 25 ml | Product-Guide.org<\/title>\n<meta name=\"description\" content=\"Id\u00f4le Eau De Parfum - 25 ml gefunden von Product-Guide.org\" \/>\n<meta name=\"robots\" content=\"index, follow, max-snippet:-1, max-image-preview:large, max-video-preview:-1\" \/>\n<link rel=\"canonical\" href=\"https:\/\/product-guide.org\/en\/produkt\/idole-eau-de-parfum-25-ml\/\" \/>\n<meta property=\"og:locale\" content=\"en_GB\" \/>\n<meta property=\"og:type\" content=\"article\" \/>\n<meta property=\"og:title\" content=\"Id\u00f4le Eau De Parfum - 25 ml | Product-Guide.org\" \/>\n<meta property=\"og:description\" content=\"Id\u00f4le Eau De Parfum - 25 ml gefunden von Product-Guide.org\" \/>\n<meta property=\"og:url\" content=\"https:\/\/product-guide.org\/en\/produkt\/idole-eau-de-parfum-25-ml\/\" \/>\n<meta property=\"og:site_name\" content=\"Product-Guide.org\" \/>\n<meta property=\"og:image\" content=\"https:\/\/product-guide.org\/wp-content\/uploads\/2023\/01\/unnamed-file-144.jpeg\" \/>\n\t<meta property=\"og:image:width\" content=\"200\" \/>\n\t<meta property=\"og:image:height\" content=\"200\" \/>\n\t<meta property=\"og:image:type\" content=\"image\/jpeg\" \/>\n<meta name=\"twitter:card\" content=\"summary_large_image\" \/>\n<script type=\"application\/ld+json\" class=\"yoast-schema-graph\">{\"@context\":\"https:\/\/schema.org\",\"@graph\":[{\"@type\":\"WebPage\",\"@id\":\"https:\/\/product-guide.org\/en\/produkt\/idole-eau-de-parfum-25-ml\/\",\"url\":\"https:\/\/product-guide.org\/en\/produkt\/idole-eau-de-parfum-25-ml\/\",\"name\":\"Id\u00f4le Eau De Parfum - 25 ml | Product-Guide.org\",\"isPartOf\":{\"@id\":\"https:\/\/product-guide.org\/#website\"},\"primaryImageOfPage\":{\"@id\":\"https:\/\/product-guide.org\/en\/produkt\/idole-eau-de-parfum-25-ml\/#primaryimage\"},\"image\":{\"@id\":\"https:\/\/product-guide.org\/en\/produkt\/idole-eau-de-parfum-25-ml\/#primaryimage\"},\"thumbnailUrl\":\"\",\"datePublished\":\"2023-01-05T13:00:03+00:00\",\"description\":\"Id\u00f4le Eau De Parfum - 25 ml gefunden von Product-Guide.org\",\"breadcrumb\":{\"@id\":\"https:\/\/product-guide.org\/en\/produkt\/idole-eau-de-parfum-25-ml\/#breadcrumb\"},\"inLanguage\":\"en-GB\",\"potentialAction\":[{\"@type\":\"ReadAction\",\"target\":[\"https:\/\/product-guide.org\/en\/produkt\/idole-eau-de-parfum-25-ml\/\"]}]},{\"@type\":\"ImageObject\",\"inLanguage\":\"en-GB\",\"@id\":\"https:\/\/product-guide.org\/en\/produkt\/idole-eau-de-parfum-25-ml\/#primaryimage\",\"url\":\"\",\"contentUrl\":\"\",\"width\":200,\"height\":200},{\"@type\":\"BreadcrumbList\",\"@id\":\"https:\/\/product-guide.org\/en\/produkt\/idole-eau-de-parfum-25-ml\/#breadcrumb\",\"itemListElement\":[{\"@type\":\"ListItem\",\"position\":1,\"name\":\"Home\",\"item\":\"https:\/\/product-guide.org\/\"},{\"@type\":\"ListItem\",\"position\":2,\"name\":\"Ergebnisse\",\"item\":\"https:\/\/product-guide.org\/de\/ergebnisse\/\"},{\"@type\":\"ListItem\",\"position\":3,\"name\":\"Id\u00f4le Eau De Parfum &#8211; 25 ml\"}]},{\"@type\":\"WebSite\",\"@id\":\"https:\/\/product-guide.org\/#website\",\"url\":\"https:\/\/product-guide.org\/\",\"name\":\"Product-Guide.org\",\"description\":\"What Product are you looking for?\",\"publisher\":{\"@id\":\"https:\/\/product-guide.org\/#organization\"},\"potentialAction\":[{\"@type\":\"SearchAction\",\"target\":{\"@type\":\"EntryPoint\",\"urlTemplate\":\"https:\/\/product-guide.org\/?s={search_term_string}\"},\"query-input\":{\"@type\":\"PropertyValueSpecification\",\"valueRequired\":true,\"valueName\":\"search_term_string\"}}],\"inLanguage\":\"en-GB\"},{\"@type\":\"Organization\",\"@id\":\"https:\/\/product-guide.org\/#organization\",\"name\":\"Product-Guide.org\",\"url\":\"https:\/\/product-guide.org\/\",\"logo\":{\"@type\":\"ImageObject\",\"inLanguage\":\"en-GB\",\"@id\":\"https:\/\/product-guide.org\/#\/schema\/logo\/image\/\",\"url\":\"https:\/\/product-guide.org\/wp-content\/uploads\/2022\/07\/logo_transparent_background.png\",\"contentUrl\":\"https:\/\/product-guide.org\/wp-content\/uploads\/2022\/07\/logo_transparent_background.png\",\"width\":3400,\"height\":1132,\"caption\":\"Product-Guide.org\"},\"image\":{\"@id\":\"https:\/\/product-guide.org\/#\/schema\/logo\/image\/\"}}]}<\/script>\n<!-- \/ Yoast SEO plugin. -->","yoast_head_json":{"title":"Id\u00f4le Eau De Parfum - 25 ml | Product-Guide.org","description":"Id\u00f4le Eau De Parfum - 25 ml gefunden von Product-Guide.org","robots":{"index":"index","follow":"follow","max-snippet":"max-snippet:-1","max-image-preview":"max-image-preview:large","max-video-preview":"max-video-preview:-1"},"canonical":"https:\/\/product-guide.org\/en\/produkt\/idole-eau-de-parfum-25-ml\/","og_locale":"en_GB","og_type":"article","og_title":"Id\u00f4le Eau De Parfum - 25 ml | Product-Guide.org","og_description":"Id\u00f4le Eau De Parfum - 25 ml gefunden von Product-Guide.org","og_url":"https:\/\/product-guide.org\/en\/produkt\/idole-eau-de-parfum-25-ml\/","og_site_name":"Product-Guide.org","og_image":[{"width":200,"height":200,"url":"https:\/\/product-guide.org\/wp-content\/uploads\/2023\/01\/unnamed-file-144.jpeg","type":"image\/jpeg"}],"twitter_card":"summary_large_image","schema":{"@context":"https:\/\/schema.org","@graph":[{"@type":"WebPage","@id":"https:\/\/product-guide.org\/en\/produkt\/idole-eau-de-parfum-25-ml\/","url":"https:\/\/product-guide.org\/en\/produkt\/idole-eau-de-parfum-25-ml\/","name":"Id\u00f4le Eau De Parfum - 25 ml | Product-Guide.org","isPartOf":{"@id":"https:\/\/product-guide.org\/#website"},"primaryImageOfPage":{"@id":"https:\/\/product-guide.org\/en\/produkt\/idole-eau-de-parfum-25-ml\/#primaryimage"},"image":{"@id":"https:\/\/product-guide.org\/en\/produkt\/idole-eau-de-parfum-25-ml\/#primaryimage"},"thumbnailUrl":"","datePublished":"2023-01-05T13:00:03+00:00","description":"Id\u00f4le Eau De Parfum - 25 ml gefunden von Product-Guide.org","breadcrumb":{"@id":"https:\/\/product-guide.org\/en\/produkt\/idole-eau-de-parfum-25-ml\/#breadcrumb"},"inLanguage":"en-GB","potentialAction":[{"@type":"ReadAction","target":["https:\/\/product-guide.org\/en\/produkt\/idole-eau-de-parfum-25-ml\/"]}]},{"@type":"ImageObject","inLanguage":"en-GB","@id":"https:\/\/product-guide.org\/en\/produkt\/idole-eau-de-parfum-25-ml\/#primaryimage","url":"","contentUrl":"","width":200,"height":200},{"@type":"BreadcrumbList","@id":"https:\/\/product-guide.org\/en\/produkt\/idole-eau-de-parfum-25-ml\/#breadcrumb","itemListElement":[{"@type":"ListItem","position":1,"name":"Home","item":"https:\/\/product-guide.org\/"},{"@type":"ListItem","position":2,"name":"Ergebnisse","item":"https:\/\/product-guide.org\/de\/ergebnisse\/"},{"@type":"ListItem","position":3,"name":"Id\u00f4le Eau De Parfum &#8211; 25 ml"}]},{"@type":"WebSite","@id":"https:\/\/product-guide.org\/#website","url":"https:\/\/product-guide.org\/","name":"Product-Guide.org","description":"What Product are you looking for?","publisher":{"@id":"https:\/\/product-guide.org\/#organization"},"potentialAction":[{"@type":"SearchAction","target":{"@type":"EntryPoint","urlTemplate":"https:\/\/product-guide.org\/?s={search_term_string}"},"query-input":{"@type":"PropertyValueSpecification","valueRequired":true,"valueName":"search_term_string"}}],"inLanguage":"en-GB"},{"@type":"Organization","@id":"https:\/\/product-guide.org\/#organization","name":"Product-Guide.org","url":"https:\/\/product-guide.org\/","logo":{"@type":"ImageObject","inLanguage":"en-GB","@id":"https:\/\/product-guide.org\/#\/schema\/logo\/image\/","url":"https:\/\/product-guide.org\/wp-content\/uploads\/2022\/07\/logo_transparent_background.png","contentUrl":"https:\/\/product-guide.org\/wp-content\/uploads\/2022\/07\/logo_transparent_background.png","width":3400,"height":1132,"caption":"Product-Guide.org"},"image":{"@id":"https:\/\/product-guide.org\/#\/schema\/logo\/image\/"}}]}},"_links":{"self":[{"href":"https:\/\/product-guide.org\/en\/wp-json\/wp\/v2\/product\/23276","targetHints":{"allow":["GET"]}}],"collection":[{"href":"https:\/\/product-guide.org\/en\/wp-json\/wp\/v2\/product"}],"about":[{"href":"https:\/\/product-guide.org\/en\/wp-json\/wp\/v2\/types\/product"}],"wp:featuredmedia":[{"embeddable":true,"href":"https:\/\/product-guide.org\/en\/wp-json\/"}],"wp:attachment":[{"href":"https:\/\/product-guide.org\/en\/wp-json\/wp\/v2\/media?parent=23276"}],"wp:term":[{"taxonomy":"store","embeddable":true,"href":"https:\/\/product-guide.org\/en\/wp-json\/wp\/v2\/store?post=23276"},{"taxonomy":"product_brand","embeddable":true,"href":"https:\/\/product-guide.org\/en\/wp-json\/wp\/v2\/product_brand?post=23276"},{"taxonomy":"product_cat","embeddable":true,"href":"https:\/\/product-guide.org\/en\/wp-json\/wp\/v2\/product_cat?post=23276"},{"taxonomy":"product_tag","embeddable":true,"href":"https:\/\/product-guide.org\/en\/wp-json\/wp\/v2\/product_tag?post=23276"}],"curies":[{"name":"wp","href":"https:\/\/api.w.org\/{rel}","templated":true}]}}