{"id":23307,"date":"2023-01-05T14:00:56","date_gmt":"2023-01-05T13:00:56","guid":{"rendered":"https:\/\/product-guide.org\/produkt\/la-nuit-tresor-eau-de-parfum-30-ml\/"},"modified":"2023-01-05T14:00:56","modified_gmt":"2023-01-05T13:00:56","slug":"la-nuit-tresor-eau-de-parfum-30-ml","status":"publish","type":"product","link":"https:\/\/product-guide.org\/en\/produkt\/la-nuit-tresor-eau-de-parfum-30-ml\/","title":{"rendered":"La Nuit Tr\u00e9sor Eau De Parfum &#8211; 30 ml"},"content":{"rendered":"<p>La Nuit Tr\u00e9sor ist der erste aphrodisierende Gourmand-Duft von Lanc\u00f4me. Eine Komposition der seltensten Ingredienzien, die uns in eine Nacht voller Leidenschaft und kostbarer Augenblicke entf\u00fchren. Ein einzigartiger, leidenschaftlicher und sinnlicher Duftcharakter, gepr\u00e4gt von der verf\u00fchrerischen schwarzen Rose und der wilden Vanille-Orchidee aus Tahiti. Exklusiv von zwei der gr\u00f6\u00dften Parf\u00fcmeure Frankreichs f\u00fcr Lanc\u00f4me kreiert.<\/p>\n","protected":false},"excerpt":{"rendered":"<p>La Nuit Tr\u00e9sor ist der erste aphrodisierende Gourmand-Duft von Lanc\u00f4me. Eine Komposition der seltensten Ingredienzien, die uns in eine Nacht voller Leidenschaft und kostbarer Augenblicke entf\u00fchren. Ein einzigartiger, leidenschaftlicher und sinnlicher Duftcharakter, gepr\u00e4gt von der verf\u00fchrerischen schwarzen Rose und der wilden Vanille-Orchidee aus Tahiti. Exklusiv von zwei der gr\u00f6\u00dften Parf\u00fcmeure Frankreichs f\u00fcr Lanc\u00f4me kreiert.<\/p>\n","protected":false},"featured_media":23291,"template":"","meta":{"_gspb_post_css":""},"store":[730],"product_brand":[],"product_cat":[732],"product_tag":[],"class_list":{"0":"post-23307","1":"product","2":"type-product","3":"status-publish","4":"has-post-thumbnail","6":"store-lancome","7":"product_cat-cosmetics-skincare","8":"pa_merchant-lancome-de","10":"first","11":"instock","12":"product-type-external"},"yoast_head":"<!-- This site is optimized with the Yoast SEO plugin v24.6 - https:\/\/yoast.com\/wordpress\/plugins\/seo\/ -->\n<title>La Nuit Tr\u00e9sor Eau De Parfum - 30 ml | Product-Guide.org<\/title>\n<meta name=\"description\" content=\"La Nuit Tr\u00e9sor Eau De Parfum - 30 ml gefunden von Product-Guide.org\" \/>\n<meta name=\"robots\" content=\"index, follow, max-snippet:-1, max-image-preview:large, max-video-preview:-1\" \/>\n<link rel=\"canonical\" href=\"https:\/\/product-guide.org\/en\/produkt\/la-nuit-tresor-eau-de-parfum-30-ml\/\" \/>\n<meta property=\"og:locale\" content=\"en_GB\" \/>\n<meta property=\"og:type\" content=\"article\" \/>\n<meta property=\"og:title\" content=\"La Nuit Tr\u00e9sor Eau De Parfum - 30 ml | Product-Guide.org\" \/>\n<meta property=\"og:description\" content=\"La Nuit Tr\u00e9sor Eau De Parfum - 30 ml gefunden von Product-Guide.org\" \/>\n<meta property=\"og:url\" content=\"https:\/\/product-guide.org\/en\/produkt\/la-nuit-tresor-eau-de-parfum-30-ml\/\" \/>\n<meta property=\"og:site_name\" content=\"Product-Guide.org\" \/>\n<meta property=\"og:image\" content=\"https:\/\/product-guide.org\/wp-content\/uploads\/2023\/01\/unnamed-file-150.jpeg\" \/>\n\t<meta property=\"og:image:width\" content=\"200\" \/>\n\t<meta property=\"og:image:height\" content=\"200\" \/>\n\t<meta property=\"og:image:type\" content=\"image\/jpeg\" \/>\n<meta name=\"twitter:card\" content=\"summary_large_image\" \/>\n<script type=\"application\/ld+json\" class=\"yoast-schema-graph\">{\"@context\":\"https:\/\/schema.org\",\"@graph\":[{\"@type\":\"WebPage\",\"@id\":\"https:\/\/product-guide.org\/en\/produkt\/la-nuit-tresor-eau-de-parfum-30-ml\/\",\"url\":\"https:\/\/product-guide.org\/en\/produkt\/la-nuit-tresor-eau-de-parfum-30-ml\/\",\"name\":\"La Nuit Tr\u00e9sor Eau De Parfum - 30 ml | Product-Guide.org\",\"isPartOf\":{\"@id\":\"https:\/\/product-guide.org\/#website\"},\"primaryImageOfPage\":{\"@id\":\"https:\/\/product-guide.org\/en\/produkt\/la-nuit-tresor-eau-de-parfum-30-ml\/#primaryimage\"},\"image\":{\"@id\":\"https:\/\/product-guide.org\/en\/produkt\/la-nuit-tresor-eau-de-parfum-30-ml\/#primaryimage\"},\"thumbnailUrl\":\"\",\"datePublished\":\"2023-01-05T13:00:56+00:00\",\"description\":\"La Nuit Tr\u00e9sor Eau De Parfum - 30 ml gefunden von Product-Guide.org\",\"breadcrumb\":{\"@id\":\"https:\/\/product-guide.org\/en\/produkt\/la-nuit-tresor-eau-de-parfum-30-ml\/#breadcrumb\"},\"inLanguage\":\"en-GB\",\"potentialAction\":[{\"@type\":\"ReadAction\",\"target\":[\"https:\/\/product-guide.org\/en\/produkt\/la-nuit-tresor-eau-de-parfum-30-ml\/\"]}]},{\"@type\":\"ImageObject\",\"inLanguage\":\"en-GB\",\"@id\":\"https:\/\/product-guide.org\/en\/produkt\/la-nuit-tresor-eau-de-parfum-30-ml\/#primaryimage\",\"url\":\"\",\"contentUrl\":\"\",\"width\":200,\"height\":200},{\"@type\":\"BreadcrumbList\",\"@id\":\"https:\/\/product-guide.org\/en\/produkt\/la-nuit-tresor-eau-de-parfum-30-ml\/#breadcrumb\",\"itemListElement\":[{\"@type\":\"ListItem\",\"position\":1,\"name\":\"Home\",\"item\":\"https:\/\/product-guide.org\/\"},{\"@type\":\"ListItem\",\"position\":2,\"name\":\"Ergebnisse\",\"item\":\"https:\/\/product-guide.org\/de\/ergebnisse\/\"},{\"@type\":\"ListItem\",\"position\":3,\"name\":\"La Nuit Tr\u00e9sor Eau De Parfum &#8211; 30 ml\"}]},{\"@type\":\"WebSite\",\"@id\":\"https:\/\/product-guide.org\/#website\",\"url\":\"https:\/\/product-guide.org\/\",\"name\":\"Product-Guide.org\",\"description\":\"What Product are you looking for?\",\"publisher\":{\"@id\":\"https:\/\/product-guide.org\/#organization\"},\"potentialAction\":[{\"@type\":\"SearchAction\",\"target\":{\"@type\":\"EntryPoint\",\"urlTemplate\":\"https:\/\/product-guide.org\/?s={search_term_string}\"},\"query-input\":{\"@type\":\"PropertyValueSpecification\",\"valueRequired\":true,\"valueName\":\"search_term_string\"}}],\"inLanguage\":\"en-GB\"},{\"@type\":\"Organization\",\"@id\":\"https:\/\/product-guide.org\/#organization\",\"name\":\"Product-Guide.org\",\"url\":\"https:\/\/product-guide.org\/\",\"logo\":{\"@type\":\"ImageObject\",\"inLanguage\":\"en-GB\",\"@id\":\"https:\/\/product-guide.org\/#\/schema\/logo\/image\/\",\"url\":\"https:\/\/product-guide.org\/wp-content\/uploads\/2022\/07\/logo_transparent_background.png\",\"contentUrl\":\"https:\/\/product-guide.org\/wp-content\/uploads\/2022\/07\/logo_transparent_background.png\",\"width\":3400,\"height\":1132,\"caption\":\"Product-Guide.org\"},\"image\":{\"@id\":\"https:\/\/product-guide.org\/#\/schema\/logo\/image\/\"}}]}<\/script>\n<!-- \/ Yoast SEO plugin. -->","yoast_head_json":{"title":"La Nuit Tr\u00e9sor Eau De Parfum - 30 ml | Product-Guide.org","description":"La Nuit Tr\u00e9sor Eau De Parfum - 30 ml gefunden von Product-Guide.org","robots":{"index":"index","follow":"follow","max-snippet":"max-snippet:-1","max-image-preview":"max-image-preview:large","max-video-preview":"max-video-preview:-1"},"canonical":"https:\/\/product-guide.org\/en\/produkt\/la-nuit-tresor-eau-de-parfum-30-ml\/","og_locale":"en_GB","og_type":"article","og_title":"La Nuit Tr\u00e9sor Eau De Parfum - 30 ml | Product-Guide.org","og_description":"La Nuit Tr\u00e9sor Eau De Parfum - 30 ml gefunden von Product-Guide.org","og_url":"https:\/\/product-guide.org\/en\/produkt\/la-nuit-tresor-eau-de-parfum-30-ml\/","og_site_name":"Product-Guide.org","og_image":[{"width":200,"height":200,"url":"https:\/\/product-guide.org\/wp-content\/uploads\/2023\/01\/unnamed-file-150.jpeg","type":"image\/jpeg"}],"twitter_card":"summary_large_image","schema":{"@context":"https:\/\/schema.org","@graph":[{"@type":"WebPage","@id":"https:\/\/product-guide.org\/en\/produkt\/la-nuit-tresor-eau-de-parfum-30-ml\/","url":"https:\/\/product-guide.org\/en\/produkt\/la-nuit-tresor-eau-de-parfum-30-ml\/","name":"La Nuit Tr\u00e9sor Eau De Parfum - 30 ml | Product-Guide.org","isPartOf":{"@id":"https:\/\/product-guide.org\/#website"},"primaryImageOfPage":{"@id":"https:\/\/product-guide.org\/en\/produkt\/la-nuit-tresor-eau-de-parfum-30-ml\/#primaryimage"},"image":{"@id":"https:\/\/product-guide.org\/en\/produkt\/la-nuit-tresor-eau-de-parfum-30-ml\/#primaryimage"},"thumbnailUrl":"","datePublished":"2023-01-05T13:00:56+00:00","description":"La Nuit Tr\u00e9sor Eau De Parfum - 30 ml gefunden von Product-Guide.org","breadcrumb":{"@id":"https:\/\/product-guide.org\/en\/produkt\/la-nuit-tresor-eau-de-parfum-30-ml\/#breadcrumb"},"inLanguage":"en-GB","potentialAction":[{"@type":"ReadAction","target":["https:\/\/product-guide.org\/en\/produkt\/la-nuit-tresor-eau-de-parfum-30-ml\/"]}]},{"@type":"ImageObject","inLanguage":"en-GB","@id":"https:\/\/product-guide.org\/en\/produkt\/la-nuit-tresor-eau-de-parfum-30-ml\/#primaryimage","url":"","contentUrl":"","width":200,"height":200},{"@type":"BreadcrumbList","@id":"https:\/\/product-guide.org\/en\/produkt\/la-nuit-tresor-eau-de-parfum-30-ml\/#breadcrumb","itemListElement":[{"@type":"ListItem","position":1,"name":"Home","item":"https:\/\/product-guide.org\/"},{"@type":"ListItem","position":2,"name":"Ergebnisse","item":"https:\/\/product-guide.org\/de\/ergebnisse\/"},{"@type":"ListItem","position":3,"name":"La Nuit Tr\u00e9sor Eau De Parfum &#8211; 30 ml"}]},{"@type":"WebSite","@id":"https:\/\/product-guide.org\/#website","url":"https:\/\/product-guide.org\/","name":"Product-Guide.org","description":"What Product are you looking for?","publisher":{"@id":"https:\/\/product-guide.org\/#organization"},"potentialAction":[{"@type":"SearchAction","target":{"@type":"EntryPoint","urlTemplate":"https:\/\/product-guide.org\/?s={search_term_string}"},"query-input":{"@type":"PropertyValueSpecification","valueRequired":true,"valueName":"search_term_string"}}],"inLanguage":"en-GB"},{"@type":"Organization","@id":"https:\/\/product-guide.org\/#organization","name":"Product-Guide.org","url":"https:\/\/product-guide.org\/","logo":{"@type":"ImageObject","inLanguage":"en-GB","@id":"https:\/\/product-guide.org\/#\/schema\/logo\/image\/","url":"https:\/\/product-guide.org\/wp-content\/uploads\/2022\/07\/logo_transparent_background.png","contentUrl":"https:\/\/product-guide.org\/wp-content\/uploads\/2022\/07\/logo_transparent_background.png","width":3400,"height":1132,"caption":"Product-Guide.org"},"image":{"@id":"https:\/\/product-guide.org\/#\/schema\/logo\/image\/"}}]}},"_links":{"self":[{"href":"https:\/\/product-guide.org\/en\/wp-json\/wp\/v2\/product\/23307","targetHints":{"allow":["GET"]}}],"collection":[{"href":"https:\/\/product-guide.org\/en\/wp-json\/wp\/v2\/product"}],"about":[{"href":"https:\/\/product-guide.org\/en\/wp-json\/wp\/v2\/types\/product"}],"wp:featuredmedia":[{"embeddable":true,"href":"https:\/\/product-guide.org\/en\/wp-json\/"}],"wp:attachment":[{"href":"https:\/\/product-guide.org\/en\/wp-json\/wp\/v2\/media?parent=23307"}],"wp:term":[{"taxonomy":"store","embeddable":true,"href":"https:\/\/product-guide.org\/en\/wp-json\/wp\/v2\/store?post=23307"},{"taxonomy":"product_brand","embeddable":true,"href":"https:\/\/product-guide.org\/en\/wp-json\/wp\/v2\/product_brand?post=23307"},{"taxonomy":"product_cat","embeddable":true,"href":"https:\/\/product-guide.org\/en\/wp-json\/wp\/v2\/product_cat?post=23307"},{"taxonomy":"product_tag","embeddable":true,"href":"https:\/\/product-guide.org\/en\/wp-json\/wp\/v2\/product_tag?post=23307"}],"curies":[{"name":"wp","href":"https:\/\/api.w.org\/{rel}","templated":true}]}}