{"id":23322,"date":"2023-01-05T14:01:25","date_gmt":"2023-01-05T13:01:25","guid":{"rendered":"https:\/\/product-guide.org\/produkt\/absolue-lextrait-elixir-concentrate-30-ml\/"},"modified":"2023-01-05T14:01:25","modified_gmt":"2023-01-05T13:01:25","slug":"absolue-lextrait-elixir-concentrate-30-ml","status":"publish","type":"product","link":"https:\/\/product-guide.org\/en\/produkt\/absolue-lextrait-elixir-concentrate-30-ml\/","title":{"rendered":"Absolue L&#8217;extrait Elixir Concentrate &#8211; 30 ml"},"content":{"rendered":"<p>Absolue L&#8217;Extrait Elixier-Konzentrat bedient sich der legend\u00e4ren Lanc\u00f4me-Rose, die die Haut umh\u00fcllt und die zarte, perlmuttfarbene Gel-Emulsion verwandelt sich bei Hautkontakt in ein leichtes und frisches Elixier. Dieses Konzentrat sorgt umgehend f\u00fcr ein verbessertes Hautgef\u00fchl und Hautbild. Die Haut bekommt augenblicklich ein neues Gef\u00fchl verfeinerter Gl\u00e4tte und au\u00dfergew\u00f6hnlicher, samtiger Weichheit, w\u00e4hrend der Teint zu sanfter Sch\u00f6nheit erbl\u00fcht. Die Haut wirkt straffer, wie geliftet, und die Hautdichte und Festigkeit f\u00fchlen sich verbessert an. Tag f\u00fcr Tag visiert es die Zeichen der Jugendlichkeit an. Feine Linien und Falten werden gemindert. Die Hautstruktur sieht gleichm\u00e4\u00dfiger, verfeinert und wie erneuert aus. Eine au\u00dfergew\u00f6hnlich leuchtende Ausstrahlung wird regeneriert.<\/p>\n","protected":false},"excerpt":{"rendered":"<p>Absolue L&#8217;Extrait Elixier-Konzentrat bedient sich der legend\u00e4ren Lanc\u00f4me-Rose, die die Haut umh\u00fcllt und die zarte, perlmuttfarbene Gel-Emulsion verwandelt sich bei Hautkontakt in ein leichtes und frisches Elixier. Dieses Konzentrat sorgt umgehend f\u00fcr ein verbessertes Hautgef\u00fchl und Hautbild. Die Haut bekommt augenblicklich ein neues Gef\u00fchl verfeinerter Gl\u00e4tte und au\u00dfergew\u00f6hnlicher, samtiger Weichheit, w\u00e4hrend der Teint zu sanfter [&hellip;]<\/p>\n","protected":false},"featured_media":23323,"template":"","meta":{"_gspb_post_css":""},"store":[730],"product_brand":[],"product_cat":[733],"product_tag":[],"class_list":{"0":"post-23322","1":"product","2":"type-product","3":"status-publish","4":"has-post-thumbnail","6":"store-lancome","7":"product_cat-cosmetics","8":"pa_merchant-lancome-de","10":"first","11":"instock","12":"product-type-external"},"yoast_head":"<!-- This site is optimized with the Yoast SEO plugin v24.6 - https:\/\/yoast.com\/wordpress\/plugins\/seo\/ -->\n<title>Absolue L&#039;extrait Elixir Concentrate - 30 ml | Product-Guide.org<\/title>\n<meta name=\"description\" content=\"Absolue L&#039;extrait Elixir Concentrate - 30 ml gefunden von Product-Guide.org\" \/>\n<meta name=\"robots\" content=\"index, follow, max-snippet:-1, max-image-preview:large, max-video-preview:-1\" \/>\n<link rel=\"canonical\" href=\"https:\/\/product-guide.org\/en\/produkt\/absolue-lextrait-elixir-concentrate-30-ml\/\" \/>\n<meta property=\"og:locale\" content=\"en_GB\" \/>\n<meta property=\"og:type\" content=\"article\" \/>\n<meta property=\"og:title\" content=\"Absolue L&#039;extrait Elixir Concentrate - 30 ml | Product-Guide.org\" \/>\n<meta property=\"og:description\" content=\"Absolue L&#039;extrait Elixir Concentrate - 30 ml gefunden von Product-Guide.org\" \/>\n<meta property=\"og:url\" content=\"https:\/\/product-guide.org\/en\/produkt\/absolue-lextrait-elixir-concentrate-30-ml\/\" \/>\n<meta property=\"og:site_name\" content=\"Product-Guide.org\" \/>\n<meta property=\"og:image\" content=\"https:\/\/product-guide.org\/wp-content\/uploads\/2023\/01\/unnamed-file-83.png\" \/>\n\t<meta property=\"og:image:width\" content=\"200\" \/>\n\t<meta property=\"og:image:height\" content=\"200\" \/>\n\t<meta property=\"og:image:type\" content=\"image\/png\" \/>\n<meta name=\"twitter:card\" content=\"summary_large_image\" \/>\n<script type=\"application\/ld+json\" class=\"yoast-schema-graph\">{\"@context\":\"https:\/\/schema.org\",\"@graph\":[{\"@type\":\"WebPage\",\"@id\":\"https:\/\/product-guide.org\/en\/produkt\/absolue-lextrait-elixir-concentrate-30-ml\/\",\"url\":\"https:\/\/product-guide.org\/en\/produkt\/absolue-lextrait-elixir-concentrate-30-ml\/\",\"name\":\"Absolue L'extrait Elixir Concentrate - 30 ml | Product-Guide.org\",\"isPartOf\":{\"@id\":\"https:\/\/product-guide.org\/#website\"},\"primaryImageOfPage\":{\"@id\":\"https:\/\/product-guide.org\/en\/produkt\/absolue-lextrait-elixir-concentrate-30-ml\/#primaryimage\"},\"image\":{\"@id\":\"https:\/\/product-guide.org\/en\/produkt\/absolue-lextrait-elixir-concentrate-30-ml\/#primaryimage\"},\"thumbnailUrl\":\"\",\"datePublished\":\"2023-01-05T13:01:25+00:00\",\"description\":\"Absolue L'extrait Elixir Concentrate - 30 ml gefunden von Product-Guide.org\",\"breadcrumb\":{\"@id\":\"https:\/\/product-guide.org\/en\/produkt\/absolue-lextrait-elixir-concentrate-30-ml\/#breadcrumb\"},\"inLanguage\":\"en-GB\",\"potentialAction\":[{\"@type\":\"ReadAction\",\"target\":[\"https:\/\/product-guide.org\/en\/produkt\/absolue-lextrait-elixir-concentrate-30-ml\/\"]}]},{\"@type\":\"ImageObject\",\"inLanguage\":\"en-GB\",\"@id\":\"https:\/\/product-guide.org\/en\/produkt\/absolue-lextrait-elixir-concentrate-30-ml\/#primaryimage\",\"url\":\"\",\"contentUrl\":\"\",\"width\":200,\"height\":200},{\"@type\":\"BreadcrumbList\",\"@id\":\"https:\/\/product-guide.org\/en\/produkt\/absolue-lextrait-elixir-concentrate-30-ml\/#breadcrumb\",\"itemListElement\":[{\"@type\":\"ListItem\",\"position\":1,\"name\":\"Home\",\"item\":\"https:\/\/product-guide.org\/\"},{\"@type\":\"ListItem\",\"position\":2,\"name\":\"Ergebnisse\",\"item\":\"https:\/\/product-guide.org\/de\/ergebnisse\/\"},{\"@type\":\"ListItem\",\"position\":3,\"name\":\"Absolue L&#8217;extrait Elixir Concentrate &#8211; 30 ml\"}]},{\"@type\":\"WebSite\",\"@id\":\"https:\/\/product-guide.org\/#website\",\"url\":\"https:\/\/product-guide.org\/\",\"name\":\"Product-Guide.org\",\"description\":\"What Product are you looking for?\",\"publisher\":{\"@id\":\"https:\/\/product-guide.org\/#organization\"},\"potentialAction\":[{\"@type\":\"SearchAction\",\"target\":{\"@type\":\"EntryPoint\",\"urlTemplate\":\"https:\/\/product-guide.org\/?s={search_term_string}\"},\"query-input\":{\"@type\":\"PropertyValueSpecification\",\"valueRequired\":true,\"valueName\":\"search_term_string\"}}],\"inLanguage\":\"en-GB\"},{\"@type\":\"Organization\",\"@id\":\"https:\/\/product-guide.org\/#organization\",\"name\":\"Product-Guide.org\",\"url\":\"https:\/\/product-guide.org\/\",\"logo\":{\"@type\":\"ImageObject\",\"inLanguage\":\"en-GB\",\"@id\":\"https:\/\/product-guide.org\/#\/schema\/logo\/image\/\",\"url\":\"https:\/\/product-guide.org\/wp-content\/uploads\/2022\/07\/logo_transparent_background.png\",\"contentUrl\":\"https:\/\/product-guide.org\/wp-content\/uploads\/2022\/07\/logo_transparent_background.png\",\"width\":3400,\"height\":1132,\"caption\":\"Product-Guide.org\"},\"image\":{\"@id\":\"https:\/\/product-guide.org\/#\/schema\/logo\/image\/\"}}]}<\/script>\n<!-- \/ Yoast SEO plugin. -->","yoast_head_json":{"title":"Absolue L'extrait Elixir Concentrate - 30 ml | Product-Guide.org","description":"Absolue L'extrait Elixir Concentrate - 30 ml gefunden von Product-Guide.org","robots":{"index":"index","follow":"follow","max-snippet":"max-snippet:-1","max-image-preview":"max-image-preview:large","max-video-preview":"max-video-preview:-1"},"canonical":"https:\/\/product-guide.org\/en\/produkt\/absolue-lextrait-elixir-concentrate-30-ml\/","og_locale":"en_GB","og_type":"article","og_title":"Absolue L'extrait Elixir Concentrate - 30 ml | Product-Guide.org","og_description":"Absolue L'extrait Elixir Concentrate - 30 ml gefunden von Product-Guide.org","og_url":"https:\/\/product-guide.org\/en\/produkt\/absolue-lextrait-elixir-concentrate-30-ml\/","og_site_name":"Product-Guide.org","og_image":[{"width":200,"height":200,"url":"https:\/\/product-guide.org\/wp-content\/uploads\/2023\/01\/unnamed-file-83.png","type":"image\/png"}],"twitter_card":"summary_large_image","schema":{"@context":"https:\/\/schema.org","@graph":[{"@type":"WebPage","@id":"https:\/\/product-guide.org\/en\/produkt\/absolue-lextrait-elixir-concentrate-30-ml\/","url":"https:\/\/product-guide.org\/en\/produkt\/absolue-lextrait-elixir-concentrate-30-ml\/","name":"Absolue L'extrait Elixir Concentrate - 30 ml | Product-Guide.org","isPartOf":{"@id":"https:\/\/product-guide.org\/#website"},"primaryImageOfPage":{"@id":"https:\/\/product-guide.org\/en\/produkt\/absolue-lextrait-elixir-concentrate-30-ml\/#primaryimage"},"image":{"@id":"https:\/\/product-guide.org\/en\/produkt\/absolue-lextrait-elixir-concentrate-30-ml\/#primaryimage"},"thumbnailUrl":"","datePublished":"2023-01-05T13:01:25+00:00","description":"Absolue L'extrait Elixir Concentrate - 30 ml gefunden von Product-Guide.org","breadcrumb":{"@id":"https:\/\/product-guide.org\/en\/produkt\/absolue-lextrait-elixir-concentrate-30-ml\/#breadcrumb"},"inLanguage":"en-GB","potentialAction":[{"@type":"ReadAction","target":["https:\/\/product-guide.org\/en\/produkt\/absolue-lextrait-elixir-concentrate-30-ml\/"]}]},{"@type":"ImageObject","inLanguage":"en-GB","@id":"https:\/\/product-guide.org\/en\/produkt\/absolue-lextrait-elixir-concentrate-30-ml\/#primaryimage","url":"","contentUrl":"","width":200,"height":200},{"@type":"BreadcrumbList","@id":"https:\/\/product-guide.org\/en\/produkt\/absolue-lextrait-elixir-concentrate-30-ml\/#breadcrumb","itemListElement":[{"@type":"ListItem","position":1,"name":"Home","item":"https:\/\/product-guide.org\/"},{"@type":"ListItem","position":2,"name":"Ergebnisse","item":"https:\/\/product-guide.org\/de\/ergebnisse\/"},{"@type":"ListItem","position":3,"name":"Absolue L&#8217;extrait Elixir Concentrate &#8211; 30 ml"}]},{"@type":"WebSite","@id":"https:\/\/product-guide.org\/#website","url":"https:\/\/product-guide.org\/","name":"Product-Guide.org","description":"What Product are you looking for?","publisher":{"@id":"https:\/\/product-guide.org\/#organization"},"potentialAction":[{"@type":"SearchAction","target":{"@type":"EntryPoint","urlTemplate":"https:\/\/product-guide.org\/?s={search_term_string}"},"query-input":{"@type":"PropertyValueSpecification","valueRequired":true,"valueName":"search_term_string"}}],"inLanguage":"en-GB"},{"@type":"Organization","@id":"https:\/\/product-guide.org\/#organization","name":"Product-Guide.org","url":"https:\/\/product-guide.org\/","logo":{"@type":"ImageObject","inLanguage":"en-GB","@id":"https:\/\/product-guide.org\/#\/schema\/logo\/image\/","url":"https:\/\/product-guide.org\/wp-content\/uploads\/2022\/07\/logo_transparent_background.png","contentUrl":"https:\/\/product-guide.org\/wp-content\/uploads\/2022\/07\/logo_transparent_background.png","width":3400,"height":1132,"caption":"Product-Guide.org"},"image":{"@id":"https:\/\/product-guide.org\/#\/schema\/logo\/image\/"}}]}},"_links":{"self":[{"href":"https:\/\/product-guide.org\/en\/wp-json\/wp\/v2\/product\/23322","targetHints":{"allow":["GET"]}}],"collection":[{"href":"https:\/\/product-guide.org\/en\/wp-json\/wp\/v2\/product"}],"about":[{"href":"https:\/\/product-guide.org\/en\/wp-json\/wp\/v2\/types\/product"}],"wp:featuredmedia":[{"embeddable":true,"href":"https:\/\/product-guide.org\/en\/wp-json\/"}],"wp:attachment":[{"href":"https:\/\/product-guide.org\/en\/wp-json\/wp\/v2\/media?parent=23322"}],"wp:term":[{"taxonomy":"store","embeddable":true,"href":"https:\/\/product-guide.org\/en\/wp-json\/wp\/v2\/store?post=23322"},{"taxonomy":"product_brand","embeddable":true,"href":"https:\/\/product-guide.org\/en\/wp-json\/wp\/v2\/product_brand?post=23322"},{"taxonomy":"product_cat","embeddable":true,"href":"https:\/\/product-guide.org\/en\/wp-json\/wp\/v2\/product_cat?post=23322"},{"taxonomy":"product_tag","embeddable":true,"href":"https:\/\/product-guide.org\/en\/wp-json\/wp\/v2\/product_tag?post=23322"}],"curies":[{"name":"wp","href":"https:\/\/api.w.org\/{rel}","templated":true}]}}