{"id":23328,"date":"2023-01-05T14:01:37","date_gmt":"2023-01-05T13:01:37","guid":{"rendered":"https:\/\/product-guide.org\/produkt\/hypnose-volume-a-porter\/"},"modified":"2023-01-05T14:01:37","modified_gmt":"2023-01-05T13:01:37","slug":"hypnose-volume-a-porter","status":"publish","type":"product","link":"https:\/\/product-guide.org\/en\/produkt\/hypnose-volume-a-porter\/","title":{"rendered":"Hypn\u00f4se Volume-\u00e0-porter"},"content":{"rendered":"<p>Die Hypn\u00f4se Volume-\u00e0-porter Mascara verleiht den Wimpern Volumen nach Ma\u00df mit beeindruckender L\u00e4nge und intensiver schwarzer Farbe. Zudem sorgt die Wimperntusche f\u00fcr ein langanhaltend volles und verl\u00e4ngertes Wimpernbild \u2013 ohne Spinnenbeine oder zu verschmieren. Die Formel mit Rosenextrakten und Latexanteil hinterl\u00e4sst ein geschmeidig leichtes Kaschmir-Gef\u00fchl und ist leicht auf den Wimper aufzutragen. Die Hypn\u00f4se Volume-\u00e0-porter Mascara im \u00dcberblick: Mascara f\u00fcr Volumen nach Ma\u00df Sorgt f\u00fcr verf\u00fchrerisches Volumen und beeindruckende L\u00e4nge Pflegt mit Rosenextrakten Verleiht ein langanhaltendes, volumenverst\u00e4rkendes und verl\u00e4ngerndes Ergebnis Hinterl\u00e4sst ein geschmeidig leichtes Kaschmir-Gef\u00fchl<\/p>\n","protected":false},"excerpt":{"rendered":"<p>Die Hypn\u00f4se Volume-\u00e0-porter Mascara verleiht den Wimpern Volumen nach Ma\u00df mit beeindruckender L\u00e4nge und intensiver schwarzer Farbe. Zudem sorgt die Wimperntusche f\u00fcr ein langanhaltend volles und verl\u00e4ngertes Wimpernbild \u2013 ohne Spinnenbeine oder zu verschmieren. Die Formel mit Rosenextrakten und Latexanteil hinterl\u00e4sst ein geschmeidig leichtes Kaschmir-Gef\u00fchl und ist leicht auf den Wimper aufzutragen. Die Hypn\u00f4se Volume-\u00e0-porter [&hellip;]<\/p>\n","protected":false},"featured_media":23329,"template":"","meta":{"_gspb_post_css":""},"store":[730],"product_brand":[],"product_cat":[733],"product_tag":[],"class_list":{"0":"post-23328","1":"product","2":"type-product","3":"status-publish","4":"has-post-thumbnail","6":"store-lancome","7":"product_cat-cosmetics","8":"pa_merchant-lancome-de","10":"first","11":"instock","12":"product-type-external"},"yoast_head":"<!-- This site is optimized with the Yoast SEO plugin v24.6 - https:\/\/yoast.com\/wordpress\/plugins\/seo\/ -->\n<title>Hypn\u00f4se Volume-\u00e0-porter | Product-Guide.org<\/title>\n<meta name=\"description\" content=\"Hypn\u00f4se Volume-\u00e0-porter gefunden von Product-Guide.org\" \/>\n<meta name=\"robots\" content=\"index, follow, max-snippet:-1, max-image-preview:large, max-video-preview:-1\" \/>\n<link rel=\"canonical\" href=\"https:\/\/product-guide.org\/en\/produkt\/hypnose-volume-a-porter\/\" \/>\n<meta property=\"og:locale\" content=\"en_GB\" \/>\n<meta property=\"og:type\" content=\"article\" \/>\n<meta property=\"og:title\" content=\"Hypn\u00f4se Volume-\u00e0-porter | Product-Guide.org\" \/>\n<meta property=\"og:description\" content=\"Hypn\u00f4se Volume-\u00e0-porter gefunden von Product-Guide.org\" \/>\n<meta property=\"og:url\" content=\"https:\/\/product-guide.org\/en\/produkt\/hypnose-volume-a-porter\/\" \/>\n<meta property=\"og:site_name\" content=\"Product-Guide.org\" \/>\n<meta property=\"og:image\" content=\"https:\/\/product-guide.org\/wp-content\/uploads\/2023\/01\/unnamed-file-86.png\" \/>\n\t<meta property=\"og:image:width\" content=\"200\" \/>\n\t<meta property=\"og:image:height\" content=\"200\" \/>\n\t<meta property=\"og:image:type\" content=\"image\/png\" \/>\n<meta name=\"twitter:card\" content=\"summary_large_image\" \/>\n<script type=\"application\/ld+json\" class=\"yoast-schema-graph\">{\"@context\":\"https:\/\/schema.org\",\"@graph\":[{\"@type\":\"WebPage\",\"@id\":\"https:\/\/product-guide.org\/en\/produkt\/hypnose-volume-a-porter\/\",\"url\":\"https:\/\/product-guide.org\/en\/produkt\/hypnose-volume-a-porter\/\",\"name\":\"Hypn\u00f4se Volume-\u00e0-porter | Product-Guide.org\",\"isPartOf\":{\"@id\":\"https:\/\/product-guide.org\/#website\"},\"primaryImageOfPage\":{\"@id\":\"https:\/\/product-guide.org\/en\/produkt\/hypnose-volume-a-porter\/#primaryimage\"},\"image\":{\"@id\":\"https:\/\/product-guide.org\/en\/produkt\/hypnose-volume-a-porter\/#primaryimage\"},\"thumbnailUrl\":\"\",\"datePublished\":\"2023-01-05T13:01:37+00:00\",\"description\":\"Hypn\u00f4se Volume-\u00e0-porter gefunden von Product-Guide.org\",\"breadcrumb\":{\"@id\":\"https:\/\/product-guide.org\/en\/produkt\/hypnose-volume-a-porter\/#breadcrumb\"},\"inLanguage\":\"en-GB\",\"potentialAction\":[{\"@type\":\"ReadAction\",\"target\":[\"https:\/\/product-guide.org\/en\/produkt\/hypnose-volume-a-porter\/\"]}]},{\"@type\":\"ImageObject\",\"inLanguage\":\"en-GB\",\"@id\":\"https:\/\/product-guide.org\/en\/produkt\/hypnose-volume-a-porter\/#primaryimage\",\"url\":\"\",\"contentUrl\":\"\",\"width\":200,\"height\":200},{\"@type\":\"BreadcrumbList\",\"@id\":\"https:\/\/product-guide.org\/en\/produkt\/hypnose-volume-a-porter\/#breadcrumb\",\"itemListElement\":[{\"@type\":\"ListItem\",\"position\":1,\"name\":\"Home\",\"item\":\"https:\/\/product-guide.org\/\"},{\"@type\":\"ListItem\",\"position\":2,\"name\":\"Ergebnisse\",\"item\":\"https:\/\/product-guide.org\/de\/ergebnisse\/\"},{\"@type\":\"ListItem\",\"position\":3,\"name\":\"Hypn\u00f4se Volume-\u00e0-porter\"}]},{\"@type\":\"WebSite\",\"@id\":\"https:\/\/product-guide.org\/#website\",\"url\":\"https:\/\/product-guide.org\/\",\"name\":\"Product-Guide.org\",\"description\":\"What Product are you looking for?\",\"publisher\":{\"@id\":\"https:\/\/product-guide.org\/#organization\"},\"potentialAction\":[{\"@type\":\"SearchAction\",\"target\":{\"@type\":\"EntryPoint\",\"urlTemplate\":\"https:\/\/product-guide.org\/?s={search_term_string}\"},\"query-input\":{\"@type\":\"PropertyValueSpecification\",\"valueRequired\":true,\"valueName\":\"search_term_string\"}}],\"inLanguage\":\"en-GB\"},{\"@type\":\"Organization\",\"@id\":\"https:\/\/product-guide.org\/#organization\",\"name\":\"Product-Guide.org\",\"url\":\"https:\/\/product-guide.org\/\",\"logo\":{\"@type\":\"ImageObject\",\"inLanguage\":\"en-GB\",\"@id\":\"https:\/\/product-guide.org\/#\/schema\/logo\/image\/\",\"url\":\"https:\/\/product-guide.org\/wp-content\/uploads\/2022\/07\/logo_transparent_background.png\",\"contentUrl\":\"https:\/\/product-guide.org\/wp-content\/uploads\/2022\/07\/logo_transparent_background.png\",\"width\":3400,\"height\":1132,\"caption\":\"Product-Guide.org\"},\"image\":{\"@id\":\"https:\/\/product-guide.org\/#\/schema\/logo\/image\/\"}}]}<\/script>\n<!-- \/ Yoast SEO plugin. -->","yoast_head_json":{"title":"Hypn\u00f4se Volume-\u00e0-porter | Product-Guide.org","description":"Hypn\u00f4se Volume-\u00e0-porter gefunden von Product-Guide.org","robots":{"index":"index","follow":"follow","max-snippet":"max-snippet:-1","max-image-preview":"max-image-preview:large","max-video-preview":"max-video-preview:-1"},"canonical":"https:\/\/product-guide.org\/en\/produkt\/hypnose-volume-a-porter\/","og_locale":"en_GB","og_type":"article","og_title":"Hypn\u00f4se Volume-\u00e0-porter | Product-Guide.org","og_description":"Hypn\u00f4se Volume-\u00e0-porter gefunden von Product-Guide.org","og_url":"https:\/\/product-guide.org\/en\/produkt\/hypnose-volume-a-porter\/","og_site_name":"Product-Guide.org","og_image":[{"width":200,"height":200,"url":"https:\/\/product-guide.org\/wp-content\/uploads\/2023\/01\/unnamed-file-86.png","type":"image\/png"}],"twitter_card":"summary_large_image","schema":{"@context":"https:\/\/schema.org","@graph":[{"@type":"WebPage","@id":"https:\/\/product-guide.org\/en\/produkt\/hypnose-volume-a-porter\/","url":"https:\/\/product-guide.org\/en\/produkt\/hypnose-volume-a-porter\/","name":"Hypn\u00f4se Volume-\u00e0-porter | Product-Guide.org","isPartOf":{"@id":"https:\/\/product-guide.org\/#website"},"primaryImageOfPage":{"@id":"https:\/\/product-guide.org\/en\/produkt\/hypnose-volume-a-porter\/#primaryimage"},"image":{"@id":"https:\/\/product-guide.org\/en\/produkt\/hypnose-volume-a-porter\/#primaryimage"},"thumbnailUrl":"","datePublished":"2023-01-05T13:01:37+00:00","description":"Hypn\u00f4se Volume-\u00e0-porter gefunden von Product-Guide.org","breadcrumb":{"@id":"https:\/\/product-guide.org\/en\/produkt\/hypnose-volume-a-porter\/#breadcrumb"},"inLanguage":"en-GB","potentialAction":[{"@type":"ReadAction","target":["https:\/\/product-guide.org\/en\/produkt\/hypnose-volume-a-porter\/"]}]},{"@type":"ImageObject","inLanguage":"en-GB","@id":"https:\/\/product-guide.org\/en\/produkt\/hypnose-volume-a-porter\/#primaryimage","url":"","contentUrl":"","width":200,"height":200},{"@type":"BreadcrumbList","@id":"https:\/\/product-guide.org\/en\/produkt\/hypnose-volume-a-porter\/#breadcrumb","itemListElement":[{"@type":"ListItem","position":1,"name":"Home","item":"https:\/\/product-guide.org\/"},{"@type":"ListItem","position":2,"name":"Ergebnisse","item":"https:\/\/product-guide.org\/de\/ergebnisse\/"},{"@type":"ListItem","position":3,"name":"Hypn\u00f4se Volume-\u00e0-porter"}]},{"@type":"WebSite","@id":"https:\/\/product-guide.org\/#website","url":"https:\/\/product-guide.org\/","name":"Product-Guide.org","description":"What Product are you looking for?","publisher":{"@id":"https:\/\/product-guide.org\/#organization"},"potentialAction":[{"@type":"SearchAction","target":{"@type":"EntryPoint","urlTemplate":"https:\/\/product-guide.org\/?s={search_term_string}"},"query-input":{"@type":"PropertyValueSpecification","valueRequired":true,"valueName":"search_term_string"}}],"inLanguage":"en-GB"},{"@type":"Organization","@id":"https:\/\/product-guide.org\/#organization","name":"Product-Guide.org","url":"https:\/\/product-guide.org\/","logo":{"@type":"ImageObject","inLanguage":"en-GB","@id":"https:\/\/product-guide.org\/#\/schema\/logo\/image\/","url":"https:\/\/product-guide.org\/wp-content\/uploads\/2022\/07\/logo_transparent_background.png","contentUrl":"https:\/\/product-guide.org\/wp-content\/uploads\/2022\/07\/logo_transparent_background.png","width":3400,"height":1132,"caption":"Product-Guide.org"},"image":{"@id":"https:\/\/product-guide.org\/#\/schema\/logo\/image\/"}}]}},"_links":{"self":[{"href":"https:\/\/product-guide.org\/en\/wp-json\/wp\/v2\/product\/23328","targetHints":{"allow":["GET"]}}],"collection":[{"href":"https:\/\/product-guide.org\/en\/wp-json\/wp\/v2\/product"}],"about":[{"href":"https:\/\/product-guide.org\/en\/wp-json\/wp\/v2\/types\/product"}],"wp:featuredmedia":[{"embeddable":true,"href":"https:\/\/product-guide.org\/en\/wp-json\/"}],"wp:attachment":[{"href":"https:\/\/product-guide.org\/en\/wp-json\/wp\/v2\/media?parent=23328"}],"wp:term":[{"taxonomy":"store","embeddable":true,"href":"https:\/\/product-guide.org\/en\/wp-json\/wp\/v2\/store?post=23328"},{"taxonomy":"product_brand","embeddable":true,"href":"https:\/\/product-guide.org\/en\/wp-json\/wp\/v2\/product_brand?post=23328"},{"taxonomy":"product_cat","embeddable":true,"href":"https:\/\/product-guide.org\/en\/wp-json\/wp\/v2\/product_cat?post=23328"},{"taxonomy":"product_tag","embeddable":true,"href":"https:\/\/product-guide.org\/en\/wp-json\/wp\/v2\/product_tag?post=23328"}],"curies":[{"name":"wp","href":"https:\/\/api.w.org\/{rel}","templated":true}]}}