{"id":23334,"date":"2023-01-05T14:01:48","date_gmt":"2023-01-05T13:01:48","guid":{"rendered":"https:\/\/product-guide.org\/produkt\/absolue-lextrait-ultimate-rosenserum-maske\/"},"modified":"2023-01-05T14:01:49","modified_gmt":"2023-01-05T13:01:49","slug":"absolue-lextrait-ultimate-rosenserum-maske","status":"publish","type":"product","link":"https:\/\/product-guide.org\/en\/produkt\/absolue-lextrait-ultimate-rosenserum-maske\/","title":{"rendered":"Absolue L&#8217;extrait Ultimate Rosenserum Maske"},"content":{"rendered":"<p>Jede unserer Ultimate Mask Rosenperlen wird mittels modernster Microfluidics Pearls Technologie hergestellt. Jede Maske wird individuell vor der Anwendung vorbereitet indem die &#8220;Perlen&#8221; mit unser Ultimate Mask Serum Grundierung vermischt werden. Dieses Herstellungsritual l\u00e4sst die Wirkung jeder einzelnen Perle im letzten Moment entfalten.VorteileDie Formel verhilft die Merkmale jugendlicher Haut zu verst\u00e4rken: Die Haut erscheint weicher, glatter, strahlender und vieles mehr. Die Haut scheint wiederbelebt und regeneriert f\u00fcr ein wundersch\u00f6nes, strahlendes Aussehen. AnwendungLassen Sie die Maske vollst\u00e4ndig in Ihre Haut einwirken. Um die optimale Wirkung zu erzielen, empfehlen wir eine zweimal w\u00f6chentliche Anwendung auf vorgereinigter Haut. Vermeiden Sie die Augen- und Lippenpartie. Bei Kontakt der Maske mit den Augen, sp\u00fclen Sie diese sofort aus.<\/p>\n","protected":false},"excerpt":{"rendered":"<p>Jede unserer Ultimate Mask Rosenperlen wird mittels modernster Microfluidics Pearls Technologie hergestellt. Jede Maske wird individuell vor der Anwendung vorbereitet indem die &#8220;Perlen&#8221; mit unser Ultimate Mask Serum Grundierung vermischt werden. Dieses Herstellungsritual l\u00e4sst die Wirkung jeder einzelnen Perle im letzten Moment entfalten.VorteileDie Formel verhilft die Merkmale jugendlicher Haut zu verst\u00e4rken: Die Haut erscheint weicher, [&hellip;]<\/p>\n","protected":false},"featured_media":23335,"template":"","meta":{"_gspb_post_css":""},"store":[730],"product_brand":[],"product_cat":[733],"product_tag":[],"class_list":{"0":"post-23334","1":"product","2":"type-product","3":"status-publish","4":"has-post-thumbnail","6":"store-lancome","7":"product_cat-cosmetics","8":"pa_merchant-lancome-de","10":"first","11":"instock","12":"product-type-external"},"yoast_head":"<!-- This site is optimized with the Yoast SEO plugin v24.6 - https:\/\/yoast.com\/wordpress\/plugins\/seo\/ -->\n<title>Absolue L&#039;extrait Ultimate Rosenserum Maske | Product-Guide.org<\/title>\n<meta name=\"description\" content=\"Absolue L&#039;extrait Ultimate Rosenserum Maske gefunden von Product-Guide.org\" \/>\n<meta name=\"robots\" content=\"index, follow, max-snippet:-1, max-image-preview:large, max-video-preview:-1\" \/>\n<link rel=\"canonical\" href=\"https:\/\/product-guide.org\/en\/produkt\/absolue-lextrait-ultimate-rosenserum-maske\/\" \/>\n<meta property=\"og:locale\" content=\"en_GB\" \/>\n<meta property=\"og:type\" content=\"article\" \/>\n<meta property=\"og:title\" content=\"Absolue L&#039;extrait Ultimate Rosenserum Maske | Product-Guide.org\" \/>\n<meta property=\"og:description\" content=\"Absolue L&#039;extrait Ultimate Rosenserum Maske gefunden von Product-Guide.org\" \/>\n<meta property=\"og:url\" content=\"https:\/\/product-guide.org\/en\/produkt\/absolue-lextrait-ultimate-rosenserum-maske\/\" \/>\n<meta property=\"og:site_name\" content=\"Product-Guide.org\" \/>\n<meta property=\"article:modified_time\" content=\"2023-01-05T13:01:49+00:00\" \/>\n<meta property=\"og:image\" content=\"https:\/\/product-guide.org\/wp-content\/uploads\/2023\/01\/unnamed-file-160.jpeg\" \/>\n\t<meta property=\"og:image:width\" content=\"200\" \/>\n\t<meta property=\"og:image:height\" content=\"200\" \/>\n\t<meta property=\"og:image:type\" content=\"image\/jpeg\" \/>\n<meta name=\"twitter:card\" content=\"summary_large_image\" \/>\n<script type=\"application\/ld+json\" class=\"yoast-schema-graph\">{\"@context\":\"https:\/\/schema.org\",\"@graph\":[{\"@type\":\"WebPage\",\"@id\":\"https:\/\/product-guide.org\/en\/produkt\/absolue-lextrait-ultimate-rosenserum-maske\/\",\"url\":\"https:\/\/product-guide.org\/en\/produkt\/absolue-lextrait-ultimate-rosenserum-maske\/\",\"name\":\"Absolue L'extrait Ultimate Rosenserum Maske | Product-Guide.org\",\"isPartOf\":{\"@id\":\"https:\/\/product-guide.org\/#website\"},\"primaryImageOfPage\":{\"@id\":\"https:\/\/product-guide.org\/en\/produkt\/absolue-lextrait-ultimate-rosenserum-maske\/#primaryimage\"},\"image\":{\"@id\":\"https:\/\/product-guide.org\/en\/produkt\/absolue-lextrait-ultimate-rosenserum-maske\/#primaryimage\"},\"thumbnailUrl\":\"\",\"datePublished\":\"2023-01-05T13:01:48+00:00\",\"dateModified\":\"2023-01-05T13:01:49+00:00\",\"description\":\"Absolue L'extrait Ultimate Rosenserum Maske gefunden von Product-Guide.org\",\"breadcrumb\":{\"@id\":\"https:\/\/product-guide.org\/en\/produkt\/absolue-lextrait-ultimate-rosenserum-maske\/#breadcrumb\"},\"inLanguage\":\"en-GB\",\"potentialAction\":[{\"@type\":\"ReadAction\",\"target\":[\"https:\/\/product-guide.org\/en\/produkt\/absolue-lextrait-ultimate-rosenserum-maske\/\"]}]},{\"@type\":\"ImageObject\",\"inLanguage\":\"en-GB\",\"@id\":\"https:\/\/product-guide.org\/en\/produkt\/absolue-lextrait-ultimate-rosenserum-maske\/#primaryimage\",\"url\":\"\",\"contentUrl\":\"\",\"width\":200,\"height\":200},{\"@type\":\"BreadcrumbList\",\"@id\":\"https:\/\/product-guide.org\/en\/produkt\/absolue-lextrait-ultimate-rosenserum-maske\/#breadcrumb\",\"itemListElement\":[{\"@type\":\"ListItem\",\"position\":1,\"name\":\"Home\",\"item\":\"https:\/\/product-guide.org\/\"},{\"@type\":\"ListItem\",\"position\":2,\"name\":\"Ergebnisse\",\"item\":\"https:\/\/product-guide.org\/de\/ergebnisse\/\"},{\"@type\":\"ListItem\",\"position\":3,\"name\":\"Absolue L&#8217;extrait Ultimate Rosenserum Maske\"}]},{\"@type\":\"WebSite\",\"@id\":\"https:\/\/product-guide.org\/#website\",\"url\":\"https:\/\/product-guide.org\/\",\"name\":\"Product-Guide.org\",\"description\":\"What Product are you looking for?\",\"publisher\":{\"@id\":\"https:\/\/product-guide.org\/#organization\"},\"potentialAction\":[{\"@type\":\"SearchAction\",\"target\":{\"@type\":\"EntryPoint\",\"urlTemplate\":\"https:\/\/product-guide.org\/?s={search_term_string}\"},\"query-input\":{\"@type\":\"PropertyValueSpecification\",\"valueRequired\":true,\"valueName\":\"search_term_string\"}}],\"inLanguage\":\"en-GB\"},{\"@type\":\"Organization\",\"@id\":\"https:\/\/product-guide.org\/#organization\",\"name\":\"Product-Guide.org\",\"url\":\"https:\/\/product-guide.org\/\",\"logo\":{\"@type\":\"ImageObject\",\"inLanguage\":\"en-GB\",\"@id\":\"https:\/\/product-guide.org\/#\/schema\/logo\/image\/\",\"url\":\"https:\/\/product-guide.org\/wp-content\/uploads\/2022\/07\/logo_transparent_background.png\",\"contentUrl\":\"https:\/\/product-guide.org\/wp-content\/uploads\/2022\/07\/logo_transparent_background.png\",\"width\":3400,\"height\":1132,\"caption\":\"Product-Guide.org\"},\"image\":{\"@id\":\"https:\/\/product-guide.org\/#\/schema\/logo\/image\/\"}}]}<\/script>\n<!-- \/ Yoast SEO plugin. -->","yoast_head_json":{"title":"Absolue L'extrait Ultimate Rosenserum Maske | Product-Guide.org","description":"Absolue L'extrait Ultimate Rosenserum Maske gefunden von Product-Guide.org","robots":{"index":"index","follow":"follow","max-snippet":"max-snippet:-1","max-image-preview":"max-image-preview:large","max-video-preview":"max-video-preview:-1"},"canonical":"https:\/\/product-guide.org\/en\/produkt\/absolue-lextrait-ultimate-rosenserum-maske\/","og_locale":"en_GB","og_type":"article","og_title":"Absolue L'extrait Ultimate Rosenserum Maske | Product-Guide.org","og_description":"Absolue L'extrait Ultimate Rosenserum Maske gefunden von Product-Guide.org","og_url":"https:\/\/product-guide.org\/en\/produkt\/absolue-lextrait-ultimate-rosenserum-maske\/","og_site_name":"Product-Guide.org","article_modified_time":"2023-01-05T13:01:49+00:00","og_image":[{"width":200,"height":200,"url":"https:\/\/product-guide.org\/wp-content\/uploads\/2023\/01\/unnamed-file-160.jpeg","type":"image\/jpeg"}],"twitter_card":"summary_large_image","schema":{"@context":"https:\/\/schema.org","@graph":[{"@type":"WebPage","@id":"https:\/\/product-guide.org\/en\/produkt\/absolue-lextrait-ultimate-rosenserum-maske\/","url":"https:\/\/product-guide.org\/en\/produkt\/absolue-lextrait-ultimate-rosenserum-maske\/","name":"Absolue L'extrait Ultimate Rosenserum Maske | Product-Guide.org","isPartOf":{"@id":"https:\/\/product-guide.org\/#website"},"primaryImageOfPage":{"@id":"https:\/\/product-guide.org\/en\/produkt\/absolue-lextrait-ultimate-rosenserum-maske\/#primaryimage"},"image":{"@id":"https:\/\/product-guide.org\/en\/produkt\/absolue-lextrait-ultimate-rosenserum-maske\/#primaryimage"},"thumbnailUrl":"","datePublished":"2023-01-05T13:01:48+00:00","dateModified":"2023-01-05T13:01:49+00:00","description":"Absolue L'extrait Ultimate Rosenserum Maske gefunden von Product-Guide.org","breadcrumb":{"@id":"https:\/\/product-guide.org\/en\/produkt\/absolue-lextrait-ultimate-rosenserum-maske\/#breadcrumb"},"inLanguage":"en-GB","potentialAction":[{"@type":"ReadAction","target":["https:\/\/product-guide.org\/en\/produkt\/absolue-lextrait-ultimate-rosenserum-maske\/"]}]},{"@type":"ImageObject","inLanguage":"en-GB","@id":"https:\/\/product-guide.org\/en\/produkt\/absolue-lextrait-ultimate-rosenserum-maske\/#primaryimage","url":"","contentUrl":"","width":200,"height":200},{"@type":"BreadcrumbList","@id":"https:\/\/product-guide.org\/en\/produkt\/absolue-lextrait-ultimate-rosenserum-maske\/#breadcrumb","itemListElement":[{"@type":"ListItem","position":1,"name":"Home","item":"https:\/\/product-guide.org\/"},{"@type":"ListItem","position":2,"name":"Ergebnisse","item":"https:\/\/product-guide.org\/de\/ergebnisse\/"},{"@type":"ListItem","position":3,"name":"Absolue L&#8217;extrait Ultimate Rosenserum Maske"}]},{"@type":"WebSite","@id":"https:\/\/product-guide.org\/#website","url":"https:\/\/product-guide.org\/","name":"Product-Guide.org","description":"What Product are you looking for?","publisher":{"@id":"https:\/\/product-guide.org\/#organization"},"potentialAction":[{"@type":"SearchAction","target":{"@type":"EntryPoint","urlTemplate":"https:\/\/product-guide.org\/?s={search_term_string}"},"query-input":{"@type":"PropertyValueSpecification","valueRequired":true,"valueName":"search_term_string"}}],"inLanguage":"en-GB"},{"@type":"Organization","@id":"https:\/\/product-guide.org\/#organization","name":"Product-Guide.org","url":"https:\/\/product-guide.org\/","logo":{"@type":"ImageObject","inLanguage":"en-GB","@id":"https:\/\/product-guide.org\/#\/schema\/logo\/image\/","url":"https:\/\/product-guide.org\/wp-content\/uploads\/2022\/07\/logo_transparent_background.png","contentUrl":"https:\/\/product-guide.org\/wp-content\/uploads\/2022\/07\/logo_transparent_background.png","width":3400,"height":1132,"caption":"Product-Guide.org"},"image":{"@id":"https:\/\/product-guide.org\/#\/schema\/logo\/image\/"}}]}},"_links":{"self":[{"href":"https:\/\/product-guide.org\/en\/wp-json\/wp\/v2\/product\/23334","targetHints":{"allow":["GET"]}}],"collection":[{"href":"https:\/\/product-guide.org\/en\/wp-json\/wp\/v2\/product"}],"about":[{"href":"https:\/\/product-guide.org\/en\/wp-json\/wp\/v2\/types\/product"}],"wp:featuredmedia":[{"embeddable":true,"href":"https:\/\/product-guide.org\/en\/wp-json\/"}],"wp:attachment":[{"href":"https:\/\/product-guide.org\/en\/wp-json\/wp\/v2\/media?parent=23334"}],"wp:term":[{"taxonomy":"store","embeddable":true,"href":"https:\/\/product-guide.org\/en\/wp-json\/wp\/v2\/store?post=23334"},{"taxonomy":"product_brand","embeddable":true,"href":"https:\/\/product-guide.org\/en\/wp-json\/wp\/v2\/product_brand?post=23334"},{"taxonomy":"product_cat","embeddable":true,"href":"https:\/\/product-guide.org\/en\/wp-json\/wp\/v2\/product_cat?post=23334"},{"taxonomy":"product_tag","embeddable":true,"href":"https:\/\/product-guide.org\/en\/wp-json\/wp\/v2\/product_tag?post=23334"}],"curies":[{"name":"wp","href":"https:\/\/api.w.org\/{rel}","templated":true}]}}