{"id":23359,"date":"2023-01-05T14:02:35","date_gmt":"2023-01-05T13:02:35","guid":{"rendered":"https:\/\/product-guide.org\/produkt\/teint-idole-ultra-wear-foundation-stick-9\/"},"modified":"2023-01-05T14:02:35","modified_gmt":"2023-01-05T13:02:35","slug":"teint-idole-ultra-wear-foundation-stick-9","status":"publish","type":"product","link":"https:\/\/product-guide.org\/en\/produkt\/teint-idole-ultra-wear-foundation-stick-9\/","title":{"rendered":"Teint Idole Ultra Wear Foundation Stick"},"content":{"rendered":"<p>Der Teint Idole Ultra Wear Foundation Stick von Lanc\u00f4me ist ein langanhaltender Make-up-Grundierungs-Stift. Die innovative Cream-to-Powder-Formel verleiht allen Hautt\u00f6nen eine makelloses Finish. Gleichzeitig \u00fcberzeugt sie mit ein Second-Skin-Finish. Die mattierende Foundation sorgt f\u00fcr einen glanzfreien Teint &#8211; den ganzen Tag lang. Der pigmentreiche Foundation Stick l\u00e4sst sich punktuell als Concealer oder f\u00fcr das gesamte Gesicht als Make-up verwenden. Die seidige Textur l\u00e4sst sich leicht verblenden und verschmilzt mit der Haut ohne sich in Falten abzusetzen. Das luxuri\u00f6se Design macht den Foundation Stick zu einem stylischen Beauty-Tool f\u00fcr Ihre Make-up-Routine. Dank des integrierten Kabuki-Foundation-Pinsels ist der Teint Idole Ultra Wear Foundation Stick hygienisch und ideal f\u00fcr unterwegs. Die 25 unterschiedlichen Nuancen passen zu jedem Haut- und Unterton. Diese hoch deckende Grundierung wurde zudem unter dermatologischer Kontrolle getestet. Die Formel wurde f\u00fcr alle Hauttypen (auch f\u00fcr empfindliche Haut) entwickelt. F\u00fcr dauerhafte Perfektion, wann immer Sie sie brauchen!<\/p>\n","protected":false},"excerpt":{"rendered":"<p>Der Teint Idole Ultra Wear Foundation Stick von Lanc\u00f4me ist ein langanhaltender Make-up-Grundierungs-Stift. Die innovative Cream-to-Powder-Formel verleiht allen Hautt\u00f6nen eine makelloses Finish. Gleichzeitig \u00fcberzeugt sie mit ein Second-Skin-Finish. Die mattierende Foundation sorgt f\u00fcr einen glanzfreien Teint &#8211; den ganzen Tag lang. Der pigmentreiche Foundation Stick l\u00e4sst sich punktuell als Concealer oder f\u00fcr das gesamte Gesicht [&hellip;]<\/p>\n","protected":false},"featured_media":23360,"template":"","meta":{"_gspb_post_css":""},"store":[730],"product_brand":[],"product_cat":[733],"product_tag":[],"class_list":{"0":"post-23359","1":"product","2":"type-product","3":"status-publish","4":"has-post-thumbnail","6":"store-lancome","7":"product_cat-cosmetics","8":"pa_merchant-lancome-de","10":"first","11":"instock","12":"product-type-external"},"yoast_head":"<!-- This site is optimized with the Yoast SEO plugin v24.6 - https:\/\/yoast.com\/wordpress\/plugins\/seo\/ -->\n<title>Teint Idole Ultra Wear Foundation Stick | Product-Guide.org<\/title>\n<meta name=\"description\" content=\"Teint Idole Ultra Wear Foundation Stick gefunden von Product-Guide.org\" \/>\n<meta name=\"robots\" content=\"index, follow, max-snippet:-1, max-image-preview:large, max-video-preview:-1\" \/>\n<link rel=\"canonical\" href=\"https:\/\/product-guide.org\/en\/produkt\/teint-idole-ultra-wear-foundation-stick-9\/\" \/>\n<meta property=\"og:locale\" content=\"en_GB\" \/>\n<meta property=\"og:type\" content=\"article\" \/>\n<meta property=\"og:title\" content=\"Teint Idole Ultra Wear Foundation Stick | Product-Guide.org\" \/>\n<meta property=\"og:description\" content=\"Teint Idole Ultra Wear Foundation Stick gefunden von Product-Guide.org\" \/>\n<meta property=\"og:url\" content=\"https:\/\/product-guide.org\/en\/produkt\/teint-idole-ultra-wear-foundation-stick-9\/\" \/>\n<meta property=\"og:site_name\" content=\"Product-Guide.org\" \/>\n<meta property=\"og:image\" content=\"https:\/\/product-guide.org\/wp-content\/uploads\/2023\/01\/unnamed-file-167.jpeg\" \/>\n\t<meta property=\"og:image:width\" content=\"200\" \/>\n\t<meta property=\"og:image:height\" content=\"200\" \/>\n\t<meta property=\"og:image:type\" content=\"image\/jpeg\" \/>\n<meta name=\"twitter:card\" content=\"summary_large_image\" \/>\n<script type=\"application\/ld+json\" class=\"yoast-schema-graph\">{\"@context\":\"https:\/\/schema.org\",\"@graph\":[{\"@type\":\"WebPage\",\"@id\":\"https:\/\/product-guide.org\/en\/produkt\/teint-idole-ultra-wear-foundation-stick-9\/\",\"url\":\"https:\/\/product-guide.org\/en\/produkt\/teint-idole-ultra-wear-foundation-stick-9\/\",\"name\":\"Teint Idole Ultra Wear Foundation Stick | Product-Guide.org\",\"isPartOf\":{\"@id\":\"https:\/\/product-guide.org\/#website\"},\"primaryImageOfPage\":{\"@id\":\"https:\/\/product-guide.org\/en\/produkt\/teint-idole-ultra-wear-foundation-stick-9\/#primaryimage\"},\"image\":{\"@id\":\"https:\/\/product-guide.org\/en\/produkt\/teint-idole-ultra-wear-foundation-stick-9\/#primaryimage\"},\"thumbnailUrl\":\"\",\"datePublished\":\"2023-01-05T13:02:35+00:00\",\"description\":\"Teint Idole Ultra Wear Foundation Stick gefunden von Product-Guide.org\",\"breadcrumb\":{\"@id\":\"https:\/\/product-guide.org\/en\/produkt\/teint-idole-ultra-wear-foundation-stick-9\/#breadcrumb\"},\"inLanguage\":\"en-GB\",\"potentialAction\":[{\"@type\":\"ReadAction\",\"target\":[\"https:\/\/product-guide.org\/en\/produkt\/teint-idole-ultra-wear-foundation-stick-9\/\"]}]},{\"@type\":\"ImageObject\",\"inLanguage\":\"en-GB\",\"@id\":\"https:\/\/product-guide.org\/en\/produkt\/teint-idole-ultra-wear-foundation-stick-9\/#primaryimage\",\"url\":\"\",\"contentUrl\":\"\",\"width\":200,\"height\":200},{\"@type\":\"BreadcrumbList\",\"@id\":\"https:\/\/product-guide.org\/en\/produkt\/teint-idole-ultra-wear-foundation-stick-9\/#breadcrumb\",\"itemListElement\":[{\"@type\":\"ListItem\",\"position\":1,\"name\":\"Home\",\"item\":\"https:\/\/product-guide.org\/\"},{\"@type\":\"ListItem\",\"position\":2,\"name\":\"Ergebnisse\",\"item\":\"https:\/\/product-guide.org\/de\/ergebnisse\/\"},{\"@type\":\"ListItem\",\"position\":3,\"name\":\"Teint Idole Ultra Wear Foundation Stick\"}]},{\"@type\":\"WebSite\",\"@id\":\"https:\/\/product-guide.org\/#website\",\"url\":\"https:\/\/product-guide.org\/\",\"name\":\"Product-Guide.org\",\"description\":\"What Product are you looking for?\",\"publisher\":{\"@id\":\"https:\/\/product-guide.org\/#organization\"},\"potentialAction\":[{\"@type\":\"SearchAction\",\"target\":{\"@type\":\"EntryPoint\",\"urlTemplate\":\"https:\/\/product-guide.org\/?s={search_term_string}\"},\"query-input\":{\"@type\":\"PropertyValueSpecification\",\"valueRequired\":true,\"valueName\":\"search_term_string\"}}],\"inLanguage\":\"en-GB\"},{\"@type\":\"Organization\",\"@id\":\"https:\/\/product-guide.org\/#organization\",\"name\":\"Product-Guide.org\",\"url\":\"https:\/\/product-guide.org\/\",\"logo\":{\"@type\":\"ImageObject\",\"inLanguage\":\"en-GB\",\"@id\":\"https:\/\/product-guide.org\/#\/schema\/logo\/image\/\",\"url\":\"https:\/\/product-guide.org\/wp-content\/uploads\/2022\/07\/logo_transparent_background.png\",\"contentUrl\":\"https:\/\/product-guide.org\/wp-content\/uploads\/2022\/07\/logo_transparent_background.png\",\"width\":3400,\"height\":1132,\"caption\":\"Product-Guide.org\"},\"image\":{\"@id\":\"https:\/\/product-guide.org\/#\/schema\/logo\/image\/\"}}]}<\/script>\n<!-- \/ Yoast SEO plugin. -->","yoast_head_json":{"title":"Teint Idole Ultra Wear Foundation Stick | Product-Guide.org","description":"Teint Idole Ultra Wear Foundation Stick gefunden von Product-Guide.org","robots":{"index":"index","follow":"follow","max-snippet":"max-snippet:-1","max-image-preview":"max-image-preview:large","max-video-preview":"max-video-preview:-1"},"canonical":"https:\/\/product-guide.org\/en\/produkt\/teint-idole-ultra-wear-foundation-stick-9\/","og_locale":"en_GB","og_type":"article","og_title":"Teint Idole Ultra Wear Foundation Stick | Product-Guide.org","og_description":"Teint Idole Ultra Wear Foundation Stick gefunden von Product-Guide.org","og_url":"https:\/\/product-guide.org\/en\/produkt\/teint-idole-ultra-wear-foundation-stick-9\/","og_site_name":"Product-Guide.org","og_image":[{"width":200,"height":200,"url":"https:\/\/product-guide.org\/wp-content\/uploads\/2023\/01\/unnamed-file-167.jpeg","type":"image\/jpeg"}],"twitter_card":"summary_large_image","schema":{"@context":"https:\/\/schema.org","@graph":[{"@type":"WebPage","@id":"https:\/\/product-guide.org\/en\/produkt\/teint-idole-ultra-wear-foundation-stick-9\/","url":"https:\/\/product-guide.org\/en\/produkt\/teint-idole-ultra-wear-foundation-stick-9\/","name":"Teint Idole Ultra Wear Foundation Stick | Product-Guide.org","isPartOf":{"@id":"https:\/\/product-guide.org\/#website"},"primaryImageOfPage":{"@id":"https:\/\/product-guide.org\/en\/produkt\/teint-idole-ultra-wear-foundation-stick-9\/#primaryimage"},"image":{"@id":"https:\/\/product-guide.org\/en\/produkt\/teint-idole-ultra-wear-foundation-stick-9\/#primaryimage"},"thumbnailUrl":"","datePublished":"2023-01-05T13:02:35+00:00","description":"Teint Idole Ultra Wear Foundation Stick gefunden von Product-Guide.org","breadcrumb":{"@id":"https:\/\/product-guide.org\/en\/produkt\/teint-idole-ultra-wear-foundation-stick-9\/#breadcrumb"},"inLanguage":"en-GB","potentialAction":[{"@type":"ReadAction","target":["https:\/\/product-guide.org\/en\/produkt\/teint-idole-ultra-wear-foundation-stick-9\/"]}]},{"@type":"ImageObject","inLanguage":"en-GB","@id":"https:\/\/product-guide.org\/en\/produkt\/teint-idole-ultra-wear-foundation-stick-9\/#primaryimage","url":"","contentUrl":"","width":200,"height":200},{"@type":"BreadcrumbList","@id":"https:\/\/product-guide.org\/en\/produkt\/teint-idole-ultra-wear-foundation-stick-9\/#breadcrumb","itemListElement":[{"@type":"ListItem","position":1,"name":"Home","item":"https:\/\/product-guide.org\/"},{"@type":"ListItem","position":2,"name":"Ergebnisse","item":"https:\/\/product-guide.org\/de\/ergebnisse\/"},{"@type":"ListItem","position":3,"name":"Teint Idole Ultra Wear Foundation Stick"}]},{"@type":"WebSite","@id":"https:\/\/product-guide.org\/#website","url":"https:\/\/product-guide.org\/","name":"Product-Guide.org","description":"What Product are you looking for?","publisher":{"@id":"https:\/\/product-guide.org\/#organization"},"potentialAction":[{"@type":"SearchAction","target":{"@type":"EntryPoint","urlTemplate":"https:\/\/product-guide.org\/?s={search_term_string}"},"query-input":{"@type":"PropertyValueSpecification","valueRequired":true,"valueName":"search_term_string"}}],"inLanguage":"en-GB"},{"@type":"Organization","@id":"https:\/\/product-guide.org\/#organization","name":"Product-Guide.org","url":"https:\/\/product-guide.org\/","logo":{"@type":"ImageObject","inLanguage":"en-GB","@id":"https:\/\/product-guide.org\/#\/schema\/logo\/image\/","url":"https:\/\/product-guide.org\/wp-content\/uploads\/2022\/07\/logo_transparent_background.png","contentUrl":"https:\/\/product-guide.org\/wp-content\/uploads\/2022\/07\/logo_transparent_background.png","width":3400,"height":1132,"caption":"Product-Guide.org"},"image":{"@id":"https:\/\/product-guide.org\/#\/schema\/logo\/image\/"}}]}},"_links":{"self":[{"href":"https:\/\/product-guide.org\/en\/wp-json\/wp\/v2\/product\/23359","targetHints":{"allow":["GET"]}}],"collection":[{"href":"https:\/\/product-guide.org\/en\/wp-json\/wp\/v2\/product"}],"about":[{"href":"https:\/\/product-guide.org\/en\/wp-json\/wp\/v2\/types\/product"}],"wp:featuredmedia":[{"embeddable":true,"href":"https:\/\/product-guide.org\/en\/wp-json\/"}],"wp:attachment":[{"href":"https:\/\/product-guide.org\/en\/wp-json\/wp\/v2\/media?parent=23359"}],"wp:term":[{"taxonomy":"store","embeddable":true,"href":"https:\/\/product-guide.org\/en\/wp-json\/wp\/v2\/store?post=23359"},{"taxonomy":"product_brand","embeddable":true,"href":"https:\/\/product-guide.org\/en\/wp-json\/wp\/v2\/product_brand?post=23359"},{"taxonomy":"product_cat","embeddable":true,"href":"https:\/\/product-guide.org\/en\/wp-json\/wp\/v2\/product_cat?post=23359"},{"taxonomy":"product_tag","embeddable":true,"href":"https:\/\/product-guide.org\/en\/wp-json\/wp\/v2\/product_tag?post=23359"}],"curies":[{"name":"wp","href":"https:\/\/api.w.org\/{rel}","templated":true}]}}