{"id":23374,"date":"2023-01-05T14:02:59","date_gmt":"2023-01-05T13:02:59","guid":{"rendered":"https:\/\/product-guide.org\/produkt\/teint-idole-ultra-wear-highlighter-stick\/"},"modified":"2023-01-05T14:03:00","modified_gmt":"2023-01-05T13:03:00","slug":"teint-idole-ultra-wear-highlighter-stick","status":"publish","type":"product","link":"https:\/\/product-guide.org\/en\/produkt\/teint-idole-ultra-wear-highlighter-stick\/","title":{"rendered":"Teint Idole Ultra Wear Highlighter Stick"},"content":{"rendered":"<p>Teint Idole Ultra Wear Highlighter Stick: Leuchtend und langanhaltend f\u00fcr einen strahlenden Teint. Der Teint Idole Ultra Wear Highlighter Stick von Lanc\u00f4me ist ein Highlighter, der das Gesicht in wenigen Sekunden strahlen l\u00e4sst. Dank der innovativen Cream-to-Powder-Formel verschmilzt der Highlighter bei der Anwendung direkt mit der Haut und verwandelt sich in eine seidige Pudertextur. Diese Textur l\u00e4sst sich ultra leicht verblenden und sorgt f\u00fcr ein angenehmes Hautgef\u00fchl. Die lichtreflektierenden Pigmente heben die Gesichtspartien hervor und lassen den Teint leuchten. Der Lanc\u00f4me Highlighter l\u00e4sst sich angenehm verteilen und gleitet leicht \u00fcber die Haut. Die Make-up-Formel enth\u00e4lt hochkonzentrierte Pigmente, die das Gesicht sofort illuminieren.<\/p>\n","protected":false},"excerpt":{"rendered":"<p>Teint Idole Ultra Wear Highlighter Stick: Leuchtend und langanhaltend f\u00fcr einen strahlenden Teint. Der Teint Idole Ultra Wear Highlighter Stick von Lanc\u00f4me ist ein Highlighter, der das Gesicht in wenigen Sekunden strahlen l\u00e4sst. Dank der innovativen Cream-to-Powder-Formel verschmilzt der Highlighter bei der Anwendung direkt mit der Haut und verwandelt sich in eine seidige Pudertextur. Diese [&hellip;]<\/p>\n","protected":false},"featured_media":23375,"template":"","meta":{"_gspb_post_css":""},"store":[730],"product_brand":[],"product_cat":[733],"product_tag":[],"class_list":{"0":"post-23374","1":"product","2":"type-product","3":"status-publish","4":"has-post-thumbnail","6":"store-lancome","7":"product_cat-cosmetics","8":"pa_merchant-lancome-de","10":"first","11":"instock","12":"product-type-external"},"yoast_head":"<!-- This site is optimized with the Yoast SEO plugin v24.6 - https:\/\/yoast.com\/wordpress\/plugins\/seo\/ -->\n<title>Teint Idole Ultra Wear Highlighter Stick | Product-Guide.org<\/title>\n<meta name=\"description\" content=\"Teint Idole Ultra Wear Highlighter Stick gefunden von Product-Guide.org\" \/>\n<meta name=\"robots\" content=\"index, follow, max-snippet:-1, max-image-preview:large, max-video-preview:-1\" \/>\n<link rel=\"canonical\" href=\"https:\/\/product-guide.org\/en\/produkt\/teint-idole-ultra-wear-highlighter-stick\/\" \/>\n<meta property=\"og:locale\" content=\"en_GB\" \/>\n<meta property=\"og:type\" content=\"article\" \/>\n<meta property=\"og:title\" content=\"Teint Idole Ultra Wear Highlighter Stick | Product-Guide.org\" \/>\n<meta property=\"og:description\" content=\"Teint Idole Ultra Wear Highlighter Stick gefunden von Product-Guide.org\" \/>\n<meta property=\"og:url\" content=\"https:\/\/product-guide.org\/en\/produkt\/teint-idole-ultra-wear-highlighter-stick\/\" \/>\n<meta property=\"og:site_name\" content=\"Product-Guide.org\" \/>\n<meta property=\"article:modified_time\" content=\"2023-01-05T13:03:00+00:00\" \/>\n<meta property=\"og:image\" content=\"https:\/\/product-guide.org\/wp-content\/uploads\/2023\/01\/unnamed-file-174.jpeg\" \/>\n\t<meta property=\"og:image:width\" content=\"200\" \/>\n\t<meta property=\"og:image:height\" content=\"200\" \/>\n\t<meta property=\"og:image:type\" content=\"image\/jpeg\" \/>\n<meta name=\"twitter:card\" content=\"summary_large_image\" \/>\n<script type=\"application\/ld+json\" class=\"yoast-schema-graph\">{\"@context\":\"https:\/\/schema.org\",\"@graph\":[{\"@type\":\"WebPage\",\"@id\":\"https:\/\/product-guide.org\/en\/produkt\/teint-idole-ultra-wear-highlighter-stick\/\",\"url\":\"https:\/\/product-guide.org\/en\/produkt\/teint-idole-ultra-wear-highlighter-stick\/\",\"name\":\"Teint Idole Ultra Wear Highlighter Stick | Product-Guide.org\",\"isPartOf\":{\"@id\":\"https:\/\/product-guide.org\/#website\"},\"primaryImageOfPage\":{\"@id\":\"https:\/\/product-guide.org\/en\/produkt\/teint-idole-ultra-wear-highlighter-stick\/#primaryimage\"},\"image\":{\"@id\":\"https:\/\/product-guide.org\/en\/produkt\/teint-idole-ultra-wear-highlighter-stick\/#primaryimage\"},\"thumbnailUrl\":\"\",\"datePublished\":\"2023-01-05T13:02:59+00:00\",\"dateModified\":\"2023-01-05T13:03:00+00:00\",\"description\":\"Teint Idole Ultra Wear Highlighter Stick gefunden von Product-Guide.org\",\"breadcrumb\":{\"@id\":\"https:\/\/product-guide.org\/en\/produkt\/teint-idole-ultra-wear-highlighter-stick\/#breadcrumb\"},\"inLanguage\":\"en-GB\",\"potentialAction\":[{\"@type\":\"ReadAction\",\"target\":[\"https:\/\/product-guide.org\/en\/produkt\/teint-idole-ultra-wear-highlighter-stick\/\"]}]},{\"@type\":\"ImageObject\",\"inLanguage\":\"en-GB\",\"@id\":\"https:\/\/product-guide.org\/en\/produkt\/teint-idole-ultra-wear-highlighter-stick\/#primaryimage\",\"url\":\"\",\"contentUrl\":\"\",\"width\":200,\"height\":200},{\"@type\":\"BreadcrumbList\",\"@id\":\"https:\/\/product-guide.org\/en\/produkt\/teint-idole-ultra-wear-highlighter-stick\/#breadcrumb\",\"itemListElement\":[{\"@type\":\"ListItem\",\"position\":1,\"name\":\"Home\",\"item\":\"https:\/\/product-guide.org\/\"},{\"@type\":\"ListItem\",\"position\":2,\"name\":\"Ergebnisse\",\"item\":\"https:\/\/product-guide.org\/de\/ergebnisse\/\"},{\"@type\":\"ListItem\",\"position\":3,\"name\":\"Teint Idole Ultra Wear Highlighter Stick\"}]},{\"@type\":\"WebSite\",\"@id\":\"https:\/\/product-guide.org\/#website\",\"url\":\"https:\/\/product-guide.org\/\",\"name\":\"Product-Guide.org\",\"description\":\"What Product are you looking for?\",\"publisher\":{\"@id\":\"https:\/\/product-guide.org\/#organization\"},\"potentialAction\":[{\"@type\":\"SearchAction\",\"target\":{\"@type\":\"EntryPoint\",\"urlTemplate\":\"https:\/\/product-guide.org\/?s={search_term_string}\"},\"query-input\":{\"@type\":\"PropertyValueSpecification\",\"valueRequired\":true,\"valueName\":\"search_term_string\"}}],\"inLanguage\":\"en-GB\"},{\"@type\":\"Organization\",\"@id\":\"https:\/\/product-guide.org\/#organization\",\"name\":\"Product-Guide.org\",\"url\":\"https:\/\/product-guide.org\/\",\"logo\":{\"@type\":\"ImageObject\",\"inLanguage\":\"en-GB\",\"@id\":\"https:\/\/product-guide.org\/#\/schema\/logo\/image\/\",\"url\":\"https:\/\/product-guide.org\/wp-content\/uploads\/2022\/07\/logo_transparent_background.png\",\"contentUrl\":\"https:\/\/product-guide.org\/wp-content\/uploads\/2022\/07\/logo_transparent_background.png\",\"width\":3400,\"height\":1132,\"caption\":\"Product-Guide.org\"},\"image\":{\"@id\":\"https:\/\/product-guide.org\/#\/schema\/logo\/image\/\"}}]}<\/script>\n<!-- \/ Yoast SEO plugin. -->","yoast_head_json":{"title":"Teint Idole Ultra Wear Highlighter Stick | Product-Guide.org","description":"Teint Idole Ultra Wear Highlighter Stick gefunden von Product-Guide.org","robots":{"index":"index","follow":"follow","max-snippet":"max-snippet:-1","max-image-preview":"max-image-preview:large","max-video-preview":"max-video-preview:-1"},"canonical":"https:\/\/product-guide.org\/en\/produkt\/teint-idole-ultra-wear-highlighter-stick\/","og_locale":"en_GB","og_type":"article","og_title":"Teint Idole Ultra Wear Highlighter Stick | Product-Guide.org","og_description":"Teint Idole Ultra Wear Highlighter Stick gefunden von Product-Guide.org","og_url":"https:\/\/product-guide.org\/en\/produkt\/teint-idole-ultra-wear-highlighter-stick\/","og_site_name":"Product-Guide.org","article_modified_time":"2023-01-05T13:03:00+00:00","og_image":[{"width":200,"height":200,"url":"https:\/\/product-guide.org\/wp-content\/uploads\/2023\/01\/unnamed-file-174.jpeg","type":"image\/jpeg"}],"twitter_card":"summary_large_image","schema":{"@context":"https:\/\/schema.org","@graph":[{"@type":"WebPage","@id":"https:\/\/product-guide.org\/en\/produkt\/teint-idole-ultra-wear-highlighter-stick\/","url":"https:\/\/product-guide.org\/en\/produkt\/teint-idole-ultra-wear-highlighter-stick\/","name":"Teint Idole Ultra Wear Highlighter Stick | Product-Guide.org","isPartOf":{"@id":"https:\/\/product-guide.org\/#website"},"primaryImageOfPage":{"@id":"https:\/\/product-guide.org\/en\/produkt\/teint-idole-ultra-wear-highlighter-stick\/#primaryimage"},"image":{"@id":"https:\/\/product-guide.org\/en\/produkt\/teint-idole-ultra-wear-highlighter-stick\/#primaryimage"},"thumbnailUrl":"","datePublished":"2023-01-05T13:02:59+00:00","dateModified":"2023-01-05T13:03:00+00:00","description":"Teint Idole Ultra Wear Highlighter Stick gefunden von Product-Guide.org","breadcrumb":{"@id":"https:\/\/product-guide.org\/en\/produkt\/teint-idole-ultra-wear-highlighter-stick\/#breadcrumb"},"inLanguage":"en-GB","potentialAction":[{"@type":"ReadAction","target":["https:\/\/product-guide.org\/en\/produkt\/teint-idole-ultra-wear-highlighter-stick\/"]}]},{"@type":"ImageObject","inLanguage":"en-GB","@id":"https:\/\/product-guide.org\/en\/produkt\/teint-idole-ultra-wear-highlighter-stick\/#primaryimage","url":"","contentUrl":"","width":200,"height":200},{"@type":"BreadcrumbList","@id":"https:\/\/product-guide.org\/en\/produkt\/teint-idole-ultra-wear-highlighter-stick\/#breadcrumb","itemListElement":[{"@type":"ListItem","position":1,"name":"Home","item":"https:\/\/product-guide.org\/"},{"@type":"ListItem","position":2,"name":"Ergebnisse","item":"https:\/\/product-guide.org\/de\/ergebnisse\/"},{"@type":"ListItem","position":3,"name":"Teint Idole Ultra Wear Highlighter Stick"}]},{"@type":"WebSite","@id":"https:\/\/product-guide.org\/#website","url":"https:\/\/product-guide.org\/","name":"Product-Guide.org","description":"What Product are you looking for?","publisher":{"@id":"https:\/\/product-guide.org\/#organization"},"potentialAction":[{"@type":"SearchAction","target":{"@type":"EntryPoint","urlTemplate":"https:\/\/product-guide.org\/?s={search_term_string}"},"query-input":{"@type":"PropertyValueSpecification","valueRequired":true,"valueName":"search_term_string"}}],"inLanguage":"en-GB"},{"@type":"Organization","@id":"https:\/\/product-guide.org\/#organization","name":"Product-Guide.org","url":"https:\/\/product-guide.org\/","logo":{"@type":"ImageObject","inLanguage":"en-GB","@id":"https:\/\/product-guide.org\/#\/schema\/logo\/image\/","url":"https:\/\/product-guide.org\/wp-content\/uploads\/2022\/07\/logo_transparent_background.png","contentUrl":"https:\/\/product-guide.org\/wp-content\/uploads\/2022\/07\/logo_transparent_background.png","width":3400,"height":1132,"caption":"Product-Guide.org"},"image":{"@id":"https:\/\/product-guide.org\/#\/schema\/logo\/image\/"}}]}},"_links":{"self":[{"href":"https:\/\/product-guide.org\/en\/wp-json\/wp\/v2\/product\/23374","targetHints":{"allow":["GET"]}}],"collection":[{"href":"https:\/\/product-guide.org\/en\/wp-json\/wp\/v2\/product"}],"about":[{"href":"https:\/\/product-guide.org\/en\/wp-json\/wp\/v2\/types\/product"}],"wp:featuredmedia":[{"embeddable":true,"href":"https:\/\/product-guide.org\/en\/wp-json\/"}],"wp:attachment":[{"href":"https:\/\/product-guide.org\/en\/wp-json\/wp\/v2\/media?parent=23374"}],"wp:term":[{"taxonomy":"store","embeddable":true,"href":"https:\/\/product-guide.org\/en\/wp-json\/wp\/v2\/store?post=23374"},{"taxonomy":"product_brand","embeddable":true,"href":"https:\/\/product-guide.org\/en\/wp-json\/wp\/v2\/product_brand?post=23374"},{"taxonomy":"product_cat","embeddable":true,"href":"https:\/\/product-guide.org\/en\/wp-json\/wp\/v2\/product_cat?post=23374"},{"taxonomy":"product_tag","embeddable":true,"href":"https:\/\/product-guide.org\/en\/wp-json\/wp\/v2\/product_tag?post=23374"}],"curies":[{"name":"wp","href":"https:\/\/api.w.org\/{rel}","templated":true}]}}