{"id":23382,"date":"2023-01-05T14:03:15","date_gmt":"2023-01-05T13:03:15","guid":{"rendered":"https:\/\/product-guide.org\/produkt\/teint-idole-ultra-wear-all-over-concealer-2\/"},"modified":"2023-01-05T14:03:15","modified_gmt":"2023-01-05T13:03:15","slug":"teint-idole-ultra-wear-all-over-concealer-2","status":"publish","type":"product","link":"https:\/\/product-guide.org\/en\/produkt\/teint-idole-ultra-wear-all-over-concealer-2\/","title":{"rendered":"Teint Idole Ultra Wear All Over Concealer"},"content":{"rendered":"<p>Der Teint Idole Ultra Wear All Over Concealer ist Primer und Abdeckstift in einem Produkt, f\u00fcr einen perfekten No-Make-up-Look. Er ist mit einer hautfreundlichen Formel ausgestattet und zaubert in wenigen Sekunden einen ebenm\u00e4\u00dfigen Teint. Mit dem Multitasking Gesichts-Concealer von Lanc\u00f4me lassen sich gezielt Unregelm\u00e4\u00dfigkeiten im Gesicht kaschieren. Dabei wirkt das Finish ganz nat\u00fcrlich und h\u00e4lt bis zu 24 Stunden. Die hautpflegende Formel mit Rosenextrakt sorgt f\u00fcr ein atmungsaktives Tragegef\u00fchl und maximalen Komfort. Die mittlere bis starke Deckkraft ist aufbaubar, dabei setzt sich das Make-up nicht in F\u00e4ltchen ab. F\u00fcr einen makellosen Teint mit mattem Finish im Handumdrehen.<\/p>\n","protected":false},"excerpt":{"rendered":"<p>Der Teint Idole Ultra Wear All Over Concealer ist Primer und Abdeckstift in einem Produkt, f\u00fcr einen perfekten No-Make-up-Look. Er ist mit einer hautfreundlichen Formel ausgestattet und zaubert in wenigen Sekunden einen ebenm\u00e4\u00dfigen Teint. Mit dem Multitasking Gesichts-Concealer von Lanc\u00f4me lassen sich gezielt Unregelm\u00e4\u00dfigkeiten im Gesicht kaschieren. Dabei wirkt das Finish ganz nat\u00fcrlich und h\u00e4lt [&hellip;]<\/p>\n","protected":false},"featured_media":23383,"template":"","meta":{"_gspb_post_css":""},"store":[730],"product_brand":[],"product_cat":[733],"product_tag":[],"class_list":{"0":"post-23382","1":"product","2":"type-product","3":"status-publish","4":"has-post-thumbnail","6":"store-lancome","7":"product_cat-cosmetics","8":"pa_merchant-lancome-de","10":"first","11":"instock","12":"product-type-external"},"yoast_head":"<!-- This site is optimized with the Yoast SEO plugin v24.6 - https:\/\/yoast.com\/wordpress\/plugins\/seo\/ -->\n<title>Teint Idole Ultra Wear All Over Concealer | Product-Guide.org<\/title>\n<meta name=\"description\" content=\"Teint Idole Ultra Wear All Over Concealer gefunden von Product-Guide.org\" \/>\n<meta name=\"robots\" content=\"index, follow, max-snippet:-1, max-image-preview:large, max-video-preview:-1\" \/>\n<link rel=\"canonical\" href=\"https:\/\/product-guide.org\/en\/produkt\/teint-idole-ultra-wear-all-over-concealer-2\/\" \/>\n<meta property=\"og:locale\" content=\"en_GB\" \/>\n<meta property=\"og:type\" content=\"article\" \/>\n<meta property=\"og:title\" content=\"Teint Idole Ultra Wear All Over Concealer | Product-Guide.org\" \/>\n<meta property=\"og:description\" content=\"Teint Idole Ultra Wear All Over Concealer gefunden von Product-Guide.org\" \/>\n<meta property=\"og:url\" content=\"https:\/\/product-guide.org\/en\/produkt\/teint-idole-ultra-wear-all-over-concealer-2\/\" \/>\n<meta property=\"og:site_name\" content=\"Product-Guide.org\" \/>\n<meta property=\"og:image\" content=\"https:\/\/product-guide.org\/wp-content\/uploads\/2023\/01\/unnamed-file-94.png\" \/>\n\t<meta property=\"og:image:width\" content=\"200\" \/>\n\t<meta property=\"og:image:height\" content=\"200\" \/>\n\t<meta property=\"og:image:type\" content=\"image\/png\" \/>\n<meta name=\"twitter:card\" content=\"summary_large_image\" \/>\n<script type=\"application\/ld+json\" class=\"yoast-schema-graph\">{\"@context\":\"https:\/\/schema.org\",\"@graph\":[{\"@type\":\"WebPage\",\"@id\":\"https:\/\/product-guide.org\/en\/produkt\/teint-idole-ultra-wear-all-over-concealer-2\/\",\"url\":\"https:\/\/product-guide.org\/en\/produkt\/teint-idole-ultra-wear-all-over-concealer-2\/\",\"name\":\"Teint Idole Ultra Wear All Over Concealer | Product-Guide.org\",\"isPartOf\":{\"@id\":\"https:\/\/product-guide.org\/#website\"},\"primaryImageOfPage\":{\"@id\":\"https:\/\/product-guide.org\/en\/produkt\/teint-idole-ultra-wear-all-over-concealer-2\/#primaryimage\"},\"image\":{\"@id\":\"https:\/\/product-guide.org\/en\/produkt\/teint-idole-ultra-wear-all-over-concealer-2\/#primaryimage\"},\"thumbnailUrl\":\"\",\"datePublished\":\"2023-01-05T13:03:15+00:00\",\"description\":\"Teint Idole Ultra Wear All Over Concealer gefunden von Product-Guide.org\",\"breadcrumb\":{\"@id\":\"https:\/\/product-guide.org\/en\/produkt\/teint-idole-ultra-wear-all-over-concealer-2\/#breadcrumb\"},\"inLanguage\":\"en-GB\",\"potentialAction\":[{\"@type\":\"ReadAction\",\"target\":[\"https:\/\/product-guide.org\/en\/produkt\/teint-idole-ultra-wear-all-over-concealer-2\/\"]}]},{\"@type\":\"ImageObject\",\"inLanguage\":\"en-GB\",\"@id\":\"https:\/\/product-guide.org\/en\/produkt\/teint-idole-ultra-wear-all-over-concealer-2\/#primaryimage\",\"url\":\"\",\"contentUrl\":\"\",\"width\":200,\"height\":200},{\"@type\":\"BreadcrumbList\",\"@id\":\"https:\/\/product-guide.org\/en\/produkt\/teint-idole-ultra-wear-all-over-concealer-2\/#breadcrumb\",\"itemListElement\":[{\"@type\":\"ListItem\",\"position\":1,\"name\":\"Home\",\"item\":\"https:\/\/product-guide.org\/\"},{\"@type\":\"ListItem\",\"position\":2,\"name\":\"Ergebnisse\",\"item\":\"https:\/\/product-guide.org\/de\/ergebnisse\/\"},{\"@type\":\"ListItem\",\"position\":3,\"name\":\"Teint Idole Ultra Wear All Over Concealer\"}]},{\"@type\":\"WebSite\",\"@id\":\"https:\/\/product-guide.org\/#website\",\"url\":\"https:\/\/product-guide.org\/\",\"name\":\"Product-Guide.org\",\"description\":\"What Product are you looking for?\",\"publisher\":{\"@id\":\"https:\/\/product-guide.org\/#organization\"},\"potentialAction\":[{\"@type\":\"SearchAction\",\"target\":{\"@type\":\"EntryPoint\",\"urlTemplate\":\"https:\/\/product-guide.org\/?s={search_term_string}\"},\"query-input\":{\"@type\":\"PropertyValueSpecification\",\"valueRequired\":true,\"valueName\":\"search_term_string\"}}],\"inLanguage\":\"en-GB\"},{\"@type\":\"Organization\",\"@id\":\"https:\/\/product-guide.org\/#organization\",\"name\":\"Product-Guide.org\",\"url\":\"https:\/\/product-guide.org\/\",\"logo\":{\"@type\":\"ImageObject\",\"inLanguage\":\"en-GB\",\"@id\":\"https:\/\/product-guide.org\/#\/schema\/logo\/image\/\",\"url\":\"https:\/\/product-guide.org\/wp-content\/uploads\/2022\/07\/logo_transparent_background.png\",\"contentUrl\":\"https:\/\/product-guide.org\/wp-content\/uploads\/2022\/07\/logo_transparent_background.png\",\"width\":3400,\"height\":1132,\"caption\":\"Product-Guide.org\"},\"image\":{\"@id\":\"https:\/\/product-guide.org\/#\/schema\/logo\/image\/\"}}]}<\/script>\n<!-- \/ Yoast SEO plugin. -->","yoast_head_json":{"title":"Teint Idole Ultra Wear All Over Concealer | Product-Guide.org","description":"Teint Idole Ultra Wear All Over Concealer gefunden von Product-Guide.org","robots":{"index":"index","follow":"follow","max-snippet":"max-snippet:-1","max-image-preview":"max-image-preview:large","max-video-preview":"max-video-preview:-1"},"canonical":"https:\/\/product-guide.org\/en\/produkt\/teint-idole-ultra-wear-all-over-concealer-2\/","og_locale":"en_GB","og_type":"article","og_title":"Teint Idole Ultra Wear All Over Concealer | Product-Guide.org","og_description":"Teint Idole Ultra Wear All Over Concealer gefunden von Product-Guide.org","og_url":"https:\/\/product-guide.org\/en\/produkt\/teint-idole-ultra-wear-all-over-concealer-2\/","og_site_name":"Product-Guide.org","og_image":[{"width":200,"height":200,"url":"https:\/\/product-guide.org\/wp-content\/uploads\/2023\/01\/unnamed-file-94.png","type":"image\/png"}],"twitter_card":"summary_large_image","schema":{"@context":"https:\/\/schema.org","@graph":[{"@type":"WebPage","@id":"https:\/\/product-guide.org\/en\/produkt\/teint-idole-ultra-wear-all-over-concealer-2\/","url":"https:\/\/product-guide.org\/en\/produkt\/teint-idole-ultra-wear-all-over-concealer-2\/","name":"Teint Idole Ultra Wear All Over Concealer | Product-Guide.org","isPartOf":{"@id":"https:\/\/product-guide.org\/#website"},"primaryImageOfPage":{"@id":"https:\/\/product-guide.org\/en\/produkt\/teint-idole-ultra-wear-all-over-concealer-2\/#primaryimage"},"image":{"@id":"https:\/\/product-guide.org\/en\/produkt\/teint-idole-ultra-wear-all-over-concealer-2\/#primaryimage"},"thumbnailUrl":"","datePublished":"2023-01-05T13:03:15+00:00","description":"Teint Idole Ultra Wear All Over Concealer gefunden von Product-Guide.org","breadcrumb":{"@id":"https:\/\/product-guide.org\/en\/produkt\/teint-idole-ultra-wear-all-over-concealer-2\/#breadcrumb"},"inLanguage":"en-GB","potentialAction":[{"@type":"ReadAction","target":["https:\/\/product-guide.org\/en\/produkt\/teint-idole-ultra-wear-all-over-concealer-2\/"]}]},{"@type":"ImageObject","inLanguage":"en-GB","@id":"https:\/\/product-guide.org\/en\/produkt\/teint-idole-ultra-wear-all-over-concealer-2\/#primaryimage","url":"","contentUrl":"","width":200,"height":200},{"@type":"BreadcrumbList","@id":"https:\/\/product-guide.org\/en\/produkt\/teint-idole-ultra-wear-all-over-concealer-2\/#breadcrumb","itemListElement":[{"@type":"ListItem","position":1,"name":"Home","item":"https:\/\/product-guide.org\/"},{"@type":"ListItem","position":2,"name":"Ergebnisse","item":"https:\/\/product-guide.org\/de\/ergebnisse\/"},{"@type":"ListItem","position":3,"name":"Teint Idole Ultra Wear All Over Concealer"}]},{"@type":"WebSite","@id":"https:\/\/product-guide.org\/#website","url":"https:\/\/product-guide.org\/","name":"Product-Guide.org","description":"What Product are you looking for?","publisher":{"@id":"https:\/\/product-guide.org\/#organization"},"potentialAction":[{"@type":"SearchAction","target":{"@type":"EntryPoint","urlTemplate":"https:\/\/product-guide.org\/?s={search_term_string}"},"query-input":{"@type":"PropertyValueSpecification","valueRequired":true,"valueName":"search_term_string"}}],"inLanguage":"en-GB"},{"@type":"Organization","@id":"https:\/\/product-guide.org\/#organization","name":"Product-Guide.org","url":"https:\/\/product-guide.org\/","logo":{"@type":"ImageObject","inLanguage":"en-GB","@id":"https:\/\/product-guide.org\/#\/schema\/logo\/image\/","url":"https:\/\/product-guide.org\/wp-content\/uploads\/2022\/07\/logo_transparent_background.png","contentUrl":"https:\/\/product-guide.org\/wp-content\/uploads\/2022\/07\/logo_transparent_background.png","width":3400,"height":1132,"caption":"Product-Guide.org"},"image":{"@id":"https:\/\/product-guide.org\/#\/schema\/logo\/image\/"}}]}},"_links":{"self":[{"href":"https:\/\/product-guide.org\/en\/wp-json\/wp\/v2\/product\/23382","targetHints":{"allow":["GET"]}}],"collection":[{"href":"https:\/\/product-guide.org\/en\/wp-json\/wp\/v2\/product"}],"about":[{"href":"https:\/\/product-guide.org\/en\/wp-json\/wp\/v2\/types\/product"}],"wp:featuredmedia":[{"embeddable":true,"href":"https:\/\/product-guide.org\/en\/wp-json\/"}],"wp:attachment":[{"href":"https:\/\/product-guide.org\/en\/wp-json\/wp\/v2\/media?parent=23382"}],"wp:term":[{"taxonomy":"store","embeddable":true,"href":"https:\/\/product-guide.org\/en\/wp-json\/wp\/v2\/store?post=23382"},{"taxonomy":"product_brand","embeddable":true,"href":"https:\/\/product-guide.org\/en\/wp-json\/wp\/v2\/product_brand?post=23382"},{"taxonomy":"product_cat","embeddable":true,"href":"https:\/\/product-guide.org\/en\/wp-json\/wp\/v2\/product_cat?post=23382"},{"taxonomy":"product_tag","embeddable":true,"href":"https:\/\/product-guide.org\/en\/wp-json\/wp\/v2\/product_tag?post=23382"}],"curies":[{"name":"wp","href":"https:\/\/api.w.org\/{rel}","templated":true}]}}