{"id":23519,"date":"2023-01-05T14:13:59","date_gmt":"2023-01-05T13:13:59","guid":{"rendered":"https:\/\/product-guide.org\/produkt\/teint-idole-ultra-wear-care-glow-foundation-9\/"},"modified":"2023-01-05T14:14:05","modified_gmt":"2023-01-05T13:14:05","slug":"teint-idole-ultra-wear-care-glow-foundation-9","status":"publish","type":"product","link":"https:\/\/product-guide.org\/en\/produkt\/teint-idole-ultra-wear-care-glow-foundation-9\/","title":{"rendered":"Teint Idole Ultra Wear Care &#038; Glow Foundation"},"content":{"rendered":"<p>Langer Halt trifft auf Pflege. Die Teint Idole Ultra Wear Care &#038; Glow Foundation von Lanc\u00f4me basiert auf einer noch nie dagewesenen Neo-Glow-Foundation-Technologie, die Dir bis zu 24 Stunden lang einen gesunden und nat\u00fcrlich strahlenden Teint verleiht. Das Make-up mit mittlerer Deckkraft schenkt Deiner Haut einen Glow, der den ganzen Tag f\u00fcr ein frisches Aussehen sorgt. Basierend auf einem Glow-Boosting Serum, angereichert mit feuchtigkeitsspendender Hyalurons\u00e4ure und Mandels\u00e4ure, pflegt die Teint Idole Ultra Wear Care &#038; Glow Foundation von Lanc\u00f4me die Haut intensiv. Tag f\u00fcr Tag erscheint das Hautbild glatter, klarer und strahlender. Die feuchtigkeitsspendende Foundation polstert die Haut auf, um feine Linien zu mildern und sorgt so f\u00fcr ein ebenm\u00e4\u00dfiges und gegl\u00e4ttetes Hautbild. Das nicht komedogene Make-up verhilft Deiner Haut zu einem Glow, der allem standh\u00e4lt: Es sorgt den gesamten Tag \u00fcber f\u00fcr einen frischen Teint, ohne abzuf\u00e4rben, zu verlaufen oder sich in Linien abzusetzen. Die ultra-pflegende Formel ist dabei besonders sanft zur Haut \u2013 perfekt f\u00fcr alle Hauttypen, selbst f\u00fcr empfindliche Haut. Dank der feuchtigkeitsspendenden Formel und dem integriertem Lichtschutzfaktor bildet die Teint Idole Ultra Wear Care &#038; Glow Foundation auch f\u00fcr trockene Haut eine optimale Grundlage. Die perfekte Foundation f\u00fcr jeden Hauttyp: Leichte, feuchtigkeitsspendende Textur Nicht komedogene Formel Mittlere Deckkraft Integrierter LSF 25 Angereichert mit 82% pflegendem Serum<\/p>\n","protected":false},"excerpt":{"rendered":"<p>Langer Halt trifft auf Pflege. Die Teint Idole Ultra Wear Care &#038; Glow Foundation von Lanc\u00f4me basiert auf einer noch nie dagewesenen Neo-Glow-Foundation-Technologie, die Dir bis zu 24 Stunden lang einen gesunden und nat\u00fcrlich strahlenden Teint verleiht. Das Make-up mit mittlerer Deckkraft schenkt Deiner Haut einen Glow, der den ganzen Tag f\u00fcr ein frisches Aussehen [&hellip;]<\/p>\n","protected":false},"featured_media":23520,"template":"","meta":{"_gspb_post_css":""},"store":[730],"product_brand":[],"product_cat":[733],"product_tag":[],"class_list":{"0":"post-23519","1":"product","2":"type-product","3":"status-publish","4":"has-post-thumbnail","6":"store-lancome","7":"product_cat-cosmetics","8":"pa_merchant-lancome-de","10":"first","11":"instock","12":"product-type-external"},"yoast_head":"<!-- This site is optimized with the Yoast SEO plugin v24.6 - https:\/\/yoast.com\/wordpress\/plugins\/seo\/ -->\n<title>Teint Idole Ultra Wear Care &amp; Glow Foundation | Product-Guide.org<\/title>\n<meta name=\"description\" content=\"Teint Idole Ultra Wear Care &amp; Glow Foundation gefunden von Product-Guide.org\" \/>\n<meta name=\"robots\" content=\"index, follow, max-snippet:-1, max-image-preview:large, max-video-preview:-1\" \/>\n<link rel=\"canonical\" href=\"https:\/\/product-guide.org\/en\/produkt\/teint-idole-ultra-wear-care-glow-foundation-9\/\" \/>\n<meta property=\"og:locale\" content=\"en_GB\" \/>\n<meta property=\"og:type\" content=\"article\" \/>\n<meta property=\"og:title\" content=\"Teint Idole Ultra Wear Care &amp; Glow Foundation | Product-Guide.org\" \/>\n<meta property=\"og:description\" content=\"Teint Idole Ultra Wear Care &amp; Glow Foundation gefunden von Product-Guide.org\" \/>\n<meta property=\"og:url\" content=\"https:\/\/product-guide.org\/en\/produkt\/teint-idole-ultra-wear-care-glow-foundation-9\/\" \/>\n<meta property=\"og:site_name\" content=\"Product-Guide.org\" \/>\n<meta property=\"article:modified_time\" content=\"2023-01-05T13:14:05+00:00\" \/>\n<meta property=\"og:image\" content=\"https:\/\/product-guide.org\/wp-content\/uploads\/2023\/01\/unnamed-file-147.png\" \/>\n\t<meta property=\"og:image:width\" content=\"200\" \/>\n\t<meta property=\"og:image:height\" content=\"200\" \/>\n\t<meta property=\"og:image:type\" content=\"image\/png\" \/>\n<meta name=\"twitter:card\" content=\"summary_large_image\" \/>\n<script type=\"application\/ld+json\" class=\"yoast-schema-graph\">{\"@context\":\"https:\/\/schema.org\",\"@graph\":[{\"@type\":\"WebPage\",\"@id\":\"https:\/\/product-guide.org\/en\/produkt\/teint-idole-ultra-wear-care-glow-foundation-9\/\",\"url\":\"https:\/\/product-guide.org\/en\/produkt\/teint-idole-ultra-wear-care-glow-foundation-9\/\",\"name\":\"Teint Idole Ultra Wear Care & Glow Foundation | Product-Guide.org\",\"isPartOf\":{\"@id\":\"https:\/\/product-guide.org\/#website\"},\"primaryImageOfPage\":{\"@id\":\"https:\/\/product-guide.org\/en\/produkt\/teint-idole-ultra-wear-care-glow-foundation-9\/#primaryimage\"},\"image\":{\"@id\":\"https:\/\/product-guide.org\/en\/produkt\/teint-idole-ultra-wear-care-glow-foundation-9\/#primaryimage\"},\"thumbnailUrl\":\"\",\"datePublished\":\"2023-01-05T13:13:59+00:00\",\"dateModified\":\"2023-01-05T13:14:05+00:00\",\"description\":\"Teint Idole Ultra Wear Care & Glow Foundation gefunden von Product-Guide.org\",\"breadcrumb\":{\"@id\":\"https:\/\/product-guide.org\/en\/produkt\/teint-idole-ultra-wear-care-glow-foundation-9\/#breadcrumb\"},\"inLanguage\":\"en-GB\",\"potentialAction\":[{\"@type\":\"ReadAction\",\"target\":[\"https:\/\/product-guide.org\/en\/produkt\/teint-idole-ultra-wear-care-glow-foundation-9\/\"]}]},{\"@type\":\"ImageObject\",\"inLanguage\":\"en-GB\",\"@id\":\"https:\/\/product-guide.org\/en\/produkt\/teint-idole-ultra-wear-care-glow-foundation-9\/#primaryimage\",\"url\":\"\",\"contentUrl\":\"\",\"width\":200,\"height\":200},{\"@type\":\"BreadcrumbList\",\"@id\":\"https:\/\/product-guide.org\/en\/produkt\/teint-idole-ultra-wear-care-glow-foundation-9\/#breadcrumb\",\"itemListElement\":[{\"@type\":\"ListItem\",\"position\":1,\"name\":\"Home\",\"item\":\"https:\/\/product-guide.org\/\"},{\"@type\":\"ListItem\",\"position\":2,\"name\":\"Ergebnisse\",\"item\":\"https:\/\/product-guide.org\/de\/ergebnisse\/\"},{\"@type\":\"ListItem\",\"position\":3,\"name\":\"Teint Idole Ultra Wear Care &#038; Glow Foundation\"}]},{\"@type\":\"WebSite\",\"@id\":\"https:\/\/product-guide.org\/#website\",\"url\":\"https:\/\/product-guide.org\/\",\"name\":\"Product-Guide.org\",\"description\":\"What Product are you looking for?\",\"publisher\":{\"@id\":\"https:\/\/product-guide.org\/#organization\"},\"potentialAction\":[{\"@type\":\"SearchAction\",\"target\":{\"@type\":\"EntryPoint\",\"urlTemplate\":\"https:\/\/product-guide.org\/?s={search_term_string}\"},\"query-input\":{\"@type\":\"PropertyValueSpecification\",\"valueRequired\":true,\"valueName\":\"search_term_string\"}}],\"inLanguage\":\"en-GB\"},{\"@type\":\"Organization\",\"@id\":\"https:\/\/product-guide.org\/#organization\",\"name\":\"Product-Guide.org\",\"url\":\"https:\/\/product-guide.org\/\",\"logo\":{\"@type\":\"ImageObject\",\"inLanguage\":\"en-GB\",\"@id\":\"https:\/\/product-guide.org\/#\/schema\/logo\/image\/\",\"url\":\"https:\/\/product-guide.org\/wp-content\/uploads\/2022\/07\/logo_transparent_background.png\",\"contentUrl\":\"https:\/\/product-guide.org\/wp-content\/uploads\/2022\/07\/logo_transparent_background.png\",\"width\":3400,\"height\":1132,\"caption\":\"Product-Guide.org\"},\"image\":{\"@id\":\"https:\/\/product-guide.org\/#\/schema\/logo\/image\/\"}}]}<\/script>\n<!-- \/ Yoast SEO plugin. -->","yoast_head_json":{"title":"Teint Idole Ultra Wear Care & Glow Foundation | Product-Guide.org","description":"Teint Idole Ultra Wear Care & Glow Foundation gefunden von Product-Guide.org","robots":{"index":"index","follow":"follow","max-snippet":"max-snippet:-1","max-image-preview":"max-image-preview:large","max-video-preview":"max-video-preview:-1"},"canonical":"https:\/\/product-guide.org\/en\/produkt\/teint-idole-ultra-wear-care-glow-foundation-9\/","og_locale":"en_GB","og_type":"article","og_title":"Teint Idole Ultra Wear Care & Glow Foundation | Product-Guide.org","og_description":"Teint Idole Ultra Wear Care & Glow Foundation gefunden von Product-Guide.org","og_url":"https:\/\/product-guide.org\/en\/produkt\/teint-idole-ultra-wear-care-glow-foundation-9\/","og_site_name":"Product-Guide.org","article_modified_time":"2023-01-05T13:14:05+00:00","og_image":[{"width":200,"height":200,"url":"https:\/\/product-guide.org\/wp-content\/uploads\/2023\/01\/unnamed-file-147.png","type":"image\/png"}],"twitter_card":"summary_large_image","schema":{"@context":"https:\/\/schema.org","@graph":[{"@type":"WebPage","@id":"https:\/\/product-guide.org\/en\/produkt\/teint-idole-ultra-wear-care-glow-foundation-9\/","url":"https:\/\/product-guide.org\/en\/produkt\/teint-idole-ultra-wear-care-glow-foundation-9\/","name":"Teint Idole Ultra Wear Care & Glow Foundation | Product-Guide.org","isPartOf":{"@id":"https:\/\/product-guide.org\/#website"},"primaryImageOfPage":{"@id":"https:\/\/product-guide.org\/en\/produkt\/teint-idole-ultra-wear-care-glow-foundation-9\/#primaryimage"},"image":{"@id":"https:\/\/product-guide.org\/en\/produkt\/teint-idole-ultra-wear-care-glow-foundation-9\/#primaryimage"},"thumbnailUrl":"","datePublished":"2023-01-05T13:13:59+00:00","dateModified":"2023-01-05T13:14:05+00:00","description":"Teint Idole Ultra Wear Care & Glow Foundation gefunden von Product-Guide.org","breadcrumb":{"@id":"https:\/\/product-guide.org\/en\/produkt\/teint-idole-ultra-wear-care-glow-foundation-9\/#breadcrumb"},"inLanguage":"en-GB","potentialAction":[{"@type":"ReadAction","target":["https:\/\/product-guide.org\/en\/produkt\/teint-idole-ultra-wear-care-glow-foundation-9\/"]}]},{"@type":"ImageObject","inLanguage":"en-GB","@id":"https:\/\/product-guide.org\/en\/produkt\/teint-idole-ultra-wear-care-glow-foundation-9\/#primaryimage","url":"","contentUrl":"","width":200,"height":200},{"@type":"BreadcrumbList","@id":"https:\/\/product-guide.org\/en\/produkt\/teint-idole-ultra-wear-care-glow-foundation-9\/#breadcrumb","itemListElement":[{"@type":"ListItem","position":1,"name":"Home","item":"https:\/\/product-guide.org\/"},{"@type":"ListItem","position":2,"name":"Ergebnisse","item":"https:\/\/product-guide.org\/de\/ergebnisse\/"},{"@type":"ListItem","position":3,"name":"Teint Idole Ultra Wear Care &#038; Glow Foundation"}]},{"@type":"WebSite","@id":"https:\/\/product-guide.org\/#website","url":"https:\/\/product-guide.org\/","name":"Product-Guide.org","description":"What Product are you looking for?","publisher":{"@id":"https:\/\/product-guide.org\/#organization"},"potentialAction":[{"@type":"SearchAction","target":{"@type":"EntryPoint","urlTemplate":"https:\/\/product-guide.org\/?s={search_term_string}"},"query-input":{"@type":"PropertyValueSpecification","valueRequired":true,"valueName":"search_term_string"}}],"inLanguage":"en-GB"},{"@type":"Organization","@id":"https:\/\/product-guide.org\/#organization","name":"Product-Guide.org","url":"https:\/\/product-guide.org\/","logo":{"@type":"ImageObject","inLanguage":"en-GB","@id":"https:\/\/product-guide.org\/#\/schema\/logo\/image\/","url":"https:\/\/product-guide.org\/wp-content\/uploads\/2022\/07\/logo_transparent_background.png","contentUrl":"https:\/\/product-guide.org\/wp-content\/uploads\/2022\/07\/logo_transparent_background.png","width":3400,"height":1132,"caption":"Product-Guide.org"},"image":{"@id":"https:\/\/product-guide.org\/#\/schema\/logo\/image\/"}}]}},"_links":{"self":[{"href":"https:\/\/product-guide.org\/en\/wp-json\/wp\/v2\/product\/23519","targetHints":{"allow":["GET"]}}],"collection":[{"href":"https:\/\/product-guide.org\/en\/wp-json\/wp\/v2\/product"}],"about":[{"href":"https:\/\/product-guide.org\/en\/wp-json\/wp\/v2\/types\/product"}],"wp:featuredmedia":[{"embeddable":true,"href":"https:\/\/product-guide.org\/en\/wp-json\/"}],"wp:attachment":[{"href":"https:\/\/product-guide.org\/en\/wp-json\/wp\/v2\/media?parent=23519"}],"wp:term":[{"taxonomy":"store","embeddable":true,"href":"https:\/\/product-guide.org\/en\/wp-json\/wp\/v2\/store?post=23519"},{"taxonomy":"product_brand","embeddable":true,"href":"https:\/\/product-guide.org\/en\/wp-json\/wp\/v2\/product_brand?post=23519"},{"taxonomy":"product_cat","embeddable":true,"href":"https:\/\/product-guide.org\/en\/wp-json\/wp\/v2\/product_cat?post=23519"},{"taxonomy":"product_tag","embeddable":true,"href":"https:\/\/product-guide.org\/en\/wp-json\/wp\/v2\/product_tag?post=23519"}],"curies":[{"name":"wp","href":"https:\/\/api.w.org\/{rel}","templated":true}]}}