{"id":23694,"date":"2023-01-05T14:17:28","date_gmt":"2023-01-05T13:17:28","guid":{"rendered":"https:\/\/product-guide.org\/produkt\/genifique-creme-50-ml\/"},"modified":"2023-01-05T14:17:58","modified_gmt":"2023-01-05T13:17:58","slug":"genifique-creme-50-ml","status":"publish","type":"product","link":"https:\/\/product-guide.org\/en\/produkt\/genifique-creme-50-ml\/","title":{"rendered":"G\u00e9nifique Creme &#8211; 50 ml"},"content":{"rendered":"<p>Die G\u00e9nifique Creme ist eine Jugendlichkeit aktivierende Creme mit Hyalurons\u00e4ure, welche die Hautregeneration f\u00f6rdert, die Hautschutzbarriere st\u00e4rkt und den Zeichen der Hautalterung entgegenwirkt. Gleichzeitig spendet die Tagescreme der Haut Feuchtigkeit und polstert sie optisch auf. Dabei setzt Lanc\u00f4me bei der Formulierung auf effektive Anti-Aging-Wirkstoffe, wie pr\u00e4- und probiotische Extrakte, Vitamin C, Buchweizensamen-Extrakt und Hyalurons\u00e4ure. So sorgt die zarte Tagescreme f\u00fcr eine ebenm\u00e4\u00dfige, glatte und jugendliche Haut. Die G\u00e9nifique Tagescreme im \u00dcberblick: \u2022 Zartschmelzende Creme mit Hyalurons\u00e4ure, Vitamin C &#038; pr\u00e4- und probiotische Extrakte \u2022 F\u00f6rdert die Hautregeneration, st\u00e4rkt die Hautschutzbarriere und spendet Feuchtigkeit \u2022 Mildert Falten und Linien \u2022 Verleiht ebenm\u00e4\u00dfige, glatte und jugendliche Haut \u2022 Gesichtscreme f\u00fcr jeden Hauttyp Lanc\u00f4mes G\u00e9nifique Tagescreme legt zusammen mit dem Advanced G\u00e9nifique Serum die Grundlage f\u00fcr jugendlich sch\u00f6ne Haut und einen strahlenden Teint.Die Creme mit Hyalurons\u00e4ure spendet nicht nur Feuchtigkeit, sondern sorgt auch f\u00fcr eine ebenm\u00e4\u00dfigere, glattere und j\u00fcnger wirkende Haut. Gleichzeitig wirkt sie Anzeichen von M\u00fcdigkeit entgegen. Die Formel ist daf\u00fcr mit ausgew\u00e4hlten Inhaltsstoffen angereichert und f\u00f6rdert ein ausgewogenes Mikrobiom der Haut. Regelm\u00e4\u00dfig angewendet, st\u00e4rkt die Anti-Aging-Creme die Hautschutzbarriere und macht sie so widerstandsf\u00e4higer gegen Umwelteinfl\u00fcsse.<\/p>\n","protected":false},"excerpt":{"rendered":"<p>Die G\u00e9nifique Creme ist eine Jugendlichkeit aktivierende Creme mit Hyalurons\u00e4ure, welche die Hautregeneration f\u00f6rdert, die Hautschutzbarriere st\u00e4rkt und den Zeichen der Hautalterung entgegenwirkt. Gleichzeitig spendet die Tagescreme der Haut Feuchtigkeit und polstert sie optisch auf. Dabei setzt Lanc\u00f4me bei der Formulierung auf effektive Anti-Aging-Wirkstoffe, wie pr\u00e4- und probiotische Extrakte, Vitamin C, Buchweizensamen-Extrakt und Hyalurons\u00e4ure. So [&hellip;]<\/p>\n","protected":false},"featured_media":23695,"template":"","meta":{"_gspb_post_css":""},"store":[730],"product_brand":[],"product_cat":[735],"product_tag":[],"class_list":{"0":"post-23694","1":"product","2":"type-product","3":"status-publish","4":"has-post-thumbnail","6":"store-lancome","7":"product_cat-skincare","8":"pa_merchant-lancome-de","10":"first","11":"instock","12":"product-type-external"},"yoast_head":"<!-- This site is optimized with the Yoast SEO plugin v24.6 - https:\/\/yoast.com\/wordpress\/plugins\/seo\/ -->\n<title>G\u00e9nifique Creme - 50 ml | Product-Guide.org<\/title>\n<meta name=\"description\" content=\"G\u00e9nifique Creme - 50 ml gefunden von Product-Guide.org\" \/>\n<meta name=\"robots\" content=\"index, follow, max-snippet:-1, max-image-preview:large, max-video-preview:-1\" \/>\n<link rel=\"canonical\" href=\"https:\/\/product-guide.org\/en\/produkt\/genifique-creme-50-ml\/\" \/>\n<meta property=\"og:locale\" content=\"en_GB\" \/>\n<meta property=\"og:type\" content=\"article\" \/>\n<meta property=\"og:title\" content=\"G\u00e9nifique Creme - 50 ml | Product-Guide.org\" \/>\n<meta property=\"og:description\" content=\"G\u00e9nifique Creme - 50 ml gefunden von Product-Guide.org\" \/>\n<meta property=\"og:url\" content=\"https:\/\/product-guide.org\/en\/produkt\/genifique-creme-50-ml\/\" \/>\n<meta property=\"og:site_name\" content=\"Product-Guide.org\" \/>\n<meta property=\"article:modified_time\" content=\"2023-01-05T13:17:58+00:00\" \/>\n<meta property=\"og:image\" content=\"https:\/\/product-guide.org\/wp-content\/uploads\/2023\/01\/unnamed-file-210.png\" \/>\n\t<meta property=\"og:image:width\" content=\"200\" \/>\n\t<meta property=\"og:image:height\" content=\"200\" \/>\n\t<meta property=\"og:image:type\" content=\"image\/png\" \/>\n<meta name=\"twitter:card\" content=\"summary_large_image\" \/>\n<script type=\"application\/ld+json\" class=\"yoast-schema-graph\">{\"@context\":\"https:\/\/schema.org\",\"@graph\":[{\"@type\":\"WebPage\",\"@id\":\"https:\/\/product-guide.org\/en\/produkt\/genifique-creme-50-ml\/\",\"url\":\"https:\/\/product-guide.org\/en\/produkt\/genifique-creme-50-ml\/\",\"name\":\"G\u00e9nifique Creme - 50 ml | Product-Guide.org\",\"isPartOf\":{\"@id\":\"https:\/\/product-guide.org\/#website\"},\"primaryImageOfPage\":{\"@id\":\"https:\/\/product-guide.org\/en\/produkt\/genifique-creme-50-ml\/#primaryimage\"},\"image\":{\"@id\":\"https:\/\/product-guide.org\/en\/produkt\/genifique-creme-50-ml\/#primaryimage\"},\"thumbnailUrl\":\"\",\"datePublished\":\"2023-01-05T13:17:28+00:00\",\"dateModified\":\"2023-01-05T13:17:58+00:00\",\"description\":\"G\u00e9nifique Creme - 50 ml gefunden von Product-Guide.org\",\"breadcrumb\":{\"@id\":\"https:\/\/product-guide.org\/en\/produkt\/genifique-creme-50-ml\/#breadcrumb\"},\"inLanguage\":\"en-GB\",\"potentialAction\":[{\"@type\":\"ReadAction\",\"target\":[\"https:\/\/product-guide.org\/en\/produkt\/genifique-creme-50-ml\/\"]}]},{\"@type\":\"ImageObject\",\"inLanguage\":\"en-GB\",\"@id\":\"https:\/\/product-guide.org\/en\/produkt\/genifique-creme-50-ml\/#primaryimage\",\"url\":\"\",\"contentUrl\":\"\",\"width\":200,\"height\":200},{\"@type\":\"BreadcrumbList\",\"@id\":\"https:\/\/product-guide.org\/en\/produkt\/genifique-creme-50-ml\/#breadcrumb\",\"itemListElement\":[{\"@type\":\"ListItem\",\"position\":1,\"name\":\"Home\",\"item\":\"https:\/\/product-guide.org\/\"},{\"@type\":\"ListItem\",\"position\":2,\"name\":\"Ergebnisse\",\"item\":\"https:\/\/product-guide.org\/de\/ergebnisse\/\"},{\"@type\":\"ListItem\",\"position\":3,\"name\":\"G\u00e9nifique Creme &#8211; 50 ml\"}]},{\"@type\":\"WebSite\",\"@id\":\"https:\/\/product-guide.org\/#website\",\"url\":\"https:\/\/product-guide.org\/\",\"name\":\"Product-Guide.org\",\"description\":\"What Product are you looking for?\",\"publisher\":{\"@id\":\"https:\/\/product-guide.org\/#organization\"},\"potentialAction\":[{\"@type\":\"SearchAction\",\"target\":{\"@type\":\"EntryPoint\",\"urlTemplate\":\"https:\/\/product-guide.org\/?s={search_term_string}\"},\"query-input\":{\"@type\":\"PropertyValueSpecification\",\"valueRequired\":true,\"valueName\":\"search_term_string\"}}],\"inLanguage\":\"en-GB\"},{\"@type\":\"Organization\",\"@id\":\"https:\/\/product-guide.org\/#organization\",\"name\":\"Product-Guide.org\",\"url\":\"https:\/\/product-guide.org\/\",\"logo\":{\"@type\":\"ImageObject\",\"inLanguage\":\"en-GB\",\"@id\":\"https:\/\/product-guide.org\/#\/schema\/logo\/image\/\",\"url\":\"https:\/\/product-guide.org\/wp-content\/uploads\/2022\/07\/logo_transparent_background.png\",\"contentUrl\":\"https:\/\/product-guide.org\/wp-content\/uploads\/2022\/07\/logo_transparent_background.png\",\"width\":3400,\"height\":1132,\"caption\":\"Product-Guide.org\"},\"image\":{\"@id\":\"https:\/\/product-guide.org\/#\/schema\/logo\/image\/\"}}]}<\/script>\n<!-- \/ Yoast SEO plugin. -->","yoast_head_json":{"title":"G\u00e9nifique Creme - 50 ml | Product-Guide.org","description":"G\u00e9nifique Creme - 50 ml gefunden von Product-Guide.org","robots":{"index":"index","follow":"follow","max-snippet":"max-snippet:-1","max-image-preview":"max-image-preview:large","max-video-preview":"max-video-preview:-1"},"canonical":"https:\/\/product-guide.org\/en\/produkt\/genifique-creme-50-ml\/","og_locale":"en_GB","og_type":"article","og_title":"G\u00e9nifique Creme - 50 ml | Product-Guide.org","og_description":"G\u00e9nifique Creme - 50 ml gefunden von Product-Guide.org","og_url":"https:\/\/product-guide.org\/en\/produkt\/genifique-creme-50-ml\/","og_site_name":"Product-Guide.org","article_modified_time":"2023-01-05T13:17:58+00:00","og_image":[{"width":200,"height":200,"url":"https:\/\/product-guide.org\/wp-content\/uploads\/2023\/01\/unnamed-file-210.png","type":"image\/png"}],"twitter_card":"summary_large_image","schema":{"@context":"https:\/\/schema.org","@graph":[{"@type":"WebPage","@id":"https:\/\/product-guide.org\/en\/produkt\/genifique-creme-50-ml\/","url":"https:\/\/product-guide.org\/en\/produkt\/genifique-creme-50-ml\/","name":"G\u00e9nifique Creme - 50 ml | Product-Guide.org","isPartOf":{"@id":"https:\/\/product-guide.org\/#website"},"primaryImageOfPage":{"@id":"https:\/\/product-guide.org\/en\/produkt\/genifique-creme-50-ml\/#primaryimage"},"image":{"@id":"https:\/\/product-guide.org\/en\/produkt\/genifique-creme-50-ml\/#primaryimage"},"thumbnailUrl":"","datePublished":"2023-01-05T13:17:28+00:00","dateModified":"2023-01-05T13:17:58+00:00","description":"G\u00e9nifique Creme - 50 ml gefunden von Product-Guide.org","breadcrumb":{"@id":"https:\/\/product-guide.org\/en\/produkt\/genifique-creme-50-ml\/#breadcrumb"},"inLanguage":"en-GB","potentialAction":[{"@type":"ReadAction","target":["https:\/\/product-guide.org\/en\/produkt\/genifique-creme-50-ml\/"]}]},{"@type":"ImageObject","inLanguage":"en-GB","@id":"https:\/\/product-guide.org\/en\/produkt\/genifique-creme-50-ml\/#primaryimage","url":"","contentUrl":"","width":200,"height":200},{"@type":"BreadcrumbList","@id":"https:\/\/product-guide.org\/en\/produkt\/genifique-creme-50-ml\/#breadcrumb","itemListElement":[{"@type":"ListItem","position":1,"name":"Home","item":"https:\/\/product-guide.org\/"},{"@type":"ListItem","position":2,"name":"Ergebnisse","item":"https:\/\/product-guide.org\/de\/ergebnisse\/"},{"@type":"ListItem","position":3,"name":"G\u00e9nifique Creme &#8211; 50 ml"}]},{"@type":"WebSite","@id":"https:\/\/product-guide.org\/#website","url":"https:\/\/product-guide.org\/","name":"Product-Guide.org","description":"What Product are you looking for?","publisher":{"@id":"https:\/\/product-guide.org\/#organization"},"potentialAction":[{"@type":"SearchAction","target":{"@type":"EntryPoint","urlTemplate":"https:\/\/product-guide.org\/?s={search_term_string}"},"query-input":{"@type":"PropertyValueSpecification","valueRequired":true,"valueName":"search_term_string"}}],"inLanguage":"en-GB"},{"@type":"Organization","@id":"https:\/\/product-guide.org\/#organization","name":"Product-Guide.org","url":"https:\/\/product-guide.org\/","logo":{"@type":"ImageObject","inLanguage":"en-GB","@id":"https:\/\/product-guide.org\/#\/schema\/logo\/image\/","url":"https:\/\/product-guide.org\/wp-content\/uploads\/2022\/07\/logo_transparent_background.png","contentUrl":"https:\/\/product-guide.org\/wp-content\/uploads\/2022\/07\/logo_transparent_background.png","width":3400,"height":1132,"caption":"Product-Guide.org"},"image":{"@id":"https:\/\/product-guide.org\/#\/schema\/logo\/image\/"}}]}},"_links":{"self":[{"href":"https:\/\/product-guide.org\/en\/wp-json\/wp\/v2\/product\/23694","targetHints":{"allow":["GET"]}}],"collection":[{"href":"https:\/\/product-guide.org\/en\/wp-json\/wp\/v2\/product"}],"about":[{"href":"https:\/\/product-guide.org\/en\/wp-json\/wp\/v2\/types\/product"}],"wp:featuredmedia":[{"embeddable":true,"href":"https:\/\/product-guide.org\/en\/wp-json\/"}],"wp:attachment":[{"href":"https:\/\/product-guide.org\/en\/wp-json\/wp\/v2\/media?parent=23694"}],"wp:term":[{"taxonomy":"store","embeddable":true,"href":"https:\/\/product-guide.org\/en\/wp-json\/wp\/v2\/store?post=23694"},{"taxonomy":"product_brand","embeddable":true,"href":"https:\/\/product-guide.org\/en\/wp-json\/wp\/v2\/product_brand?post=23694"},{"taxonomy":"product_cat","embeddable":true,"href":"https:\/\/product-guide.org\/en\/wp-json\/wp\/v2\/product_cat?post=23694"},{"taxonomy":"product_tag","embeddable":true,"href":"https:\/\/product-guide.org\/en\/wp-json\/wp\/v2\/product_tag?post=23694"}],"curies":[{"name":"wp","href":"https:\/\/api.w.org\/{rel}","templated":true}]}}