{"id":23702,"date":"2023-01-05T14:17:28","date_gmt":"2023-01-05T13:17:28","guid":{"rendered":"https:\/\/product-guide.org\/produkt\/absolue-soft-cream-30-ml\/"},"modified":"2023-01-05T14:18:08","modified_gmt":"2023-01-05T13:18:08","slug":"absolue-soft-cream-30-ml","status":"publish","type":"product","link":"https:\/\/product-guide.org\/en\/produkt\/absolue-soft-cream-30-ml\/","title":{"rendered":"Absolue Soft Cream &#8211; 30 ml"},"content":{"rendered":"<p>Die Absolue Soft Cream hilft dabei, Deine empfindliche Haut zu revitalisieren und wirkt den Anzeichen der Hautalterung entgegen. Dabei versorgt die regenerierende Gesichtscreme von Lanc\u00f4me Deine Haut mit wichtigen N\u00e4hrstoffen, sodass sie nach und nach wieder fester und strahlender erscheint. Die regenerierende Creme eignet sich vor allem f\u00fcr reife, trockene sowie empfindliche Gesichtshaut und enth\u00e4lt eine Formel mit Rosenextrakt. Die Absolue Soft Cream im \u00dcberblick: \u2022 Regenerierende Gesichtscreme mit Rosenextrakt \u2022 Strafft die Haut und verleiht einen strahlenden Teint \u2022 Wirkt n\u00e4hrend, beruhigend, feuchtigkeitsspendend und regenerierend \u2022 Unterst\u00fctzt die Zellerneuerung und schenkt einen revitalisierten Teint \u2022 Creme f\u00fcr jeden Hauttyp, speziell f\u00fcr reife, trockene und empfindliche Haut Die regenerierende Absolue Soft Cream verw\u00f6hnt Deine Haut mit luxuri\u00f6sen Inhaltsstoffen, wie Grand Rose Extrakt und hilft empfindlicher Haut, sich schneller zu regenerieren. F\u00fcr die Herstellung der Premium-Hautpflege setzt Lanc\u00f4me auf aufw\u00e4ndige biochemische Verfahren und FermogenesisTM. So k\u00f6nnen die wertvollen Wirkstoffe der Rose gezielt extrahiert und vermehrt werden. Dank der reichhaltigen Textur der Absolue Soft Cream unterzieht sich Deine Haut zusammen mit der Creme einer wahren dreistufigen Metamorphose: 1. Zun\u00e4chst wird die Haut durch die reichhaltige Textur mit N\u00e4hrstoffen versorgt. 2. Die Gesichtscreme zieht d\u00fcnn in die Hautschicht ein, gleichzeitig beginnt der Aktivierungsprozess. 3. In der dritten Phase ist die Creme eingezogen und die Haut sieht sichtbar praller, strahlender und revatilisiert aus.<\/p>\n","protected":false},"excerpt":{"rendered":"<p>Die Absolue Soft Cream hilft dabei, Deine empfindliche Haut zu revitalisieren und wirkt den Anzeichen der Hautalterung entgegen. Dabei versorgt die regenerierende Gesichtscreme von Lanc\u00f4me Deine Haut mit wichtigen N\u00e4hrstoffen, sodass sie nach und nach wieder fester und strahlender erscheint. Die regenerierende Creme eignet sich vor allem f\u00fcr reife, trockene sowie empfindliche Gesichtshaut und enth\u00e4lt [&hellip;]<\/p>\n","protected":false},"featured_media":23703,"template":"","meta":{"_gspb_post_css":""},"store":[730],"product_brand":[],"product_cat":[735],"product_tag":[],"class_list":{"0":"post-23702","1":"product","2":"type-product","3":"status-publish","4":"has-post-thumbnail","6":"store-lancome","7":"product_cat-skincare","8":"pa_merchant-lancome-de","10":"first","11":"instock","12":"product-type-external"},"yoast_head":"<!-- This site is optimized with the Yoast SEO plugin v24.6 - https:\/\/yoast.com\/wordpress\/plugins\/seo\/ -->\n<title>Absolue Soft Cream - 30 ml | Product-Guide.org<\/title>\n<meta name=\"description\" content=\"Absolue Soft Cream - 30 ml gefunden von Product-Guide.org\" \/>\n<meta name=\"robots\" content=\"index, follow, max-snippet:-1, max-image-preview:large, max-video-preview:-1\" \/>\n<link rel=\"canonical\" href=\"https:\/\/product-guide.org\/en\/produkt\/absolue-soft-cream-30-ml\/\" \/>\n<meta property=\"og:locale\" content=\"en_GB\" \/>\n<meta property=\"og:type\" content=\"article\" \/>\n<meta property=\"og:title\" content=\"Absolue Soft Cream - 30 ml | Product-Guide.org\" \/>\n<meta property=\"og:description\" content=\"Absolue Soft Cream - 30 ml gefunden von Product-Guide.org\" \/>\n<meta property=\"og:url\" content=\"https:\/\/product-guide.org\/en\/produkt\/absolue-soft-cream-30-ml\/\" \/>\n<meta property=\"og:site_name\" content=\"Product-Guide.org\" \/>\n<meta property=\"article:modified_time\" content=\"2023-01-05T13:18:08+00:00\" \/>\n<meta property=\"og:image\" content=\"https:\/\/product-guide.org\/wp-content\/uploads\/2023\/01\/unnamed-file-216.jpeg\" \/>\n\t<meta property=\"og:image:width\" content=\"200\" \/>\n\t<meta property=\"og:image:height\" content=\"200\" \/>\n\t<meta property=\"og:image:type\" content=\"image\/jpeg\" \/>\n<meta name=\"twitter:card\" content=\"summary_large_image\" \/>\n<script type=\"application\/ld+json\" class=\"yoast-schema-graph\">{\"@context\":\"https:\/\/schema.org\",\"@graph\":[{\"@type\":\"WebPage\",\"@id\":\"https:\/\/product-guide.org\/en\/produkt\/absolue-soft-cream-30-ml\/\",\"url\":\"https:\/\/product-guide.org\/en\/produkt\/absolue-soft-cream-30-ml\/\",\"name\":\"Absolue Soft Cream - 30 ml | Product-Guide.org\",\"isPartOf\":{\"@id\":\"https:\/\/product-guide.org\/#website\"},\"primaryImageOfPage\":{\"@id\":\"https:\/\/product-guide.org\/en\/produkt\/absolue-soft-cream-30-ml\/#primaryimage\"},\"image\":{\"@id\":\"https:\/\/product-guide.org\/en\/produkt\/absolue-soft-cream-30-ml\/#primaryimage\"},\"thumbnailUrl\":\"\",\"datePublished\":\"2023-01-05T13:17:28+00:00\",\"dateModified\":\"2023-01-05T13:18:08+00:00\",\"description\":\"Absolue Soft Cream - 30 ml gefunden von Product-Guide.org\",\"breadcrumb\":{\"@id\":\"https:\/\/product-guide.org\/en\/produkt\/absolue-soft-cream-30-ml\/#breadcrumb\"},\"inLanguage\":\"en-GB\",\"potentialAction\":[{\"@type\":\"ReadAction\",\"target\":[\"https:\/\/product-guide.org\/en\/produkt\/absolue-soft-cream-30-ml\/\"]}]},{\"@type\":\"ImageObject\",\"inLanguage\":\"en-GB\",\"@id\":\"https:\/\/product-guide.org\/en\/produkt\/absolue-soft-cream-30-ml\/#primaryimage\",\"url\":\"\",\"contentUrl\":\"\",\"width\":200,\"height\":200},{\"@type\":\"BreadcrumbList\",\"@id\":\"https:\/\/product-guide.org\/en\/produkt\/absolue-soft-cream-30-ml\/#breadcrumb\",\"itemListElement\":[{\"@type\":\"ListItem\",\"position\":1,\"name\":\"Home\",\"item\":\"https:\/\/product-guide.org\/\"},{\"@type\":\"ListItem\",\"position\":2,\"name\":\"Ergebnisse\",\"item\":\"https:\/\/product-guide.org\/de\/ergebnisse\/\"},{\"@type\":\"ListItem\",\"position\":3,\"name\":\"Absolue Soft Cream &#8211; 30 ml\"}]},{\"@type\":\"WebSite\",\"@id\":\"https:\/\/product-guide.org\/#website\",\"url\":\"https:\/\/product-guide.org\/\",\"name\":\"Product-Guide.org\",\"description\":\"What Product are you looking for?\",\"publisher\":{\"@id\":\"https:\/\/product-guide.org\/#organization\"},\"potentialAction\":[{\"@type\":\"SearchAction\",\"target\":{\"@type\":\"EntryPoint\",\"urlTemplate\":\"https:\/\/product-guide.org\/?s={search_term_string}\"},\"query-input\":{\"@type\":\"PropertyValueSpecification\",\"valueRequired\":true,\"valueName\":\"search_term_string\"}}],\"inLanguage\":\"en-GB\"},{\"@type\":\"Organization\",\"@id\":\"https:\/\/product-guide.org\/#organization\",\"name\":\"Product-Guide.org\",\"url\":\"https:\/\/product-guide.org\/\",\"logo\":{\"@type\":\"ImageObject\",\"inLanguage\":\"en-GB\",\"@id\":\"https:\/\/product-guide.org\/#\/schema\/logo\/image\/\",\"url\":\"https:\/\/product-guide.org\/wp-content\/uploads\/2022\/07\/logo_transparent_background.png\",\"contentUrl\":\"https:\/\/product-guide.org\/wp-content\/uploads\/2022\/07\/logo_transparent_background.png\",\"width\":3400,\"height\":1132,\"caption\":\"Product-Guide.org\"},\"image\":{\"@id\":\"https:\/\/product-guide.org\/#\/schema\/logo\/image\/\"}}]}<\/script>\n<!-- \/ Yoast SEO plugin. -->","yoast_head_json":{"title":"Absolue Soft Cream - 30 ml | Product-Guide.org","description":"Absolue Soft Cream - 30 ml gefunden von Product-Guide.org","robots":{"index":"index","follow":"follow","max-snippet":"max-snippet:-1","max-image-preview":"max-image-preview:large","max-video-preview":"max-video-preview:-1"},"canonical":"https:\/\/product-guide.org\/en\/produkt\/absolue-soft-cream-30-ml\/","og_locale":"en_GB","og_type":"article","og_title":"Absolue Soft Cream - 30 ml | Product-Guide.org","og_description":"Absolue Soft Cream - 30 ml gefunden von Product-Guide.org","og_url":"https:\/\/product-guide.org\/en\/produkt\/absolue-soft-cream-30-ml\/","og_site_name":"Product-Guide.org","article_modified_time":"2023-01-05T13:18:08+00:00","og_image":[{"width":200,"height":200,"url":"https:\/\/product-guide.org\/wp-content\/uploads\/2023\/01\/unnamed-file-216.jpeg","type":"image\/jpeg"}],"twitter_card":"summary_large_image","schema":{"@context":"https:\/\/schema.org","@graph":[{"@type":"WebPage","@id":"https:\/\/product-guide.org\/en\/produkt\/absolue-soft-cream-30-ml\/","url":"https:\/\/product-guide.org\/en\/produkt\/absolue-soft-cream-30-ml\/","name":"Absolue Soft Cream - 30 ml | Product-Guide.org","isPartOf":{"@id":"https:\/\/product-guide.org\/#website"},"primaryImageOfPage":{"@id":"https:\/\/product-guide.org\/en\/produkt\/absolue-soft-cream-30-ml\/#primaryimage"},"image":{"@id":"https:\/\/product-guide.org\/en\/produkt\/absolue-soft-cream-30-ml\/#primaryimage"},"thumbnailUrl":"","datePublished":"2023-01-05T13:17:28+00:00","dateModified":"2023-01-05T13:18:08+00:00","description":"Absolue Soft Cream - 30 ml gefunden von Product-Guide.org","breadcrumb":{"@id":"https:\/\/product-guide.org\/en\/produkt\/absolue-soft-cream-30-ml\/#breadcrumb"},"inLanguage":"en-GB","potentialAction":[{"@type":"ReadAction","target":["https:\/\/product-guide.org\/en\/produkt\/absolue-soft-cream-30-ml\/"]}]},{"@type":"ImageObject","inLanguage":"en-GB","@id":"https:\/\/product-guide.org\/en\/produkt\/absolue-soft-cream-30-ml\/#primaryimage","url":"","contentUrl":"","width":200,"height":200},{"@type":"BreadcrumbList","@id":"https:\/\/product-guide.org\/en\/produkt\/absolue-soft-cream-30-ml\/#breadcrumb","itemListElement":[{"@type":"ListItem","position":1,"name":"Home","item":"https:\/\/product-guide.org\/"},{"@type":"ListItem","position":2,"name":"Ergebnisse","item":"https:\/\/product-guide.org\/de\/ergebnisse\/"},{"@type":"ListItem","position":3,"name":"Absolue Soft Cream &#8211; 30 ml"}]},{"@type":"WebSite","@id":"https:\/\/product-guide.org\/#website","url":"https:\/\/product-guide.org\/","name":"Product-Guide.org","description":"What Product are you looking for?","publisher":{"@id":"https:\/\/product-guide.org\/#organization"},"potentialAction":[{"@type":"SearchAction","target":{"@type":"EntryPoint","urlTemplate":"https:\/\/product-guide.org\/?s={search_term_string}"},"query-input":{"@type":"PropertyValueSpecification","valueRequired":true,"valueName":"search_term_string"}}],"inLanguage":"en-GB"},{"@type":"Organization","@id":"https:\/\/product-guide.org\/#organization","name":"Product-Guide.org","url":"https:\/\/product-guide.org\/","logo":{"@type":"ImageObject","inLanguage":"en-GB","@id":"https:\/\/product-guide.org\/#\/schema\/logo\/image\/","url":"https:\/\/product-guide.org\/wp-content\/uploads\/2022\/07\/logo_transparent_background.png","contentUrl":"https:\/\/product-guide.org\/wp-content\/uploads\/2022\/07\/logo_transparent_background.png","width":3400,"height":1132,"caption":"Product-Guide.org"},"image":{"@id":"https:\/\/product-guide.org\/#\/schema\/logo\/image\/"}}]}},"_links":{"self":[{"href":"https:\/\/product-guide.org\/en\/wp-json\/wp\/v2\/product\/23702","targetHints":{"allow":["GET"]}}],"collection":[{"href":"https:\/\/product-guide.org\/en\/wp-json\/wp\/v2\/product"}],"about":[{"href":"https:\/\/product-guide.org\/en\/wp-json\/wp\/v2\/types\/product"}],"wp:featuredmedia":[{"embeddable":true,"href":"https:\/\/product-guide.org\/en\/wp-json\/"}],"wp:attachment":[{"href":"https:\/\/product-guide.org\/en\/wp-json\/wp\/v2\/media?parent=23702"}],"wp:term":[{"taxonomy":"store","embeddable":true,"href":"https:\/\/product-guide.org\/en\/wp-json\/wp\/v2\/store?post=23702"},{"taxonomy":"product_brand","embeddable":true,"href":"https:\/\/product-guide.org\/en\/wp-json\/wp\/v2\/product_brand?post=23702"},{"taxonomy":"product_cat","embeddable":true,"href":"https:\/\/product-guide.org\/en\/wp-json\/wp\/v2\/product_cat?post=23702"},{"taxonomy":"product_tag","embeddable":true,"href":"https:\/\/product-guide.org\/en\/wp-json\/wp\/v2\/product_tag?post=23702"}],"curies":[{"name":"wp","href":"https:\/\/api.w.org\/{rel}","templated":true}]}}