{"id":23712,"date":"2023-01-05T14:18:19","date_gmt":"2023-01-05T13:18:19","guid":{"rendered":"https:\/\/product-guide.org\/produkt\/clarifique-dual-essence-bearbrick-edition-150-ml\/"},"modified":"2023-01-05T14:18:20","modified_gmt":"2023-01-05T13:18:20","slug":"clarifique-dual-essence-bearbrick-edition-150-ml","status":"publish","type":"product","link":"https:\/\/product-guide.org\/en\/produkt\/clarifique-dual-essence-bearbrick-edition-150-ml\/","title":{"rendered":"Clarifique Dual Essence Bearbrick Edition &#8211; 150 ml"},"content":{"rendered":"<p>MEIN BESTER FREUND F\u00dcR DIE SCH\u00d6NHEIT, UM DIE KLARHEIT MEINER HAUT ZU AKTIVIEREN Wir pr\u00e4sentieren Lanc\u00f4me X Bearbrick: eine neue Zusammenarbeit mit dem beliebtesten Spielzeug. Gl\u00fcckliche Haut beginnt mit Clarifique Dual Essence. Mit ihrer doppelt wirkenden Formel verbessert die Essenz sichtbar die ungleichm\u00e4\u00dfige Hautstruktur und den Hautton und minimiert gleichzeitig das Erscheinungsbild der Poren. Die Geste &#8220;Sch\u00fctteln, sch\u00fctteln, sch\u00fctteln&#8221; aktiviert die Formel und bringt Deine Haut zum Strahlen. Lass Dich von Deinem Beauty Best Friend durch ein spielerisches Sch\u00f6nheitserlebnis f\u00fchren. Tritt ein in die Zukunft der Hautklarheit mit Clarifique Dual Essence. Doppelte Essenz, doppelte Wirkung : 1. Ultimative Reinigung der Haut durch Beseitigung abgestorbener, mit Melanin beladener Zellen 2. Ultimative Hauterneuerung durch Beschleunigung der Zellerneuerung der Epidermis. Aktiviere die einzigartige Zwei-Phasen-Formel mit einem Sch\u00fctteln und erzielen Sie starke Ergebnisse:<\/p>\n","protected":false},"excerpt":{"rendered":"<p>MEIN BESTER FREUND F\u00dcR DIE SCH\u00d6NHEIT, UM DIE KLARHEIT MEINER HAUT ZU AKTIVIEREN Wir pr\u00e4sentieren Lanc\u00f4me X Bearbrick: eine neue Zusammenarbeit mit dem beliebtesten Spielzeug. Gl\u00fcckliche Haut beginnt mit Clarifique Dual Essence. Mit ihrer doppelt wirkenden Formel verbessert die Essenz sichtbar die ungleichm\u00e4\u00dfige Hautstruktur und den Hautton und minimiert gleichzeitig das Erscheinungsbild der Poren. Die [&hellip;]<\/p>\n","protected":false},"featured_media":23713,"template":"","meta":{"_gspb_post_css":""},"store":[730],"product_brand":[],"product_cat":[735],"product_tag":[],"class_list":{"0":"post-23712","1":"product","2":"type-product","3":"status-publish","4":"has-post-thumbnail","6":"store-lancome","7":"product_cat-skincare","8":"pa_merchant-lancome-de","10":"first","11":"instock","12":"product-type-external"},"yoast_head":"<!-- This site is optimized with the Yoast SEO plugin v24.6 - https:\/\/yoast.com\/wordpress\/plugins\/seo\/ -->\n<title>Clarifique Dual Essence Bearbrick Edition - 150 ml | Product-Guide.org<\/title>\n<meta name=\"description\" content=\"Clarifique Dual Essence Bearbrick Edition - 150 ml gefunden von Product-Guide.org\" \/>\n<meta name=\"robots\" content=\"index, follow, max-snippet:-1, max-image-preview:large, max-video-preview:-1\" \/>\n<link rel=\"canonical\" href=\"https:\/\/product-guide.org\/en\/produkt\/clarifique-dual-essence-bearbrick-edition-150-ml\/\" \/>\n<meta property=\"og:locale\" content=\"en_GB\" \/>\n<meta property=\"og:type\" content=\"article\" \/>\n<meta property=\"og:title\" content=\"Clarifique Dual Essence Bearbrick Edition - 150 ml | Product-Guide.org\" \/>\n<meta property=\"og:description\" content=\"Clarifique Dual Essence Bearbrick Edition - 150 ml gefunden von Product-Guide.org\" \/>\n<meta property=\"og:url\" content=\"https:\/\/product-guide.org\/en\/produkt\/clarifique-dual-essence-bearbrick-edition-150-ml\/\" \/>\n<meta property=\"og:site_name\" content=\"Product-Guide.org\" \/>\n<meta property=\"article:modified_time\" content=\"2023-01-05T13:18:20+00:00\" \/>\n<meta property=\"og:image\" content=\"https:\/\/product-guide.org\/wp-content\/uploads\/2023\/01\/unnamed-file-219.jpeg\" \/>\n\t<meta property=\"og:image:width\" content=\"200\" \/>\n\t<meta property=\"og:image:height\" content=\"200\" \/>\n\t<meta property=\"og:image:type\" content=\"image\/jpeg\" \/>\n<meta name=\"twitter:card\" content=\"summary_large_image\" \/>\n<script type=\"application\/ld+json\" class=\"yoast-schema-graph\">{\"@context\":\"https:\/\/schema.org\",\"@graph\":[{\"@type\":\"WebPage\",\"@id\":\"https:\/\/product-guide.org\/en\/produkt\/clarifique-dual-essence-bearbrick-edition-150-ml\/\",\"url\":\"https:\/\/product-guide.org\/en\/produkt\/clarifique-dual-essence-bearbrick-edition-150-ml\/\",\"name\":\"Clarifique Dual Essence Bearbrick Edition - 150 ml | Product-Guide.org\",\"isPartOf\":{\"@id\":\"https:\/\/product-guide.org\/#website\"},\"primaryImageOfPage\":{\"@id\":\"https:\/\/product-guide.org\/en\/produkt\/clarifique-dual-essence-bearbrick-edition-150-ml\/#primaryimage\"},\"image\":{\"@id\":\"https:\/\/product-guide.org\/en\/produkt\/clarifique-dual-essence-bearbrick-edition-150-ml\/#primaryimage\"},\"thumbnailUrl\":\"\",\"datePublished\":\"2023-01-05T13:18:19+00:00\",\"dateModified\":\"2023-01-05T13:18:20+00:00\",\"description\":\"Clarifique Dual Essence Bearbrick Edition - 150 ml gefunden von Product-Guide.org\",\"breadcrumb\":{\"@id\":\"https:\/\/product-guide.org\/en\/produkt\/clarifique-dual-essence-bearbrick-edition-150-ml\/#breadcrumb\"},\"inLanguage\":\"en-GB\",\"potentialAction\":[{\"@type\":\"ReadAction\",\"target\":[\"https:\/\/product-guide.org\/en\/produkt\/clarifique-dual-essence-bearbrick-edition-150-ml\/\"]}]},{\"@type\":\"ImageObject\",\"inLanguage\":\"en-GB\",\"@id\":\"https:\/\/product-guide.org\/en\/produkt\/clarifique-dual-essence-bearbrick-edition-150-ml\/#primaryimage\",\"url\":\"\",\"contentUrl\":\"\",\"width\":200,\"height\":200},{\"@type\":\"BreadcrumbList\",\"@id\":\"https:\/\/product-guide.org\/en\/produkt\/clarifique-dual-essence-bearbrick-edition-150-ml\/#breadcrumb\",\"itemListElement\":[{\"@type\":\"ListItem\",\"position\":1,\"name\":\"Home\",\"item\":\"https:\/\/product-guide.org\/\"},{\"@type\":\"ListItem\",\"position\":2,\"name\":\"Ergebnisse\",\"item\":\"https:\/\/product-guide.org\/de\/ergebnisse\/\"},{\"@type\":\"ListItem\",\"position\":3,\"name\":\"Clarifique Dual Essence Bearbrick Edition &#8211; 150 ml\"}]},{\"@type\":\"WebSite\",\"@id\":\"https:\/\/product-guide.org\/#website\",\"url\":\"https:\/\/product-guide.org\/\",\"name\":\"Product-Guide.org\",\"description\":\"What Product are you looking for?\",\"publisher\":{\"@id\":\"https:\/\/product-guide.org\/#organization\"},\"potentialAction\":[{\"@type\":\"SearchAction\",\"target\":{\"@type\":\"EntryPoint\",\"urlTemplate\":\"https:\/\/product-guide.org\/?s={search_term_string}\"},\"query-input\":{\"@type\":\"PropertyValueSpecification\",\"valueRequired\":true,\"valueName\":\"search_term_string\"}}],\"inLanguage\":\"en-GB\"},{\"@type\":\"Organization\",\"@id\":\"https:\/\/product-guide.org\/#organization\",\"name\":\"Product-Guide.org\",\"url\":\"https:\/\/product-guide.org\/\",\"logo\":{\"@type\":\"ImageObject\",\"inLanguage\":\"en-GB\",\"@id\":\"https:\/\/product-guide.org\/#\/schema\/logo\/image\/\",\"url\":\"https:\/\/product-guide.org\/wp-content\/uploads\/2022\/07\/logo_transparent_background.png\",\"contentUrl\":\"https:\/\/product-guide.org\/wp-content\/uploads\/2022\/07\/logo_transparent_background.png\",\"width\":3400,\"height\":1132,\"caption\":\"Product-Guide.org\"},\"image\":{\"@id\":\"https:\/\/product-guide.org\/#\/schema\/logo\/image\/\"}}]}<\/script>\n<!-- \/ Yoast SEO plugin. -->","yoast_head_json":{"title":"Clarifique Dual Essence Bearbrick Edition - 150 ml | Product-Guide.org","description":"Clarifique Dual Essence Bearbrick Edition - 150 ml gefunden von Product-Guide.org","robots":{"index":"index","follow":"follow","max-snippet":"max-snippet:-1","max-image-preview":"max-image-preview:large","max-video-preview":"max-video-preview:-1"},"canonical":"https:\/\/product-guide.org\/en\/produkt\/clarifique-dual-essence-bearbrick-edition-150-ml\/","og_locale":"en_GB","og_type":"article","og_title":"Clarifique Dual Essence Bearbrick Edition - 150 ml | Product-Guide.org","og_description":"Clarifique Dual Essence Bearbrick Edition - 150 ml gefunden von Product-Guide.org","og_url":"https:\/\/product-guide.org\/en\/produkt\/clarifique-dual-essence-bearbrick-edition-150-ml\/","og_site_name":"Product-Guide.org","article_modified_time":"2023-01-05T13:18:20+00:00","og_image":[{"width":200,"height":200,"url":"https:\/\/product-guide.org\/wp-content\/uploads\/2023\/01\/unnamed-file-219.jpeg","type":"image\/jpeg"}],"twitter_card":"summary_large_image","schema":{"@context":"https:\/\/schema.org","@graph":[{"@type":"WebPage","@id":"https:\/\/product-guide.org\/en\/produkt\/clarifique-dual-essence-bearbrick-edition-150-ml\/","url":"https:\/\/product-guide.org\/en\/produkt\/clarifique-dual-essence-bearbrick-edition-150-ml\/","name":"Clarifique Dual Essence Bearbrick Edition - 150 ml | Product-Guide.org","isPartOf":{"@id":"https:\/\/product-guide.org\/#website"},"primaryImageOfPage":{"@id":"https:\/\/product-guide.org\/en\/produkt\/clarifique-dual-essence-bearbrick-edition-150-ml\/#primaryimage"},"image":{"@id":"https:\/\/product-guide.org\/en\/produkt\/clarifique-dual-essence-bearbrick-edition-150-ml\/#primaryimage"},"thumbnailUrl":"","datePublished":"2023-01-05T13:18:19+00:00","dateModified":"2023-01-05T13:18:20+00:00","description":"Clarifique Dual Essence Bearbrick Edition - 150 ml gefunden von Product-Guide.org","breadcrumb":{"@id":"https:\/\/product-guide.org\/en\/produkt\/clarifique-dual-essence-bearbrick-edition-150-ml\/#breadcrumb"},"inLanguage":"en-GB","potentialAction":[{"@type":"ReadAction","target":["https:\/\/product-guide.org\/en\/produkt\/clarifique-dual-essence-bearbrick-edition-150-ml\/"]}]},{"@type":"ImageObject","inLanguage":"en-GB","@id":"https:\/\/product-guide.org\/en\/produkt\/clarifique-dual-essence-bearbrick-edition-150-ml\/#primaryimage","url":"","contentUrl":"","width":200,"height":200},{"@type":"BreadcrumbList","@id":"https:\/\/product-guide.org\/en\/produkt\/clarifique-dual-essence-bearbrick-edition-150-ml\/#breadcrumb","itemListElement":[{"@type":"ListItem","position":1,"name":"Home","item":"https:\/\/product-guide.org\/"},{"@type":"ListItem","position":2,"name":"Ergebnisse","item":"https:\/\/product-guide.org\/de\/ergebnisse\/"},{"@type":"ListItem","position":3,"name":"Clarifique Dual Essence Bearbrick Edition &#8211; 150 ml"}]},{"@type":"WebSite","@id":"https:\/\/product-guide.org\/#website","url":"https:\/\/product-guide.org\/","name":"Product-Guide.org","description":"What Product are you looking for?","publisher":{"@id":"https:\/\/product-guide.org\/#organization"},"potentialAction":[{"@type":"SearchAction","target":{"@type":"EntryPoint","urlTemplate":"https:\/\/product-guide.org\/?s={search_term_string}"},"query-input":{"@type":"PropertyValueSpecification","valueRequired":true,"valueName":"search_term_string"}}],"inLanguage":"en-GB"},{"@type":"Organization","@id":"https:\/\/product-guide.org\/#organization","name":"Product-Guide.org","url":"https:\/\/product-guide.org\/","logo":{"@type":"ImageObject","inLanguage":"en-GB","@id":"https:\/\/product-guide.org\/#\/schema\/logo\/image\/","url":"https:\/\/product-guide.org\/wp-content\/uploads\/2022\/07\/logo_transparent_background.png","contentUrl":"https:\/\/product-guide.org\/wp-content\/uploads\/2022\/07\/logo_transparent_background.png","width":3400,"height":1132,"caption":"Product-Guide.org"},"image":{"@id":"https:\/\/product-guide.org\/#\/schema\/logo\/image\/"}}]}},"_links":{"self":[{"href":"https:\/\/product-guide.org\/en\/wp-json\/wp\/v2\/product\/23712","targetHints":{"allow":["GET"]}}],"collection":[{"href":"https:\/\/product-guide.org\/en\/wp-json\/wp\/v2\/product"}],"about":[{"href":"https:\/\/product-guide.org\/en\/wp-json\/wp\/v2\/types\/product"}],"wp:featuredmedia":[{"embeddable":true,"href":"https:\/\/product-guide.org\/en\/wp-json\/"}],"wp:attachment":[{"href":"https:\/\/product-guide.org\/en\/wp-json\/wp\/v2\/media?parent=23712"}],"wp:term":[{"taxonomy":"store","embeddable":true,"href":"https:\/\/product-guide.org\/en\/wp-json\/wp\/v2\/store?post=23712"},{"taxonomy":"product_brand","embeddable":true,"href":"https:\/\/product-guide.org\/en\/wp-json\/wp\/v2\/product_brand?post=23712"},{"taxonomy":"product_cat","embeddable":true,"href":"https:\/\/product-guide.org\/en\/wp-json\/wp\/v2\/product_cat?post=23712"},{"taxonomy":"product_tag","embeddable":true,"href":"https:\/\/product-guide.org\/en\/wp-json\/wp\/v2\/product_tag?post=23712"}],"curies":[{"name":"wp","href":"https:\/\/api.w.org\/{rel}","templated":true}]}}