{"id":23752,"date":"2023-01-05T14:19:13","date_gmt":"2023-01-05T13:19:13","guid":{"rendered":"https:\/\/product-guide.org\/produkt\/rose-sorbet-cryo-mask-50-ml\/"},"modified":"2023-01-05T14:19:17","modified_gmt":"2023-01-05T13:19:17","slug":"rose-sorbet-cryo-mask-50-ml","status":"publish","type":"product","link":"https:\/\/product-guide.org\/en\/produkt\/rose-sorbet-cryo-mask-50-ml\/","title":{"rendered":"Rose Sorbet Cryo-mask &#8211; 50 ml"},"content":{"rendered":"<p>Perfektioniere mit der Rose Sorbet Cryo-Mask Dein Hautbild in nur f\u00fcnf Minuten und verleihe ihr einen Frischekick! Diese einzigartige k\u00fchlende Gesichtsmaske von Lanc\u00f4me enth\u00e4lt Salicyls\u00e4ure, Rosenwasser und M\u00e4des\u00fc\u00df-Extrakt. Sie verfeinert die Poren sichtbar, gl\u00e4ttet die Haut und zaubert einen wundersch\u00f6nen Glow in Dein Gesicht. Deine Haut erh\u00e4lt sofort mehr Strahlkraft. Diese pflegende rosafarbene Gesichtsmaske hat eine unwiderstehlich angenehme Sorbet-Textur. Sie wirkt herrlich erfrischend und revitalisiert m\u00fcde, glanzlose Haut.<\/p>\n","protected":false},"excerpt":{"rendered":"<p>Perfektioniere mit der Rose Sorbet Cryo-Mask Dein Hautbild in nur f\u00fcnf Minuten und verleihe ihr einen Frischekick! Diese einzigartige k\u00fchlende Gesichtsmaske von Lanc\u00f4me enth\u00e4lt Salicyls\u00e4ure, Rosenwasser und M\u00e4des\u00fc\u00df-Extrakt. Sie verfeinert die Poren sichtbar, gl\u00e4ttet die Haut und zaubert einen wundersch\u00f6nen Glow in Dein Gesicht. Deine Haut erh\u00e4lt sofort mehr Strahlkraft. Diese pflegende rosafarbene Gesichtsmaske hat [&hellip;]<\/p>\n","protected":false},"featured_media":23753,"template":"","meta":{"_gspb_post_css":""},"store":[730],"product_brand":[],"product_cat":[735],"product_tag":[],"class_list":{"0":"post-23752","1":"product","2":"type-product","3":"status-publish","4":"has-post-thumbnail","6":"store-lancome","7":"product_cat-skincare","8":"pa_merchant-lancome-de","10":"first","11":"instock","12":"product-type-external"},"yoast_head":"<!-- This site is optimized with the Yoast SEO plugin v24.6 - https:\/\/yoast.com\/wordpress\/plugins\/seo\/ -->\n<title>Rose Sorbet Cryo-mask - 50 ml | Product-Guide.org<\/title>\n<meta name=\"description\" content=\"Rose Sorbet Cryo-mask - 50 ml gefunden von Product-Guide.org\" \/>\n<meta name=\"robots\" content=\"index, follow, max-snippet:-1, max-image-preview:large, max-video-preview:-1\" \/>\n<link rel=\"canonical\" href=\"https:\/\/product-guide.org\/en\/produkt\/rose-sorbet-cryo-mask-50-ml\/\" \/>\n<meta property=\"og:locale\" content=\"en_GB\" \/>\n<meta property=\"og:type\" content=\"article\" \/>\n<meta property=\"og:title\" content=\"Rose Sorbet Cryo-mask - 50 ml | Product-Guide.org\" \/>\n<meta property=\"og:description\" content=\"Rose Sorbet Cryo-mask - 50 ml gefunden von Product-Guide.org\" \/>\n<meta property=\"og:url\" content=\"https:\/\/product-guide.org\/en\/produkt\/rose-sorbet-cryo-mask-50-ml\/\" \/>\n<meta property=\"og:site_name\" content=\"Product-Guide.org\" \/>\n<meta property=\"article:modified_time\" content=\"2023-01-05T13:19:17+00:00\" \/>\n<meta property=\"og:image\" content=\"https:\/\/product-guide.org\/wp-content\/uploads\/2023\/01\/unnamed-file-225.jpeg\" \/>\n\t<meta property=\"og:image:width\" content=\"200\" \/>\n\t<meta property=\"og:image:height\" content=\"200\" \/>\n\t<meta property=\"og:image:type\" content=\"image\/jpeg\" \/>\n<meta name=\"twitter:card\" content=\"summary_large_image\" \/>\n<script type=\"application\/ld+json\" class=\"yoast-schema-graph\">{\"@context\":\"https:\/\/schema.org\",\"@graph\":[{\"@type\":\"WebPage\",\"@id\":\"https:\/\/product-guide.org\/en\/produkt\/rose-sorbet-cryo-mask-50-ml\/\",\"url\":\"https:\/\/product-guide.org\/en\/produkt\/rose-sorbet-cryo-mask-50-ml\/\",\"name\":\"Rose Sorbet Cryo-mask - 50 ml | Product-Guide.org\",\"isPartOf\":{\"@id\":\"https:\/\/product-guide.org\/#website\"},\"primaryImageOfPage\":{\"@id\":\"https:\/\/product-guide.org\/en\/produkt\/rose-sorbet-cryo-mask-50-ml\/#primaryimage\"},\"image\":{\"@id\":\"https:\/\/product-guide.org\/en\/produkt\/rose-sorbet-cryo-mask-50-ml\/#primaryimage\"},\"thumbnailUrl\":\"\",\"datePublished\":\"2023-01-05T13:19:13+00:00\",\"dateModified\":\"2023-01-05T13:19:17+00:00\",\"description\":\"Rose Sorbet Cryo-mask - 50 ml gefunden von Product-Guide.org\",\"breadcrumb\":{\"@id\":\"https:\/\/product-guide.org\/en\/produkt\/rose-sorbet-cryo-mask-50-ml\/#breadcrumb\"},\"inLanguage\":\"en-GB\",\"potentialAction\":[{\"@type\":\"ReadAction\",\"target\":[\"https:\/\/product-guide.org\/en\/produkt\/rose-sorbet-cryo-mask-50-ml\/\"]}]},{\"@type\":\"ImageObject\",\"inLanguage\":\"en-GB\",\"@id\":\"https:\/\/product-guide.org\/en\/produkt\/rose-sorbet-cryo-mask-50-ml\/#primaryimage\",\"url\":\"\",\"contentUrl\":\"\",\"width\":200,\"height\":200},{\"@type\":\"BreadcrumbList\",\"@id\":\"https:\/\/product-guide.org\/en\/produkt\/rose-sorbet-cryo-mask-50-ml\/#breadcrumb\",\"itemListElement\":[{\"@type\":\"ListItem\",\"position\":1,\"name\":\"Home\",\"item\":\"https:\/\/product-guide.org\/\"},{\"@type\":\"ListItem\",\"position\":2,\"name\":\"Ergebnisse\",\"item\":\"https:\/\/product-guide.org\/de\/ergebnisse\/\"},{\"@type\":\"ListItem\",\"position\":3,\"name\":\"Rose Sorbet Cryo-mask &#8211; 50 ml\"}]},{\"@type\":\"WebSite\",\"@id\":\"https:\/\/product-guide.org\/#website\",\"url\":\"https:\/\/product-guide.org\/\",\"name\":\"Product-Guide.org\",\"description\":\"What Product are you looking for?\",\"publisher\":{\"@id\":\"https:\/\/product-guide.org\/#organization\"},\"potentialAction\":[{\"@type\":\"SearchAction\",\"target\":{\"@type\":\"EntryPoint\",\"urlTemplate\":\"https:\/\/product-guide.org\/?s={search_term_string}\"},\"query-input\":{\"@type\":\"PropertyValueSpecification\",\"valueRequired\":true,\"valueName\":\"search_term_string\"}}],\"inLanguage\":\"en-GB\"},{\"@type\":\"Organization\",\"@id\":\"https:\/\/product-guide.org\/#organization\",\"name\":\"Product-Guide.org\",\"url\":\"https:\/\/product-guide.org\/\",\"logo\":{\"@type\":\"ImageObject\",\"inLanguage\":\"en-GB\",\"@id\":\"https:\/\/product-guide.org\/#\/schema\/logo\/image\/\",\"url\":\"https:\/\/product-guide.org\/wp-content\/uploads\/2022\/07\/logo_transparent_background.png\",\"contentUrl\":\"https:\/\/product-guide.org\/wp-content\/uploads\/2022\/07\/logo_transparent_background.png\",\"width\":3400,\"height\":1132,\"caption\":\"Product-Guide.org\"},\"image\":{\"@id\":\"https:\/\/product-guide.org\/#\/schema\/logo\/image\/\"}}]}<\/script>\n<!-- \/ Yoast SEO plugin. -->","yoast_head_json":{"title":"Rose Sorbet Cryo-mask - 50 ml | Product-Guide.org","description":"Rose Sorbet Cryo-mask - 50 ml gefunden von Product-Guide.org","robots":{"index":"index","follow":"follow","max-snippet":"max-snippet:-1","max-image-preview":"max-image-preview:large","max-video-preview":"max-video-preview:-1"},"canonical":"https:\/\/product-guide.org\/en\/produkt\/rose-sorbet-cryo-mask-50-ml\/","og_locale":"en_GB","og_type":"article","og_title":"Rose Sorbet Cryo-mask - 50 ml | Product-Guide.org","og_description":"Rose Sorbet Cryo-mask - 50 ml gefunden von Product-Guide.org","og_url":"https:\/\/product-guide.org\/en\/produkt\/rose-sorbet-cryo-mask-50-ml\/","og_site_name":"Product-Guide.org","article_modified_time":"2023-01-05T13:19:17+00:00","og_image":[{"width":200,"height":200,"url":"https:\/\/product-guide.org\/wp-content\/uploads\/2023\/01\/unnamed-file-225.jpeg","type":"image\/jpeg"}],"twitter_card":"summary_large_image","schema":{"@context":"https:\/\/schema.org","@graph":[{"@type":"WebPage","@id":"https:\/\/product-guide.org\/en\/produkt\/rose-sorbet-cryo-mask-50-ml\/","url":"https:\/\/product-guide.org\/en\/produkt\/rose-sorbet-cryo-mask-50-ml\/","name":"Rose Sorbet Cryo-mask - 50 ml | Product-Guide.org","isPartOf":{"@id":"https:\/\/product-guide.org\/#website"},"primaryImageOfPage":{"@id":"https:\/\/product-guide.org\/en\/produkt\/rose-sorbet-cryo-mask-50-ml\/#primaryimage"},"image":{"@id":"https:\/\/product-guide.org\/en\/produkt\/rose-sorbet-cryo-mask-50-ml\/#primaryimage"},"thumbnailUrl":"","datePublished":"2023-01-05T13:19:13+00:00","dateModified":"2023-01-05T13:19:17+00:00","description":"Rose Sorbet Cryo-mask - 50 ml gefunden von Product-Guide.org","breadcrumb":{"@id":"https:\/\/product-guide.org\/en\/produkt\/rose-sorbet-cryo-mask-50-ml\/#breadcrumb"},"inLanguage":"en-GB","potentialAction":[{"@type":"ReadAction","target":["https:\/\/product-guide.org\/en\/produkt\/rose-sorbet-cryo-mask-50-ml\/"]}]},{"@type":"ImageObject","inLanguage":"en-GB","@id":"https:\/\/product-guide.org\/en\/produkt\/rose-sorbet-cryo-mask-50-ml\/#primaryimage","url":"","contentUrl":"","width":200,"height":200},{"@type":"BreadcrumbList","@id":"https:\/\/product-guide.org\/en\/produkt\/rose-sorbet-cryo-mask-50-ml\/#breadcrumb","itemListElement":[{"@type":"ListItem","position":1,"name":"Home","item":"https:\/\/product-guide.org\/"},{"@type":"ListItem","position":2,"name":"Ergebnisse","item":"https:\/\/product-guide.org\/de\/ergebnisse\/"},{"@type":"ListItem","position":3,"name":"Rose Sorbet Cryo-mask &#8211; 50 ml"}]},{"@type":"WebSite","@id":"https:\/\/product-guide.org\/#website","url":"https:\/\/product-guide.org\/","name":"Product-Guide.org","description":"What Product are you looking for?","publisher":{"@id":"https:\/\/product-guide.org\/#organization"},"potentialAction":[{"@type":"SearchAction","target":{"@type":"EntryPoint","urlTemplate":"https:\/\/product-guide.org\/?s={search_term_string}"},"query-input":{"@type":"PropertyValueSpecification","valueRequired":true,"valueName":"search_term_string"}}],"inLanguage":"en-GB"},{"@type":"Organization","@id":"https:\/\/product-guide.org\/#organization","name":"Product-Guide.org","url":"https:\/\/product-guide.org\/","logo":{"@type":"ImageObject","inLanguage":"en-GB","@id":"https:\/\/product-guide.org\/#\/schema\/logo\/image\/","url":"https:\/\/product-guide.org\/wp-content\/uploads\/2022\/07\/logo_transparent_background.png","contentUrl":"https:\/\/product-guide.org\/wp-content\/uploads\/2022\/07\/logo_transparent_background.png","width":3400,"height":1132,"caption":"Product-Guide.org"},"image":{"@id":"https:\/\/product-guide.org\/#\/schema\/logo\/image\/"}}]}},"_links":{"self":[{"href":"https:\/\/product-guide.org\/en\/wp-json\/wp\/v2\/product\/23752","targetHints":{"allow":["GET"]}}],"collection":[{"href":"https:\/\/product-guide.org\/en\/wp-json\/wp\/v2\/product"}],"about":[{"href":"https:\/\/product-guide.org\/en\/wp-json\/wp\/v2\/types\/product"}],"wp:featuredmedia":[{"embeddable":true,"href":"https:\/\/product-guide.org\/en\/wp-json\/"}],"wp:attachment":[{"href":"https:\/\/product-guide.org\/en\/wp-json\/wp\/v2\/media?parent=23752"}],"wp:term":[{"taxonomy":"store","embeddable":true,"href":"https:\/\/product-guide.org\/en\/wp-json\/wp\/v2\/store?post=23752"},{"taxonomy":"product_brand","embeddable":true,"href":"https:\/\/product-guide.org\/en\/wp-json\/wp\/v2\/product_brand?post=23752"},{"taxonomy":"product_cat","embeddable":true,"href":"https:\/\/product-guide.org\/en\/wp-json\/wp\/v2\/product_cat?post=23752"},{"taxonomy":"product_tag","embeddable":true,"href":"https:\/\/product-guide.org\/en\/wp-json\/wp\/v2\/product_tag?post=23752"}],"curies":[{"name":"wp","href":"https:\/\/api.w.org\/{rel}","templated":true}]}}