{"id":23766,"date":"2023-01-05T14:19:13","date_gmt":"2023-01-05T13:19:13","guid":{"rendered":"https:\/\/product-guide.org\/produkt\/advanced-genifique-serum-50ml-routine-set\/"},"modified":"2023-01-05T14:19:35","modified_gmt":"2023-01-05T13:19:35","slug":"advanced-genifique-serum-50ml-routine-set","status":"publish","type":"product","link":"https:\/\/product-guide.org\/en\/produkt\/advanced-genifique-serum-50ml-routine-set\/","title":{"rendered":"Advanced G\u00e9nifique Serum 50ml Routine Set"},"content":{"rendered":"<p>Das Advanced G\u00e9nifique Routine Set bildet die perfekte Grundlage f\u00fcr eine jugendlicher und strahlendere Haut. Das enthaltene Advanced G\u00e9nifique Serum basiert auf der Wissenschaft des Mikrobioms und sorgt f\u00fcr eine schnellere aktive Regeneration der Haut. Die Hautschutzbarriere wird gest\u00e4rkt und das Hautbild sieht sichtbar jugendlicher aus. Die Anti-Aging Star-Creme R\u00e9nergie Multi-Lift Ultra f\u00fcr den Tag, \u00fcberzeugt mit einer zartschmelzenden Textur und dreifacher Anti-Aging-Wirksamkeit. Die R\u00e9nergie Multi-Lift Nachtpflege sorgt ab dem Morgen nach der ersten Anwendung f\u00fcr geschmeidigere und straffere Haut. Die Augencreme Advanced G\u00e9nifique Yeux rundet ihre Pflegeroutine ab.<\/p>\n","protected":false},"excerpt":{"rendered":"<p>Das Advanced G\u00e9nifique Routine Set bildet die perfekte Grundlage f\u00fcr eine jugendlicher und strahlendere Haut. Das enthaltene Advanced G\u00e9nifique Serum basiert auf der Wissenschaft des Mikrobioms und sorgt f\u00fcr eine schnellere aktive Regeneration der Haut. Die Hautschutzbarriere wird gest\u00e4rkt und das Hautbild sieht sichtbar jugendlicher aus. Die Anti-Aging Star-Creme R\u00e9nergie Multi-Lift Ultra f\u00fcr den Tag, [&hellip;]<\/p>\n","protected":false},"featured_media":23767,"template":"","meta":{"_gspb_post_css":""},"store":[730],"product_brand":[],"product_cat":[735],"product_tag":[],"class_list":{"0":"post-23766","1":"product","2":"type-product","3":"status-publish","4":"has-post-thumbnail","6":"store-lancome","7":"product_cat-skincare","8":"pa_merchant-lancome-de","10":"first","11":"instock","12":"product-type-external"},"yoast_head":"<!-- This site is optimized with the Yoast SEO plugin v24.6 - https:\/\/yoast.com\/wordpress\/plugins\/seo\/ -->\n<title>Advanced G\u00e9nifique Serum 50ml Routine Set | Product-Guide.org<\/title>\n<meta name=\"description\" content=\"Advanced G\u00e9nifique Serum 50ml Routine Set gefunden von Product-Guide.org\" \/>\n<meta name=\"robots\" content=\"index, follow, max-snippet:-1, max-image-preview:large, max-video-preview:-1\" \/>\n<link rel=\"canonical\" href=\"https:\/\/product-guide.org\/en\/produkt\/advanced-genifique-serum-50ml-routine-set\/\" \/>\n<meta property=\"og:locale\" content=\"en_GB\" \/>\n<meta property=\"og:type\" content=\"article\" \/>\n<meta property=\"og:title\" content=\"Advanced G\u00e9nifique Serum 50ml Routine Set | Product-Guide.org\" \/>\n<meta property=\"og:description\" content=\"Advanced G\u00e9nifique Serum 50ml Routine Set gefunden von Product-Guide.org\" \/>\n<meta property=\"og:url\" content=\"https:\/\/product-guide.org\/en\/produkt\/advanced-genifique-serum-50ml-routine-set\/\" \/>\n<meta property=\"og:site_name\" content=\"Product-Guide.org\" \/>\n<meta property=\"article:modified_time\" content=\"2023-01-05T13:19:35+00:00\" \/>\n<meta property=\"og:image\" content=\"https:\/\/product-guide.org\/wp-content\/uploads\/2023\/01\/unnamed-file-229.jpeg\" \/>\n\t<meta property=\"og:image:width\" content=\"200\" \/>\n\t<meta property=\"og:image:height\" content=\"200\" \/>\n\t<meta property=\"og:image:type\" content=\"image\/jpeg\" \/>\n<meta name=\"twitter:card\" content=\"summary_large_image\" \/>\n<script type=\"application\/ld+json\" class=\"yoast-schema-graph\">{\"@context\":\"https:\/\/schema.org\",\"@graph\":[{\"@type\":\"WebPage\",\"@id\":\"https:\/\/product-guide.org\/en\/produkt\/advanced-genifique-serum-50ml-routine-set\/\",\"url\":\"https:\/\/product-guide.org\/en\/produkt\/advanced-genifique-serum-50ml-routine-set\/\",\"name\":\"Advanced G\u00e9nifique Serum 50ml Routine Set | Product-Guide.org\",\"isPartOf\":{\"@id\":\"https:\/\/product-guide.org\/#website\"},\"primaryImageOfPage\":{\"@id\":\"https:\/\/product-guide.org\/en\/produkt\/advanced-genifique-serum-50ml-routine-set\/#primaryimage\"},\"image\":{\"@id\":\"https:\/\/product-guide.org\/en\/produkt\/advanced-genifique-serum-50ml-routine-set\/#primaryimage\"},\"thumbnailUrl\":\"\",\"datePublished\":\"2023-01-05T13:19:13+00:00\",\"dateModified\":\"2023-01-05T13:19:35+00:00\",\"description\":\"Advanced G\u00e9nifique Serum 50ml Routine Set gefunden von Product-Guide.org\",\"breadcrumb\":{\"@id\":\"https:\/\/product-guide.org\/en\/produkt\/advanced-genifique-serum-50ml-routine-set\/#breadcrumb\"},\"inLanguage\":\"en-GB\",\"potentialAction\":[{\"@type\":\"ReadAction\",\"target\":[\"https:\/\/product-guide.org\/en\/produkt\/advanced-genifique-serum-50ml-routine-set\/\"]}]},{\"@type\":\"ImageObject\",\"inLanguage\":\"en-GB\",\"@id\":\"https:\/\/product-guide.org\/en\/produkt\/advanced-genifique-serum-50ml-routine-set\/#primaryimage\",\"url\":\"\",\"contentUrl\":\"\",\"width\":200,\"height\":200},{\"@type\":\"BreadcrumbList\",\"@id\":\"https:\/\/product-guide.org\/en\/produkt\/advanced-genifique-serum-50ml-routine-set\/#breadcrumb\",\"itemListElement\":[{\"@type\":\"ListItem\",\"position\":1,\"name\":\"Home\",\"item\":\"https:\/\/product-guide.org\/\"},{\"@type\":\"ListItem\",\"position\":2,\"name\":\"Ergebnisse\",\"item\":\"https:\/\/product-guide.org\/de\/ergebnisse\/\"},{\"@type\":\"ListItem\",\"position\":3,\"name\":\"Advanced G\u00e9nifique Serum 50ml Routine Set\"}]},{\"@type\":\"WebSite\",\"@id\":\"https:\/\/product-guide.org\/#website\",\"url\":\"https:\/\/product-guide.org\/\",\"name\":\"Product-Guide.org\",\"description\":\"What Product are you looking for?\",\"publisher\":{\"@id\":\"https:\/\/product-guide.org\/#organization\"},\"potentialAction\":[{\"@type\":\"SearchAction\",\"target\":{\"@type\":\"EntryPoint\",\"urlTemplate\":\"https:\/\/product-guide.org\/?s={search_term_string}\"},\"query-input\":{\"@type\":\"PropertyValueSpecification\",\"valueRequired\":true,\"valueName\":\"search_term_string\"}}],\"inLanguage\":\"en-GB\"},{\"@type\":\"Organization\",\"@id\":\"https:\/\/product-guide.org\/#organization\",\"name\":\"Product-Guide.org\",\"url\":\"https:\/\/product-guide.org\/\",\"logo\":{\"@type\":\"ImageObject\",\"inLanguage\":\"en-GB\",\"@id\":\"https:\/\/product-guide.org\/#\/schema\/logo\/image\/\",\"url\":\"https:\/\/product-guide.org\/wp-content\/uploads\/2022\/07\/logo_transparent_background.png\",\"contentUrl\":\"https:\/\/product-guide.org\/wp-content\/uploads\/2022\/07\/logo_transparent_background.png\",\"width\":3400,\"height\":1132,\"caption\":\"Product-Guide.org\"},\"image\":{\"@id\":\"https:\/\/product-guide.org\/#\/schema\/logo\/image\/\"}}]}<\/script>\n<!-- \/ Yoast SEO plugin. -->","yoast_head_json":{"title":"Advanced G\u00e9nifique Serum 50ml Routine Set | Product-Guide.org","description":"Advanced G\u00e9nifique Serum 50ml Routine Set gefunden von Product-Guide.org","robots":{"index":"index","follow":"follow","max-snippet":"max-snippet:-1","max-image-preview":"max-image-preview:large","max-video-preview":"max-video-preview:-1"},"canonical":"https:\/\/product-guide.org\/en\/produkt\/advanced-genifique-serum-50ml-routine-set\/","og_locale":"en_GB","og_type":"article","og_title":"Advanced G\u00e9nifique Serum 50ml Routine Set | Product-Guide.org","og_description":"Advanced G\u00e9nifique Serum 50ml Routine Set gefunden von Product-Guide.org","og_url":"https:\/\/product-guide.org\/en\/produkt\/advanced-genifique-serum-50ml-routine-set\/","og_site_name":"Product-Guide.org","article_modified_time":"2023-01-05T13:19:35+00:00","og_image":[{"width":200,"height":200,"url":"https:\/\/product-guide.org\/wp-content\/uploads\/2023\/01\/unnamed-file-229.jpeg","type":"image\/jpeg"}],"twitter_card":"summary_large_image","schema":{"@context":"https:\/\/schema.org","@graph":[{"@type":"WebPage","@id":"https:\/\/product-guide.org\/en\/produkt\/advanced-genifique-serum-50ml-routine-set\/","url":"https:\/\/product-guide.org\/en\/produkt\/advanced-genifique-serum-50ml-routine-set\/","name":"Advanced G\u00e9nifique Serum 50ml Routine Set | Product-Guide.org","isPartOf":{"@id":"https:\/\/product-guide.org\/#website"},"primaryImageOfPage":{"@id":"https:\/\/product-guide.org\/en\/produkt\/advanced-genifique-serum-50ml-routine-set\/#primaryimage"},"image":{"@id":"https:\/\/product-guide.org\/en\/produkt\/advanced-genifique-serum-50ml-routine-set\/#primaryimage"},"thumbnailUrl":"","datePublished":"2023-01-05T13:19:13+00:00","dateModified":"2023-01-05T13:19:35+00:00","description":"Advanced G\u00e9nifique Serum 50ml Routine Set gefunden von Product-Guide.org","breadcrumb":{"@id":"https:\/\/product-guide.org\/en\/produkt\/advanced-genifique-serum-50ml-routine-set\/#breadcrumb"},"inLanguage":"en-GB","potentialAction":[{"@type":"ReadAction","target":["https:\/\/product-guide.org\/en\/produkt\/advanced-genifique-serum-50ml-routine-set\/"]}]},{"@type":"ImageObject","inLanguage":"en-GB","@id":"https:\/\/product-guide.org\/en\/produkt\/advanced-genifique-serum-50ml-routine-set\/#primaryimage","url":"","contentUrl":"","width":200,"height":200},{"@type":"BreadcrumbList","@id":"https:\/\/product-guide.org\/en\/produkt\/advanced-genifique-serum-50ml-routine-set\/#breadcrumb","itemListElement":[{"@type":"ListItem","position":1,"name":"Home","item":"https:\/\/product-guide.org\/"},{"@type":"ListItem","position":2,"name":"Ergebnisse","item":"https:\/\/product-guide.org\/de\/ergebnisse\/"},{"@type":"ListItem","position":3,"name":"Advanced G\u00e9nifique Serum 50ml Routine Set"}]},{"@type":"WebSite","@id":"https:\/\/product-guide.org\/#website","url":"https:\/\/product-guide.org\/","name":"Product-Guide.org","description":"What Product are you looking for?","publisher":{"@id":"https:\/\/product-guide.org\/#organization"},"potentialAction":[{"@type":"SearchAction","target":{"@type":"EntryPoint","urlTemplate":"https:\/\/product-guide.org\/?s={search_term_string}"},"query-input":{"@type":"PropertyValueSpecification","valueRequired":true,"valueName":"search_term_string"}}],"inLanguage":"en-GB"},{"@type":"Organization","@id":"https:\/\/product-guide.org\/#organization","name":"Product-Guide.org","url":"https:\/\/product-guide.org\/","logo":{"@type":"ImageObject","inLanguage":"en-GB","@id":"https:\/\/product-guide.org\/#\/schema\/logo\/image\/","url":"https:\/\/product-guide.org\/wp-content\/uploads\/2022\/07\/logo_transparent_background.png","contentUrl":"https:\/\/product-guide.org\/wp-content\/uploads\/2022\/07\/logo_transparent_background.png","width":3400,"height":1132,"caption":"Product-Guide.org"},"image":{"@id":"https:\/\/product-guide.org\/#\/schema\/logo\/image\/"}}]}},"_links":{"self":[{"href":"https:\/\/product-guide.org\/en\/wp-json\/wp\/v2\/product\/23766","targetHints":{"allow":["GET"]}}],"collection":[{"href":"https:\/\/product-guide.org\/en\/wp-json\/wp\/v2\/product"}],"about":[{"href":"https:\/\/product-guide.org\/en\/wp-json\/wp\/v2\/types\/product"}],"wp:featuredmedia":[{"embeddable":true,"href":"https:\/\/product-guide.org\/en\/wp-json\/"}],"wp:attachment":[{"href":"https:\/\/product-guide.org\/en\/wp-json\/wp\/v2\/media?parent=23766"}],"wp:term":[{"taxonomy":"store","embeddable":true,"href":"https:\/\/product-guide.org\/en\/wp-json\/wp\/v2\/store?post=23766"},{"taxonomy":"product_brand","embeddable":true,"href":"https:\/\/product-guide.org\/en\/wp-json\/wp\/v2\/product_brand?post=23766"},{"taxonomy":"product_cat","embeddable":true,"href":"https:\/\/product-guide.org\/en\/wp-json\/wp\/v2\/product_cat?post=23766"},{"taxonomy":"product_tag","embeddable":true,"href":"https:\/\/product-guide.org\/en\/wp-json\/wp\/v2\/product_tag?post=23766"}],"curies":[{"name":"wp","href":"https:\/\/api.w.org\/{rel}","templated":true}]}}