{"id":24462,"date":"2023-01-05T14:30:01","date_gmt":"2023-01-05T13:30:01","guid":{"rendered":"https:\/\/product-guide.org\/produkt\/foligain-kapseln-120-kapseln-biotin-zink-fur-die-pflege-von-normalem-haar\/"},"modified":"2023-01-05T14:30:28","modified_gmt":"2023-01-05T13:30:28","slug":"foligain-kapseln-120-kapseln-biotin-zink-fur-die-pflege-von-normalem-haar","status":"publish","type":"product","link":"https:\/\/product-guide.org\/en\/produkt\/foligain-kapseln-120-kapseln-biotin-zink-fur-die-pflege-von-normalem-haar\/","title":{"rendered":"Foligain Kapseln &#8211; 120 Kapseln &#8211; Biotin &amp; Zink F\u00fcr Die Pflege Von Normalem Haar"},"content":{"rendered":"<p>Die Foligain Kapseln mit fortschrittlichen und wertvollen N\u00e4hrstoffen sollen dabei helfen d\u00fcnner werdende Haare von M\u00e4nnern und Frauen entgegen zu wirken und das Wachstum f\u00f6rdern.<\/p>\n","protected":false},"excerpt":{"rendered":"<p>Die Foligain Kapseln mit fortschrittlichen und wertvollen N\u00e4hrstoffen sollen dabei helfen d\u00fcnner werdende Haare von M\u00e4nnern und Frauen entgegen zu wirken und das Wachstum f\u00f6rdern.<\/p>\n","protected":false},"featured_media":24463,"template":"","meta":{"_gspb_post_css":""},"store":[756],"product_brand":[],"product_cat":[742],"product_tag":[],"class_list":{"0":"post-24462","1":"product","2":"type-product","3":"status-publish","4":"has-post-thumbnail","6":"store-foligain","7":"product_cat-haircare","8":"pa_merchant-shytobuy-de","10":"first","11":"instock","12":"product-type-external"},"yoast_head":"<!-- This site is optimized with the Yoast SEO plugin v24.6 - https:\/\/yoast.com\/wordpress\/plugins\/seo\/ -->\n<title>Foligain Kapseln - 120 Kapseln - Biotin &amp; Zink F\u00fcr Die Pflege Von Normalem Haar | Product-Guide.org<\/title>\n<meta name=\"description\" content=\"Foligain Kapseln - 120 Kapseln - Biotin &amp; Zink F\u00fcr Die Pflege Von Normalem Haar gefunden von Product-Guide.org\" \/>\n<meta name=\"robots\" content=\"index, follow, max-snippet:-1, max-image-preview:large, max-video-preview:-1\" \/>\n<link rel=\"canonical\" href=\"https:\/\/product-guide.org\/en\/produkt\/foligain-kapseln-120-kapseln-biotin-zink-fur-die-pflege-von-normalem-haar\/\" \/>\n<meta property=\"og:locale\" content=\"en_GB\" \/>\n<meta property=\"og:type\" content=\"article\" \/>\n<meta property=\"og:title\" content=\"Foligain Kapseln - 120 Kapseln - Biotin &amp; Zink F\u00fcr Die Pflege Von Normalem Haar | Product-Guide.org\" \/>\n<meta property=\"og:description\" content=\"Foligain Kapseln - 120 Kapseln - Biotin &amp; Zink F\u00fcr Die Pflege Von Normalem Haar gefunden von Product-Guide.org\" \/>\n<meta property=\"og:url\" content=\"https:\/\/product-guide.org\/en\/produkt\/foligain-kapseln-120-kapseln-biotin-zink-fur-die-pflege-von-normalem-haar\/\" \/>\n<meta property=\"og:site_name\" content=\"Product-Guide.org\" \/>\n<meta property=\"article:modified_time\" content=\"2023-01-05T13:30:28+00:00\" \/>\n<meta property=\"og:image\" content=\"https:\/\/product-guide.org\/wp-content\/uploads\/2023\/01\/unnamed-file-547.jpeg\" \/>\n\t<meta property=\"og:image:width\" content=\"200\" \/>\n\t<meta property=\"og:image:height\" content=\"200\" \/>\n\t<meta property=\"og:image:type\" content=\"image\/jpeg\" \/>\n<meta name=\"twitter:card\" content=\"summary_large_image\" \/>\n<script type=\"application\/ld+json\" class=\"yoast-schema-graph\">{\"@context\":\"https:\/\/schema.org\",\"@graph\":[{\"@type\":\"WebPage\",\"@id\":\"https:\/\/product-guide.org\/en\/produkt\/foligain-kapseln-120-kapseln-biotin-zink-fur-die-pflege-von-normalem-haar\/\",\"url\":\"https:\/\/product-guide.org\/en\/produkt\/foligain-kapseln-120-kapseln-biotin-zink-fur-die-pflege-von-normalem-haar\/\",\"name\":\"Foligain Kapseln - 120 Kapseln - Biotin &amp; Zink F\u00fcr Die Pflege Von Normalem Haar | Product-Guide.org\",\"isPartOf\":{\"@id\":\"https:\/\/product-guide.org\/#website\"},\"primaryImageOfPage\":{\"@id\":\"https:\/\/product-guide.org\/en\/produkt\/foligain-kapseln-120-kapseln-biotin-zink-fur-die-pflege-von-normalem-haar\/#primaryimage\"},\"image\":{\"@id\":\"https:\/\/product-guide.org\/en\/produkt\/foligain-kapseln-120-kapseln-biotin-zink-fur-die-pflege-von-normalem-haar\/#primaryimage\"},\"thumbnailUrl\":\"\",\"datePublished\":\"2023-01-05T13:30:01+00:00\",\"dateModified\":\"2023-01-05T13:30:28+00:00\",\"description\":\"Foligain Kapseln - 120 Kapseln - Biotin &amp; Zink F\u00fcr Die Pflege Von Normalem Haar gefunden von Product-Guide.org\",\"breadcrumb\":{\"@id\":\"https:\/\/product-guide.org\/en\/produkt\/foligain-kapseln-120-kapseln-biotin-zink-fur-die-pflege-von-normalem-haar\/#breadcrumb\"},\"inLanguage\":\"en-GB\",\"potentialAction\":[{\"@type\":\"ReadAction\",\"target\":[\"https:\/\/product-guide.org\/en\/produkt\/foligain-kapseln-120-kapseln-biotin-zink-fur-die-pflege-von-normalem-haar\/\"]}]},{\"@type\":\"ImageObject\",\"inLanguage\":\"en-GB\",\"@id\":\"https:\/\/product-guide.org\/en\/produkt\/foligain-kapseln-120-kapseln-biotin-zink-fur-die-pflege-von-normalem-haar\/#primaryimage\",\"url\":\"\",\"contentUrl\":\"\",\"width\":200,\"height\":200},{\"@type\":\"BreadcrumbList\",\"@id\":\"https:\/\/product-guide.org\/en\/produkt\/foligain-kapseln-120-kapseln-biotin-zink-fur-die-pflege-von-normalem-haar\/#breadcrumb\",\"itemListElement\":[{\"@type\":\"ListItem\",\"position\":1,\"name\":\"Home\",\"item\":\"https:\/\/product-guide.org\/\"},{\"@type\":\"ListItem\",\"position\":2,\"name\":\"Ergebnisse\",\"item\":\"https:\/\/product-guide.org\/de\/ergebnisse\/\"},{\"@type\":\"ListItem\",\"position\":3,\"name\":\"Foligain Kapseln &#8211; 120 Kapseln &#8211; Biotin &amp; Zink F\u00fcr Die Pflege Von Normalem Haar\"}]},{\"@type\":\"WebSite\",\"@id\":\"https:\/\/product-guide.org\/#website\",\"url\":\"https:\/\/product-guide.org\/\",\"name\":\"Product-Guide.org\",\"description\":\"What Product are you looking for?\",\"publisher\":{\"@id\":\"https:\/\/product-guide.org\/#organization\"},\"potentialAction\":[{\"@type\":\"SearchAction\",\"target\":{\"@type\":\"EntryPoint\",\"urlTemplate\":\"https:\/\/product-guide.org\/?s={search_term_string}\"},\"query-input\":{\"@type\":\"PropertyValueSpecification\",\"valueRequired\":true,\"valueName\":\"search_term_string\"}}],\"inLanguage\":\"en-GB\"},{\"@type\":\"Organization\",\"@id\":\"https:\/\/product-guide.org\/#organization\",\"name\":\"Product-Guide.org\",\"url\":\"https:\/\/product-guide.org\/\",\"logo\":{\"@type\":\"ImageObject\",\"inLanguage\":\"en-GB\",\"@id\":\"https:\/\/product-guide.org\/#\/schema\/logo\/image\/\",\"url\":\"https:\/\/product-guide.org\/wp-content\/uploads\/2022\/07\/logo_transparent_background.png\",\"contentUrl\":\"https:\/\/product-guide.org\/wp-content\/uploads\/2022\/07\/logo_transparent_background.png\",\"width\":3400,\"height\":1132,\"caption\":\"Product-Guide.org\"},\"image\":{\"@id\":\"https:\/\/product-guide.org\/#\/schema\/logo\/image\/\"}}]}<\/script>\n<!-- \/ Yoast SEO plugin. -->","yoast_head_json":{"title":"Foligain Kapseln - 120 Kapseln - Biotin &amp; Zink F\u00fcr Die Pflege Von Normalem Haar | Product-Guide.org","description":"Foligain Kapseln - 120 Kapseln - Biotin &amp; Zink F\u00fcr Die Pflege Von Normalem Haar gefunden von Product-Guide.org","robots":{"index":"index","follow":"follow","max-snippet":"max-snippet:-1","max-image-preview":"max-image-preview:large","max-video-preview":"max-video-preview:-1"},"canonical":"https:\/\/product-guide.org\/en\/produkt\/foligain-kapseln-120-kapseln-biotin-zink-fur-die-pflege-von-normalem-haar\/","og_locale":"en_GB","og_type":"article","og_title":"Foligain Kapseln - 120 Kapseln - Biotin &amp; Zink F\u00fcr Die Pflege Von Normalem Haar | Product-Guide.org","og_description":"Foligain Kapseln - 120 Kapseln - Biotin &amp; Zink F\u00fcr Die Pflege Von Normalem Haar gefunden von Product-Guide.org","og_url":"https:\/\/product-guide.org\/en\/produkt\/foligain-kapseln-120-kapseln-biotin-zink-fur-die-pflege-von-normalem-haar\/","og_site_name":"Product-Guide.org","article_modified_time":"2023-01-05T13:30:28+00:00","og_image":[{"width":200,"height":200,"url":"https:\/\/product-guide.org\/wp-content\/uploads\/2023\/01\/unnamed-file-547.jpeg","type":"image\/jpeg"}],"twitter_card":"summary_large_image","schema":{"@context":"https:\/\/schema.org","@graph":[{"@type":"WebPage","@id":"https:\/\/product-guide.org\/en\/produkt\/foligain-kapseln-120-kapseln-biotin-zink-fur-die-pflege-von-normalem-haar\/","url":"https:\/\/product-guide.org\/en\/produkt\/foligain-kapseln-120-kapseln-biotin-zink-fur-die-pflege-von-normalem-haar\/","name":"Foligain Kapseln - 120 Kapseln - Biotin &amp; Zink F\u00fcr Die Pflege Von Normalem Haar | Product-Guide.org","isPartOf":{"@id":"https:\/\/product-guide.org\/#website"},"primaryImageOfPage":{"@id":"https:\/\/product-guide.org\/en\/produkt\/foligain-kapseln-120-kapseln-biotin-zink-fur-die-pflege-von-normalem-haar\/#primaryimage"},"image":{"@id":"https:\/\/product-guide.org\/en\/produkt\/foligain-kapseln-120-kapseln-biotin-zink-fur-die-pflege-von-normalem-haar\/#primaryimage"},"thumbnailUrl":"","datePublished":"2023-01-05T13:30:01+00:00","dateModified":"2023-01-05T13:30:28+00:00","description":"Foligain Kapseln - 120 Kapseln - Biotin &amp; Zink F\u00fcr Die Pflege Von Normalem Haar gefunden von Product-Guide.org","breadcrumb":{"@id":"https:\/\/product-guide.org\/en\/produkt\/foligain-kapseln-120-kapseln-biotin-zink-fur-die-pflege-von-normalem-haar\/#breadcrumb"},"inLanguage":"en-GB","potentialAction":[{"@type":"ReadAction","target":["https:\/\/product-guide.org\/en\/produkt\/foligain-kapseln-120-kapseln-biotin-zink-fur-die-pflege-von-normalem-haar\/"]}]},{"@type":"ImageObject","inLanguage":"en-GB","@id":"https:\/\/product-guide.org\/en\/produkt\/foligain-kapseln-120-kapseln-biotin-zink-fur-die-pflege-von-normalem-haar\/#primaryimage","url":"","contentUrl":"","width":200,"height":200},{"@type":"BreadcrumbList","@id":"https:\/\/product-guide.org\/en\/produkt\/foligain-kapseln-120-kapseln-biotin-zink-fur-die-pflege-von-normalem-haar\/#breadcrumb","itemListElement":[{"@type":"ListItem","position":1,"name":"Home","item":"https:\/\/product-guide.org\/"},{"@type":"ListItem","position":2,"name":"Ergebnisse","item":"https:\/\/product-guide.org\/de\/ergebnisse\/"},{"@type":"ListItem","position":3,"name":"Foligain Kapseln &#8211; 120 Kapseln &#8211; Biotin &amp; Zink F\u00fcr Die Pflege Von Normalem Haar"}]},{"@type":"WebSite","@id":"https:\/\/product-guide.org\/#website","url":"https:\/\/product-guide.org\/","name":"Product-Guide.org","description":"What Product are you looking for?","publisher":{"@id":"https:\/\/product-guide.org\/#organization"},"potentialAction":[{"@type":"SearchAction","target":{"@type":"EntryPoint","urlTemplate":"https:\/\/product-guide.org\/?s={search_term_string}"},"query-input":{"@type":"PropertyValueSpecification","valueRequired":true,"valueName":"search_term_string"}}],"inLanguage":"en-GB"},{"@type":"Organization","@id":"https:\/\/product-guide.org\/#organization","name":"Product-Guide.org","url":"https:\/\/product-guide.org\/","logo":{"@type":"ImageObject","inLanguage":"en-GB","@id":"https:\/\/product-guide.org\/#\/schema\/logo\/image\/","url":"https:\/\/product-guide.org\/wp-content\/uploads\/2022\/07\/logo_transparent_background.png","contentUrl":"https:\/\/product-guide.org\/wp-content\/uploads\/2022\/07\/logo_transparent_background.png","width":3400,"height":1132,"caption":"Product-Guide.org"},"image":{"@id":"https:\/\/product-guide.org\/#\/schema\/logo\/image\/"}}]}},"_links":{"self":[{"href":"https:\/\/product-guide.org\/en\/wp-json\/wp\/v2\/product\/24462","targetHints":{"allow":["GET"]}}],"collection":[{"href":"https:\/\/product-guide.org\/en\/wp-json\/wp\/v2\/product"}],"about":[{"href":"https:\/\/product-guide.org\/en\/wp-json\/wp\/v2\/types\/product"}],"wp:featuredmedia":[{"embeddable":true,"href":"https:\/\/product-guide.org\/en\/wp-json\/"}],"wp:attachment":[{"href":"https:\/\/product-guide.org\/en\/wp-json\/wp\/v2\/media?parent=24462"}],"wp:term":[{"taxonomy":"store","embeddable":true,"href":"https:\/\/product-guide.org\/en\/wp-json\/wp\/v2\/store?post=24462"},{"taxonomy":"product_brand","embeddable":true,"href":"https:\/\/product-guide.org\/en\/wp-json\/wp\/v2\/product_brand?post=24462"},{"taxonomy":"product_cat","embeddable":true,"href":"https:\/\/product-guide.org\/en\/wp-json\/wp\/v2\/product_cat?post=24462"},{"taxonomy":"product_tag","embeddable":true,"href":"https:\/\/product-guide.org\/en\/wp-json\/wp\/v2\/product_tag?post=24462"}],"curies":[{"name":"wp","href":"https:\/\/api.w.org\/{rel}","templated":true}]}}