{"id":24480,"date":"2023-01-05T14:30:32","date_gmt":"2023-01-05T13:30:32","guid":{"rendered":"https:\/\/product-guide.org\/produkt\/welme-gerat-zur-linderung-von-menstruationsschmerzen-gerat-bei-bauchschmerzen-durch-menstruationsbeschwerden-shytobuy\/"},"modified":"2023-01-05T14:30:42","modified_gmt":"2023-01-05T13:30:42","slug":"welme-gerat-zur-linderung-von-menstruationsschmerzen-gerat-bei-bauchschmerzen-durch-menstruationsbeschwerden-shytobuy","status":"publish","type":"product","link":"https:\/\/product-guide.org\/en\/produkt\/welme-gerat-zur-linderung-von-menstruationsschmerzen-gerat-bei-bauchschmerzen-durch-menstruationsbeschwerden-shytobuy\/","title":{"rendered":"Welme Ger\u00e4t zur Linderung von Menstruationsschmerzen &#8211; Ger\u00e4t &#8211; Bei Bauchschmerzen durch Menstruationsbeschwerden &#8211; ShyToBuy"},"content":{"rendered":"<p>Haben Sie Probleme mit Menstruationsbeschwerden oder Bauchschmerzen? Kaufen Sie das Ger\u00e4t, das mit Hilfe der Nervenstimulation sicher und effektiv Menstruationsschmerzen lindern kann, die oft auch als Dysmenorrhoe bezeichnet werden. Es kann auch zur Linderung von R\u00fcckenschmerzen und Schmerzen bei Endometriose eingesetzt werden. Dieses Ger\u00e4t ist eine medikamentenfreie Alternative zur Schmerzlinderung. Es hilft bei der Produktion von Endorphinen und reduziert Schmerzsignale an das Gehirn, sodass S<\/p>\n","protected":false},"excerpt":{"rendered":"<p>Haben Sie Probleme mit Menstruationsbeschwerden oder Bauchschmerzen? Kaufen Sie das Ger\u00e4t, das mit Hilfe der Nervenstimulation sicher und effektiv Menstruationsschmerzen lindern kann, die oft auch als Dysmenorrhoe bezeichnet werden. Es kann auch zur Linderung von R\u00fcckenschmerzen und Schmerzen bei Endometriose eingesetzt werden. Dieses Ger\u00e4t ist eine medikamentenfreie Alternative zur Schmerzlinderung. Es hilft bei der Produktion [&hellip;]<\/p>\n","protected":false},"featured_media":24481,"template":"","meta":{"_gspb_post_css":""},"store":[764],"product_brand":[],"product_cat":[758],"product_tag":[],"class_list":{"0":"post-24480","1":"product","2":"type-product","3":"status-publish","4":"has-post-thumbnail","6":"store-welme","7":"product_cat-health","8":"pa_merchant-shytobuy-de","10":"first","11":"instock","12":"product-type-external"},"yoast_head":"<!-- This site is optimized with the Yoast SEO plugin v24.6 - https:\/\/yoast.com\/wordpress\/plugins\/seo\/ -->\n<title>Welme Ger\u00e4t zur Linderung von Menstruationsschmerzen - Ger\u00e4t - Bei Bauchschmerzen durch Menstruationsbeschwerden - ShyToBuy | Product-Guide.org<\/title>\n<meta name=\"description\" content=\"Welme Ger\u00e4t zur Linderung von Menstruationsschmerzen - Ger\u00e4t - Bei Bauchschmerzen durch Menstruationsbeschwerden - ShyToBuy gefunden von Product-Guide.org\" \/>\n<meta name=\"robots\" content=\"index, follow, max-snippet:-1, max-image-preview:large, max-video-preview:-1\" \/>\n<link rel=\"canonical\" href=\"https:\/\/product-guide.org\/en\/produkt\/welme-gerat-zur-linderung-von-menstruationsschmerzen-gerat-bei-bauchschmerzen-durch-menstruationsbeschwerden-shytobuy\/\" \/>\n<meta property=\"og:locale\" content=\"en_GB\" \/>\n<meta property=\"og:type\" content=\"article\" \/>\n<meta property=\"og:title\" content=\"Welme Ger\u00e4t zur Linderung von Menstruationsschmerzen - Ger\u00e4t - Bei Bauchschmerzen durch Menstruationsbeschwerden - ShyToBuy | Product-Guide.org\" \/>\n<meta property=\"og:description\" content=\"Welme Ger\u00e4t zur Linderung von Menstruationsschmerzen - Ger\u00e4t - Bei Bauchschmerzen durch Menstruationsbeschwerden - ShyToBuy gefunden von Product-Guide.org\" \/>\n<meta property=\"og:url\" content=\"https:\/\/product-guide.org\/en\/produkt\/welme-gerat-zur-linderung-von-menstruationsschmerzen-gerat-bei-bauchschmerzen-durch-menstruationsbeschwerden-shytobuy\/\" \/>\n<meta property=\"og:site_name\" content=\"Product-Guide.org\" \/>\n<meta property=\"article:modified_time\" content=\"2023-01-05T13:30:42+00:00\" \/>\n<meta property=\"og:image\" content=\"https:\/\/product-guide.org\/wp-content\/uploads\/2023\/01\/unnamed-file-556.jpeg\" \/>\n\t<meta property=\"og:image:width\" content=\"200\" \/>\n\t<meta property=\"og:image:height\" content=\"200\" \/>\n\t<meta property=\"og:image:type\" content=\"image\/jpeg\" \/>\n<meta name=\"twitter:card\" content=\"summary_large_image\" \/>\n<script type=\"application\/ld+json\" class=\"yoast-schema-graph\">{\"@context\":\"https:\/\/schema.org\",\"@graph\":[{\"@type\":\"WebPage\",\"@id\":\"https:\/\/product-guide.org\/en\/produkt\/welme-gerat-zur-linderung-von-menstruationsschmerzen-gerat-bei-bauchschmerzen-durch-menstruationsbeschwerden-shytobuy\/\",\"url\":\"https:\/\/product-guide.org\/en\/produkt\/welme-gerat-zur-linderung-von-menstruationsschmerzen-gerat-bei-bauchschmerzen-durch-menstruationsbeschwerden-shytobuy\/\",\"name\":\"Welme Ger\u00e4t zur Linderung von Menstruationsschmerzen - Ger\u00e4t - Bei Bauchschmerzen durch Menstruationsbeschwerden - ShyToBuy | Product-Guide.org\",\"isPartOf\":{\"@id\":\"https:\/\/product-guide.org\/#website\"},\"primaryImageOfPage\":{\"@id\":\"https:\/\/product-guide.org\/en\/produkt\/welme-gerat-zur-linderung-von-menstruationsschmerzen-gerat-bei-bauchschmerzen-durch-menstruationsbeschwerden-shytobuy\/#primaryimage\"},\"image\":{\"@id\":\"https:\/\/product-guide.org\/en\/produkt\/welme-gerat-zur-linderung-von-menstruationsschmerzen-gerat-bei-bauchschmerzen-durch-menstruationsbeschwerden-shytobuy\/#primaryimage\"},\"thumbnailUrl\":\"\",\"datePublished\":\"2023-01-05T13:30:32+00:00\",\"dateModified\":\"2023-01-05T13:30:42+00:00\",\"description\":\"Welme Ger\u00e4t zur Linderung von Menstruationsschmerzen - Ger\u00e4t - Bei Bauchschmerzen durch Menstruationsbeschwerden - ShyToBuy gefunden von Product-Guide.org\",\"breadcrumb\":{\"@id\":\"https:\/\/product-guide.org\/en\/produkt\/welme-gerat-zur-linderung-von-menstruationsschmerzen-gerat-bei-bauchschmerzen-durch-menstruationsbeschwerden-shytobuy\/#breadcrumb\"},\"inLanguage\":\"en-GB\",\"potentialAction\":[{\"@type\":\"ReadAction\",\"target\":[\"https:\/\/product-guide.org\/en\/produkt\/welme-gerat-zur-linderung-von-menstruationsschmerzen-gerat-bei-bauchschmerzen-durch-menstruationsbeschwerden-shytobuy\/\"]}]},{\"@type\":\"ImageObject\",\"inLanguage\":\"en-GB\",\"@id\":\"https:\/\/product-guide.org\/en\/produkt\/welme-gerat-zur-linderung-von-menstruationsschmerzen-gerat-bei-bauchschmerzen-durch-menstruationsbeschwerden-shytobuy\/#primaryimage\",\"url\":\"\",\"contentUrl\":\"\",\"width\":200,\"height\":200},{\"@type\":\"BreadcrumbList\",\"@id\":\"https:\/\/product-guide.org\/en\/produkt\/welme-gerat-zur-linderung-von-menstruationsschmerzen-gerat-bei-bauchschmerzen-durch-menstruationsbeschwerden-shytobuy\/#breadcrumb\",\"itemListElement\":[{\"@type\":\"ListItem\",\"position\":1,\"name\":\"Home\",\"item\":\"https:\/\/product-guide.org\/\"},{\"@type\":\"ListItem\",\"position\":2,\"name\":\"Ergebnisse\",\"item\":\"https:\/\/product-guide.org\/de\/ergebnisse\/\"},{\"@type\":\"ListItem\",\"position\":3,\"name\":\"Welme Ger\u00e4t zur Linderung von Menstruationsschmerzen &#8211; Ger\u00e4t &#8211; Bei Bauchschmerzen durch Menstruationsbeschwerden &#8211; ShyToBuy\"}]},{\"@type\":\"WebSite\",\"@id\":\"https:\/\/product-guide.org\/#website\",\"url\":\"https:\/\/product-guide.org\/\",\"name\":\"Product-Guide.org\",\"description\":\"What Product are you looking for?\",\"publisher\":{\"@id\":\"https:\/\/product-guide.org\/#organization\"},\"potentialAction\":[{\"@type\":\"SearchAction\",\"target\":{\"@type\":\"EntryPoint\",\"urlTemplate\":\"https:\/\/product-guide.org\/?s={search_term_string}\"},\"query-input\":{\"@type\":\"PropertyValueSpecification\",\"valueRequired\":true,\"valueName\":\"search_term_string\"}}],\"inLanguage\":\"en-GB\"},{\"@type\":\"Organization\",\"@id\":\"https:\/\/product-guide.org\/#organization\",\"name\":\"Product-Guide.org\",\"url\":\"https:\/\/product-guide.org\/\",\"logo\":{\"@type\":\"ImageObject\",\"inLanguage\":\"en-GB\",\"@id\":\"https:\/\/product-guide.org\/#\/schema\/logo\/image\/\",\"url\":\"https:\/\/product-guide.org\/wp-content\/uploads\/2022\/07\/logo_transparent_background.png\",\"contentUrl\":\"https:\/\/product-guide.org\/wp-content\/uploads\/2022\/07\/logo_transparent_background.png\",\"width\":3400,\"height\":1132,\"caption\":\"Product-Guide.org\"},\"image\":{\"@id\":\"https:\/\/product-guide.org\/#\/schema\/logo\/image\/\"}}]}<\/script>\n<!-- \/ Yoast SEO plugin. -->","yoast_head_json":{"title":"Welme Ger\u00e4t zur Linderung von Menstruationsschmerzen - Ger\u00e4t - Bei Bauchschmerzen durch Menstruationsbeschwerden - ShyToBuy | Product-Guide.org","description":"Welme Ger\u00e4t zur Linderung von Menstruationsschmerzen - Ger\u00e4t - Bei Bauchschmerzen durch Menstruationsbeschwerden - ShyToBuy gefunden von Product-Guide.org","robots":{"index":"index","follow":"follow","max-snippet":"max-snippet:-1","max-image-preview":"max-image-preview:large","max-video-preview":"max-video-preview:-1"},"canonical":"https:\/\/product-guide.org\/en\/produkt\/welme-gerat-zur-linderung-von-menstruationsschmerzen-gerat-bei-bauchschmerzen-durch-menstruationsbeschwerden-shytobuy\/","og_locale":"en_GB","og_type":"article","og_title":"Welme Ger\u00e4t zur Linderung von Menstruationsschmerzen - Ger\u00e4t - Bei Bauchschmerzen durch Menstruationsbeschwerden - ShyToBuy | Product-Guide.org","og_description":"Welme Ger\u00e4t zur Linderung von Menstruationsschmerzen - Ger\u00e4t - Bei Bauchschmerzen durch Menstruationsbeschwerden - ShyToBuy gefunden von Product-Guide.org","og_url":"https:\/\/product-guide.org\/en\/produkt\/welme-gerat-zur-linderung-von-menstruationsschmerzen-gerat-bei-bauchschmerzen-durch-menstruationsbeschwerden-shytobuy\/","og_site_name":"Product-Guide.org","article_modified_time":"2023-01-05T13:30:42+00:00","og_image":[{"width":200,"height":200,"url":"https:\/\/product-guide.org\/wp-content\/uploads\/2023\/01\/unnamed-file-556.jpeg","type":"image\/jpeg"}],"twitter_card":"summary_large_image","schema":{"@context":"https:\/\/schema.org","@graph":[{"@type":"WebPage","@id":"https:\/\/product-guide.org\/en\/produkt\/welme-gerat-zur-linderung-von-menstruationsschmerzen-gerat-bei-bauchschmerzen-durch-menstruationsbeschwerden-shytobuy\/","url":"https:\/\/product-guide.org\/en\/produkt\/welme-gerat-zur-linderung-von-menstruationsschmerzen-gerat-bei-bauchschmerzen-durch-menstruationsbeschwerden-shytobuy\/","name":"Welme Ger\u00e4t zur Linderung von Menstruationsschmerzen - Ger\u00e4t - Bei Bauchschmerzen durch Menstruationsbeschwerden - ShyToBuy | Product-Guide.org","isPartOf":{"@id":"https:\/\/product-guide.org\/#website"},"primaryImageOfPage":{"@id":"https:\/\/product-guide.org\/en\/produkt\/welme-gerat-zur-linderung-von-menstruationsschmerzen-gerat-bei-bauchschmerzen-durch-menstruationsbeschwerden-shytobuy\/#primaryimage"},"image":{"@id":"https:\/\/product-guide.org\/en\/produkt\/welme-gerat-zur-linderung-von-menstruationsschmerzen-gerat-bei-bauchschmerzen-durch-menstruationsbeschwerden-shytobuy\/#primaryimage"},"thumbnailUrl":"","datePublished":"2023-01-05T13:30:32+00:00","dateModified":"2023-01-05T13:30:42+00:00","description":"Welme Ger\u00e4t zur Linderung von Menstruationsschmerzen - Ger\u00e4t - Bei Bauchschmerzen durch Menstruationsbeschwerden - ShyToBuy gefunden von Product-Guide.org","breadcrumb":{"@id":"https:\/\/product-guide.org\/en\/produkt\/welme-gerat-zur-linderung-von-menstruationsschmerzen-gerat-bei-bauchschmerzen-durch-menstruationsbeschwerden-shytobuy\/#breadcrumb"},"inLanguage":"en-GB","potentialAction":[{"@type":"ReadAction","target":["https:\/\/product-guide.org\/en\/produkt\/welme-gerat-zur-linderung-von-menstruationsschmerzen-gerat-bei-bauchschmerzen-durch-menstruationsbeschwerden-shytobuy\/"]}]},{"@type":"ImageObject","inLanguage":"en-GB","@id":"https:\/\/product-guide.org\/en\/produkt\/welme-gerat-zur-linderung-von-menstruationsschmerzen-gerat-bei-bauchschmerzen-durch-menstruationsbeschwerden-shytobuy\/#primaryimage","url":"","contentUrl":"","width":200,"height":200},{"@type":"BreadcrumbList","@id":"https:\/\/product-guide.org\/en\/produkt\/welme-gerat-zur-linderung-von-menstruationsschmerzen-gerat-bei-bauchschmerzen-durch-menstruationsbeschwerden-shytobuy\/#breadcrumb","itemListElement":[{"@type":"ListItem","position":1,"name":"Home","item":"https:\/\/product-guide.org\/"},{"@type":"ListItem","position":2,"name":"Ergebnisse","item":"https:\/\/product-guide.org\/de\/ergebnisse\/"},{"@type":"ListItem","position":3,"name":"Welme Ger\u00e4t zur Linderung von Menstruationsschmerzen &#8211; Ger\u00e4t &#8211; Bei Bauchschmerzen durch Menstruationsbeschwerden &#8211; ShyToBuy"}]},{"@type":"WebSite","@id":"https:\/\/product-guide.org\/#website","url":"https:\/\/product-guide.org\/","name":"Product-Guide.org","description":"What Product are you looking for?","publisher":{"@id":"https:\/\/product-guide.org\/#organization"},"potentialAction":[{"@type":"SearchAction","target":{"@type":"EntryPoint","urlTemplate":"https:\/\/product-guide.org\/?s={search_term_string}"},"query-input":{"@type":"PropertyValueSpecification","valueRequired":true,"valueName":"search_term_string"}}],"inLanguage":"en-GB"},{"@type":"Organization","@id":"https:\/\/product-guide.org\/#organization","name":"Product-Guide.org","url":"https:\/\/product-guide.org\/","logo":{"@type":"ImageObject","inLanguage":"en-GB","@id":"https:\/\/product-guide.org\/#\/schema\/logo\/image\/","url":"https:\/\/product-guide.org\/wp-content\/uploads\/2022\/07\/logo_transparent_background.png","contentUrl":"https:\/\/product-guide.org\/wp-content\/uploads\/2022\/07\/logo_transparent_background.png","width":3400,"height":1132,"caption":"Product-Guide.org"},"image":{"@id":"https:\/\/product-guide.org\/#\/schema\/logo\/image\/"}}]}},"_links":{"self":[{"href":"https:\/\/product-guide.org\/en\/wp-json\/wp\/v2\/product\/24480","targetHints":{"allow":["GET"]}}],"collection":[{"href":"https:\/\/product-guide.org\/en\/wp-json\/wp\/v2\/product"}],"about":[{"href":"https:\/\/product-guide.org\/en\/wp-json\/wp\/v2\/types\/product"}],"wp:featuredmedia":[{"embeddable":true,"href":"https:\/\/product-guide.org\/en\/wp-json\/"}],"wp:attachment":[{"href":"https:\/\/product-guide.org\/en\/wp-json\/wp\/v2\/media?parent=24480"}],"wp:term":[{"taxonomy":"store","embeddable":true,"href":"https:\/\/product-guide.org\/en\/wp-json\/wp\/v2\/store?post=24480"},{"taxonomy":"product_brand","embeddable":true,"href":"https:\/\/product-guide.org\/en\/wp-json\/wp\/v2\/product_brand?post=24480"},{"taxonomy":"product_cat","embeddable":true,"href":"https:\/\/product-guide.org\/en\/wp-json\/wp\/v2\/product_cat?post=24480"},{"taxonomy":"product_tag","embeddable":true,"href":"https:\/\/product-guide.org\/en\/wp-json\/wp\/v2\/product_tag?post=24480"}],"curies":[{"name":"wp","href":"https:\/\/api.w.org\/{rel}","templated":true}]}}