{"id":24482,"date":"2023-01-05T14:30:32","date_gmt":"2023-01-05T13:30:32","guid":{"rendered":"https:\/\/product-guide.org\/produkt\/viaman-penispumpe-vakuumpumpe-fur-manner-mit-erektionsproblemen\/"},"modified":"2023-01-05T14:30:44","modified_gmt":"2023-01-05T13:30:44","slug":"viaman-penispumpe-vakuumpumpe-fur-manner-mit-erektionsproblemen","status":"publish","type":"product","link":"https:\/\/product-guide.org\/en\/produkt\/viaman-penispumpe-vakuumpumpe-fur-manner-mit-erektionsproblemen\/","title":{"rendered":"Viaman Penispumpe, Vakuumpumpe &#8211; F\u00fcr M\u00e4nner mit Erektionsproblemen"},"content":{"rendered":"<p>Die Penispumpe von Viaman ist eine sogenannte Vakuumpumpe, die speziell f\u00fcr M\u00e4nner mit Erektionsproblemen entwickelt wurde. Die Erektionspumpe kann verwendet werden, um das Penisgewebe zu erhalten und umzuschulen sowie eine Erektion zu erzeugen, die f\u00fcr Geschlechtsverkehr oder Masturbation verwendet werden kann. Bei empfohlener Anwendung kann die Penispumpe auch zur Penisvergr\u00f6\u00dferung beitragen, sowohl in der L\u00e4nge als auch im Umfang. Wir geben 100% Zufriedenheitsgarantie auf das Produkt.<\/p>\n","protected":false},"excerpt":{"rendered":"<p>Die Penispumpe von Viaman ist eine sogenannte Vakuumpumpe, die speziell f\u00fcr M\u00e4nner mit Erektionsproblemen entwickelt wurde. Die Erektionspumpe kann verwendet werden, um das Penisgewebe zu erhalten und umzuschulen sowie eine Erektion zu erzeugen, die f\u00fcr Geschlechtsverkehr oder Masturbation verwendet werden kann. Bei empfohlener Anwendung kann die Penispumpe auch zur Penisvergr\u00f6\u00dferung beitragen, sowohl in der L\u00e4nge [&hellip;]<\/p>\n","protected":false},"featured_media":24483,"template":"","meta":{"_gspb_post_css":""},"store":[765],"product_brand":[],"product_cat":[758],"product_tag":[],"class_list":{"0":"post-24482","1":"product","2":"type-product","3":"status-publish","4":"has-post-thumbnail","6":"store-viaman","7":"product_cat-health","8":"pa_merchant-shytobuy-de","10":"first","11":"instock","12":"product-type-external"},"yoast_head":"<!-- This site is optimized with the Yoast SEO plugin v24.6 - https:\/\/yoast.com\/wordpress\/plugins\/seo\/ -->\n<title>Viaman Penispumpe, Vakuumpumpe - F\u00fcr M\u00e4nner mit Erektionsproblemen | Product-Guide.org<\/title>\n<meta name=\"description\" content=\"Viaman Penispumpe, Vakuumpumpe - F\u00fcr M\u00e4nner mit Erektionsproblemen gefunden von Product-Guide.org\" \/>\n<meta name=\"robots\" content=\"index, follow, max-snippet:-1, max-image-preview:large, max-video-preview:-1\" \/>\n<link rel=\"canonical\" href=\"https:\/\/product-guide.org\/en\/produkt\/viaman-penispumpe-vakuumpumpe-fur-manner-mit-erektionsproblemen\/\" \/>\n<meta property=\"og:locale\" content=\"en_GB\" \/>\n<meta property=\"og:type\" content=\"article\" \/>\n<meta property=\"og:title\" content=\"Viaman Penispumpe, Vakuumpumpe - F\u00fcr M\u00e4nner mit Erektionsproblemen | Product-Guide.org\" \/>\n<meta property=\"og:description\" content=\"Viaman Penispumpe, Vakuumpumpe - F\u00fcr M\u00e4nner mit Erektionsproblemen gefunden von Product-Guide.org\" \/>\n<meta property=\"og:url\" content=\"https:\/\/product-guide.org\/en\/produkt\/viaman-penispumpe-vakuumpumpe-fur-manner-mit-erektionsproblemen\/\" \/>\n<meta property=\"og:site_name\" content=\"Product-Guide.org\" \/>\n<meta property=\"article:modified_time\" content=\"2023-01-05T13:30:44+00:00\" \/>\n<meta property=\"og:image\" content=\"https:\/\/product-guide.org\/wp-content\/uploads\/2023\/01\/unnamed-file-557.jpeg\" \/>\n\t<meta property=\"og:image:width\" content=\"200\" \/>\n\t<meta property=\"og:image:height\" content=\"200\" \/>\n\t<meta property=\"og:image:type\" content=\"image\/jpeg\" \/>\n<meta name=\"twitter:card\" content=\"summary_large_image\" \/>\n<script type=\"application\/ld+json\" class=\"yoast-schema-graph\">{\"@context\":\"https:\/\/schema.org\",\"@graph\":[{\"@type\":\"WebPage\",\"@id\":\"https:\/\/product-guide.org\/en\/produkt\/viaman-penispumpe-vakuumpumpe-fur-manner-mit-erektionsproblemen\/\",\"url\":\"https:\/\/product-guide.org\/en\/produkt\/viaman-penispumpe-vakuumpumpe-fur-manner-mit-erektionsproblemen\/\",\"name\":\"Viaman Penispumpe, Vakuumpumpe - F\u00fcr M\u00e4nner mit Erektionsproblemen | Product-Guide.org\",\"isPartOf\":{\"@id\":\"https:\/\/product-guide.org\/#website\"},\"primaryImageOfPage\":{\"@id\":\"https:\/\/product-guide.org\/en\/produkt\/viaman-penispumpe-vakuumpumpe-fur-manner-mit-erektionsproblemen\/#primaryimage\"},\"image\":{\"@id\":\"https:\/\/product-guide.org\/en\/produkt\/viaman-penispumpe-vakuumpumpe-fur-manner-mit-erektionsproblemen\/#primaryimage\"},\"thumbnailUrl\":\"\",\"datePublished\":\"2023-01-05T13:30:32+00:00\",\"dateModified\":\"2023-01-05T13:30:44+00:00\",\"description\":\"Viaman Penispumpe, Vakuumpumpe - F\u00fcr M\u00e4nner mit Erektionsproblemen gefunden von Product-Guide.org\",\"breadcrumb\":{\"@id\":\"https:\/\/product-guide.org\/en\/produkt\/viaman-penispumpe-vakuumpumpe-fur-manner-mit-erektionsproblemen\/#breadcrumb\"},\"inLanguage\":\"en-GB\",\"potentialAction\":[{\"@type\":\"ReadAction\",\"target\":[\"https:\/\/product-guide.org\/en\/produkt\/viaman-penispumpe-vakuumpumpe-fur-manner-mit-erektionsproblemen\/\"]}]},{\"@type\":\"ImageObject\",\"inLanguage\":\"en-GB\",\"@id\":\"https:\/\/product-guide.org\/en\/produkt\/viaman-penispumpe-vakuumpumpe-fur-manner-mit-erektionsproblemen\/#primaryimage\",\"url\":\"\",\"contentUrl\":\"\",\"width\":200,\"height\":200},{\"@type\":\"BreadcrumbList\",\"@id\":\"https:\/\/product-guide.org\/en\/produkt\/viaman-penispumpe-vakuumpumpe-fur-manner-mit-erektionsproblemen\/#breadcrumb\",\"itemListElement\":[{\"@type\":\"ListItem\",\"position\":1,\"name\":\"Home\",\"item\":\"https:\/\/product-guide.org\/\"},{\"@type\":\"ListItem\",\"position\":2,\"name\":\"Ergebnisse\",\"item\":\"https:\/\/product-guide.org\/de\/ergebnisse\/\"},{\"@type\":\"ListItem\",\"position\":3,\"name\":\"Viaman Penispumpe, Vakuumpumpe &#8211; F\u00fcr M\u00e4nner mit Erektionsproblemen\"}]},{\"@type\":\"WebSite\",\"@id\":\"https:\/\/product-guide.org\/#website\",\"url\":\"https:\/\/product-guide.org\/\",\"name\":\"Product-Guide.org\",\"description\":\"What Product are you looking for?\",\"publisher\":{\"@id\":\"https:\/\/product-guide.org\/#organization\"},\"potentialAction\":[{\"@type\":\"SearchAction\",\"target\":{\"@type\":\"EntryPoint\",\"urlTemplate\":\"https:\/\/product-guide.org\/?s={search_term_string}\"},\"query-input\":{\"@type\":\"PropertyValueSpecification\",\"valueRequired\":true,\"valueName\":\"search_term_string\"}}],\"inLanguage\":\"en-GB\"},{\"@type\":\"Organization\",\"@id\":\"https:\/\/product-guide.org\/#organization\",\"name\":\"Product-Guide.org\",\"url\":\"https:\/\/product-guide.org\/\",\"logo\":{\"@type\":\"ImageObject\",\"inLanguage\":\"en-GB\",\"@id\":\"https:\/\/product-guide.org\/#\/schema\/logo\/image\/\",\"url\":\"https:\/\/product-guide.org\/wp-content\/uploads\/2022\/07\/logo_transparent_background.png\",\"contentUrl\":\"https:\/\/product-guide.org\/wp-content\/uploads\/2022\/07\/logo_transparent_background.png\",\"width\":3400,\"height\":1132,\"caption\":\"Product-Guide.org\"},\"image\":{\"@id\":\"https:\/\/product-guide.org\/#\/schema\/logo\/image\/\"}}]}<\/script>\n<!-- \/ Yoast SEO plugin. -->","yoast_head_json":{"title":"Viaman Penispumpe, Vakuumpumpe - F\u00fcr M\u00e4nner mit Erektionsproblemen | Product-Guide.org","description":"Viaman Penispumpe, Vakuumpumpe - F\u00fcr M\u00e4nner mit Erektionsproblemen gefunden von Product-Guide.org","robots":{"index":"index","follow":"follow","max-snippet":"max-snippet:-1","max-image-preview":"max-image-preview:large","max-video-preview":"max-video-preview:-1"},"canonical":"https:\/\/product-guide.org\/en\/produkt\/viaman-penispumpe-vakuumpumpe-fur-manner-mit-erektionsproblemen\/","og_locale":"en_GB","og_type":"article","og_title":"Viaman Penispumpe, Vakuumpumpe - F\u00fcr M\u00e4nner mit Erektionsproblemen | Product-Guide.org","og_description":"Viaman Penispumpe, Vakuumpumpe - F\u00fcr M\u00e4nner mit Erektionsproblemen gefunden von Product-Guide.org","og_url":"https:\/\/product-guide.org\/en\/produkt\/viaman-penispumpe-vakuumpumpe-fur-manner-mit-erektionsproblemen\/","og_site_name":"Product-Guide.org","article_modified_time":"2023-01-05T13:30:44+00:00","og_image":[{"width":200,"height":200,"url":"https:\/\/product-guide.org\/wp-content\/uploads\/2023\/01\/unnamed-file-557.jpeg","type":"image\/jpeg"}],"twitter_card":"summary_large_image","schema":{"@context":"https:\/\/schema.org","@graph":[{"@type":"WebPage","@id":"https:\/\/product-guide.org\/en\/produkt\/viaman-penispumpe-vakuumpumpe-fur-manner-mit-erektionsproblemen\/","url":"https:\/\/product-guide.org\/en\/produkt\/viaman-penispumpe-vakuumpumpe-fur-manner-mit-erektionsproblemen\/","name":"Viaman Penispumpe, Vakuumpumpe - F\u00fcr M\u00e4nner mit Erektionsproblemen | Product-Guide.org","isPartOf":{"@id":"https:\/\/product-guide.org\/#website"},"primaryImageOfPage":{"@id":"https:\/\/product-guide.org\/en\/produkt\/viaman-penispumpe-vakuumpumpe-fur-manner-mit-erektionsproblemen\/#primaryimage"},"image":{"@id":"https:\/\/product-guide.org\/en\/produkt\/viaman-penispumpe-vakuumpumpe-fur-manner-mit-erektionsproblemen\/#primaryimage"},"thumbnailUrl":"","datePublished":"2023-01-05T13:30:32+00:00","dateModified":"2023-01-05T13:30:44+00:00","description":"Viaman Penispumpe, Vakuumpumpe - F\u00fcr M\u00e4nner mit Erektionsproblemen gefunden von Product-Guide.org","breadcrumb":{"@id":"https:\/\/product-guide.org\/en\/produkt\/viaman-penispumpe-vakuumpumpe-fur-manner-mit-erektionsproblemen\/#breadcrumb"},"inLanguage":"en-GB","potentialAction":[{"@type":"ReadAction","target":["https:\/\/product-guide.org\/en\/produkt\/viaman-penispumpe-vakuumpumpe-fur-manner-mit-erektionsproblemen\/"]}]},{"@type":"ImageObject","inLanguage":"en-GB","@id":"https:\/\/product-guide.org\/en\/produkt\/viaman-penispumpe-vakuumpumpe-fur-manner-mit-erektionsproblemen\/#primaryimage","url":"","contentUrl":"","width":200,"height":200},{"@type":"BreadcrumbList","@id":"https:\/\/product-guide.org\/en\/produkt\/viaman-penispumpe-vakuumpumpe-fur-manner-mit-erektionsproblemen\/#breadcrumb","itemListElement":[{"@type":"ListItem","position":1,"name":"Home","item":"https:\/\/product-guide.org\/"},{"@type":"ListItem","position":2,"name":"Ergebnisse","item":"https:\/\/product-guide.org\/de\/ergebnisse\/"},{"@type":"ListItem","position":3,"name":"Viaman Penispumpe, Vakuumpumpe &#8211; F\u00fcr M\u00e4nner mit Erektionsproblemen"}]},{"@type":"WebSite","@id":"https:\/\/product-guide.org\/#website","url":"https:\/\/product-guide.org\/","name":"Product-Guide.org","description":"What Product are you looking for?","publisher":{"@id":"https:\/\/product-guide.org\/#organization"},"potentialAction":[{"@type":"SearchAction","target":{"@type":"EntryPoint","urlTemplate":"https:\/\/product-guide.org\/?s={search_term_string}"},"query-input":{"@type":"PropertyValueSpecification","valueRequired":true,"valueName":"search_term_string"}}],"inLanguage":"en-GB"},{"@type":"Organization","@id":"https:\/\/product-guide.org\/#organization","name":"Product-Guide.org","url":"https:\/\/product-guide.org\/","logo":{"@type":"ImageObject","inLanguage":"en-GB","@id":"https:\/\/product-guide.org\/#\/schema\/logo\/image\/","url":"https:\/\/product-guide.org\/wp-content\/uploads\/2022\/07\/logo_transparent_background.png","contentUrl":"https:\/\/product-guide.org\/wp-content\/uploads\/2022\/07\/logo_transparent_background.png","width":3400,"height":1132,"caption":"Product-Guide.org"},"image":{"@id":"https:\/\/product-guide.org\/#\/schema\/logo\/image\/"}}]}},"_links":{"self":[{"href":"https:\/\/product-guide.org\/en\/wp-json\/wp\/v2\/product\/24482","targetHints":{"allow":["GET"]}}],"collection":[{"href":"https:\/\/product-guide.org\/en\/wp-json\/wp\/v2\/product"}],"about":[{"href":"https:\/\/product-guide.org\/en\/wp-json\/wp\/v2\/types\/product"}],"wp:featuredmedia":[{"embeddable":true,"href":"https:\/\/product-guide.org\/en\/wp-json\/"}],"wp:attachment":[{"href":"https:\/\/product-guide.org\/en\/wp-json\/wp\/v2\/media?parent=24482"}],"wp:term":[{"taxonomy":"store","embeddable":true,"href":"https:\/\/product-guide.org\/en\/wp-json\/wp\/v2\/store?post=24482"},{"taxonomy":"product_brand","embeddable":true,"href":"https:\/\/product-guide.org\/en\/wp-json\/wp\/v2\/product_brand?post=24482"},{"taxonomy":"product_cat","embeddable":true,"href":"https:\/\/product-guide.org\/en\/wp-json\/wp\/v2\/product_cat?post=24482"},{"taxonomy":"product_tag","embeddable":true,"href":"https:\/\/product-guide.org\/en\/wp-json\/wp\/v2\/product_tag?post=24482"}],"curies":[{"name":"wp","href":"https:\/\/api.w.org\/{rel}","templated":true}]}}