{"id":24496,"date":"2023-01-05T14:30:32","date_gmt":"2023-01-05T13:30:32","guid":{"rendered":"https:\/\/product-guide.org\/produkt\/viaman-volume-60-kapseln-spermavolumen-und-spermienqualitat-verbessern-2-monats-packung-fur-mehr-sperma\/"},"modified":"2023-01-05T14:30:54","modified_gmt":"2023-01-05T13:30:54","slug":"viaman-volume-60-kapseln-spermavolumen-und-spermienqualitat-verbessern-2-monats-packung-fur-mehr-sperma","status":"publish","type":"product","link":"https:\/\/product-guide.org\/en\/produkt\/viaman-volume-60-kapseln-spermavolumen-und-spermienqualitat-verbessern-2-monats-packung-fur-mehr-sperma\/","title":{"rendered":"Viaman Volume &#8211; 60 Kapseln &#8211; Spermavolumen und Spermienqualit\u00e4t verbessern &#8211; 2-Monats Packung f\u00fcr mehr Sperma"},"content":{"rendered":"<p>Viaman Volume ist ein nat\u00fcrliches Produkt, das speziell f\u00fcr die Vergr\u00f6\u00dferung des Spermavolumens entwickelt wurde. Die Kapseln unterst\u00fctzen die Bed\u00fcrfnisse des Mannes und regen die reproduktiven Zellen an. Sie beinhalten Zink und Selen und beide Mineralstoffe werden \u2013 aufgrund ihrer positiven Auswirkung auf die Sperma\u00adtogenese, die Manneskraft und f\u00fcr eine gute Stamina \u2013 gerne in Potenz\u00admitteln verwendet.<\/p>\n","protected":false},"excerpt":{"rendered":"<p>Viaman Volume ist ein nat\u00fcrliches Produkt, das speziell f\u00fcr die Vergr\u00f6\u00dferung des Spermavolumens entwickelt wurde. Die Kapseln unterst\u00fctzen die Bed\u00fcrfnisse des Mannes und regen die reproduktiven Zellen an. Sie beinhalten Zink und Selen und beide Mineralstoffe werden \u2013 aufgrund ihrer positiven Auswirkung auf die Sperma\u00adtogenese, die Manneskraft und f\u00fcr eine gute Stamina \u2013 gerne in [&hellip;]<\/p>\n","protected":false},"featured_media":24497,"template":"","meta":{"_gspb_post_css":""},"store":[765],"product_brand":[],"product_cat":[758],"product_tag":[],"class_list":{"0":"post-24496","1":"product","2":"type-product","3":"status-publish","4":"has-post-thumbnail","6":"store-viaman","7":"product_cat-health","8":"pa_merchant-shytobuy-de","10":"first","11":"instock","12":"product-type-external"},"yoast_head":"<!-- This site is optimized with the Yoast SEO plugin v24.6 - https:\/\/yoast.com\/wordpress\/plugins\/seo\/ -->\n<title>Viaman Volume - 60 Kapseln - Spermavolumen und Spermienqualit\u00e4t verbessern - 2-Monats Packung f\u00fcr mehr Sperma | Product-Guide.org<\/title>\n<meta name=\"description\" content=\"Viaman Volume - 60 Kapseln - Spermavolumen und Spermienqualit\u00e4t verbessern - 2-Monats Packung f\u00fcr mehr Sperma gefunden von Product-Guide.org\" \/>\n<meta name=\"robots\" content=\"index, follow, max-snippet:-1, max-image-preview:large, max-video-preview:-1\" \/>\n<link rel=\"canonical\" href=\"https:\/\/product-guide.org\/en\/produkt\/viaman-volume-60-kapseln-spermavolumen-und-spermienqualitat-verbessern-2-monats-packung-fur-mehr-sperma\/\" \/>\n<meta property=\"og:locale\" content=\"en_GB\" \/>\n<meta property=\"og:type\" content=\"article\" \/>\n<meta property=\"og:title\" content=\"Viaman Volume - 60 Kapseln - Spermavolumen und Spermienqualit\u00e4t verbessern - 2-Monats Packung f\u00fcr mehr Sperma | Product-Guide.org\" \/>\n<meta property=\"og:description\" content=\"Viaman Volume - 60 Kapseln - Spermavolumen und Spermienqualit\u00e4t verbessern - 2-Monats Packung f\u00fcr mehr Sperma gefunden von Product-Guide.org\" \/>\n<meta property=\"og:url\" content=\"https:\/\/product-guide.org\/en\/produkt\/viaman-volume-60-kapseln-spermavolumen-und-spermienqualitat-verbessern-2-monats-packung-fur-mehr-sperma\/\" \/>\n<meta property=\"og:site_name\" content=\"Product-Guide.org\" \/>\n<meta property=\"article:modified_time\" content=\"2023-01-05T13:30:54+00:00\" \/>\n<meta property=\"og:image\" content=\"https:\/\/product-guide.org\/wp-content\/uploads\/2023\/01\/unnamed-file-564.jpeg\" \/>\n\t<meta property=\"og:image:width\" content=\"200\" \/>\n\t<meta property=\"og:image:height\" content=\"200\" \/>\n\t<meta property=\"og:image:type\" content=\"image\/jpeg\" \/>\n<meta name=\"twitter:card\" content=\"summary_large_image\" \/>\n<script type=\"application\/ld+json\" class=\"yoast-schema-graph\">{\"@context\":\"https:\/\/schema.org\",\"@graph\":[{\"@type\":\"WebPage\",\"@id\":\"https:\/\/product-guide.org\/en\/produkt\/viaman-volume-60-kapseln-spermavolumen-und-spermienqualitat-verbessern-2-monats-packung-fur-mehr-sperma\/\",\"url\":\"https:\/\/product-guide.org\/en\/produkt\/viaman-volume-60-kapseln-spermavolumen-und-spermienqualitat-verbessern-2-monats-packung-fur-mehr-sperma\/\",\"name\":\"Viaman Volume - 60 Kapseln - Spermavolumen und Spermienqualit\u00e4t verbessern - 2-Monats Packung f\u00fcr mehr Sperma | Product-Guide.org\",\"isPartOf\":{\"@id\":\"https:\/\/product-guide.org\/#website\"},\"primaryImageOfPage\":{\"@id\":\"https:\/\/product-guide.org\/en\/produkt\/viaman-volume-60-kapseln-spermavolumen-und-spermienqualitat-verbessern-2-monats-packung-fur-mehr-sperma\/#primaryimage\"},\"image\":{\"@id\":\"https:\/\/product-guide.org\/en\/produkt\/viaman-volume-60-kapseln-spermavolumen-und-spermienqualitat-verbessern-2-monats-packung-fur-mehr-sperma\/#primaryimage\"},\"thumbnailUrl\":\"\",\"datePublished\":\"2023-01-05T13:30:32+00:00\",\"dateModified\":\"2023-01-05T13:30:54+00:00\",\"description\":\"Viaman Volume - 60 Kapseln - Spermavolumen und Spermienqualit\u00e4t verbessern - 2-Monats Packung f\u00fcr mehr Sperma gefunden von Product-Guide.org\",\"breadcrumb\":{\"@id\":\"https:\/\/product-guide.org\/en\/produkt\/viaman-volume-60-kapseln-spermavolumen-und-spermienqualitat-verbessern-2-monats-packung-fur-mehr-sperma\/#breadcrumb\"},\"inLanguage\":\"en-GB\",\"potentialAction\":[{\"@type\":\"ReadAction\",\"target\":[\"https:\/\/product-guide.org\/en\/produkt\/viaman-volume-60-kapseln-spermavolumen-und-spermienqualitat-verbessern-2-monats-packung-fur-mehr-sperma\/\"]}]},{\"@type\":\"ImageObject\",\"inLanguage\":\"en-GB\",\"@id\":\"https:\/\/product-guide.org\/en\/produkt\/viaman-volume-60-kapseln-spermavolumen-und-spermienqualitat-verbessern-2-monats-packung-fur-mehr-sperma\/#primaryimage\",\"url\":\"\",\"contentUrl\":\"\",\"width\":200,\"height\":200},{\"@type\":\"BreadcrumbList\",\"@id\":\"https:\/\/product-guide.org\/en\/produkt\/viaman-volume-60-kapseln-spermavolumen-und-spermienqualitat-verbessern-2-monats-packung-fur-mehr-sperma\/#breadcrumb\",\"itemListElement\":[{\"@type\":\"ListItem\",\"position\":1,\"name\":\"Home\",\"item\":\"https:\/\/product-guide.org\/\"},{\"@type\":\"ListItem\",\"position\":2,\"name\":\"Ergebnisse\",\"item\":\"https:\/\/product-guide.org\/de\/ergebnisse\/\"},{\"@type\":\"ListItem\",\"position\":3,\"name\":\"Viaman Volume &#8211; 60 Kapseln &#8211; Spermavolumen und Spermienqualit\u00e4t verbessern &#8211; 2-Monats Packung f\u00fcr mehr Sperma\"}]},{\"@type\":\"WebSite\",\"@id\":\"https:\/\/product-guide.org\/#website\",\"url\":\"https:\/\/product-guide.org\/\",\"name\":\"Product-Guide.org\",\"description\":\"What Product are you looking for?\",\"publisher\":{\"@id\":\"https:\/\/product-guide.org\/#organization\"},\"potentialAction\":[{\"@type\":\"SearchAction\",\"target\":{\"@type\":\"EntryPoint\",\"urlTemplate\":\"https:\/\/product-guide.org\/?s={search_term_string}\"},\"query-input\":{\"@type\":\"PropertyValueSpecification\",\"valueRequired\":true,\"valueName\":\"search_term_string\"}}],\"inLanguage\":\"en-GB\"},{\"@type\":\"Organization\",\"@id\":\"https:\/\/product-guide.org\/#organization\",\"name\":\"Product-Guide.org\",\"url\":\"https:\/\/product-guide.org\/\",\"logo\":{\"@type\":\"ImageObject\",\"inLanguage\":\"en-GB\",\"@id\":\"https:\/\/product-guide.org\/#\/schema\/logo\/image\/\",\"url\":\"https:\/\/product-guide.org\/wp-content\/uploads\/2022\/07\/logo_transparent_background.png\",\"contentUrl\":\"https:\/\/product-guide.org\/wp-content\/uploads\/2022\/07\/logo_transparent_background.png\",\"width\":3400,\"height\":1132,\"caption\":\"Product-Guide.org\"},\"image\":{\"@id\":\"https:\/\/product-guide.org\/#\/schema\/logo\/image\/\"}}]}<\/script>\n<!-- \/ Yoast SEO plugin. -->","yoast_head_json":{"title":"Viaman Volume - 60 Kapseln - Spermavolumen und Spermienqualit\u00e4t verbessern - 2-Monats Packung f\u00fcr mehr Sperma | Product-Guide.org","description":"Viaman Volume - 60 Kapseln - Spermavolumen und Spermienqualit\u00e4t verbessern - 2-Monats Packung f\u00fcr mehr Sperma gefunden von Product-Guide.org","robots":{"index":"index","follow":"follow","max-snippet":"max-snippet:-1","max-image-preview":"max-image-preview:large","max-video-preview":"max-video-preview:-1"},"canonical":"https:\/\/product-guide.org\/en\/produkt\/viaman-volume-60-kapseln-spermavolumen-und-spermienqualitat-verbessern-2-monats-packung-fur-mehr-sperma\/","og_locale":"en_GB","og_type":"article","og_title":"Viaman Volume - 60 Kapseln - Spermavolumen und Spermienqualit\u00e4t verbessern - 2-Monats Packung f\u00fcr mehr Sperma | Product-Guide.org","og_description":"Viaman Volume - 60 Kapseln - Spermavolumen und Spermienqualit\u00e4t verbessern - 2-Monats Packung f\u00fcr mehr Sperma gefunden von Product-Guide.org","og_url":"https:\/\/product-guide.org\/en\/produkt\/viaman-volume-60-kapseln-spermavolumen-und-spermienqualitat-verbessern-2-monats-packung-fur-mehr-sperma\/","og_site_name":"Product-Guide.org","article_modified_time":"2023-01-05T13:30:54+00:00","og_image":[{"width":200,"height":200,"url":"https:\/\/product-guide.org\/wp-content\/uploads\/2023\/01\/unnamed-file-564.jpeg","type":"image\/jpeg"}],"twitter_card":"summary_large_image","schema":{"@context":"https:\/\/schema.org","@graph":[{"@type":"WebPage","@id":"https:\/\/product-guide.org\/en\/produkt\/viaman-volume-60-kapseln-spermavolumen-und-spermienqualitat-verbessern-2-monats-packung-fur-mehr-sperma\/","url":"https:\/\/product-guide.org\/en\/produkt\/viaman-volume-60-kapseln-spermavolumen-und-spermienqualitat-verbessern-2-monats-packung-fur-mehr-sperma\/","name":"Viaman Volume - 60 Kapseln - Spermavolumen und Spermienqualit\u00e4t verbessern - 2-Monats Packung f\u00fcr mehr Sperma | Product-Guide.org","isPartOf":{"@id":"https:\/\/product-guide.org\/#website"},"primaryImageOfPage":{"@id":"https:\/\/product-guide.org\/en\/produkt\/viaman-volume-60-kapseln-spermavolumen-und-spermienqualitat-verbessern-2-monats-packung-fur-mehr-sperma\/#primaryimage"},"image":{"@id":"https:\/\/product-guide.org\/en\/produkt\/viaman-volume-60-kapseln-spermavolumen-und-spermienqualitat-verbessern-2-monats-packung-fur-mehr-sperma\/#primaryimage"},"thumbnailUrl":"","datePublished":"2023-01-05T13:30:32+00:00","dateModified":"2023-01-05T13:30:54+00:00","description":"Viaman Volume - 60 Kapseln - Spermavolumen und Spermienqualit\u00e4t verbessern - 2-Monats Packung f\u00fcr mehr Sperma gefunden von Product-Guide.org","breadcrumb":{"@id":"https:\/\/product-guide.org\/en\/produkt\/viaman-volume-60-kapseln-spermavolumen-und-spermienqualitat-verbessern-2-monats-packung-fur-mehr-sperma\/#breadcrumb"},"inLanguage":"en-GB","potentialAction":[{"@type":"ReadAction","target":["https:\/\/product-guide.org\/en\/produkt\/viaman-volume-60-kapseln-spermavolumen-und-spermienqualitat-verbessern-2-monats-packung-fur-mehr-sperma\/"]}]},{"@type":"ImageObject","inLanguage":"en-GB","@id":"https:\/\/product-guide.org\/en\/produkt\/viaman-volume-60-kapseln-spermavolumen-und-spermienqualitat-verbessern-2-monats-packung-fur-mehr-sperma\/#primaryimage","url":"","contentUrl":"","width":200,"height":200},{"@type":"BreadcrumbList","@id":"https:\/\/product-guide.org\/en\/produkt\/viaman-volume-60-kapseln-spermavolumen-und-spermienqualitat-verbessern-2-monats-packung-fur-mehr-sperma\/#breadcrumb","itemListElement":[{"@type":"ListItem","position":1,"name":"Home","item":"https:\/\/product-guide.org\/"},{"@type":"ListItem","position":2,"name":"Ergebnisse","item":"https:\/\/product-guide.org\/de\/ergebnisse\/"},{"@type":"ListItem","position":3,"name":"Viaman Volume &#8211; 60 Kapseln &#8211; Spermavolumen und Spermienqualit\u00e4t verbessern &#8211; 2-Monats Packung f\u00fcr mehr Sperma"}]},{"@type":"WebSite","@id":"https:\/\/product-guide.org\/#website","url":"https:\/\/product-guide.org\/","name":"Product-Guide.org","description":"What Product are you looking for?","publisher":{"@id":"https:\/\/product-guide.org\/#organization"},"potentialAction":[{"@type":"SearchAction","target":{"@type":"EntryPoint","urlTemplate":"https:\/\/product-guide.org\/?s={search_term_string}"},"query-input":{"@type":"PropertyValueSpecification","valueRequired":true,"valueName":"search_term_string"}}],"inLanguage":"en-GB"},{"@type":"Organization","@id":"https:\/\/product-guide.org\/#organization","name":"Product-Guide.org","url":"https:\/\/product-guide.org\/","logo":{"@type":"ImageObject","inLanguage":"en-GB","@id":"https:\/\/product-guide.org\/#\/schema\/logo\/image\/","url":"https:\/\/product-guide.org\/wp-content\/uploads\/2022\/07\/logo_transparent_background.png","contentUrl":"https:\/\/product-guide.org\/wp-content\/uploads\/2022\/07\/logo_transparent_background.png","width":3400,"height":1132,"caption":"Product-Guide.org"},"image":{"@id":"https:\/\/product-guide.org\/#\/schema\/logo\/image\/"}}]}},"_links":{"self":[{"href":"https:\/\/product-guide.org\/en\/wp-json\/wp\/v2\/product\/24496","targetHints":{"allow":["GET"]}}],"collection":[{"href":"https:\/\/product-guide.org\/en\/wp-json\/wp\/v2\/product"}],"about":[{"href":"https:\/\/product-guide.org\/en\/wp-json\/wp\/v2\/types\/product"}],"wp:featuredmedia":[{"embeddable":true,"href":"https:\/\/product-guide.org\/en\/wp-json\/"}],"wp:attachment":[{"href":"https:\/\/product-guide.org\/en\/wp-json\/wp\/v2\/media?parent=24496"}],"wp:term":[{"taxonomy":"store","embeddable":true,"href":"https:\/\/product-guide.org\/en\/wp-json\/wp\/v2\/store?post=24496"},{"taxonomy":"product_brand","embeddable":true,"href":"https:\/\/product-guide.org\/en\/wp-json\/wp\/v2\/product_brand?post=24496"},{"taxonomy":"product_cat","embeddable":true,"href":"https:\/\/product-guide.org\/en\/wp-json\/wp\/v2\/product_cat?post=24496"},{"taxonomy":"product_tag","embeddable":true,"href":"https:\/\/product-guide.org\/en\/wp-json\/wp\/v2\/product_tag?post=24496"}],"curies":[{"name":"wp","href":"https:\/\/api.w.org\/{rel}","templated":true}]}}