{"id":24949,"date":"2023-01-05T14:38:15","date_gmt":"2023-01-05T13:38:15","guid":{"rendered":"https:\/\/product-guide.org\/produkt\/glove-brooks-fusion-midweight-black-yellow-white-size-s\/"},"modified":"2023-01-05T14:38:28","modified_gmt":"2023-01-05T13:38:28","slug":"glove-brooks-fusion-midweight-black-yellow-white-size-s","status":"publish","type":"product","link":"https:\/\/product-guide.org\/en\/produkt\/glove-brooks-fusion-midweight-black-yellow-white-size-s\/","title":{"rendered":"Glove Brooks Fusion Midweight Black Yellow White, Size S"},"content":{"rendered":"<p>Ligeros guantes para correr que cortan el fr\u00edo<br \/>\n \u00bfSe acerca el fr\u00edo? Estos ligeros guantes para correr cortan el fr\u00edo con una cobertura transpirable pero c\u00e1lida. Adem\u00e1s, una inserci\u00f3n de malla en la palma de la mano ofrece ventilaci\u00f3n una vez que te calientas.<\/p>\n","protected":false},"excerpt":{"rendered":"<p>Ligeros guantes para correr que cortan el fr\u00edo \u00bfSe acerca el fr\u00edo? Estos ligeros guantes para correr cortan el fr\u00edo con una cobertura transpirable pero c\u00e1lida. Adem\u00e1s, una inserci\u00f3n de malla en la palma de la mano ofrece ventilaci\u00f3n una vez que te calientas.<\/p>\n","protected":false},"featured_media":24950,"template":"","meta":{"_gspb_post_css":""},"store":[803],"product_brand":[],"product_cat":[802],"product_tag":[],"class_list":{"0":"post-24949","1":"product","2":"type-product","3":"status-publish","4":"has-post-thumbnail","6":"store-brooks","7":"product_cat-other-sports","8":"pa_merchant-365rider-es","10":"first","11":"instock","12":"product-type-external"},"yoast_head":"<!-- This site is optimized with the Yoast SEO plugin v24.6 - https:\/\/yoast.com\/wordpress\/plugins\/seo\/ -->\n<title>Glove Brooks Fusion Midweight Black Yellow White, Size S | Product-Guide.org<\/title>\n<meta name=\"description\" content=\"Glove Brooks Fusion Midweight Black Yellow White, Size S gefunden von Product-Guide.org\" \/>\n<meta name=\"robots\" content=\"index, follow, max-snippet:-1, max-image-preview:large, max-video-preview:-1\" \/>\n<link rel=\"canonical\" href=\"https:\/\/product-guide.org\/en\/produkt\/glove-brooks-fusion-midweight-black-yellow-white-size-s\/\" \/>\n<meta property=\"og:locale\" content=\"en_GB\" \/>\n<meta property=\"og:type\" content=\"article\" \/>\n<meta property=\"og:title\" content=\"Glove Brooks Fusion Midweight Black Yellow White, Size S | Product-Guide.org\" \/>\n<meta property=\"og:description\" content=\"Glove Brooks Fusion Midweight Black Yellow White, Size S gefunden von Product-Guide.org\" \/>\n<meta property=\"og:url\" content=\"https:\/\/product-guide.org\/en\/produkt\/glove-brooks-fusion-midweight-black-yellow-white-size-s\/\" \/>\n<meta property=\"og:site_name\" content=\"Product-Guide.org\" \/>\n<meta property=\"article:modified_time\" content=\"2023-01-05T13:38:28+00:00\" \/>\n<meta property=\"og:image\" content=\"https:\/\/product-guide.org\/wp-content\/uploads\/2023\/01\/unnamed-file-388.png\" \/>\n\t<meta property=\"og:image:width\" content=\"200\" \/>\n\t<meta property=\"og:image:height\" content=\"200\" \/>\n\t<meta property=\"og:image:type\" content=\"image\/png\" \/>\n<meta name=\"twitter:card\" content=\"summary_large_image\" \/>\n<script type=\"application\/ld+json\" class=\"yoast-schema-graph\">{\"@context\":\"https:\/\/schema.org\",\"@graph\":[{\"@type\":\"WebPage\",\"@id\":\"https:\/\/product-guide.org\/en\/produkt\/glove-brooks-fusion-midweight-black-yellow-white-size-s\/\",\"url\":\"https:\/\/product-guide.org\/en\/produkt\/glove-brooks-fusion-midweight-black-yellow-white-size-s\/\",\"name\":\"Glove Brooks Fusion Midweight Black Yellow White, Size S | Product-Guide.org\",\"isPartOf\":{\"@id\":\"https:\/\/product-guide.org\/#website\"},\"primaryImageOfPage\":{\"@id\":\"https:\/\/product-guide.org\/en\/produkt\/glove-brooks-fusion-midweight-black-yellow-white-size-s\/#primaryimage\"},\"image\":{\"@id\":\"https:\/\/product-guide.org\/en\/produkt\/glove-brooks-fusion-midweight-black-yellow-white-size-s\/#primaryimage\"},\"thumbnailUrl\":\"\",\"datePublished\":\"2023-01-05T13:38:15+00:00\",\"dateModified\":\"2023-01-05T13:38:28+00:00\",\"description\":\"Glove Brooks Fusion Midweight Black Yellow White, Size S gefunden von Product-Guide.org\",\"breadcrumb\":{\"@id\":\"https:\/\/product-guide.org\/en\/produkt\/glove-brooks-fusion-midweight-black-yellow-white-size-s\/#breadcrumb\"},\"inLanguage\":\"en-GB\",\"potentialAction\":[{\"@type\":\"ReadAction\",\"target\":[\"https:\/\/product-guide.org\/en\/produkt\/glove-brooks-fusion-midweight-black-yellow-white-size-s\/\"]}]},{\"@type\":\"ImageObject\",\"inLanguage\":\"en-GB\",\"@id\":\"https:\/\/product-guide.org\/en\/produkt\/glove-brooks-fusion-midweight-black-yellow-white-size-s\/#primaryimage\",\"url\":\"\",\"contentUrl\":\"\",\"width\":200,\"height\":200},{\"@type\":\"BreadcrumbList\",\"@id\":\"https:\/\/product-guide.org\/en\/produkt\/glove-brooks-fusion-midweight-black-yellow-white-size-s\/#breadcrumb\",\"itemListElement\":[{\"@type\":\"ListItem\",\"position\":1,\"name\":\"Home\",\"item\":\"https:\/\/product-guide.org\/\"},{\"@type\":\"ListItem\",\"position\":2,\"name\":\"Ergebnisse\",\"item\":\"https:\/\/product-guide.org\/de\/ergebnisse\/\"},{\"@type\":\"ListItem\",\"position\":3,\"name\":\"Glove Brooks Fusion Midweight Black Yellow White, Size S\"}]},{\"@type\":\"WebSite\",\"@id\":\"https:\/\/product-guide.org\/#website\",\"url\":\"https:\/\/product-guide.org\/\",\"name\":\"Product-Guide.org\",\"description\":\"What Product are you looking for?\",\"publisher\":{\"@id\":\"https:\/\/product-guide.org\/#organization\"},\"potentialAction\":[{\"@type\":\"SearchAction\",\"target\":{\"@type\":\"EntryPoint\",\"urlTemplate\":\"https:\/\/product-guide.org\/?s={search_term_string}\"},\"query-input\":{\"@type\":\"PropertyValueSpecification\",\"valueRequired\":true,\"valueName\":\"search_term_string\"}}],\"inLanguage\":\"en-GB\"},{\"@type\":\"Organization\",\"@id\":\"https:\/\/product-guide.org\/#organization\",\"name\":\"Product-Guide.org\",\"url\":\"https:\/\/product-guide.org\/\",\"logo\":{\"@type\":\"ImageObject\",\"inLanguage\":\"en-GB\",\"@id\":\"https:\/\/product-guide.org\/#\/schema\/logo\/image\/\",\"url\":\"https:\/\/product-guide.org\/wp-content\/uploads\/2022\/07\/logo_transparent_background.png\",\"contentUrl\":\"https:\/\/product-guide.org\/wp-content\/uploads\/2022\/07\/logo_transparent_background.png\",\"width\":3400,\"height\":1132,\"caption\":\"Product-Guide.org\"},\"image\":{\"@id\":\"https:\/\/product-guide.org\/#\/schema\/logo\/image\/\"}}]}<\/script>\n<!-- \/ Yoast SEO plugin. -->","yoast_head_json":{"title":"Glove Brooks Fusion Midweight Black Yellow White, Size S | Product-Guide.org","description":"Glove Brooks Fusion Midweight Black Yellow White, Size S gefunden von Product-Guide.org","robots":{"index":"index","follow":"follow","max-snippet":"max-snippet:-1","max-image-preview":"max-image-preview:large","max-video-preview":"max-video-preview:-1"},"canonical":"https:\/\/product-guide.org\/en\/produkt\/glove-brooks-fusion-midweight-black-yellow-white-size-s\/","og_locale":"en_GB","og_type":"article","og_title":"Glove Brooks Fusion Midweight Black Yellow White, Size S | Product-Guide.org","og_description":"Glove Brooks Fusion Midweight Black Yellow White, Size S gefunden von Product-Guide.org","og_url":"https:\/\/product-guide.org\/en\/produkt\/glove-brooks-fusion-midweight-black-yellow-white-size-s\/","og_site_name":"Product-Guide.org","article_modified_time":"2023-01-05T13:38:28+00:00","og_image":[{"width":200,"height":200,"url":"https:\/\/product-guide.org\/wp-content\/uploads\/2023\/01\/unnamed-file-388.png","type":"image\/png"}],"twitter_card":"summary_large_image","schema":{"@context":"https:\/\/schema.org","@graph":[{"@type":"WebPage","@id":"https:\/\/product-guide.org\/en\/produkt\/glove-brooks-fusion-midweight-black-yellow-white-size-s\/","url":"https:\/\/product-guide.org\/en\/produkt\/glove-brooks-fusion-midweight-black-yellow-white-size-s\/","name":"Glove Brooks Fusion Midweight Black Yellow White, Size S | Product-Guide.org","isPartOf":{"@id":"https:\/\/product-guide.org\/#website"},"primaryImageOfPage":{"@id":"https:\/\/product-guide.org\/en\/produkt\/glove-brooks-fusion-midweight-black-yellow-white-size-s\/#primaryimage"},"image":{"@id":"https:\/\/product-guide.org\/en\/produkt\/glove-brooks-fusion-midweight-black-yellow-white-size-s\/#primaryimage"},"thumbnailUrl":"","datePublished":"2023-01-05T13:38:15+00:00","dateModified":"2023-01-05T13:38:28+00:00","description":"Glove Brooks Fusion Midweight Black Yellow White, Size S gefunden von Product-Guide.org","breadcrumb":{"@id":"https:\/\/product-guide.org\/en\/produkt\/glove-brooks-fusion-midweight-black-yellow-white-size-s\/#breadcrumb"},"inLanguage":"en-GB","potentialAction":[{"@type":"ReadAction","target":["https:\/\/product-guide.org\/en\/produkt\/glove-brooks-fusion-midweight-black-yellow-white-size-s\/"]}]},{"@type":"ImageObject","inLanguage":"en-GB","@id":"https:\/\/product-guide.org\/en\/produkt\/glove-brooks-fusion-midweight-black-yellow-white-size-s\/#primaryimage","url":"","contentUrl":"","width":200,"height":200},{"@type":"BreadcrumbList","@id":"https:\/\/product-guide.org\/en\/produkt\/glove-brooks-fusion-midweight-black-yellow-white-size-s\/#breadcrumb","itemListElement":[{"@type":"ListItem","position":1,"name":"Home","item":"https:\/\/product-guide.org\/"},{"@type":"ListItem","position":2,"name":"Ergebnisse","item":"https:\/\/product-guide.org\/de\/ergebnisse\/"},{"@type":"ListItem","position":3,"name":"Glove Brooks Fusion Midweight Black Yellow White, Size S"}]},{"@type":"WebSite","@id":"https:\/\/product-guide.org\/#website","url":"https:\/\/product-guide.org\/","name":"Product-Guide.org","description":"What Product are you looking for?","publisher":{"@id":"https:\/\/product-guide.org\/#organization"},"potentialAction":[{"@type":"SearchAction","target":{"@type":"EntryPoint","urlTemplate":"https:\/\/product-guide.org\/?s={search_term_string}"},"query-input":{"@type":"PropertyValueSpecification","valueRequired":true,"valueName":"search_term_string"}}],"inLanguage":"en-GB"},{"@type":"Organization","@id":"https:\/\/product-guide.org\/#organization","name":"Product-Guide.org","url":"https:\/\/product-guide.org\/","logo":{"@type":"ImageObject","inLanguage":"en-GB","@id":"https:\/\/product-guide.org\/#\/schema\/logo\/image\/","url":"https:\/\/product-guide.org\/wp-content\/uploads\/2022\/07\/logo_transparent_background.png","contentUrl":"https:\/\/product-guide.org\/wp-content\/uploads\/2022\/07\/logo_transparent_background.png","width":3400,"height":1132,"caption":"Product-Guide.org"},"image":{"@id":"https:\/\/product-guide.org\/#\/schema\/logo\/image\/"}}]}},"_links":{"self":[{"href":"https:\/\/product-guide.org\/en\/wp-json\/wp\/v2\/product\/24949","targetHints":{"allow":["GET"]}}],"collection":[{"href":"https:\/\/product-guide.org\/en\/wp-json\/wp\/v2\/product"}],"about":[{"href":"https:\/\/product-guide.org\/en\/wp-json\/wp\/v2\/types\/product"}],"wp:featuredmedia":[{"embeddable":true,"href":"https:\/\/product-guide.org\/en\/wp-json\/"}],"wp:attachment":[{"href":"https:\/\/product-guide.org\/en\/wp-json\/wp\/v2\/media?parent=24949"}],"wp:term":[{"taxonomy":"store","embeddable":true,"href":"https:\/\/product-guide.org\/en\/wp-json\/wp\/v2\/store?post=24949"},{"taxonomy":"product_brand","embeddable":true,"href":"https:\/\/product-guide.org\/en\/wp-json\/wp\/v2\/product_brand?post=24949"},{"taxonomy":"product_cat","embeddable":true,"href":"https:\/\/product-guide.org\/en\/wp-json\/wp\/v2\/product_cat?post=24949"},{"taxonomy":"product_tag","embeddable":true,"href":"https:\/\/product-guide.org\/en\/wp-json\/wp\/v2\/product_tag?post=24949"}],"curies":[{"name":"wp","href":"https:\/\/api.w.org\/{rel}","templated":true}]}}