{"id":34341,"date":"2023-01-06T10:17:07","date_gmt":"2023-01-06T09:17:07","guid":{"rendered":"https:\/\/product-guide.org\/produkt\/lancome-hypnose-drama-mascara-6-5ml-01-excessive-black\/"},"modified":"2023-01-06T10:17:31","modified_gmt":"2023-01-06T09:17:31","slug":"lancome-hypnose-drama-mascara-6-5ml-01-excessive-black","status":"publish","type":"product","link":"https:\/\/product-guide.org\/en\/produkt\/lancome-hypnose-drama-mascara-6-5ml-01-excessive-black\/","title":{"rendered":"Lanc\u00f4me Hypn\u00f4se Drama Mascara 6.5ml &#8211; 01 Excessive Black"},"content":{"rendered":"<p>Achieve luscious lashes with the Lanc\u00f4me Hypn\u00f4se Drama Mascara, an amplifying mascara to curl, thicken and lengthen eyelashes. With an innovative liquid formula, the glossy mascara delivers ultimate impact and definition so you can create a look as dramatic as desired.Its curvaceous, super-sized brush allows you to layer the mascara with a clump-free finish and maximum control, whilst reaching even the tiniest lashes for extra volume and bigger, bolder results. Available in black or brown. E.N.Unique, oversized brushFull lashes contactInstant and ultimate volumeMaximum lash coating with immediate loadEvenly coats lashes from root to tipIntense, deep colourFragrance-FreeOphthalmologist TestedAllergy TestedSafe for contact lens wearers.<\/p>\n","protected":false},"excerpt":{"rendered":"<p>Achieve luscious lashes with the Lanc\u00f4me Hypn\u00f4se Drama Mascara, an amplifying mascara to curl, thicken and lengthen eyelashes. With an innovative liquid formula, the glossy mascara delivers ultimate impact and definition so you can create a look as dramatic as desired.Its curvaceous, super-sized brush allows you to layer the mascara with a clump-free finish and [&hellip;]<\/p>\n","protected":false},"featured_media":34342,"template":"","meta":{"_gspb_post_css":""},"store":[730],"product_brand":[],"product_cat":[733],"product_tag":[],"class_list":{"0":"post-34341","1":"product","2":"type-product","3":"status-publish","4":"has-post-thumbnail","6":"store-lancome","7":"product_cat-cosmetics","8":"pa_merchant-lookfantastic-international","10":"first","11":"instock","12":"product-type-external"},"yoast_head":"<!-- This site is optimized with the Yoast SEO plugin v24.6 - https:\/\/yoast.com\/wordpress\/plugins\/seo\/ -->\n<title>Lanc\u00f4me Hypn\u00f4se Drama Mascara 6.5ml - 01 Excessive Black | Product-Guide.org<\/title>\n<meta name=\"description\" content=\"Lanc\u00f4me Hypn\u00f4se Drama Mascara 6.5ml - 01 Excessive Black gefunden von Product-Guide.org\" \/>\n<meta name=\"robots\" content=\"index, follow, max-snippet:-1, max-image-preview:large, max-video-preview:-1\" \/>\n<link rel=\"canonical\" href=\"https:\/\/product-guide.org\/en\/produkt\/lancome-hypnose-drama-mascara-6-5ml-01-excessive-black\/\" \/>\n<meta property=\"og:locale\" content=\"en_GB\" \/>\n<meta property=\"og:type\" content=\"article\" \/>\n<meta property=\"og:title\" content=\"Lanc\u00f4me Hypn\u00f4se Drama Mascara 6.5ml - 01 Excessive Black | Product-Guide.org\" \/>\n<meta property=\"og:description\" content=\"Lanc\u00f4me Hypn\u00f4se Drama Mascara 6.5ml - 01 Excessive Black gefunden von Product-Guide.org\" \/>\n<meta property=\"og:url\" content=\"https:\/\/product-guide.org\/en\/produkt\/lancome-hypnose-drama-mascara-6-5ml-01-excessive-black\/\" \/>\n<meta property=\"og:site_name\" content=\"Product-Guide.org\" \/>\n<meta property=\"article:modified_time\" content=\"2023-01-06T09:17:31+00:00\" \/>\n<meta property=\"og:image\" content=\"https:\/\/product-guide.org\/wp-content\/uploads\/2023\/01\/unnamed-file-3167.jpeg\" \/>\n\t<meta property=\"og:image:width\" content=\"200\" \/>\n\t<meta property=\"og:image:height\" content=\"200\" \/>\n\t<meta property=\"og:image:type\" content=\"image\/jpeg\" \/>\n<meta name=\"twitter:card\" content=\"summary_large_image\" \/>\n<script type=\"application\/ld+json\" class=\"yoast-schema-graph\">{\"@context\":\"https:\/\/schema.org\",\"@graph\":[{\"@type\":\"WebPage\",\"@id\":\"https:\/\/product-guide.org\/en\/produkt\/lancome-hypnose-drama-mascara-6-5ml-01-excessive-black\/\",\"url\":\"https:\/\/product-guide.org\/en\/produkt\/lancome-hypnose-drama-mascara-6-5ml-01-excessive-black\/\",\"name\":\"Lanc\u00f4me Hypn\u00f4se Drama Mascara 6.5ml - 01 Excessive Black | Product-Guide.org\",\"isPartOf\":{\"@id\":\"https:\/\/product-guide.org\/#website\"},\"primaryImageOfPage\":{\"@id\":\"https:\/\/product-guide.org\/en\/produkt\/lancome-hypnose-drama-mascara-6-5ml-01-excessive-black\/#primaryimage\"},\"image\":{\"@id\":\"https:\/\/product-guide.org\/en\/produkt\/lancome-hypnose-drama-mascara-6-5ml-01-excessive-black\/#primaryimage\"},\"thumbnailUrl\":\"\",\"datePublished\":\"2023-01-06T09:17:07+00:00\",\"dateModified\":\"2023-01-06T09:17:31+00:00\",\"description\":\"Lanc\u00f4me Hypn\u00f4se Drama Mascara 6.5ml - 01 Excessive Black gefunden von Product-Guide.org\",\"breadcrumb\":{\"@id\":\"https:\/\/product-guide.org\/en\/produkt\/lancome-hypnose-drama-mascara-6-5ml-01-excessive-black\/#breadcrumb\"},\"inLanguage\":\"en-GB\",\"potentialAction\":[{\"@type\":\"ReadAction\",\"target\":[\"https:\/\/product-guide.org\/en\/produkt\/lancome-hypnose-drama-mascara-6-5ml-01-excessive-black\/\"]}]},{\"@type\":\"ImageObject\",\"inLanguage\":\"en-GB\",\"@id\":\"https:\/\/product-guide.org\/en\/produkt\/lancome-hypnose-drama-mascara-6-5ml-01-excessive-black\/#primaryimage\",\"url\":\"\",\"contentUrl\":\"\",\"width\":200,\"height\":200},{\"@type\":\"BreadcrumbList\",\"@id\":\"https:\/\/product-guide.org\/en\/produkt\/lancome-hypnose-drama-mascara-6-5ml-01-excessive-black\/#breadcrumb\",\"itemListElement\":[{\"@type\":\"ListItem\",\"position\":1,\"name\":\"Home\",\"item\":\"https:\/\/product-guide.org\/\"},{\"@type\":\"ListItem\",\"position\":2,\"name\":\"Ergebnisse\",\"item\":\"https:\/\/product-guide.org\/de\/ergebnisse\/\"},{\"@type\":\"ListItem\",\"position\":3,\"name\":\"Lanc\u00f4me Hypn\u00f4se Drama Mascara 6.5ml &#8211; 01 Excessive Black\"}]},{\"@type\":\"WebSite\",\"@id\":\"https:\/\/product-guide.org\/#website\",\"url\":\"https:\/\/product-guide.org\/\",\"name\":\"Product-Guide.org\",\"description\":\"What Product are you looking for?\",\"publisher\":{\"@id\":\"https:\/\/product-guide.org\/#organization\"},\"potentialAction\":[{\"@type\":\"SearchAction\",\"target\":{\"@type\":\"EntryPoint\",\"urlTemplate\":\"https:\/\/product-guide.org\/?s={search_term_string}\"},\"query-input\":{\"@type\":\"PropertyValueSpecification\",\"valueRequired\":true,\"valueName\":\"search_term_string\"}}],\"inLanguage\":\"en-GB\"},{\"@type\":\"Organization\",\"@id\":\"https:\/\/product-guide.org\/#organization\",\"name\":\"Product-Guide.org\",\"url\":\"https:\/\/product-guide.org\/\",\"logo\":{\"@type\":\"ImageObject\",\"inLanguage\":\"en-GB\",\"@id\":\"https:\/\/product-guide.org\/#\/schema\/logo\/image\/\",\"url\":\"https:\/\/product-guide.org\/wp-content\/uploads\/2022\/07\/logo_transparent_background.png\",\"contentUrl\":\"https:\/\/product-guide.org\/wp-content\/uploads\/2022\/07\/logo_transparent_background.png\",\"width\":3400,\"height\":1132,\"caption\":\"Product-Guide.org\"},\"image\":{\"@id\":\"https:\/\/product-guide.org\/#\/schema\/logo\/image\/\"}}]}<\/script>\n<!-- \/ Yoast SEO plugin. -->","yoast_head_json":{"title":"Lanc\u00f4me Hypn\u00f4se Drama Mascara 6.5ml - 01 Excessive Black | Product-Guide.org","description":"Lanc\u00f4me Hypn\u00f4se Drama Mascara 6.5ml - 01 Excessive Black gefunden von Product-Guide.org","robots":{"index":"index","follow":"follow","max-snippet":"max-snippet:-1","max-image-preview":"max-image-preview:large","max-video-preview":"max-video-preview:-1"},"canonical":"https:\/\/product-guide.org\/en\/produkt\/lancome-hypnose-drama-mascara-6-5ml-01-excessive-black\/","og_locale":"en_GB","og_type":"article","og_title":"Lanc\u00f4me Hypn\u00f4se Drama Mascara 6.5ml - 01 Excessive Black | Product-Guide.org","og_description":"Lanc\u00f4me Hypn\u00f4se Drama Mascara 6.5ml - 01 Excessive Black gefunden von Product-Guide.org","og_url":"https:\/\/product-guide.org\/en\/produkt\/lancome-hypnose-drama-mascara-6-5ml-01-excessive-black\/","og_site_name":"Product-Guide.org","article_modified_time":"2023-01-06T09:17:31+00:00","og_image":[{"width":200,"height":200,"url":"https:\/\/product-guide.org\/wp-content\/uploads\/2023\/01\/unnamed-file-3167.jpeg","type":"image\/jpeg"}],"twitter_card":"summary_large_image","schema":{"@context":"https:\/\/schema.org","@graph":[{"@type":"WebPage","@id":"https:\/\/product-guide.org\/en\/produkt\/lancome-hypnose-drama-mascara-6-5ml-01-excessive-black\/","url":"https:\/\/product-guide.org\/en\/produkt\/lancome-hypnose-drama-mascara-6-5ml-01-excessive-black\/","name":"Lanc\u00f4me Hypn\u00f4se Drama Mascara 6.5ml - 01 Excessive Black | Product-Guide.org","isPartOf":{"@id":"https:\/\/product-guide.org\/#website"},"primaryImageOfPage":{"@id":"https:\/\/product-guide.org\/en\/produkt\/lancome-hypnose-drama-mascara-6-5ml-01-excessive-black\/#primaryimage"},"image":{"@id":"https:\/\/product-guide.org\/en\/produkt\/lancome-hypnose-drama-mascara-6-5ml-01-excessive-black\/#primaryimage"},"thumbnailUrl":"","datePublished":"2023-01-06T09:17:07+00:00","dateModified":"2023-01-06T09:17:31+00:00","description":"Lanc\u00f4me Hypn\u00f4se Drama Mascara 6.5ml - 01 Excessive Black gefunden von Product-Guide.org","breadcrumb":{"@id":"https:\/\/product-guide.org\/en\/produkt\/lancome-hypnose-drama-mascara-6-5ml-01-excessive-black\/#breadcrumb"},"inLanguage":"en-GB","potentialAction":[{"@type":"ReadAction","target":["https:\/\/product-guide.org\/en\/produkt\/lancome-hypnose-drama-mascara-6-5ml-01-excessive-black\/"]}]},{"@type":"ImageObject","inLanguage":"en-GB","@id":"https:\/\/product-guide.org\/en\/produkt\/lancome-hypnose-drama-mascara-6-5ml-01-excessive-black\/#primaryimage","url":"","contentUrl":"","width":200,"height":200},{"@type":"BreadcrumbList","@id":"https:\/\/product-guide.org\/en\/produkt\/lancome-hypnose-drama-mascara-6-5ml-01-excessive-black\/#breadcrumb","itemListElement":[{"@type":"ListItem","position":1,"name":"Home","item":"https:\/\/product-guide.org\/"},{"@type":"ListItem","position":2,"name":"Ergebnisse","item":"https:\/\/product-guide.org\/de\/ergebnisse\/"},{"@type":"ListItem","position":3,"name":"Lanc\u00f4me Hypn\u00f4se Drama Mascara 6.5ml &#8211; 01 Excessive Black"}]},{"@type":"WebSite","@id":"https:\/\/product-guide.org\/#website","url":"https:\/\/product-guide.org\/","name":"Product-Guide.org","description":"What Product are you looking for?","publisher":{"@id":"https:\/\/product-guide.org\/#organization"},"potentialAction":[{"@type":"SearchAction","target":{"@type":"EntryPoint","urlTemplate":"https:\/\/product-guide.org\/?s={search_term_string}"},"query-input":{"@type":"PropertyValueSpecification","valueRequired":true,"valueName":"search_term_string"}}],"inLanguage":"en-GB"},{"@type":"Organization","@id":"https:\/\/product-guide.org\/#organization","name":"Product-Guide.org","url":"https:\/\/product-guide.org\/","logo":{"@type":"ImageObject","inLanguage":"en-GB","@id":"https:\/\/product-guide.org\/#\/schema\/logo\/image\/","url":"https:\/\/product-guide.org\/wp-content\/uploads\/2022\/07\/logo_transparent_background.png","contentUrl":"https:\/\/product-guide.org\/wp-content\/uploads\/2022\/07\/logo_transparent_background.png","width":3400,"height":1132,"caption":"Product-Guide.org"},"image":{"@id":"https:\/\/product-guide.org\/#\/schema\/logo\/image\/"}}]}},"_links":{"self":[{"href":"https:\/\/product-guide.org\/en\/wp-json\/wp\/v2\/product\/34341","targetHints":{"allow":["GET"]}}],"collection":[{"href":"https:\/\/product-guide.org\/en\/wp-json\/wp\/v2\/product"}],"about":[{"href":"https:\/\/product-guide.org\/en\/wp-json\/wp\/v2\/types\/product"}],"wp:featuredmedia":[{"embeddable":true,"href":"https:\/\/product-guide.org\/en\/wp-json\/"}],"wp:attachment":[{"href":"https:\/\/product-guide.org\/en\/wp-json\/wp\/v2\/media?parent=34341"}],"wp:term":[{"taxonomy":"store","embeddable":true,"href":"https:\/\/product-guide.org\/en\/wp-json\/wp\/v2\/store?post=34341"},{"taxonomy":"product_brand","embeddable":true,"href":"https:\/\/product-guide.org\/en\/wp-json\/wp\/v2\/product_brand?post=34341"},{"taxonomy":"product_cat","embeddable":true,"href":"https:\/\/product-guide.org\/en\/wp-json\/wp\/v2\/product_cat?post=34341"},{"taxonomy":"product_tag","embeddable":true,"href":"https:\/\/product-guide.org\/en\/wp-json\/wp\/v2\/product_tag?post=34341"}],"curies":[{"name":"wp","href":"https:\/\/api.w.org\/{rel}","templated":true}]}}