{"id":35083,"date":"2023-01-06T10:27:17","date_gmt":"2023-01-06T09:27:17","guid":{"rendered":"https:\/\/product-guide.org\/produkt\/lancome-hypnose-eye-palette-04-taupe-craze-4-3g\/"},"modified":"2023-01-06T10:27:27","modified_gmt":"2023-01-06T09:27:27","slug":"lancome-hypnose-eye-palette-04-taupe-craze-4-3g","status":"publish","type":"product","link":"https:\/\/product-guide.org\/en\/produkt\/lancome-hypnose-eye-palette-04-taupe-craze-4-3g\/","title":{"rendered":"Lanc\u00f4me Hypn\u00f4se Eye Palette &#8211; 04 Taupe Craze 4.3g"},"content":{"rendered":"<p>Create a mesmerising eye look with the Lanc\u00f4me Hypn\u00f4se Eye Palette. Featuring a range of five complimentary shades, the palette can easily create natural to dramatic looks to take you from day to night. The soft and creamy eye shadows provide velvety, weightless application for all-day comfortable wear. The richly pigmented shades blend effortlessly and can be applied wet or dry to build up the desired intensity. \u2018Taupe Craze\u2019 features a stunning range of taupe and shimmering brown hues to flatter all complexions.<\/p>\n","protected":false},"excerpt":{"rendered":"<p>Create a mesmerising eye look with the Lanc\u00f4me Hypn\u00f4se Eye Palette. Featuring a range of five complimentary shades, the palette can easily create natural to dramatic looks to take you from day to night. The soft and creamy eye shadows provide velvety, weightless application for all-day comfortable wear. The richly pigmented shades blend effortlessly and [&hellip;]<\/p>\n","protected":false},"featured_media":35084,"template":"","meta":{"_gspb_post_css":""},"store":[730],"product_brand":[],"product_cat":[733],"product_tag":[],"class_list":{"0":"post-35083","1":"product","2":"type-product","3":"status-publish","4":"has-post-thumbnail","6":"store-lancome","7":"product_cat-cosmetics","8":"pa_merchant-lookfantastic-international","10":"first","11":"instock","12":"product-type-external"},"yoast_head":"<!-- This site is optimized with the Yoast SEO plugin v24.6 - https:\/\/yoast.com\/wordpress\/plugins\/seo\/ -->\n<title>Lanc\u00f4me Hypn\u00f4se Eye Palette - 04 Taupe Craze 4.3g | Product-Guide.org<\/title>\n<meta name=\"description\" content=\"Lanc\u00f4me Hypn\u00f4se Eye Palette - 04 Taupe Craze 4.3g gefunden von Product-Guide.org\" \/>\n<meta name=\"robots\" content=\"index, follow, max-snippet:-1, max-image-preview:large, max-video-preview:-1\" \/>\n<link rel=\"canonical\" href=\"https:\/\/product-guide.org\/en\/produkt\/lancome-hypnose-eye-palette-04-taupe-craze-4-3g\/\" \/>\n<meta property=\"og:locale\" content=\"en_GB\" \/>\n<meta property=\"og:type\" content=\"article\" \/>\n<meta property=\"og:title\" content=\"Lanc\u00f4me Hypn\u00f4se Eye Palette - 04 Taupe Craze 4.3g | Product-Guide.org\" \/>\n<meta property=\"og:description\" content=\"Lanc\u00f4me Hypn\u00f4se Eye Palette - 04 Taupe Craze 4.3g gefunden von Product-Guide.org\" \/>\n<meta property=\"og:url\" content=\"https:\/\/product-guide.org\/en\/produkt\/lancome-hypnose-eye-palette-04-taupe-craze-4-3g\/\" \/>\n<meta property=\"og:site_name\" content=\"Product-Guide.org\" \/>\n<meta property=\"article:modified_time\" content=\"2023-01-06T09:27:27+00:00\" \/>\n<meta property=\"og:image\" content=\"https:\/\/product-guide.org\/wp-content\/uploads\/2023\/01\/unnamed-file-3538.jpeg\" \/>\n\t<meta property=\"og:image:width\" content=\"200\" \/>\n\t<meta property=\"og:image:height\" content=\"200\" \/>\n\t<meta property=\"og:image:type\" content=\"image\/jpeg\" \/>\n<meta name=\"twitter:card\" content=\"summary_large_image\" \/>\n<script type=\"application\/ld+json\" class=\"yoast-schema-graph\">{\"@context\":\"https:\/\/schema.org\",\"@graph\":[{\"@type\":\"WebPage\",\"@id\":\"https:\/\/product-guide.org\/en\/produkt\/lancome-hypnose-eye-palette-04-taupe-craze-4-3g\/\",\"url\":\"https:\/\/product-guide.org\/en\/produkt\/lancome-hypnose-eye-palette-04-taupe-craze-4-3g\/\",\"name\":\"Lanc\u00f4me Hypn\u00f4se Eye Palette - 04 Taupe Craze 4.3g | Product-Guide.org\",\"isPartOf\":{\"@id\":\"https:\/\/product-guide.org\/#website\"},\"primaryImageOfPage\":{\"@id\":\"https:\/\/product-guide.org\/en\/produkt\/lancome-hypnose-eye-palette-04-taupe-craze-4-3g\/#primaryimage\"},\"image\":{\"@id\":\"https:\/\/product-guide.org\/en\/produkt\/lancome-hypnose-eye-palette-04-taupe-craze-4-3g\/#primaryimage\"},\"thumbnailUrl\":\"\",\"datePublished\":\"2023-01-06T09:27:17+00:00\",\"dateModified\":\"2023-01-06T09:27:27+00:00\",\"description\":\"Lanc\u00f4me Hypn\u00f4se Eye Palette - 04 Taupe Craze 4.3g gefunden von Product-Guide.org\",\"breadcrumb\":{\"@id\":\"https:\/\/product-guide.org\/en\/produkt\/lancome-hypnose-eye-palette-04-taupe-craze-4-3g\/#breadcrumb\"},\"inLanguage\":\"en-GB\",\"potentialAction\":[{\"@type\":\"ReadAction\",\"target\":[\"https:\/\/product-guide.org\/en\/produkt\/lancome-hypnose-eye-palette-04-taupe-craze-4-3g\/\"]}]},{\"@type\":\"ImageObject\",\"inLanguage\":\"en-GB\",\"@id\":\"https:\/\/product-guide.org\/en\/produkt\/lancome-hypnose-eye-palette-04-taupe-craze-4-3g\/#primaryimage\",\"url\":\"\",\"contentUrl\":\"\",\"width\":200,\"height\":200},{\"@type\":\"BreadcrumbList\",\"@id\":\"https:\/\/product-guide.org\/en\/produkt\/lancome-hypnose-eye-palette-04-taupe-craze-4-3g\/#breadcrumb\",\"itemListElement\":[{\"@type\":\"ListItem\",\"position\":1,\"name\":\"Home\",\"item\":\"https:\/\/product-guide.org\/\"},{\"@type\":\"ListItem\",\"position\":2,\"name\":\"Ergebnisse\",\"item\":\"https:\/\/product-guide.org\/de\/ergebnisse\/\"},{\"@type\":\"ListItem\",\"position\":3,\"name\":\"Lanc\u00f4me Hypn\u00f4se Eye Palette &#8211; 04 Taupe Craze 4.3g\"}]},{\"@type\":\"WebSite\",\"@id\":\"https:\/\/product-guide.org\/#website\",\"url\":\"https:\/\/product-guide.org\/\",\"name\":\"Product-Guide.org\",\"description\":\"What Product are you looking for?\",\"publisher\":{\"@id\":\"https:\/\/product-guide.org\/#organization\"},\"potentialAction\":[{\"@type\":\"SearchAction\",\"target\":{\"@type\":\"EntryPoint\",\"urlTemplate\":\"https:\/\/product-guide.org\/?s={search_term_string}\"},\"query-input\":{\"@type\":\"PropertyValueSpecification\",\"valueRequired\":true,\"valueName\":\"search_term_string\"}}],\"inLanguage\":\"en-GB\"},{\"@type\":\"Organization\",\"@id\":\"https:\/\/product-guide.org\/#organization\",\"name\":\"Product-Guide.org\",\"url\":\"https:\/\/product-guide.org\/\",\"logo\":{\"@type\":\"ImageObject\",\"inLanguage\":\"en-GB\",\"@id\":\"https:\/\/product-guide.org\/#\/schema\/logo\/image\/\",\"url\":\"https:\/\/product-guide.org\/wp-content\/uploads\/2022\/07\/logo_transparent_background.png\",\"contentUrl\":\"https:\/\/product-guide.org\/wp-content\/uploads\/2022\/07\/logo_transparent_background.png\",\"width\":3400,\"height\":1132,\"caption\":\"Product-Guide.org\"},\"image\":{\"@id\":\"https:\/\/product-guide.org\/#\/schema\/logo\/image\/\"}}]}<\/script>\n<!-- \/ Yoast SEO plugin. -->","yoast_head_json":{"title":"Lanc\u00f4me Hypn\u00f4se Eye Palette - 04 Taupe Craze 4.3g | Product-Guide.org","description":"Lanc\u00f4me Hypn\u00f4se Eye Palette - 04 Taupe Craze 4.3g gefunden von Product-Guide.org","robots":{"index":"index","follow":"follow","max-snippet":"max-snippet:-1","max-image-preview":"max-image-preview:large","max-video-preview":"max-video-preview:-1"},"canonical":"https:\/\/product-guide.org\/en\/produkt\/lancome-hypnose-eye-palette-04-taupe-craze-4-3g\/","og_locale":"en_GB","og_type":"article","og_title":"Lanc\u00f4me Hypn\u00f4se Eye Palette - 04 Taupe Craze 4.3g | Product-Guide.org","og_description":"Lanc\u00f4me Hypn\u00f4se Eye Palette - 04 Taupe Craze 4.3g gefunden von Product-Guide.org","og_url":"https:\/\/product-guide.org\/en\/produkt\/lancome-hypnose-eye-palette-04-taupe-craze-4-3g\/","og_site_name":"Product-Guide.org","article_modified_time":"2023-01-06T09:27:27+00:00","og_image":[{"width":200,"height":200,"url":"https:\/\/product-guide.org\/wp-content\/uploads\/2023\/01\/unnamed-file-3538.jpeg","type":"image\/jpeg"}],"twitter_card":"summary_large_image","schema":{"@context":"https:\/\/schema.org","@graph":[{"@type":"WebPage","@id":"https:\/\/product-guide.org\/en\/produkt\/lancome-hypnose-eye-palette-04-taupe-craze-4-3g\/","url":"https:\/\/product-guide.org\/en\/produkt\/lancome-hypnose-eye-palette-04-taupe-craze-4-3g\/","name":"Lanc\u00f4me Hypn\u00f4se Eye Palette - 04 Taupe Craze 4.3g | Product-Guide.org","isPartOf":{"@id":"https:\/\/product-guide.org\/#website"},"primaryImageOfPage":{"@id":"https:\/\/product-guide.org\/en\/produkt\/lancome-hypnose-eye-palette-04-taupe-craze-4-3g\/#primaryimage"},"image":{"@id":"https:\/\/product-guide.org\/en\/produkt\/lancome-hypnose-eye-palette-04-taupe-craze-4-3g\/#primaryimage"},"thumbnailUrl":"","datePublished":"2023-01-06T09:27:17+00:00","dateModified":"2023-01-06T09:27:27+00:00","description":"Lanc\u00f4me Hypn\u00f4se Eye Palette - 04 Taupe Craze 4.3g gefunden von Product-Guide.org","breadcrumb":{"@id":"https:\/\/product-guide.org\/en\/produkt\/lancome-hypnose-eye-palette-04-taupe-craze-4-3g\/#breadcrumb"},"inLanguage":"en-GB","potentialAction":[{"@type":"ReadAction","target":["https:\/\/product-guide.org\/en\/produkt\/lancome-hypnose-eye-palette-04-taupe-craze-4-3g\/"]}]},{"@type":"ImageObject","inLanguage":"en-GB","@id":"https:\/\/product-guide.org\/en\/produkt\/lancome-hypnose-eye-palette-04-taupe-craze-4-3g\/#primaryimage","url":"","contentUrl":"","width":200,"height":200},{"@type":"BreadcrumbList","@id":"https:\/\/product-guide.org\/en\/produkt\/lancome-hypnose-eye-palette-04-taupe-craze-4-3g\/#breadcrumb","itemListElement":[{"@type":"ListItem","position":1,"name":"Home","item":"https:\/\/product-guide.org\/"},{"@type":"ListItem","position":2,"name":"Ergebnisse","item":"https:\/\/product-guide.org\/de\/ergebnisse\/"},{"@type":"ListItem","position":3,"name":"Lanc\u00f4me Hypn\u00f4se Eye Palette &#8211; 04 Taupe Craze 4.3g"}]},{"@type":"WebSite","@id":"https:\/\/product-guide.org\/#website","url":"https:\/\/product-guide.org\/","name":"Product-Guide.org","description":"What Product are you looking for?","publisher":{"@id":"https:\/\/product-guide.org\/#organization"},"potentialAction":[{"@type":"SearchAction","target":{"@type":"EntryPoint","urlTemplate":"https:\/\/product-guide.org\/?s={search_term_string}"},"query-input":{"@type":"PropertyValueSpecification","valueRequired":true,"valueName":"search_term_string"}}],"inLanguage":"en-GB"},{"@type":"Organization","@id":"https:\/\/product-guide.org\/#organization","name":"Product-Guide.org","url":"https:\/\/product-guide.org\/","logo":{"@type":"ImageObject","inLanguage":"en-GB","@id":"https:\/\/product-guide.org\/#\/schema\/logo\/image\/","url":"https:\/\/product-guide.org\/wp-content\/uploads\/2022\/07\/logo_transparent_background.png","contentUrl":"https:\/\/product-guide.org\/wp-content\/uploads\/2022\/07\/logo_transparent_background.png","width":3400,"height":1132,"caption":"Product-Guide.org"},"image":{"@id":"https:\/\/product-guide.org\/#\/schema\/logo\/image\/"}}]}},"_links":{"self":[{"href":"https:\/\/product-guide.org\/en\/wp-json\/wp\/v2\/product\/35083","targetHints":{"allow":["GET"]}}],"collection":[{"href":"https:\/\/product-guide.org\/en\/wp-json\/wp\/v2\/product"}],"about":[{"href":"https:\/\/product-guide.org\/en\/wp-json\/wp\/v2\/types\/product"}],"wp:featuredmedia":[{"embeddable":true,"href":"https:\/\/product-guide.org\/en\/wp-json\/"}],"wp:attachment":[{"href":"https:\/\/product-guide.org\/en\/wp-json\/wp\/v2\/media?parent=35083"}],"wp:term":[{"taxonomy":"store","embeddable":true,"href":"https:\/\/product-guide.org\/en\/wp-json\/wp\/v2\/store?post=35083"},{"taxonomy":"product_brand","embeddable":true,"href":"https:\/\/product-guide.org\/en\/wp-json\/wp\/v2\/product_brand?post=35083"},{"taxonomy":"product_cat","embeddable":true,"href":"https:\/\/product-guide.org\/en\/wp-json\/wp\/v2\/product_cat?post=35083"},{"taxonomy":"product_tag","embeddable":true,"href":"https:\/\/product-guide.org\/en\/wp-json\/wp\/v2\/product_tag?post=35083"}],"curies":[{"name":"wp","href":"https:\/\/api.w.org\/{rel}","templated":true}]}}