{"id":35991,"date":"2023-01-06T10:39:32","date_gmt":"2023-01-06T09:39:32","guid":{"rendered":"https:\/\/product-guide.org\/produkt\/lancome-hypnose-drama-eyeshadow-palette-09-fraicheur-rosee-4-3g\/"},"modified":"2023-01-06T10:39:33","modified_gmt":"2023-01-06T09:39:33","slug":"lancome-hypnose-drama-eyeshadow-palette-09-fraicheur-rosee-4-3g","status":"publish","type":"product","link":"https:\/\/product-guide.org\/en\/produkt\/lancome-hypnose-drama-eyeshadow-palette-09-fraicheur-rosee-4-3g\/","title":{"rendered":"Lancome Hypn\u00f4se Drama Eyeshadow Palette &#8211; 09 Fra\u00eecheur Ros\u00e9e 4.3g"},"content":{"rendered":"<p>Adorn your eyes with opulent jewel tones with the Lancome Hypn\u00f4se Drama Eyeshadow Palette &#8211; 09 Fra\u00eecheur Ros\u00e9e. Transform your makeup look with this luxurious palette, housing five glistening shades. This spectrum of metallic hues ranges from shimmering pink and muted mauve to rich cocoa and blackened chocolate. This cohesive shade range enables you to create a tonal eyeshadow look with depth and dimension.  Add a pop of colour to the lashline with a subtle hint of opulent gold or create a dramatic evening look with a full smokey eye. The soft, richly pigmented formula blends effortlessly, applying with a creamy texture for a flawless finished look. The weightless, velvety eyeshadow powders offer impactful and even colour payoff and can also be used wet for added intensity. Smudge, crease and flake resistant, these luxurious eyeshadows offer the ultimate performance, for a dramatic eyeshadow looks that lasts. Housed in sleek black packaging.<\/p>\n","protected":false},"excerpt":{"rendered":"<p>Adorn your eyes with opulent jewel tones with the Lancome Hypn\u00f4se Drama Eyeshadow Palette &#8211; 09 Fra\u00eecheur Ros\u00e9e. Transform your makeup look with this luxurious palette, housing five glistening shades. This spectrum of metallic hues ranges from shimmering pink and muted mauve to rich cocoa and blackened chocolate. This cohesive shade range enables you to [&hellip;]<\/p>\n","protected":false},"featured_media":35992,"template":"","meta":{"_gspb_post_css":""},"store":[730],"product_brand":[],"product_cat":[733],"product_tag":[],"class_list":{"0":"post-35991","1":"product","2":"type-product","3":"status-publish","4":"has-post-thumbnail","6":"store-lancome","7":"product_cat-cosmetics","8":"pa_merchant-lookfantastic-international","10":"first","11":"instock","12":"product-type-external"},"yoast_head":"<!-- This site is optimized with the Yoast SEO plugin v24.6 - https:\/\/yoast.com\/wordpress\/plugins\/seo\/ -->\n<title>Lancome Hypn\u00f4se Drama Eyeshadow Palette - 09 Fra\u00eecheur Ros\u00e9e 4.3g | Product-Guide.org<\/title>\n<meta name=\"description\" content=\"Lancome Hypn\u00f4se Drama Eyeshadow Palette - 09 Fra\u00eecheur Ros\u00e9e 4.3g gefunden von Product-Guide.org\" \/>\n<meta name=\"robots\" content=\"index, follow, max-snippet:-1, max-image-preview:large, max-video-preview:-1\" \/>\n<link rel=\"canonical\" href=\"https:\/\/product-guide.org\/en\/produkt\/lancome-hypnose-drama-eyeshadow-palette-09-fraicheur-rosee-4-3g\/\" \/>\n<meta property=\"og:locale\" content=\"en_GB\" \/>\n<meta property=\"og:type\" content=\"article\" \/>\n<meta property=\"og:title\" content=\"Lancome Hypn\u00f4se Drama Eyeshadow Palette - 09 Fra\u00eecheur Ros\u00e9e 4.3g | Product-Guide.org\" \/>\n<meta property=\"og:description\" content=\"Lancome Hypn\u00f4se Drama Eyeshadow Palette - 09 Fra\u00eecheur Ros\u00e9e 4.3g gefunden von Product-Guide.org\" \/>\n<meta property=\"og:url\" content=\"https:\/\/product-guide.org\/en\/produkt\/lancome-hypnose-drama-eyeshadow-palette-09-fraicheur-rosee-4-3g\/\" \/>\n<meta property=\"og:site_name\" content=\"Product-Guide.org\" \/>\n<meta property=\"article:modified_time\" content=\"2023-01-06T09:39:33+00:00\" \/>\n<meta property=\"og:image\" content=\"https:\/\/product-guide.org\/wp-content\/uploads\/2023\/01\/unnamed-file-3992.jpeg\" \/>\n\t<meta property=\"og:image:width\" content=\"200\" \/>\n\t<meta property=\"og:image:height\" content=\"200\" \/>\n\t<meta property=\"og:image:type\" content=\"image\/jpeg\" \/>\n<meta name=\"twitter:card\" content=\"summary_large_image\" \/>\n<script type=\"application\/ld+json\" class=\"yoast-schema-graph\">{\"@context\":\"https:\/\/schema.org\",\"@graph\":[{\"@type\":\"WebPage\",\"@id\":\"https:\/\/product-guide.org\/en\/produkt\/lancome-hypnose-drama-eyeshadow-palette-09-fraicheur-rosee-4-3g\/\",\"url\":\"https:\/\/product-guide.org\/en\/produkt\/lancome-hypnose-drama-eyeshadow-palette-09-fraicheur-rosee-4-3g\/\",\"name\":\"Lancome Hypn\u00f4se Drama Eyeshadow Palette - 09 Fra\u00eecheur Ros\u00e9e 4.3g | Product-Guide.org\",\"isPartOf\":{\"@id\":\"https:\/\/product-guide.org\/#website\"},\"primaryImageOfPage\":{\"@id\":\"https:\/\/product-guide.org\/en\/produkt\/lancome-hypnose-drama-eyeshadow-palette-09-fraicheur-rosee-4-3g\/#primaryimage\"},\"image\":{\"@id\":\"https:\/\/product-guide.org\/en\/produkt\/lancome-hypnose-drama-eyeshadow-palette-09-fraicheur-rosee-4-3g\/#primaryimage\"},\"thumbnailUrl\":\"\",\"datePublished\":\"2023-01-06T09:39:32+00:00\",\"dateModified\":\"2023-01-06T09:39:33+00:00\",\"description\":\"Lancome Hypn\u00f4se Drama Eyeshadow Palette - 09 Fra\u00eecheur Ros\u00e9e 4.3g gefunden von Product-Guide.org\",\"breadcrumb\":{\"@id\":\"https:\/\/product-guide.org\/en\/produkt\/lancome-hypnose-drama-eyeshadow-palette-09-fraicheur-rosee-4-3g\/#breadcrumb\"},\"inLanguage\":\"en-GB\",\"potentialAction\":[{\"@type\":\"ReadAction\",\"target\":[\"https:\/\/product-guide.org\/en\/produkt\/lancome-hypnose-drama-eyeshadow-palette-09-fraicheur-rosee-4-3g\/\"]}]},{\"@type\":\"ImageObject\",\"inLanguage\":\"en-GB\",\"@id\":\"https:\/\/product-guide.org\/en\/produkt\/lancome-hypnose-drama-eyeshadow-palette-09-fraicheur-rosee-4-3g\/#primaryimage\",\"url\":\"\",\"contentUrl\":\"\",\"width\":200,\"height\":200},{\"@type\":\"BreadcrumbList\",\"@id\":\"https:\/\/product-guide.org\/en\/produkt\/lancome-hypnose-drama-eyeshadow-palette-09-fraicheur-rosee-4-3g\/#breadcrumb\",\"itemListElement\":[{\"@type\":\"ListItem\",\"position\":1,\"name\":\"Home\",\"item\":\"https:\/\/product-guide.org\/\"},{\"@type\":\"ListItem\",\"position\":2,\"name\":\"Ergebnisse\",\"item\":\"https:\/\/product-guide.org\/de\/ergebnisse\/\"},{\"@type\":\"ListItem\",\"position\":3,\"name\":\"Lancome Hypn\u00f4se Drama Eyeshadow Palette &#8211; 09 Fra\u00eecheur Ros\u00e9e 4.3g\"}]},{\"@type\":\"WebSite\",\"@id\":\"https:\/\/product-guide.org\/#website\",\"url\":\"https:\/\/product-guide.org\/\",\"name\":\"Product-Guide.org\",\"description\":\"What Product are you looking for?\",\"publisher\":{\"@id\":\"https:\/\/product-guide.org\/#organization\"},\"potentialAction\":[{\"@type\":\"SearchAction\",\"target\":{\"@type\":\"EntryPoint\",\"urlTemplate\":\"https:\/\/product-guide.org\/?s={search_term_string}\"},\"query-input\":{\"@type\":\"PropertyValueSpecification\",\"valueRequired\":true,\"valueName\":\"search_term_string\"}}],\"inLanguage\":\"en-GB\"},{\"@type\":\"Organization\",\"@id\":\"https:\/\/product-guide.org\/#organization\",\"name\":\"Product-Guide.org\",\"url\":\"https:\/\/product-guide.org\/\",\"logo\":{\"@type\":\"ImageObject\",\"inLanguage\":\"en-GB\",\"@id\":\"https:\/\/product-guide.org\/#\/schema\/logo\/image\/\",\"url\":\"https:\/\/product-guide.org\/wp-content\/uploads\/2022\/07\/logo_transparent_background.png\",\"contentUrl\":\"https:\/\/product-guide.org\/wp-content\/uploads\/2022\/07\/logo_transparent_background.png\",\"width\":3400,\"height\":1132,\"caption\":\"Product-Guide.org\"},\"image\":{\"@id\":\"https:\/\/product-guide.org\/#\/schema\/logo\/image\/\"}}]}<\/script>\n<!-- \/ Yoast SEO plugin. -->","yoast_head_json":{"title":"Lancome Hypn\u00f4se Drama Eyeshadow Palette - 09 Fra\u00eecheur Ros\u00e9e 4.3g | Product-Guide.org","description":"Lancome Hypn\u00f4se Drama Eyeshadow Palette - 09 Fra\u00eecheur Ros\u00e9e 4.3g gefunden von Product-Guide.org","robots":{"index":"index","follow":"follow","max-snippet":"max-snippet:-1","max-image-preview":"max-image-preview:large","max-video-preview":"max-video-preview:-1"},"canonical":"https:\/\/product-guide.org\/en\/produkt\/lancome-hypnose-drama-eyeshadow-palette-09-fraicheur-rosee-4-3g\/","og_locale":"en_GB","og_type":"article","og_title":"Lancome Hypn\u00f4se Drama Eyeshadow Palette - 09 Fra\u00eecheur Ros\u00e9e 4.3g | Product-Guide.org","og_description":"Lancome Hypn\u00f4se Drama Eyeshadow Palette - 09 Fra\u00eecheur Ros\u00e9e 4.3g gefunden von Product-Guide.org","og_url":"https:\/\/product-guide.org\/en\/produkt\/lancome-hypnose-drama-eyeshadow-palette-09-fraicheur-rosee-4-3g\/","og_site_name":"Product-Guide.org","article_modified_time":"2023-01-06T09:39:33+00:00","og_image":[{"width":200,"height":200,"url":"https:\/\/product-guide.org\/wp-content\/uploads\/2023\/01\/unnamed-file-3992.jpeg","type":"image\/jpeg"}],"twitter_card":"summary_large_image","schema":{"@context":"https:\/\/schema.org","@graph":[{"@type":"WebPage","@id":"https:\/\/product-guide.org\/en\/produkt\/lancome-hypnose-drama-eyeshadow-palette-09-fraicheur-rosee-4-3g\/","url":"https:\/\/product-guide.org\/en\/produkt\/lancome-hypnose-drama-eyeshadow-palette-09-fraicheur-rosee-4-3g\/","name":"Lancome Hypn\u00f4se Drama Eyeshadow Palette - 09 Fra\u00eecheur Ros\u00e9e 4.3g | Product-Guide.org","isPartOf":{"@id":"https:\/\/product-guide.org\/#website"},"primaryImageOfPage":{"@id":"https:\/\/product-guide.org\/en\/produkt\/lancome-hypnose-drama-eyeshadow-palette-09-fraicheur-rosee-4-3g\/#primaryimage"},"image":{"@id":"https:\/\/product-guide.org\/en\/produkt\/lancome-hypnose-drama-eyeshadow-palette-09-fraicheur-rosee-4-3g\/#primaryimage"},"thumbnailUrl":"","datePublished":"2023-01-06T09:39:32+00:00","dateModified":"2023-01-06T09:39:33+00:00","description":"Lancome Hypn\u00f4se Drama Eyeshadow Palette - 09 Fra\u00eecheur Ros\u00e9e 4.3g gefunden von Product-Guide.org","breadcrumb":{"@id":"https:\/\/product-guide.org\/en\/produkt\/lancome-hypnose-drama-eyeshadow-palette-09-fraicheur-rosee-4-3g\/#breadcrumb"},"inLanguage":"en-GB","potentialAction":[{"@type":"ReadAction","target":["https:\/\/product-guide.org\/en\/produkt\/lancome-hypnose-drama-eyeshadow-palette-09-fraicheur-rosee-4-3g\/"]}]},{"@type":"ImageObject","inLanguage":"en-GB","@id":"https:\/\/product-guide.org\/en\/produkt\/lancome-hypnose-drama-eyeshadow-palette-09-fraicheur-rosee-4-3g\/#primaryimage","url":"","contentUrl":"","width":200,"height":200},{"@type":"BreadcrumbList","@id":"https:\/\/product-guide.org\/en\/produkt\/lancome-hypnose-drama-eyeshadow-palette-09-fraicheur-rosee-4-3g\/#breadcrumb","itemListElement":[{"@type":"ListItem","position":1,"name":"Home","item":"https:\/\/product-guide.org\/"},{"@type":"ListItem","position":2,"name":"Ergebnisse","item":"https:\/\/product-guide.org\/de\/ergebnisse\/"},{"@type":"ListItem","position":3,"name":"Lancome Hypn\u00f4se Drama Eyeshadow Palette &#8211; 09 Fra\u00eecheur Ros\u00e9e 4.3g"}]},{"@type":"WebSite","@id":"https:\/\/product-guide.org\/#website","url":"https:\/\/product-guide.org\/","name":"Product-Guide.org","description":"What Product are you looking for?","publisher":{"@id":"https:\/\/product-guide.org\/#organization"},"potentialAction":[{"@type":"SearchAction","target":{"@type":"EntryPoint","urlTemplate":"https:\/\/product-guide.org\/?s={search_term_string}"},"query-input":{"@type":"PropertyValueSpecification","valueRequired":true,"valueName":"search_term_string"}}],"inLanguage":"en-GB"},{"@type":"Organization","@id":"https:\/\/product-guide.org\/#organization","name":"Product-Guide.org","url":"https:\/\/product-guide.org\/","logo":{"@type":"ImageObject","inLanguage":"en-GB","@id":"https:\/\/product-guide.org\/#\/schema\/logo\/image\/","url":"https:\/\/product-guide.org\/wp-content\/uploads\/2022\/07\/logo_transparent_background.png","contentUrl":"https:\/\/product-guide.org\/wp-content\/uploads\/2022\/07\/logo_transparent_background.png","width":3400,"height":1132,"caption":"Product-Guide.org"},"image":{"@id":"https:\/\/product-guide.org\/#\/schema\/logo\/image\/"}}]}},"_links":{"self":[{"href":"https:\/\/product-guide.org\/en\/wp-json\/wp\/v2\/product\/35991","targetHints":{"allow":["GET"]}}],"collection":[{"href":"https:\/\/product-guide.org\/en\/wp-json\/wp\/v2\/product"}],"about":[{"href":"https:\/\/product-guide.org\/en\/wp-json\/wp\/v2\/types\/product"}],"wp:featuredmedia":[{"embeddable":true,"href":"https:\/\/product-guide.org\/en\/wp-json\/"}],"wp:attachment":[{"href":"https:\/\/product-guide.org\/en\/wp-json\/wp\/v2\/media?parent=35991"}],"wp:term":[{"taxonomy":"store","embeddable":true,"href":"https:\/\/product-guide.org\/en\/wp-json\/wp\/v2\/store?post=35991"},{"taxonomy":"product_brand","embeddable":true,"href":"https:\/\/product-guide.org\/en\/wp-json\/wp\/v2\/product_brand?post=35991"},{"taxonomy":"product_cat","embeddable":true,"href":"https:\/\/product-guide.org\/en\/wp-json\/wp\/v2\/product_cat?post=35991"},{"taxonomy":"product_tag","embeddable":true,"href":"https:\/\/product-guide.org\/en\/wp-json\/wp\/v2\/product_tag?post=35991"}],"curies":[{"name":"wp","href":"https:\/\/api.w.org\/{rel}","templated":true}]}}